{"id":2494,"date":"2025-02-20T11:20:15","date_gmt":"2025-02-20T09:20:15","guid":{"rendered":"https:\/\/tammetorubbq.ee\/?post_type=product&#038;p=2494"},"modified":"2026-04-15T03:00:10","modified_gmt":"2026-04-15T00:00:10","slug":"kosmos-q-dirty-bird-chicken-hot-rub-311g","status":"publish","type":"product","link":"https:\/\/tammetorubbq.ee\/lv\/product-2\/kosmos-q-dirty-bird-chicken-hot-rub-311g\/","title":{"rendered":"Kosmo's Q Dirty Bird Chicken HOT Rub 311g"},"content":{"rendered":"<p>Sast\u0101vs: s\u0101ls, cukurs, \u010dilli pipari un citas gar\u0161vielas, br\u016bnais cukurs, paprika, \u0137iploku pulveris, dehidr\u0113ts s\u012bpols, din\u0101trija inosin\u0101ts un din\u0101trija guanil\u0101ts, un ne vair\u0101k k\u0101 2% trikalcija fosf\u0101ta, lai nov\u0113rstu salip\u0161anu.<\/p>","protected":false},"excerpt":{"rendered":"<p><strong>Net\u012brs putns - tas ir tas!<\/strong><\/p>\n<p>Kosmos Q Dirty Bird Hot - \u0161\u012b ir pikant\u0101ka Dirty Bird mais\u012bjuma versija.<\/p>\n<p>To pan\u0101k, palielinot \u010dilli piparu un da\u017eu citu gar\u0161vielu daudzumu.<\/p>\n<p><span style=\"color: #ff0000;\"><strong>Net\u012brs putns \u0161aj\u0101 rubrik\u0101 ir \u012bpa\u0161i \"net\u012brs\".<\/strong><\/span><\/p>\n<p>&nbsp;<\/p>\n<p><img loading=\"lazy\" decoding=\"async\" class=\"wp-image-1698\" src=\"http:\/\/tammetorubbq.ee\/wp-content\/uploads\/2024\/05\/Kosmos-Q-logo.avif\" alt=\"Kosmo Q\" width=\"144\" height=\"108\" srcset=\"https:\/\/tammetorubbq.ee\/wp-content\/uploads\/2024\/05\/Kosmos-Q-logo.avif 258w, https:\/\/tammetorubbq.ee\/wp-content\/uploads\/2024\/05\/Kosmos-Q-logo-16x12.avif 16w, https:\/\/tammetorubbq.ee\/wp-content\/uploads\/2024\/05\/Kosmos-Q-logo-64x48.avif 64w\" sizes=\"auto, (max-width: 144px) 100vw, 144px\" \/><\/p>\n<p>&nbsp;<\/p>","protected":false},"featured_media":6622,"comment_status":"open","ping_status":"closed","template":"","meta":{"_uf_show_specific_survey":0,"_uf_disable_surveys":false},"pwb-brand":[81],"product_brand":[],"product_cat":[21],"product_tag":[],"class_list":{"0":"post-2494","1":"product","2":"type-product","3":"status-publish","4":"has-post-thumbnail","6":"pwb-brand-kosmos-q","7":"product_cat-maitseainesegud","9":"first","10":"instock","11":"taxable","12":"shipping-taxable","13":"purchasable","14":"product-type-simple"},"brands":[{"id":81,"name":"Kosmo Q","slug":"kosmos-q"}],"_links":{"self":[{"href":"https:\/\/tammetorubbq.ee\/lv\/wp-json\/wp\/v2\/product\/2494","targetHints":{"allow":["GET"]}}],"collection":[{"href":"https:\/\/tammetorubbq.ee\/lv\/wp-json\/wp\/v2\/product"}],"about":[{"href":"https:\/\/tammetorubbq.ee\/lv\/wp-json\/wp\/v2\/types\/product"}],"replies":[{"embeddable":true,"href":"https:\/\/tammetorubbq.ee\/lv\/wp-json\/wp\/v2\/comments?post=2494"}],"wp:featuredmedia":[{"embeddable":true,"href":"https:\/\/tammetorubbq.ee\/lv\/wp-json\/wp\/v2\/media\/6622"}],"wp:attachment":[{"href":"https:\/\/tammetorubbq.ee\/lv\/wp-json\/wp\/v2\/media?parent=2494"}],"wp:term":[{"taxonomy":"pwb-brand","embeddable":true,"href":"https:\/\/tammetorubbq.ee\/lv\/wp-json\/wp\/v2\/pwb-brand?post=2494"},{"taxonomy":"product_brand","embeddable":true,"href":"https:\/\/tammetorubbq.ee\/lv\/wp-json\/wp\/v2\/product_brand?post=2494"},{"taxonomy":"product_cat","embeddable":true,"href":"https:\/\/tammetorubbq.ee\/lv\/wp-json\/wp\/v2\/product_cat?post=2494"},{"taxonomy":"product_tag","embeddable":true,"href":"https:\/\/tammetorubbq.ee\/lv\/wp-json\/wp\/v2\/product_tag?post=2494"}],"curies":[{"name":"wp","href":"https:\/\/api.w.org\/{rel}","templated":true}]}}