{"id":2520,"date":"2025-03-14T12:02:13","date_gmt":"2025-03-14T10:02:13","guid":{"rendered":"https:\/\/tammetorubbq.ee\/?post_type=product&#038;p=2520"},"modified":"2026-04-15T02:00:10","modified_gmt":"2026-04-14T23:00:10","slug":"roosters-championship-sweet-heat-rub-323g","status":"publish","type":"product","link":"https:\/\/tammetorubbq.ee\/lv\/product-2\/roosters-championship-sweet-heat-rub-323g\/","title":{"rendered":"Roosters Championship Sweet Heat Rub 323g"},"content":{"rendered":"<p>Sast\u0101vs: br\u016bnais cukurs, gar\u0161vielas, tostarp \u010dili pipari, s\u0101ls, s\u012bpoli, \u0137iploki un ne vair\u0101k k\u0101 2% trikalcija fosf\u0101ta, lai nov\u0113rstu salip\u0161anu.<\/p>","protected":false},"excerpt":{"rendered":"<p><span style=\"color: #0000ff;\"><strong>Salds un pikants!<\/strong><\/span><\/p>\n<p>The Roosters ir m\u016bsu jaunpien\u0101c\u0113js. Visi vi\u0146u rub\u012bni ir \u013coti gar\u0161\u012bgi, bet t\u0101 sauktais. Ta\u010du \u0161is ir \"viss vien\u0101\" rub\u012bns, t\u0101p\u0113c uzkl\u0101jiet to uz ga\u013cas un ieg\u016bsiet vair\u0101k, kas noz\u012bm\u0113, ka visas sast\u0101vda\u013cu proporcijas ir p\u0113c vi\u0146u gaumes... ieskaitot pikantumu - ar to esiet uzman\u012bgi.<\/p>\n<p>Piem\u0113rots vistas un c\u016bkga\u013cas ga\u013cai.<\/p>\n<p><img loading=\"lazy\" decoding=\"async\" class=\"size-full wp-image-2521\" src=\"http:\/\/tammetorubbq.ee\/wp-content\/uploads\/2025\/03\/Roosters-Logo.png\" alt=\"Gail\u012b\u0161i BBQ\" width=\"162\" height=\"172\" srcset=\"https:\/\/tammetorubbq.ee\/wp-content\/uploads\/2025\/03\/Roosters-Logo.png 162w, https:\/\/tammetorubbq.ee\/wp-content\/uploads\/2025\/03\/Roosters-Logo-11x12.png 11w, https:\/\/tammetorubbq.ee\/wp-content\/uploads\/2025\/03\/Roosters-Logo-64x68.png 64w\" sizes=\"auto, (max-width: 162px) 100vw, 162px\" \/><\/p>\n<p>&nbsp;<\/p>","protected":false},"featured_media":2552,"comment_status":"open","ping_status":"closed","template":"","meta":{"_uf_show_specific_survey":0,"_uf_disable_surveys":false},"pwb-brand":[104],"product_brand":[],"product_cat":[21,20],"product_tag":[],"class_list":{"0":"post-2520","1":"product","2":"type-product","3":"status-publish","4":"has-post-thumbnail","6":"pwb-brand-roosters","7":"product_cat-maitseainesegud","8":"product_cat-kampaania","10":"first","11":"instock","12":"sale","13":"taxable","14":"shipping-taxable","15":"purchasable","16":"product-type-simple"},"brands":[{"id":104,"name":"Gai\u0146i","slug":"roosters"}],"_links":{"self":[{"href":"https:\/\/tammetorubbq.ee\/lv\/wp-json\/wp\/v2\/product\/2520","targetHints":{"allow":["GET"]}}],"collection":[{"href":"https:\/\/tammetorubbq.ee\/lv\/wp-json\/wp\/v2\/product"}],"about":[{"href":"https:\/\/tammetorubbq.ee\/lv\/wp-json\/wp\/v2\/types\/product"}],"replies":[{"embeddable":true,"href":"https:\/\/tammetorubbq.ee\/lv\/wp-json\/wp\/v2\/comments?post=2520"}],"wp:featuredmedia":[{"embeddable":true,"href":"https:\/\/tammetorubbq.ee\/lv\/wp-json\/wp\/v2\/media\/2552"}],"wp:attachment":[{"href":"https:\/\/tammetorubbq.ee\/lv\/wp-json\/wp\/v2\/media?parent=2520"}],"wp:term":[{"taxonomy":"pwb-brand","embeddable":true,"href":"https:\/\/tammetorubbq.ee\/lv\/wp-json\/wp\/v2\/pwb-brand?post=2520"},{"taxonomy":"product_brand","embeddable":true,"href":"https:\/\/tammetorubbq.ee\/lv\/wp-json\/wp\/v2\/product_brand?post=2520"},{"taxonomy":"product_cat","embeddable":true,"href":"https:\/\/tammetorubbq.ee\/lv\/wp-json\/wp\/v2\/product_cat?post=2520"},{"taxonomy":"product_tag","embeddable":true,"href":"https:\/\/tammetorubbq.ee\/lv\/wp-json\/wp\/v2\/product_tag?post=2520"}],"curies":[{"name":"wp","href":"https:\/\/api.w.org\/{rel}","templated":true}]}}