{"id":253,"date":"2023-11-29T08:31:15","date_gmt":"2023-11-29T05:31:15","guid":{"rendered":"https:\/\/tammetorubbq.ee\/?post_type=product&#038;p=253"},"modified":"2026-04-19T18:00:49","modified_gmt":"2026-04-19T15:00:49","slug":"hella-nashty-nashville-karsto-garsvielu-garsvielu-maisijums","status":"publish","type":"product","link":"https:\/\/tammetorubbq.ee\/lv\/product-2\/hella-nashty-nashville-karsto-garsvielu-garsvielu-maisijums\/","title":{"rendered":"A&amp;O Hella Nashty Nashville Hot Rub 200g"},"content":{"rendered":"<p>Sast\u0101vs: cukurs, s\u0101ls, paprika, melnie pipari, selerijas s\u0101ls, \u010dilli, s\u012bpoli, \u0137iploki, citrons, kurkuma, citronsk\u0101be, baziliks, oregano, \u0137imenes, n\u0101trija glutam\u0101ts, din\u0101trija inosin\u0101ts, sil\u012bcija dioks\u012bds (pretsalipes viela).<\/p>\n<p>&nbsp;<\/p>\n<div class=\"x11i5rnm xat24cr x1mh8g0r x1vvkbs xtlvy1s x126k92a\">\n<div dir=\"auto\"><strong>Ne\u0161vilas karstie vistas sp\u0101rni\u0146i - Angus &amp; Oink Hella Nashty style \ud83d\udd25<\/strong><\/div>\n<\/div>\n<div class=\"x11i5rnm xat24cr x1mh8g0r x1vvkbs xtlvy1s x126k92a\">\n<div dir=\"auto\"><\/div>\n<div dir=\"auto\"><strong>Sast\u0101vda\u013cas<\/strong>:<\/div>\n<div dir=\"auto\">-1 kg vistas sp\u0101rni\u0146u (vai vistas fileju, ja v\u0113laties)<\/div>\n<div dir=\"auto\">-2-3 spl Angus &amp; Oink Hella Nashty Nashville Hot rubs<\/div>\n<div dir=\"auto\">-1 \u0113damk ol\u012bve\u013c\u013cas<\/div>\n<div dir=\"auto\">-1 t\u0113jkarote s\u0101ls (p\u0113c izv\u0113les - berz\u0113t jau ir diezgan gar\u0161\u012bgi)<\/div>\n<div dir=\"auto\">-Pasniedziet ar sviestu: marin\u0113tus gur\u0137us, va\u013cu kr\u0113juma m\u0113rci vai briro\u0161u maiz\u012btes.<\/div>\n<\/div>\n<div class=\"x11i5rnm xat24cr x1mh8g0r x1vvkbs xtlvy1s x126k92a\">\n<div dir=\"auto\"><\/div>\n<div dir=\"auto\"><strong>Sagatavo\u0161ana<\/strong>:<\/div>\n<div dir=\"auto\"><em><strong>1.<\/strong> <strong>Gatavo\u0161an\u0101s<\/strong><\/em>:<\/div>\n<div dir=\"auto\">-Vistas sp\u0101rnus nosusiniet ar m\u0101jsaimniec\u012bbas pap\u012bru.<\/div>\n<div dir=\"auto\">-Sp\u0101rnus ievietojiet b\u013cod\u0101, pievienojiet ol\u012bve\u013c\u013cu un Hella Nashty berz\u0113jumu. Vienm\u0113r\u012bgi iemas\u0113jiet.<\/div>\n<div dir=\"auto\">-Vistas sp\u0101rni\u0146us atst\u0101jiet marin\u0113ties vismaz 1 stundu (vai uz nakti ledusskap\u012b, lai arom\u0101ts patie\u0161\u0101m ies\u016bcas).<\/div>\n<\/div>\n<div class=\"x11i5rnm xat24cr x1mh8g0r x1vvkbs xtlvy1s x126k92a\">\n<div dir=\"auto\"><strong><em>2. Cep\u0161ana (grils vai cepe\u0161kr\u0101sns)<\/em><\/strong>:<\/div>\n<div dir=\"auto\">-Uz grila: cepiet netie\u0161\u0101 karstum\u0101 180-200\u00b0C temperat\u016br\u0101 apm\u0113ram 30-35 min\u016btes, l\u012bdz iek\u0161\u0113j\u0101 temperat\u016bra ir vismaz 75\u00b0C. Beig\u0101s sp\u0101rnus var uz \u012bsu br\u012bdi pacelt tie\u0161i virs uguns, lai \u0101da apceptos.<\/div>\n<div dir=\"auto\">-Virtuve: 35-40 min\u016btes cep cepe\u0161kr\u0101sn\u012b 200 \u00b0C temperat\u016br\u0101, l\u012bdz sp\u0101rni ir krauk\u0161\u0137\u012bgi un gatavi. Ja v\u0113laties, beig\u0101s varat tos da\u017eas min\u016btes apcept uz grila.<\/div>\n<\/div>\n<div class=\"x11i5rnm xat24cr x1mh8g0r x1vvkbs xtlvy1s x126k92a\">\n<div dir=\"auto\"><strong><em>3. Apkalpo\u0161ana<\/em><\/strong>:<\/div>\n<div dir=\"auto\">-Uzlieciet sagatavotos sp\u0101rnus uz serv\u0113\u0161anas papl\u0101tes.<\/div>\n<div dir=\"auto\">-Pasniedziet ar marin\u0113tiem gur\u0137iem un atv\u0113sino\u0161u m\u0113rci (piem\u0113ram, sk\u0101ba kr\u0113juma un majon\u0113zes m\u0113rci ar dill\u0113m un citronu), vai ar\u012b starp tiem iespraudiet brioche bulci\u0146u, lai izveidotu savu Ne\u0161vilas karst\u0101 vistas burgeru versiju.<\/div>\n<div dir=\"auto\"><\/div>\n<\/div>\n<div class=\"x11i5rnm xat24cr x1mh8g0r x1vvkbs xtlvy1s x126k92a\">\n<div dir=\"auto\"><\/div>\n<\/div>","protected":false},"excerpt":{"rendered":"<p class=\"\" data-start=\"143\" data-end=\"386\">Angus &amp; Oink rad\u012bts pikants gar\u0161u mais\u012bjums, ko iedvesmojis slavenais Ne\u0161vilas karstais c\u0101lis.<br data-start=\"253\" data-end=\"256\" \/>\u0160is mais\u012bjums atkl\u0101j autentisk\u0101s Amerikas dienvidu re\u0123iona gar\u0161as, apvienojot saldo, s\u0101\u013co un pikanto gar\u0161u harmonisk\u0101 veselum\u0101.<\/p>\n<p class=\"\" data-start=\"388\" data-end=\"731\">Hella Nashty ir lieliski piem\u0113rots vistas ga\u013cas, c\u016bkga\u013cas un citu gril\u0113tu \u0113dienu pagatavo\u0161anai. To var izmantot k\u0101 sausu marin\u0101di vai sajaukt ar e\u013c\u013cu, lai pagatavotu pastas vai \u0161\u0137idru marin\u0101di. Ceptai vistas ga\u013cai ieteicams gar\u0161vielu sajaukt ar miltiem proporcij\u0101 80:20 vai pagatavot pikantu e\u013c\u013cu, kur\u0101 m\u0113rc\u0113t vistu pirms pasnieg\u0161anas.<\/p>\n<p class=\"\" data-start=\"733\" data-end=\"840\">Rezult\u0101ts ir intens\u012bvs un pikants \u0113diens - ide\u0101la izv\u0113le tiem, kas nov\u0113rt\u0113 sp\u0113c\u012bgas un drosm\u012bgas gar\u0161as.<\/p>\n<p data-start=\"733\" data-end=\"840\"><img loading=\"lazy\" decoding=\"async\" class=\"alignnone wp-image-279\" src=\"http:\/\/www.tammetorubbq.ee\/wp-content\/uploads\/2023\/11\/Angus-Oink.png\" alt=\"\" width=\"143\" height=\"143\" srcset=\"https:\/\/tammetorubbq.ee\/wp-content\/uploads\/2023\/11\/Angus-Oink.png 225w, https:\/\/tammetorubbq.ee\/wp-content\/uploads\/2023\/11\/Angus-Oink-150x150.png 150w, https:\/\/tammetorubbq.ee\/wp-content\/uploads\/2023\/11\/Angus-Oink-12x12.png 12w, https:\/\/tammetorubbq.ee\/wp-content\/uploads\/2023\/11\/Angus-Oink-64x64.png 64w\" sizes=\"auto, (max-width: 143px) 100vw, 143px\" \/><\/p>","protected":false},"featured_media":271,"comment_status":"open","ping_status":"closed","template":"","meta":{"_uf_show_specific_survey":0,"_uf_disable_surveys":false},"pwb-brand":[105],"product_brand":[],"product_cat":[21],"product_tag":[118,159,121,114],"class_list":{"0":"post-253","1":"product","2":"type-product","3":"status-publish","4":"has-post-thumbnail","6":"pwb-brand-angus-oink","7":"product_cat-maitseainesegud","8":"product_tag-kanaliha","9":"product_tag-kanatiivad","10":"product_tag-koogiviljad","11":"product_tag-sealiha","13":"first","14":"outofstock","15":"taxable","16":"shipping-taxable","17":"purchasable","18":"product-type-simple"},"brands":[{"id":105,"name":"Angus &amp; Oink","slug":"angus-oink"}],"_links":{"self":[{"href":"https:\/\/tammetorubbq.ee\/lv\/wp-json\/wp\/v2\/product\/253","targetHints":{"allow":["GET"]}}],"collection":[{"href":"https:\/\/tammetorubbq.ee\/lv\/wp-json\/wp\/v2\/product"}],"about":[{"href":"https:\/\/tammetorubbq.ee\/lv\/wp-json\/wp\/v2\/types\/product"}],"replies":[{"embeddable":true,"href":"https:\/\/tammetorubbq.ee\/lv\/wp-json\/wp\/v2\/comments?post=253"}],"wp:featuredmedia":[{"embeddable":true,"href":"https:\/\/tammetorubbq.ee\/lv\/wp-json\/wp\/v2\/media\/271"}],"wp:attachment":[{"href":"https:\/\/tammetorubbq.ee\/lv\/wp-json\/wp\/v2\/media?parent=253"}],"wp:term":[{"taxonomy":"pwb-brand","embeddable":true,"href":"https:\/\/tammetorubbq.ee\/lv\/wp-json\/wp\/v2\/pwb-brand?post=253"},{"taxonomy":"product_brand","embeddable":true,"href":"https:\/\/tammetorubbq.ee\/lv\/wp-json\/wp\/v2\/product_brand?post=253"},{"taxonomy":"product_cat","embeddable":true,"href":"https:\/\/tammetorubbq.ee\/lv\/wp-json\/wp\/v2\/product_cat?post=253"},{"taxonomy":"product_tag","embeddable":true,"href":"https:\/\/tammetorubbq.ee\/lv\/wp-json\/wp\/v2\/product_tag?post=253"}],"curies":[{"name":"wp","href":"https:\/\/api.w.org\/{rel}","templated":true}]}}