{"id":2536,"date":"2025-03-18T12:32:31","date_gmt":"2025-03-18T10:32:31","guid":{"rendered":"https:\/\/tammetorubbq.ee\/?post_type=product&#038;p=2536"},"modified":"2026-04-11T10:00:56","modified_gmt":"2026-04-11T07:00:56","slug":"ahja-smekesanas-krasns-mi7-ar-dumu-generatora-luku","status":"publish","type":"product","link":"https:\/\/tammetorubbq.ee\/lv\/product-2\/ahja-smekesanas-krasns-mi7-ar-dumu-generatora-luku\/","title":{"rendered":"Ahja Smoker karsto d\u016bmu kr\u0101sns MI7 ar d\u016bmu \u0123eneratora l\u016bku"},"content":{"rendered":"<p>Dubult\u0101s sienas.<\/p>\n<p>\u0100r\u0113jie izm\u0113ri: 1550*500*500 mm<br \/>\nGa\u013cas kameras izm\u0113ri: 80*45*45 cm<br \/>\nGa\u013cas nodal\u012bjuma ietilp\u012bba: 195 litri.<\/p>\n<p>Materi\u0101la biezums: 2 mm<br \/>\nAtt\u0101lums starp balstiem: 15 cm<br \/>\nAtp\u016btu skaits: 4<\/p>\n<p>L\u016bka d\u016bmu skurste\u0146a aizmugur\u0113 d\u016bmu \u0123eneratora uzst\u0101d\u012b\u0161anai.<\/p>","protected":false},"excerpt":{"rendered":"<p><strong>\ud83d\udca5 Parim hind turul + <span style=\"color: #ff0000;\">TASUTA transport!<\/span> \u00c4ra maksa rohkem \u2013 telli kohe ja s\u00e4\u00e4sta topelt!<\/strong><\/p>\n<p><strong><em>Augstas kvalit\u0101tes divsienu k\u016bpin\u0101tava.<\/em><\/strong><\/p>\n<p>Kr\u0101sns sast\u0101v no div\u0101m kamer\u0101m. Kr\u0101sns apak\u0161\u0113j\u0101 da\u013c\u0101 ir deg\u0161anas kamera, kur\u0101 sadedzina koksni, bet aug\u0161\u0113j\u0101 da\u013c\u0101 ir ga\u013cas kamera.<\/p>\n<p>Divsienu kr\u0101sn\u012b koksnes sadeg\u0161anas d\u016bmi caur dubultaj\u0101m sieni\u0146\u0101m virz\u0101s aug\u0161up pa skursteni. Lietojot \u0161\u0101da veida kr\u0101snis, nav svar\u012bgi, lai sadedzin\u0101t\u0101 malka b\u016btu piem\u0113rota k\u016bpin\u0101\u0161anai.<\/p>\n<p>Deg\u0161anas d\u016bmi nesajaucas ar ga\u013cu. T\u0101 ir karsto d\u016bmu kr\u0101sns.<\/p>\n<p>Aug\u0161\u0113j\u0101 kamer\u0101 d\u016bmus rada \u0161\u0137eldas, z\u0101\u0123u skaidas vai taml\u012bdz\u012bgi.<\/p>\n<p>Cepe\u0161kr\u0101sns ir apr\u012bkota ar tauku pannu, \u010detriem plauktiem, termometru un lieto\u0161anas instrukciju.<\/p>\n<p>Rite\u0146i aizmugur\u0113, lai cepe\u0161kr\u0101sni var\u0113tu viegli p\u0101rvietot.<\/p>\n<p><em><strong>L\u016bka d\u016bmu skurste\u0146a aizmugur\u0113 d\u016bmu \u0123eneratora uzst\u0101d\u012b\u0161anai.<\/strong><\/em><\/p>\n<p>&nbsp;<\/p>\n<p><img loading=\"lazy\" decoding=\"async\" class=\"alignnone wp-image-1752\" src=\"http:\/\/tammetorubbq.ee\/wp-content\/uploads\/2024\/06\/Ahja-Smoker-logo.svg\" alt=\"Ahja Sm\u0113\u0137\u0113t\u0101ja logotips\" width=\"221\" height=\"101\" \/><\/p>\n<p>&nbsp;<\/p>\n<p><a href=\"https:\/\/tammetorubbq.ee\/lv\/maksajiet-velak\/\"><strong>P\u0112RCIET TAGAD, MAKS\u0100JIET V\u0112L\u0100K<\/strong><\/a>\u00a0- bez procentiem!<\/p>\n<p><img loading=\"lazy\" decoding=\"async\" class=\"alignnone wp-image-2646\" src=\"http:\/\/tammetorubbq.ee\/wp-content\/uploads\/2023\/12\/inbank-wordmark.png\" alt=\"Inbank\" width=\"167\" height=\"75\" srcset=\"https:\/\/tammetorubbq.ee\/wp-content\/uploads\/2023\/12\/inbank-wordmark.png 300w, https:\/\/tammetorubbq.ee\/wp-content\/uploads\/2023\/12\/inbank-wordmark-18x8.png 18w, https:\/\/tammetorubbq.ee\/wp-content\/uploads\/2023\/12\/inbank-wordmark-64x29.png 64w\" sizes=\"auto, (max-width: 167px) 100vw, 167px\" \/><\/p>\n<p>M\u0113s pied\u0101v\u0101jam ar\u012b iesp\u0113ju maks\u0101t v\u0113l\u0101k - vien\u0101, div\u0101s vai trij\u0101s vien\u0101d\u0101s da\u013c\u0101s bez procentiem vai papildu maksas.<\/p>\n<p>M\u016bsu iepirkumu groz\u0101 varat atrast da\u017e\u0101das maks\u0101jumu iesp\u0113jas.<\/p>","protected":false},"featured_media":2537,"comment_status":"open","ping_status":"closed","template":"","meta":{"_uf_show_specific_survey":0,"_uf_disable_surveys":false},"pwb-brand":[144],"product_brand":[],"product_cat":[57,20],"product_tag":[145,76],"class_list":{"0":"post-2536","1":"product","2":"type-product","3":"status-publish","4":"has-post-thumbnail","6":"pwb-brand-ahja-smoker","7":"product_cat-bbq-suitsuahjud","8":"product_cat-kampaania","9":"product_tag-ahja-smoker","10":"product_tag-suitsuahi","12":"first","13":"instock","14":"sale","15":"taxable","16":"shipping-taxable","17":"purchasable","18":"product-type-simple"},"brands":[{"id":144,"name":"Ahja Sm\u0113\u0137\u0113t\u0101js","slug":"ahja-smeketajs"}],"_links":{"self":[{"href":"https:\/\/tammetorubbq.ee\/lv\/wp-json\/wp\/v2\/product\/2536","targetHints":{"allow":["GET"]}}],"collection":[{"href":"https:\/\/tammetorubbq.ee\/lv\/wp-json\/wp\/v2\/product"}],"about":[{"href":"https:\/\/tammetorubbq.ee\/lv\/wp-json\/wp\/v2\/types\/product"}],"replies":[{"embeddable":true,"href":"https:\/\/tammetorubbq.ee\/lv\/wp-json\/wp\/v2\/comments?post=2536"}],"wp:featuredmedia":[{"embeddable":true,"href":"https:\/\/tammetorubbq.ee\/lv\/wp-json\/wp\/v2\/media\/2537"}],"wp:attachment":[{"href":"https:\/\/tammetorubbq.ee\/lv\/wp-json\/wp\/v2\/media?parent=2536"}],"wp:term":[{"taxonomy":"pwb-brand","embeddable":true,"href":"https:\/\/tammetorubbq.ee\/lv\/wp-json\/wp\/v2\/pwb-brand?post=2536"},{"taxonomy":"product_brand","embeddable":true,"href":"https:\/\/tammetorubbq.ee\/lv\/wp-json\/wp\/v2\/product_brand?post=2536"},{"taxonomy":"product_cat","embeddable":true,"href":"https:\/\/tammetorubbq.ee\/lv\/wp-json\/wp\/v2\/product_cat?post=2536"},{"taxonomy":"product_tag","embeddable":true,"href":"https:\/\/tammetorubbq.ee\/lv\/wp-json\/wp\/v2\/product_tag?post=2536"}],"curies":[{"name":"wp","href":"https:\/\/api.w.org\/{rel}","templated":true}]}}