{"id":2566,"date":"2025-03-27T10:16:13","date_gmt":"2025-03-27T08:16:13","guid":{"rendered":"https:\/\/tammetorubbq.ee\/?post_type=product&#038;p=2566"},"modified":"2026-04-15T03:00:14","modified_gmt":"2026-04-15T00:00:14","slug":"inkbird-ibt-2x-2-zondes-digitalais-termometrs","status":"publish","type":"product","link":"https:\/\/tammetorubbq.ee\/lv\/product-2\/inkbird-ibt-2x-2-zondes-digitalais-termometrs\/","title":{"rendered":"Inkbird IBT-2X 2 zondes digit\u0101lais termometrs"},"content":{"rendered":"<p><strong data-start=\"531\" data-end=\"545\">Produkta nosaukums:<\/strong> Inkbird IBT-2X<br data-start=\"560\" data-end=\"563\" \/><strong data-start=\"563\" data-end=\"572\">Veids:<\/strong> Digit\u0101lais p\u0101rtikas termometrs<br data-start=\"600\" data-end=\"603\" \/><strong data-start=\"603\" data-end=\"614\">Zondes:<\/strong> 2 ner\u016bs\u0113jo\u0161\u0101 t\u0113rauda zondes<br data-start=\"644\" data-end=\"647\" \/><strong data-start=\"647\" data-end=\"671\">Temperat\u016bras diapazons:<\/strong> 0-300\u00b0C<br data-start=\"679\" data-end=\"682\" \/><strong data-start=\"682\" data-end=\"694\">Kopiena:<\/strong> Bluetooth 4.0, l\u012bdz 50 m diapazons<br data-start=\"728\" data-end=\"731\" data-is-only-node=\"\" \/><strong data-start=\"731\" data-end=\"754\">Darbojas ar lietotni:<\/strong> Inkbird BBQ Go (iOS\/Android)<br data-start=\"783\" data-end=\"786\" \/><strong data-start=\"786\" data-end=\"796\">Baro\u0161anas avots:<\/strong> 2 \u00d7 AAA baterijas (nav iek\u013cautas)<br data-start=\"834\" data-end=\"837\" \/><strong data-start=\"837\" data-end=\"848\">Ekr\u0101ns:<\/strong> LED<br data-start=\"852\" data-end=\"855\" \/><strong data-start=\"855\" data-end=\"868\">Apstiprin\u0101jums:<\/strong> Magn\u0113tiska piestiprin\u0101\u0161ana pie met\u0101la virsm\u0101m<br data-start=\"899\" data-end=\"902\" \/><strong data-start=\"902\" data-end=\"913\">Izm\u0113ri:<\/strong> 64 \u00d7 85 \u00d7 25 mm<br data-start=\"929\" data-end=\"932\" \/><strong data-start=\"932\" data-end=\"941\">Svars:<\/strong> aptuveni 170 g<br data-start=\"950\" data-end=\"953\" \/><strong data-start=\"953\" data-end=\"963\">Piem\u0113rots:<\/strong> Grila, cepe\u0161kr\u0101sns, k\u016bpin\u0101\u0161anas un BBQ lieto\u0161anai<\/p>","protected":false},"excerpt":{"rendered":"<p>INKBIRD IBR-2X Smart ir vieds bezvadu digit\u0101lais termometrs, kas \u013cauj p\u0101rraudz\u012bt \u0113diena temperat\u016bru ne tikai termometr\u0101, bet ar\u012b viedt\u0101lrun\u012b vai dator\u0101. Vienk\u0101r\u0161i izv\u0113lieties \u0113dienu, ko v\u0113laties pagatavot, iestatiet temperat\u016bru, un termometrs j\u016bs inform\u0113s, kad \u0113diens b\u016bs gatavs.<\/p>\n<p>- \u013boti \u0113rts ilgsto\u0161ai vai aukst\u0101 laik\u0101 gatavot \u0113dienu br\u012bv\u0101 dab\u0101, jo jums nav j\u0101st\u0101v pie grila un j\u0101uzrauga \u0113diena iek\u0161\u0113j\u0101 temperat\u016bra.<\/p>\n<p>- Termometrs ir sader\u012bgs ar t\u0101lruni, izmantojot Bluetooth.<\/p>\n<p>- IBT-2X viedajam termometram ir LED displejs un divas ner\u016bs\u0113jo\u0161\u0101 t\u0113rauda zondes un viens zondes tur\u0113t\u0101js.<\/p>\n<p>- J\u016bs varat sekot l\u012bdzi termometra r\u0101d\u012bjumiem sav\u0101 viedier\u012bc\u0113, lejupiel\u0101d\u0113jot bezmaksas BBQ GO lietotni ar temperat\u016bras nor\u0101d\u0113m. J\u016bs varat iestat\u012bt individu\u0101lu temperat\u016bru savam \u0113dienam. Papildus cit\u0101m funkcij\u0101m termometram ir ar\u012b taimeris un ALARM funkcija, ja temperat\u016bra negaid\u012bti paaugstin\u0101s (- Temperat\u016bras diapazons: 0-300 \u00b0C, iesp\u0113jam\u0101 starp\u012bba +-1 \u00b0C).<\/p>\n<p>- Termometrs ir j\u0101aizsarg\u0101 no lietus, t\u0101p\u0113c neatst\u0101jiet to neaizsarg\u0101tu.<\/p>\n<p><strong>Svar\u012bgi:<\/strong> Termometrs ir paredz\u0113ts lieto\u0161anai tikai netie\u0161\u0101 karstuma \u0113dienu gatavo\u0161anai. Uzglab\u0101jiet zondes kabe\u013cus un zondes t\u0101, lai tie netiktu pak\u013cauti tie\u0161am karstumam.<\/p>\n<p>Ide\u0101li piem\u0113rots griliem, piem\u0113ram.\u00a0<a href=\"https:\/\/tammetorubbq.ee\/lv\/kategorija\/grili\/keramikas-grili\/\">Kamado Joe<\/a>, , <a href=\"https:\/\/tammetorubbq.ee\/lv\/?s=Napoleon&amp;post_type=product&amp;dgwt_wcas=1\">Napoleons<\/a>, <a href=\"https:\/\/tammetorubbq.ee\/lv\/?s=Char-Griller&amp;post_type=product&amp;dgwt_wcas=1\">Char-Griller<\/a>, <a href=\"https:\/\/tammetorubbq.ee\/lv\/?s=Traeger+&amp;post_type=product&amp;dgwt_wcas=1\">Traeger<\/a> , <a href=\"https:\/\/tammetorubbq.ee\/lv\/?s=Ahja+Smoker&amp;post_type=product&amp;dgwt_wcas=1\">Ahja Sm\u0113\u0137\u0113t\u0101js<\/a> utt.<\/p>\n<p><img loading=\"lazy\" decoding=\"async\" class=\"alignnone wp-image-3250\" src=\"http:\/\/tammetorubbq.ee\/wp-content\/uploads\/2025\/05\/Inkbird-logo-PNG-300x85.png\" alt=\"\" width=\"176\" height=\"50\" srcset=\"https:\/\/tammetorubbq.ee\/wp-content\/uploads\/2025\/05\/Inkbird-logo-PNG-300x85.png 300w, https:\/\/tammetorubbq.ee\/wp-content\/uploads\/2025\/05\/Inkbird-logo-PNG-1024x290.png 1024w, https:\/\/tammetorubbq.ee\/wp-content\/uploads\/2025\/05\/Inkbird-logo-PNG-768x218.png 768w, https:\/\/tammetorubbq.ee\/wp-content\/uploads\/2025\/05\/Inkbird-logo-PNG-18x5.png 18w, https:\/\/tammetorubbq.ee\/wp-content\/uploads\/2025\/05\/Inkbird-logo-PNG-600x170.png 600w, https:\/\/tammetorubbq.ee\/wp-content\/uploads\/2025\/05\/Inkbird-logo-PNG-64x18.png 64w, https:\/\/tammetorubbq.ee\/wp-content\/uploads\/2025\/05\/Inkbird-logo-PNG.png 1192w\" sizes=\"auto, (max-width: 176px) 100vw, 176px\" \/><\/p>","protected":false},"featured_media":2567,"comment_status":"open","ping_status":"closed","template":"","meta":{"_uf_show_specific_survey":0,"_uf_disable_surveys":false},"pwb-brand":[67],"product_brand":[],"product_cat":[66,30],"product_tag":[134,116,115],"class_list":{"0":"post-2566","1":"product","2":"type-product","3":"status-publish","4":"has-post-thumbnail","6":"pwb-brand-inkbird","7":"product_cat-termomeetrid","8":"product_cat-grillimise-tarvikud","9":"product_tag-grillimise-tarvikud","10":"product_tag-inkbird","11":"product_tag-termomeeter","13":"first","14":"instock","15":"taxable","16":"shipping-taxable","17":"purchasable","18":"product-type-simple"},"brands":[{"id":67,"name":"Inkbird","slug":"inkbird"}],"_links":{"self":[{"href":"https:\/\/tammetorubbq.ee\/lv\/wp-json\/wp\/v2\/product\/2566","targetHints":{"allow":["GET"]}}],"collection":[{"href":"https:\/\/tammetorubbq.ee\/lv\/wp-json\/wp\/v2\/product"}],"about":[{"href":"https:\/\/tammetorubbq.ee\/lv\/wp-json\/wp\/v2\/types\/product"}],"replies":[{"embeddable":true,"href":"https:\/\/tammetorubbq.ee\/lv\/wp-json\/wp\/v2\/comments?post=2566"}],"wp:featuredmedia":[{"embeddable":true,"href":"https:\/\/tammetorubbq.ee\/lv\/wp-json\/wp\/v2\/media\/2567"}],"wp:attachment":[{"href":"https:\/\/tammetorubbq.ee\/lv\/wp-json\/wp\/v2\/media?parent=2566"}],"wp:term":[{"taxonomy":"pwb-brand","embeddable":true,"href":"https:\/\/tammetorubbq.ee\/lv\/wp-json\/wp\/v2\/pwb-brand?post=2566"},{"taxonomy":"product_brand","embeddable":true,"href":"https:\/\/tammetorubbq.ee\/lv\/wp-json\/wp\/v2\/product_brand?post=2566"},{"taxonomy":"product_cat","embeddable":true,"href":"https:\/\/tammetorubbq.ee\/lv\/wp-json\/wp\/v2\/product_cat?post=2566"},{"taxonomy":"product_tag","embeddable":true,"href":"https:\/\/tammetorubbq.ee\/lv\/wp-json\/wp\/v2\/product_tag?post=2566"}],"curies":[{"name":"wp","href":"https:\/\/api.w.org\/{rel}","templated":true}]}}