{"id":2572,"date":"2025-03-27T10:35:00","date_gmt":"2025-03-27T08:35:00","guid":{"rendered":"https:\/\/tammetorubbq.ee\/?post_type=product&#038;p=2572"},"modified":"2026-04-30T01:00:12","modified_gmt":"2026-04-29T22:00:12","slug":"ao-savarma-berzet-210g","status":"publish","type":"product","link":"https:\/\/tammetorubbq.ee\/lv\/toode\/ao-shawarma-rub-210g\/","title":{"rendered":"A&amp;O Shawarma Rub 210g"},"content":{"rendered":"<p><strong>Sast\u0101vda\u013cas<\/strong>: s\u0101ls, cukurs, melnie pipari, krustnagli\u0146as, kardamons, fenhe\u013ca s\u0113klas, \u0137ime\u0146u pulveris, \u0137imenes s\u0113klas, zvaig\u017e\u0146u an\u012bss, grie\u0137u sier\u0101boli\u0146\u0161, kan\u0113lis, citronu pulveris, baziliks, kurkuma, sp\u0101\u0146u sald\u0101 paprika, p\u0113ters\u012b\u013ci.<\/p>\n<p>Svars: 210 g<\/p>","protected":false},"excerpt":{"rendered":"<p>Angus &amp; Oink ar \u012bpa\u0161i sp\u0113c\u012bgu arom\u0101tu. Indijas, Zieme\u013c\u0101frikas un Eiropas gar\u0161vielas, kas sajaucas, radot mut\u0113 k\u016bsto\u0161u gar\u0161u.<\/p>\n<p>L\u012bdzsvarots gar\u0161vielu mais\u012bjums, kas lieliski piem\u0113rots j\u0113ra ga\u013cai, vistas ga\u013cai un kebabiem.<\/p>\n<p><img loading=\"lazy\" decoding=\"async\" class=\"alignnone wp-image-279\" src=\"http:\/\/tammetorubbq.ee\/wp-content\/uploads\/2023\/11\/Angus-Oink.png\" alt=\"\" width=\"137\" height=\"137\" srcset=\"https:\/\/tammetorubbq.ee\/wp-content\/uploads\/2023\/11\/Angus-Oink.png 225w, https:\/\/tammetorubbq.ee\/wp-content\/uploads\/2023\/11\/Angus-Oink-150x150.png 150w, https:\/\/tammetorubbq.ee\/wp-content\/uploads\/2023\/11\/Angus-Oink-12x12.png 12w, https:\/\/tammetorubbq.ee\/wp-content\/uploads\/2023\/11\/Angus-Oink-64x64.png 64w\" sizes=\"auto, (max-width: 137px) 100vw, 137px\" \/><\/p>","protected":false},"featured_media":2573,"comment_status":"open","ping_status":"closed","template":"","meta":{"_uf_show_specific_survey":0,"_uf_disable_surveys":false},"pwb-brand":[105],"product_brand":[],"product_cat":[21,20],"product_tag":[112,111],"class_list":{"0":"post-2572","1":"product","2":"type-product","3":"status-publish","4":"has-post-thumbnail","6":"pwb-brand-angus-oink","7":"product_cat-maitseainesegud","8":"product_cat-kampaania","9":"product_tag-lambaliha","10":"product_tag-maitseainesegu","12":"first","13":"instock","14":"sale","15":"taxable","16":"shipping-taxable","17":"purchasable","18":"product-type-simple"},"brands":[{"id":105,"name":"Angus &amp; Oink","slug":"angus-oink"}],"_links":{"self":[{"href":"https:\/\/tammetorubbq.ee\/lv\/wp-json\/wp\/v2\/product\/2572","targetHints":{"allow":["GET"]}}],"collection":[{"href":"https:\/\/tammetorubbq.ee\/lv\/wp-json\/wp\/v2\/product"}],"about":[{"href":"https:\/\/tammetorubbq.ee\/lv\/wp-json\/wp\/v2\/types\/product"}],"replies":[{"embeddable":true,"href":"https:\/\/tammetorubbq.ee\/lv\/wp-json\/wp\/v2\/comments?post=2572"}],"wp:featuredmedia":[{"embeddable":true,"href":"https:\/\/tammetorubbq.ee\/lv\/wp-json\/wp\/v2\/media\/2573"}],"wp:attachment":[{"href":"https:\/\/tammetorubbq.ee\/lv\/wp-json\/wp\/v2\/media?parent=2572"}],"wp:term":[{"taxonomy":"pwb-brand","embeddable":true,"href":"https:\/\/tammetorubbq.ee\/lv\/wp-json\/wp\/v2\/pwb-brand?post=2572"},{"taxonomy":"product_brand","embeddable":true,"href":"https:\/\/tammetorubbq.ee\/lv\/wp-json\/wp\/v2\/product_brand?post=2572"},{"taxonomy":"product_cat","embeddable":true,"href":"https:\/\/tammetorubbq.ee\/lv\/wp-json\/wp\/v2\/product_cat?post=2572"},{"taxonomy":"product_tag","embeddable":true,"href":"https:\/\/tammetorubbq.ee\/lv\/wp-json\/wp\/v2\/product_tag?post=2572"}],"curies":[{"name":"wp","href":"https:\/\/api.w.org\/{rel}","templated":true}]}}