{"id":2579,"date":"2025-03-27T10:56:48","date_gmt":"2025-03-27T08:56:48","guid":{"rendered":"https:\/\/tammetorubbq.ee\/?post_type=product&#038;p=2579"},"modified":"2026-04-15T00:00:13","modified_gmt":"2026-04-14T21:00:13","slug":"ao-red-house-bbq-glazura-300ml","status":"publish","type":"product","link":"https:\/\/tammetorubbq.ee\/lv\/product-2\/ao-red-house-bbq-glazura-300ml\/","title":{"rendered":"A&amp;O Red House BBQ glaz\u016bras m\u0113rce 300ml"},"content":{"rendered":"<p><strong>Sast\u0101vda\u013cas<\/strong>: cukurs, ke\u010dups (fruktozes s\u012brups, tom\u0101tu pasta, eti\u0137is, cukurs, s\u0101ls, konservants (k\u0101lija sorb\u0101ts), gar\u0161vielu un gar\u0161augu mais\u012bjums (P\u0100RDEV\u0112JS), \u0101bolu sidra eti\u0137is, cukura s\u012brups, \u0101bolu un anan\u0101su sula, s\u0101ls, paprika, \u010dilli, melnie pipari, \u0137iploki, ingvers, vani\u013cas ekstrakts, \u0137imenes, d\u016bmu aromatiz\u0113t\u0101js, tamarinds, kan\u0113lis, timi\u0101ns, karamele, apels\u012bnu esence.<\/p>","protected":false},"excerpt":{"rendered":"<p>Angus &amp; Oink Red House m\u0113rce ir salda d\u016bmakaina BBQ glaz\u016bra c\u016bkga\u013cai un vistas ga\u013cai.<\/p>\n<p>\u0160o glaz\u016bru ir augstu nov\u0113rt\u0113ju\u0161i profesion\u0101li gril\u0113\u0161anas un gril\u0113\u0161anas meistari.<\/p>\n<p>Labi sader ar ribi\u0146\u0101m, bekonu, vistas ga\u013cu, liellopu ga\u013cu un burgeriem.<\/p>\n<p>\ud83d\udca1 Profesion\u0101\u013cu padoms: Ja v\u0113laties m\u0113rci glaz\u016brai nedaudz sa\u0161\u0137idrin\u0101t, uzkars\u0113jiet to katli\u0146\u0101 ar karoti \u016bdens vai medus.<\/p>\n<p><img loading=\"lazy\" decoding=\"async\" class=\"alignnone wp-image-279\" src=\"http:\/\/tammetorubbq.ee\/wp-content\/uploads\/2023\/11\/Angus-Oink.png\" alt=\"\" width=\"130\" height=\"130\" srcset=\"https:\/\/tammetorubbq.ee\/wp-content\/uploads\/2023\/11\/Angus-Oink.png 225w, https:\/\/tammetorubbq.ee\/wp-content\/uploads\/2023\/11\/Angus-Oink-150x150.png 150w, https:\/\/tammetorubbq.ee\/wp-content\/uploads\/2023\/11\/Angus-Oink-12x12.png 12w, https:\/\/tammetorubbq.ee\/wp-content\/uploads\/2023\/11\/Angus-Oink-64x64.png 64w\" sizes=\"auto, (max-width: 130px) 100vw, 130px\" \/><\/p>","protected":false},"featured_media":2580,"comment_status":"open","ping_status":"closed","template":"","meta":{"_uf_show_specific_survey":0,"_uf_disable_surveys":false},"pwb-brand":[105],"product_brand":[],"product_cat":[22,20],"product_tag":[118,159,114,122],"class_list":{"0":"post-2579","1":"product","2":"type-product","3":"status-publish","4":"has-post-thumbnail","6":"pwb-brand-angus-oink","7":"product_cat-kastmed-ja-marinaadid","8":"product_cat-kampaania","9":"product_tag-kanaliha","10":"product_tag-kanatiivad","11":"product_tag-sealiha","12":"product_tag-searibi","14":"first","15":"outofstock","16":"sale","17":"taxable","18":"shipping-taxable","19":"purchasable","20":"product-type-simple"},"brands":[{"id":105,"name":"Angus &amp; Oink","slug":"angus-oink"}],"_links":{"self":[{"href":"https:\/\/tammetorubbq.ee\/lv\/wp-json\/wp\/v2\/product\/2579","targetHints":{"allow":["GET"]}}],"collection":[{"href":"https:\/\/tammetorubbq.ee\/lv\/wp-json\/wp\/v2\/product"}],"about":[{"href":"https:\/\/tammetorubbq.ee\/lv\/wp-json\/wp\/v2\/types\/product"}],"replies":[{"embeddable":true,"href":"https:\/\/tammetorubbq.ee\/lv\/wp-json\/wp\/v2\/comments?post=2579"}],"wp:featuredmedia":[{"embeddable":true,"href":"https:\/\/tammetorubbq.ee\/lv\/wp-json\/wp\/v2\/media\/2580"}],"wp:attachment":[{"href":"https:\/\/tammetorubbq.ee\/lv\/wp-json\/wp\/v2\/media?parent=2579"}],"wp:term":[{"taxonomy":"pwb-brand","embeddable":true,"href":"https:\/\/tammetorubbq.ee\/lv\/wp-json\/wp\/v2\/pwb-brand?post=2579"},{"taxonomy":"product_brand","embeddable":true,"href":"https:\/\/tammetorubbq.ee\/lv\/wp-json\/wp\/v2\/product_brand?post=2579"},{"taxonomy":"product_cat","embeddable":true,"href":"https:\/\/tammetorubbq.ee\/lv\/wp-json\/wp\/v2\/product_cat?post=2579"},{"taxonomy":"product_tag","embeddable":true,"href":"https:\/\/tammetorubbq.ee\/lv\/wp-json\/wp\/v2\/product_tag?post=2579"}],"curies":[{"name":"wp","href":"https:\/\/api.w.org\/{rel}","templated":true}]}}