{"id":2660,"date":"2025-03-31T22:45:55","date_gmt":"2025-03-31T19:45:55","guid":{"rendered":"https:\/\/tammetorubbq.ee\/?post_type=product&#038;p=2660"},"modified":"2026-04-16T20:00:06","modified_gmt":"2026-04-16T17:00:06","slug":"napoleon-rogue-eq-365-gudrais-elektriskais-grils-ar-bluetooth-un-wi-fi-savienojamibu","status":"publish","type":"product","link":"https:\/\/tammetorubbq.ee\/lv\/product-2\/napoleon-rogue-eq-365-gudrais-elektriskais-grils-ar-bluetooth-un-wi-fi-savienojamibu\/","title":{"rendered":"Napoleon Rogue EQ 365 smart elektriskais grils"},"content":{"rendered":"<h3 data-start=\"0\" data-end=\"31\"><strong data-start=\"0\" data-end=\"31\">K\u0101p\u0113c izv\u0113l\u0113ties Napoleon Grill?<\/strong><\/h3>\n<p class=\"\" data-start=\"33\" data-end=\"253\">Napoleon ir Kan\u0101das \u0123imenes uz\u0146\u0113mums, kas jau vair\u0101kus gadu desmitus koncentr\u0113jas uz augstas kvalit\u0101tes grilu un \u0101ra virtuves risin\u0101jumu izstr\u0101di. \u0160is z\u012bmols ir paz\u012bstams vis\u0101 pasaul\u0113 ar savu uzticam\u012bbu, inov\u0101cij\u0101m un ilgm\u016b\u017e\u012bbu.<\/p>\n<p class=\"\" data-start=\"255\" data-end=\"629\">Katrs Napoleon grils ir izstr\u0101d\u0101ts t\u0101, lai nodro\u0161in\u0101tu prec\u012bzu karstuma kontroli, iztur\u012bgu konstrukciju un p\u0101rdom\u0101tu lieto\u0161anas \u0113rtumu. Neatkar\u012bgi no t\u0101, vai tas ir kokog\u013cu, g\u0101zes vai granulu grils, Napoleon apvieno m\u016bsdien\u012bgu dizainu ar praktiskiem risin\u0101jumiem: ner\u016bs\u0113jo\u0161\u0101 t\u0113rauda deg\u013ci, \u010duguna grili, JETFIRE\u2122 aizdedzes sist\u0113ma, ACCU-PROBE\u2122 termometrs un p\u0101rdom\u0101ti uzglab\u0101\u0161anas risin\u0101jumi ir tikai da\u017ei piem\u0113ri.<\/p>\n<p class=\"\" data-start=\"631\" data-end=\"859\">Napoleon kl\u0101sts apmierina visas vajadz\u012bbas - no portat\u012bvajiem mode\u013ciem l\u012bdz pilnv\u0113rt\u012bg\u0101m lauka virtuv\u0113m. Ja nov\u0113rt\u0113jat uzticam\u012bbu, funkcionalit\u0101ti un iesp\u0113ju gril\u0113t visu gadu, Napoleon ir pareiz\u0101 izv\u0113le.<\/p>\n<p class=\"\" data-start=\"750\" data-end=\"772\"><strong data-start=\"750\" data-end=\"772\">Galven\u0101s grila funkcijas:<\/strong><\/p>\n<ul data-start=\"773\" data-end=\"1286\">\n<li class=\"\" data-start=\"773\" data-end=\"795\">\n<p class=\"\" data-start=\"775\" data-end=\"795\">karstums l\u012bdz 700 \u00b0C<\/p>\n<\/li>\n<li class=\"\" data-start=\"796\" data-end=\"827\">\n<p class=\"\" data-start=\"798\" data-end=\"827\">baro\u0161anas avots: 220 V no elektrot\u012bkla<\/p>\n<\/li>\n<li class=\"\" data-start=\"828\" data-end=\"867\">\n<p class=\"\" data-start=\"830\" data-end=\"867\">3 neatkar\u012bgi regul\u0113jamas apkures zonas<\/p>\n<\/li>\n<li class=\"\" data-start=\"868\" data-end=\"903\">\n<p class=\"\" data-start=\"870\" data-end=\"903\">ieb\u016bv\u0113ts musku\u013cu zondes savienojums<\/p>\n<\/li>\n<li class=\"\" data-start=\"904\" data-end=\"973\">\n<p class=\"\" data-start=\"906\" data-end=\"973\">vad\u012bba no ier\u012bces pane\u013ca vai viedt\u0101lru\u0146a (Bluetooth un Wi-Fi)<\/p>\n<\/li>\n<li class=\"\" data-start=\"974\" data-end=\"1027\">\n<p class=\"\" data-start=\"976\" data-end=\"1027\">54 \u00d7 37 cm gril\u0113\u0161anas laukums (piem\u0113rots l\u012bdz 13 person\u0101m)<\/p>\n<\/li>\n<li class=\"\" data-start=\"1028\" data-end=\"1090\">\n<p class=\"\" data-start=\"1030\" data-end=\"1090\">integr\u0113ts termometrs un autom\u0101tiska temperat\u016bras vad\u012bba<\/p>\n<\/li>\n<li class=\"\" data-start=\"1091\" data-end=\"1131\">\n<p class=\"\" data-start=\"1093\" data-end=\"1131\">izgaismotas vad\u012bbas ier\u012bces un sk\u0101rienekr\u0101ns<\/p>\n<\/li>\n<li class=\"\" data-start=\"1132\" data-end=\"1211\">\n<p class=\"\" data-start=\"1134\" data-end=\"1211\">tauku un pilienu papl\u0101tes ir viegli no\u0146emamas un var mazg\u0101t trauku mazg\u0101jam\u0101 ma\u0161\u012bn\u0101.<\/p>\n<\/li>\n<li class=\"\" data-start=\"1212\" data-end=\"1286\">\n<p class=\"\" data-start=\"1214\" data-end=\"1286\">piem\u0113rots balkoniem, teras\u0113m vai viet\u0101m, kur nav at\u013cauts kurin\u0101t atkl\u0101tu uguni.<\/p>\n<\/li>\n<\/ul>","protected":false},"excerpt":{"rendered":"<p class=\"\" data-start=\"192\" data-end=\"415\">Napoleon Rogue EQ 365 ir vieds elektriskais grils ar Bluetooth un Wi-Fi savienojumu, kas ir ar\u012b pirmais elektriskais grils, kur\u0161 pied\u0101v\u0101 t\u0101du pa\u0161u jaudu un pieredzi k\u0101 g\u0101zes vai kokog\u013cu grils.<\/p>\n<p class=\"\" data-start=\"192\" data-end=\"415\"><strong>Tas ir paredz\u0113ts gril\u0113\u0161anai uz balkona, terases vai d\u0101rz\u0101 - visur, kur nav at\u013cauts izmantot g\u0101zi vai atkl\u0101tu uguni.<\/strong><\/p>\n<p data-start=\"192\" data-end=\"415\">Grils tiek darbin\u0101ts no 220 V elektrot\u012bkla un sasniedz augstu temperat\u016bru l\u012bdz 700 \u00b0C, kas ir ide\u0101li piem\u0113rots ga\u013cas apcep\u0161anai un krauk\u0161\u0137\u012bgu gril\u0113tu \u0113dienu pagatavo\u0161anai. Grila jaudu un temperat\u016bru kontrol\u0113 vied\u0101 vad\u012bbas sist\u0113ma, ko var vad\u012bt no vad\u012bbas pane\u013ca vai Napoleon lietotnes, izmantojot Bluetooth un Wi-Fi savienojumu.<\/p>\n<p><img loading=\"lazy\" decoding=\"async\" class=\"wp-image-2098\" src=\"http:\/\/tammetorubbq.ee\/wp-content\/uploads\/2024\/11\/napoleon-gas-grills-logo-vector-1-300x124.png\" alt=\"Napoleon g\u0101zes grili logo vektors\" width=\"157\" height=\"65\" srcset=\"https:\/\/tammetorubbq.ee\/wp-content\/uploads\/2024\/11\/napoleon-gas-grills-logo-vector-1-300x124.png 300w, https:\/\/tammetorubbq.ee\/wp-content\/uploads\/2024\/11\/napoleon-gas-grills-logo-vector-1-768x317.png 768w, https:\/\/tammetorubbq.ee\/wp-content\/uploads\/2024\/11\/napoleon-gas-grills-logo-vector-1-18x7.png 18w, https:\/\/tammetorubbq.ee\/wp-content\/uploads\/2024\/11\/napoleon-gas-grills-logo-vector-1-600x248.png 600w, https:\/\/tammetorubbq.ee\/wp-content\/uploads\/2024\/11\/napoleon-gas-grills-logo-vector-1-64x26.png 64w, https:\/\/tammetorubbq.ee\/wp-content\/uploads\/2024\/11\/napoleon-gas-grills-logo-vector-1.png 847w\" sizes=\"auto, (max-width: 157px) 100vw, 157px\" \/><\/p>\n<p><a href=\"https:\/\/tammetorubbq.ee\/lv\/maksajiet-velak\/\"><strong>P\u0112RCIET TAGAD, MAKS\u0100JIET V\u0112L\u0100K<\/strong><\/a>\u00a0- bez procentiem!<\/p>\n<p><img loading=\"lazy\" decoding=\"async\" class=\"alignnone wp-image-2646\" src=\"http:\/\/tammetorubbq.ee\/wp-content\/uploads\/2023\/12\/inbank-wordmark.png\" alt=\"Inbank\" width=\"169\" height=\"76\" srcset=\"https:\/\/tammetorubbq.ee\/wp-content\/uploads\/2023\/12\/inbank-wordmark.png 300w, https:\/\/tammetorubbq.ee\/wp-content\/uploads\/2023\/12\/inbank-wordmark-18x8.png 18w, https:\/\/tammetorubbq.ee\/wp-content\/uploads\/2023\/12\/inbank-wordmark-64x29.png 64w\" sizes=\"auto, (max-width: 169px) 100vw, 169px\" \/><\/p>\n<p>M\u0113s pied\u0101v\u0101jam ar\u012b iesp\u0113ju maks\u0101t v\u0113l\u0101k - vien\u0101, div\u0101s vai trij\u0101s vien\u0101d\u0101s da\u013c\u0101s bez procentiem vai papildu maksas.<\/p>\n<p>M\u016bsu iepirkumu groz\u0101 varat atrast da\u017e\u0101das maks\u0101jumu iesp\u0113jas.<\/p>","protected":false},"featured_media":2661,"comment_status":"open","ping_status":"closed","template":"","meta":{"_uf_show_specific_survey":0,"_uf_disable_surveys":false},"pwb-brand":[101],"product_brand":[],"product_cat":[108],"product_tag":[109,148],"class_list":{"0":"post-2660","1":"product","2":"type-product","3":"status-publish","4":"has-post-thumbnail","6":"pwb-brand-napoleon","7":"product_cat-elektrigrillid","8":"product_tag-elektrigrill","9":"product_tag-napoleon","11":"first","12":"instock","13":"taxable","14":"shipping-taxable","15":"purchasable","16":"product-type-simple"},"brands":[{"id":101,"name":"Napoleons","slug":"napoleon"}],"_links":{"self":[{"href":"https:\/\/tammetorubbq.ee\/lv\/wp-json\/wp\/v2\/product\/2660","targetHints":{"allow":["GET"]}}],"collection":[{"href":"https:\/\/tammetorubbq.ee\/lv\/wp-json\/wp\/v2\/product"}],"about":[{"href":"https:\/\/tammetorubbq.ee\/lv\/wp-json\/wp\/v2\/types\/product"}],"replies":[{"embeddable":true,"href":"https:\/\/tammetorubbq.ee\/lv\/wp-json\/wp\/v2\/comments?post=2660"}],"wp:featuredmedia":[{"embeddable":true,"href":"https:\/\/tammetorubbq.ee\/lv\/wp-json\/wp\/v2\/media\/2661"}],"wp:attachment":[{"href":"https:\/\/tammetorubbq.ee\/lv\/wp-json\/wp\/v2\/media?parent=2660"}],"wp:term":[{"taxonomy":"pwb-brand","embeddable":true,"href":"https:\/\/tammetorubbq.ee\/lv\/wp-json\/wp\/v2\/pwb-brand?post=2660"},{"taxonomy":"product_brand","embeddable":true,"href":"https:\/\/tammetorubbq.ee\/lv\/wp-json\/wp\/v2\/product_brand?post=2660"},{"taxonomy":"product_cat","embeddable":true,"href":"https:\/\/tammetorubbq.ee\/lv\/wp-json\/wp\/v2\/product_cat?post=2660"},{"taxonomy":"product_tag","embeddable":true,"href":"https:\/\/tammetorubbq.ee\/lv\/wp-json\/wp\/v2\/product_tag?post=2660"}],"curies":[{"name":"wp","href":"https:\/\/api.w.org\/{rel}","templated":true}]}}