{"id":2670,"date":"2025-04-02T09:57:04","date_gmt":"2025-04-02T06:57:04","guid":{"rendered":"https:\/\/tammetorubbq.ee\/?post_type=product&#038;p=2670"},"modified":"2026-04-26T21:00:15","modified_gmt":"2026-04-26T18:00:15","slug":"napoleon-phantom-travelq-pro285x-portativais-gazes-grils","status":"publish","type":"product","link":"https:\/\/tammetorubbq.ee\/lv\/product-2\/napoleon-phantom-travelq-pro285x-portativais-gazes-grils\/","title":{"rendered":"Napoleon Phantom TravelQ PRO285X portat\u012bvais g\u0101zes grils ar mat\u0113ti melnu dizainu"},"content":{"rendered":"<h3 data-start=\"0\" data-end=\"31\"><strong data-start=\"0\" data-end=\"31\">K\u0101p\u0113c izv\u0113l\u0113ties Napoleon Grill?<\/strong><\/h3>\n<p class=\"\" data-start=\"33\" data-end=\"253\">Napoleon ir Kan\u0101das \u0123imenes uz\u0146\u0113mums, kas jau vair\u0101kus gadu desmitus koncentr\u0113jas uz augstas kvalit\u0101tes grilu un \u0101ra virtuves risin\u0101jumu izstr\u0101di. \u0160is z\u012bmols ir paz\u012bstams vis\u0101 pasaul\u0113 ar savu uzticam\u012bbu, inov\u0101cij\u0101m un ilgm\u016b\u017e\u012bbu.<\/p>\n<p class=\"\" data-start=\"255\" data-end=\"629\">Katrs Napoleon grils ir izstr\u0101d\u0101ts t\u0101, lai nodro\u0161in\u0101tu prec\u012bzu karstuma kontroli, iztur\u012bgu konstrukciju un p\u0101rdom\u0101tu lieto\u0161anas \u0113rtumu. Neatkar\u012bgi no t\u0101, vai tas ir kokog\u013cu, g\u0101zes vai granulu grils, Napoleon apvieno m\u016bsdien\u012bgu dizainu ar praktiskiem risin\u0101jumiem: ner\u016bs\u0113jo\u0161\u0101 t\u0113rauda deg\u013ci, \u010duguna grili, JETFIRE\u2122 aizdedzes sist\u0113ma, ACCU-PROBE\u2122 termometrs un p\u0101rdom\u0101ti uzglab\u0101\u0161anas risin\u0101jumi ir tikai da\u017ei piem\u0113ri.<\/p>\n<p class=\"\" data-start=\"631\" data-end=\"859\">Napoleon kl\u0101sts apmierina visas vajadz\u012bbas - no portat\u012bvajiem mode\u013ciem l\u012bdz pilnv\u0113rt\u012bg\u0101m lauka virtuv\u0113m. Ja nov\u0113rt\u0113jat uzticam\u012bbu, funkcionalit\u0101ti un iesp\u0113ju gril\u0113t visu gadu, Napoleon ir pareiz\u0101 izv\u0113le.<\/p>\n<p class=\"\" data-start=\"74\" data-end=\"166\"><strong data-start=\"74\" data-end=\"166\">Funkcijas un tehniskie dati \u00a0<\/strong><\/p>\n<ul data-start=\"168\" data-end=\"731\" data-is-last-node=\"\" data-is-only-node=\"\">\n<li class=\"\" data-start=\"168\" data-end=\"186\">\n<p class=\"\" data-start=\"170\" data-end=\"186\">degviela: prop\u0101ns<\/p>\n<\/li>\n<li class=\"\" data-start=\"187\" data-end=\"206\">\n<p class=\"\" data-start=\"189\" data-end=\"206\">jauda: 4,1 kW<\/p>\n<\/li>\n<li class=\"\" data-start=\"207\" data-end=\"242\">\n<p class=\"\" data-start=\"209\" data-end=\"242\">2 ner\u016bs\u0113jo\u0161\u0101 t\u0113rauda deg\u013ci<\/p>\n<\/li>\n<li class=\"\" data-start=\"243\" data-end=\"305\">\n<p class=\"\" data-start=\"245\" data-end=\"305\">galven\u0101 gril\u0113\u0161anas zona: 54 \u00d7 37 cm<\/p>\n<\/li>\n<li class=\"\" data-start=\"306\" data-end=\"339\">\n<p class=\"\" data-start=\"308\" data-end=\"339\">kop\u0113j\u0101 gril\u0113\u0161anas virsma: 1 840 cm\u00b2<\/p>\n<\/li>\n<li class=\"\" data-start=\"340\" data-end=\"382\">\n<p class=\"\" data-start=\"342\" data-end=\"382\">iztur\u012bgs alum\u012bnija lie\u0161anas v\u0101ks<\/p>\n<\/li>\n<li class=\"\" data-start=\"383\" data-end=\"424\">\n<p class=\"\" data-start=\"385\" data-end=\"424\">salok\u0101ms pamatnes r\u0101mis ar lieliem rite\u0146iem<\/p>\n<\/li>\n<li class=\"\" data-start=\"425\" data-end=\"473\">\n<p class=\"\" data-start=\"427\" data-end=\"473\">s\u0101nu plaukti ar dvie\u013cu un piederumu \u0101\u0137iem<\/p>\n<\/li>\n<li class=\"\" data-start=\"474\" data-end=\"502\">\n<p class=\"\" data-start=\"476\" data-end=\"502\">ergonomiskas vad\u012bbas ier\u012bces<\/p>\n<\/li>\n<li class=\"\" data-start=\"503\" data-end=\"528\">\n<p class=\"\" data-start=\"505\" data-end=\"528\">JETFIRE\u2122 aizdedzes sist\u0113ma<\/p>\n<\/li>\n<li class=\"\" data-start=\"529\" data-end=\"556\">\n<p class=\"\" data-start=\"531\" data-end=\"556\">Accu-Probe\u2122 termometrs<\/p>\n<\/li>\n<li class=\"\" data-start=\"557\" data-end=\"590\">\n<p class=\"\" data-start=\"559\" data-end=\"590\">viegli t\u012br\u0101ms tauku paliktnis<\/p>\n<\/li>\n<li class=\"\" data-start=\"591\" data-end=\"631\">\n<p class=\"\" data-start=\"593\" data-end=\"631\">rotisserie stienis: nav iek\u013cauts komplekt\u0101cij\u0101<\/p>\n<\/li>\n<li class=\"\" data-start=\"632\" data-end=\"667\">\n<p class=\"\" data-start=\"634\" data-end=\"667\">augstums: 101 cm (131 cm atv\u0113rts)<\/p>\n<\/li>\n<li class=\"\" data-start=\"668\" data-end=\"714\">\n<p class=\"\" data-start=\"670\" data-end=\"714\">platums: 112 cm (108 cm plaukti uz leju)<\/p>\n<\/li>\n<li class=\"\" data-start=\"715\" data-end=\"731\">\n<p class=\"\" data-start=\"717\" data-end=\"731\">dzi\u013cums: 51 cm<\/p>\n<\/li>\n<\/ul>\n<p>&nbsp;<\/p>\n<p>Svars: 24,3 kg<br \/>\nIzm\u0113ri: 43,2 \u00d7 54,6 \u00d7 110 cm<\/p>\n<p>&nbsp;<\/p>\n<p class=\"\" data-start=\"0\" data-end=\"53\"><em><strong data-start=\"0\" data-end=\"53\">At\u0161\u0137ir\u012bbas starp TravelQ PRO285X un Phantom PRO285X<\/strong><\/em><\/p>\n<p class=\"\" data-start=\"55\" data-end=\"287\"><em>Phantom ir grezna mat\u0113ti melna apdare (ieskaitot rokturus un plauktus) un atv\u0101\u017eams sild\u012b\u0161anas plaukts, kas nodro\u0161ina lab\u0101ku piek\u013cuvi grila zonai. Standarta PRO285X modelim ir vienk\u0101r\u0161a melna apdare, un tam nav \u0161\u012bs papildu funkcijas.<\/em><\/p>","protected":false},"excerpt":{"rendered":"<p><strong>P\u0101rn\u0113s\u0101jams g\u0101zes grils ar salok\u0101mu r\u0101mi, 2 deg\u013ci, mat\u0113ts melns dizains!<\/strong><\/p>\n<p class=\"\" data-start=\"95\" data-end=\"353\">Napoleon Phantom TravelQ PRO285X ir kompakts, ta\u010du jaud\u012bgs g\u0101zes grils, kas ir ide\u0101li piem\u0113rots tiem, kuri nov\u0113rt\u0113 mobilit\u0101ti, stilu un funkcionalit\u0101ti. Grezn\u0101 mat\u0113ti meln\u0101 apdare stiepjas no grila v\u0101ka l\u012bdz pat r\u0101mim, radot vienotu un ekskluz\u012bvu izskatu.<\/p>\n<p class=\"\" data-start=\"355\" data-end=\"616\">Divi ner\u016bs\u0113jo\u0161\u0101 t\u0113rauda deg\u013ci, augsts v\u0101ka kupols un gril\u0113\u0161anas zona ar \u010duguna re\u017e\u0123iem \u013cauj vienlaic\u012bgi pagatavot l\u012bdz pat 20 burgeriem vai cept veselu vistu, t\u012btaru vai liellopa ga\u013cas cepeti. Izvelkamais sild\u012b\u0161anas plaukts vajadz\u012bbas gad\u012bjum\u0101 salok\u0101s, lai atbr\u012bvotu visu gril\u0113\u0161anas virsmu.<\/p>\n<p class=\"\" data-start=\"618\" data-end=\"838\">Salok\u0101mais r\u0101mis ar lieliem rite\u0146iem \u013cauj viegli p\u0101rvietot grilu jebkur\u0101 vid\u0113. \u0112rta uzglab\u0101\u0161ana, \u0101tra uzst\u0101d\u012b\u0161ana un dro\u0161a piesl\u0113g\u0161ana g\u0101zes balonam padara \u0161o grilu praktisku un mobilu.<\/p>\n<p data-start=\"618\" data-end=\"838\">Skat\u012bt bro\u0161\u016bru <a href=\"https:\/\/www.youtube.com\/watch?v=15P296JW2rs&amp;t=22s&amp;ab_channel=NapoleonProductsEurope\">videoklipi<\/a>!<\/p>\n<p><img loading=\"lazy\" decoding=\"async\" class=\"wp-image-2098\" src=\"http:\/\/tammetorubbq.ee\/wp-content\/uploads\/2024\/11\/napoleon-gas-grills-logo-vector-1-300x124.png\" alt=\"Napoleon g\u0101zes grili logo vektors\" width=\"174\" height=\"72\" srcset=\"https:\/\/tammetorubbq.ee\/wp-content\/uploads\/2024\/11\/napoleon-gas-grills-logo-vector-1-300x124.png 300w, https:\/\/tammetorubbq.ee\/wp-content\/uploads\/2024\/11\/napoleon-gas-grills-logo-vector-1-768x317.png 768w, https:\/\/tammetorubbq.ee\/wp-content\/uploads\/2024\/11\/napoleon-gas-grills-logo-vector-1-18x7.png 18w, https:\/\/tammetorubbq.ee\/wp-content\/uploads\/2024\/11\/napoleon-gas-grills-logo-vector-1-600x248.png 600w, https:\/\/tammetorubbq.ee\/wp-content\/uploads\/2024\/11\/napoleon-gas-grills-logo-vector-1-64x26.png 64w, https:\/\/tammetorubbq.ee\/wp-content\/uploads\/2024\/11\/napoleon-gas-grills-logo-vector-1.png 847w\" sizes=\"auto, (max-width: 174px) 100vw, 174px\" \/><\/p>\n<p><a href=\"https:\/\/tammetorubbq.ee\/lv\/maksajiet-velak\/\"><strong>P\u0112RCIET TAGAD, MAKS\u0100JIET V\u0112L\u0100K<\/strong><\/a>\u00a0- bez procentiem!<\/p>\n<p><img loading=\"lazy\" decoding=\"async\" class=\"alignnone wp-image-2646\" src=\"http:\/\/tammetorubbq.ee\/wp-content\/uploads\/2023\/12\/inbank-wordmark.png\" alt=\"Inbank\" width=\"164\" height=\"74\" srcset=\"https:\/\/tammetorubbq.ee\/wp-content\/uploads\/2023\/12\/inbank-wordmark.png 300w, https:\/\/tammetorubbq.ee\/wp-content\/uploads\/2023\/12\/inbank-wordmark-18x8.png 18w, https:\/\/tammetorubbq.ee\/wp-content\/uploads\/2023\/12\/inbank-wordmark-64x29.png 64w\" sizes=\"auto, (max-width: 164px) 100vw, 164px\" \/><\/p>\n<p>M\u0113s pied\u0101v\u0101jam ar\u012b iesp\u0113ju maks\u0101t v\u0113l\u0101k - vien\u0101, div\u0101s vai trij\u0101s vien\u0101d\u0101s da\u013c\u0101s bez procentiem vai papildu maksas.<\/p>\n<p>M\u016bsu iepirkumu groz\u0101 varat atrast da\u017e\u0101das maks\u0101jumu iesp\u0113jas.<\/p>","protected":false},"featured_media":2671,"comment_status":"open","ping_status":"closed","template":"","meta":{"_uf_show_specific_survey":0,"_uf_disable_surveys":false},"pwb-brand":[101],"product_brand":[389],"product_cat":[100],"product_tag":[110,365,148,390],"class_list":{"0":"post-2670","1":"product","2":"type-product","3":"status-publish","4":"has-post-thumbnail","6":"pwb-brand-napoleon","7":"product_brand-napoleon","8":"product_cat-gaasigrillid","9":"product_tag-gaasigrill","10":"product_tag-napoleo-gaasigrill","11":"product_tag-napoleon","12":"product_tag-napoleon-travelq","14":"first","15":"instock","16":"taxable","17":"shipping-taxable","18":"purchasable","19":"product-type-simple"},"brands":[{"id":101,"name":"Napoleons","slug":"napoleon"}],"_links":{"self":[{"href":"https:\/\/tammetorubbq.ee\/lv\/wp-json\/wp\/v2\/product\/2670","targetHints":{"allow":["GET"]}}],"collection":[{"href":"https:\/\/tammetorubbq.ee\/lv\/wp-json\/wp\/v2\/product"}],"about":[{"href":"https:\/\/tammetorubbq.ee\/lv\/wp-json\/wp\/v2\/types\/product"}],"replies":[{"embeddable":true,"href":"https:\/\/tammetorubbq.ee\/lv\/wp-json\/wp\/v2\/comments?post=2670"}],"wp:featuredmedia":[{"embeddable":true,"href":"https:\/\/tammetorubbq.ee\/lv\/wp-json\/wp\/v2\/media\/2671"}],"wp:attachment":[{"href":"https:\/\/tammetorubbq.ee\/lv\/wp-json\/wp\/v2\/media?parent=2670"}],"wp:term":[{"taxonomy":"pwb-brand","embeddable":true,"href":"https:\/\/tammetorubbq.ee\/lv\/wp-json\/wp\/v2\/pwb-brand?post=2670"},{"taxonomy":"product_brand","embeddable":true,"href":"https:\/\/tammetorubbq.ee\/lv\/wp-json\/wp\/v2\/product_brand?post=2670"},{"taxonomy":"product_cat","embeddable":true,"href":"https:\/\/tammetorubbq.ee\/lv\/wp-json\/wp\/v2\/product_cat?post=2670"},{"taxonomy":"product_tag","embeddable":true,"href":"https:\/\/tammetorubbq.ee\/lv\/wp-json\/wp\/v2\/product_tag?post=2670"}],"curies":[{"name":"wp","href":"https:\/\/api.w.org\/{rel}","templated":true}]}}