{"id":2694,"date":"2025-04-02T13:39:02","date_gmt":"2025-04-02T10:39:02","guid":{"rendered":"https:\/\/tammetorubbq.ee\/?post_type=product&#038;p=2694"},"modified":"2026-04-15T06:00:03","modified_gmt":"2026-04-15T03:00:03","slug":"roosters-championship-ribas-berzet-328g","status":"publish","type":"product","link":"https:\/\/tammetorubbq.ee\/lv\/product-2\/roosters-championship-ribas-berzet-328g\/","title":{"rendered":"Roosters Championship Rib Rub 328g"},"content":{"rendered":"<p>Sast\u0101vda\u013cas:\u00a0<span class=\"Y2IQFc\" lang=\"et\">cukurs, s\u0101ls, br\u016bnais cukurs, paprika, gar\u0161vielas, tostarp \u010dilli, s\u012bpoli, \u0137iploki, un ne vair\u0101k k\u0101 2% trikalcija fosf\u0101ta, lai nov\u0113rstu salip\u0161anu.<\/span><\/p>","protected":false},"excerpt":{"rendered":"<div class=\"x11i5rnm xat24cr x1mh8g0r x1vvkbs xtlvy1s x126k92a\">\n<h6 dir=\"auto\">The Roosters Championship Rib Rub patie\u0161\u0101m izklaus\u0101s kaut kas \u012bpa\u0161s! \u0160\u0137iet, ka vi\u0146i ir piev\u0113rsu\u0161i uzman\u012bbu tam, lai ga\u013cas cien\u012bt\u0101jiem sniegtu pilnv\u0113rt\u012bgu un l\u012bdzsvarotu gar\u0161as baud\u012bjumu.<\/h6>\n<\/div>\n<p dir=\"auto\">\"Viss vien\u0101\", kas jau satur visas nepiecie\u0161am\u0101s sast\u0101vda\u013cas - s\u0101li, piparus, cukuru un gar\u0161vielu mais\u012bjumu -, padara darbu ar \u0161o mais\u012bjumu \u013coti \u0101tru un vienk\u0101r\u0161u.<\/p>\n<p dir=\"auto\">Rib\u0101m, kuru ga\u013ca jau ir gar\u0161\u012bga un sul\u012bga, \u0161is berz\u0113jums noteikti pie\u0161\u0137irs v\u0113l liel\u0101ku gar\u0161u un dzi\u013cumu.<\/p>\n<p dir=\"auto\">Pikantums, kas s\u0101kum\u0101 var \u0161\u0137ist sp\u0113c\u012bgs, bet, ga\u013cai gatavojoties, mazin\u0101s un k\u013c\u016bst sald\u0101ks, ir tie\u0161i tas, ko daudzi ga\u013cas cien\u012bt\u0101ji mekl\u0113 - l\u012bdzsvarotu un ne p\u0101r\u0101k asu gar\u0161u.<\/p>\n<p dir=\"auto\">Tas dod jums iesp\u0113ju izbaud\u012bt gardumu, to nep\u0101rsp\u012bl\u0113jot. Un, ja to ir apstiprin\u0101jis Eiropas KCBS \u010dempions, ir skaidrs, ka kvalit\u0101tes un gar\u0161as zi\u0146\u0101 \u0161is ir nopietns produkts!<\/p>\n<p dir=\"auto\">Vai esat izm\u0113\u0123in\u0101ju\u0161i \u0161o berz\u0113jumu ar ribi\u0146\u0101m?<\/p>\n<h5><img loading=\"lazy\" decoding=\"async\" class=\"wp-image-2521\" src=\"http:\/\/tammetorubbq.ee\/wp-content\/uploads\/2025\/03\/Roosters-Logo.png\" alt=\"Gail\u012b\u0161i BBQ\" width=\"117\" height=\"124\" srcset=\"https:\/\/tammetorubbq.ee\/wp-content\/uploads\/2025\/03\/Roosters-Logo.png 162w, https:\/\/tammetorubbq.ee\/wp-content\/uploads\/2025\/03\/Roosters-Logo-11x12.png 11w, https:\/\/tammetorubbq.ee\/wp-content\/uploads\/2025\/03\/Roosters-Logo-64x68.png 64w\" sizes=\"auto, (max-width: 117px) 100vw, 117px\" \/><\/h5>","protected":false},"featured_media":2696,"comment_status":"open","ping_status":"closed","template":"","meta":{"_uf_show_specific_survey":0,"_uf_disable_surveys":false},"pwb-brand":[104],"product_brand":[],"product_cat":[21,20],"product_tag":[113,114],"class_list":{"0":"post-2694","1":"product","2":"type-product","3":"status-publish","4":"has-post-thumbnail","6":"pwb-brand-roosters","7":"product_cat-maitseainesegud","8":"product_cat-kampaania","9":"product_tag-ribi","10":"product_tag-sealiha","12":"first","13":"instock","14":"sale","15":"taxable","16":"shipping-taxable","17":"purchasable","18":"product-type-simple"},"brands":[{"id":104,"name":"Gai\u0146i","slug":"roosters"}],"_links":{"self":[{"href":"https:\/\/tammetorubbq.ee\/lv\/wp-json\/wp\/v2\/product\/2694","targetHints":{"allow":["GET"]}}],"collection":[{"href":"https:\/\/tammetorubbq.ee\/lv\/wp-json\/wp\/v2\/product"}],"about":[{"href":"https:\/\/tammetorubbq.ee\/lv\/wp-json\/wp\/v2\/types\/product"}],"replies":[{"embeddable":true,"href":"https:\/\/tammetorubbq.ee\/lv\/wp-json\/wp\/v2\/comments?post=2694"}],"wp:featuredmedia":[{"embeddable":true,"href":"https:\/\/tammetorubbq.ee\/lv\/wp-json\/wp\/v2\/media\/2696"}],"wp:attachment":[{"href":"https:\/\/tammetorubbq.ee\/lv\/wp-json\/wp\/v2\/media?parent=2694"}],"wp:term":[{"taxonomy":"pwb-brand","embeddable":true,"href":"https:\/\/tammetorubbq.ee\/lv\/wp-json\/wp\/v2\/pwb-brand?post=2694"},{"taxonomy":"product_brand","embeddable":true,"href":"https:\/\/tammetorubbq.ee\/lv\/wp-json\/wp\/v2\/product_brand?post=2694"},{"taxonomy":"product_cat","embeddable":true,"href":"https:\/\/tammetorubbq.ee\/lv\/wp-json\/wp\/v2\/product_cat?post=2694"},{"taxonomy":"product_tag","embeddable":true,"href":"https:\/\/tammetorubbq.ee\/lv\/wp-json\/wp\/v2\/product_tag?post=2694"}],"curies":[{"name":"wp","href":"https:\/\/api.w.org\/{rel}","templated":true}]}}