{"id":2717,"date":"2025-04-03T20:16:26","date_gmt":"2025-04-03T17:16:26","guid":{"rendered":"https:\/\/tammetorubbq.ee\/?post_type=product&#038;p=2717"},"modified":"2026-04-14T22:00:59","modified_gmt":"2026-04-14T19:00:59","slug":"turnpike-bbq-sviests-un-kiploki-750g","status":"publish","type":"product","link":"https:\/\/tammetorubbq.ee\/lv\/product-2\/turnpike-bbq-sviests-un-kiploki-750g\/","title":{"rendered":"Turnpike BBQ sviesta un \u0137iploku sm\u0113rviela 750g"},"content":{"rendered":"<p>Sast\u0101vs: cukurs, \u0137iploki, \u0137iploku pulveris, s\u0101ls, melnie pipari, baltie pipari, \u0137imenes, maltodekstr\u012bns, gar\u0161vielas (e621), estragons, oregano, fenhelis, rauga ekstrakts, neakt\u012bvais raugs, \u0137iploku ekstrakts, pretsalipes viela (e551), augu e\u013c\u013cas\/tauki, dab\u012bga aromatiz\u0113t\u0101ja, var satur\u0113t piena un lipek\u013ca p\u0113das.<\/p>","protected":false},"excerpt":{"rendered":"<p class=\"\" data-start=\"0\" data-end=\"369\">Sviests un \u0137iploki ir neaizst\u0101jama liellopu ga\u013cas, c\u016bkga\u013cas, vistas ga\u013cas, d\u0101rze\u0146u un j\u016bras vel\u0161u gar\u0161viela.<\/p>\n<p class=\"\" data-start=\"0\" data-end=\"369\">Gar\u0161vielu mais\u012bjumam ir papildu \u0137iploki, pikantas gar\u0161vielu notis un \u0101rk\u0101rt\u012bgi maigs arom\u0101ts, ta\u010du tam ir pilnv\u0113rt\u012bga sviesta gar\u0161a.<\/p>\n<p class=\"\" data-start=\"0\" data-end=\"369\">Izmantojiet, kur vien v\u0113laties - iesp\u0113jas ir neierobe\u017eotas.<\/p>\n<p class=\"\" data-start=\"0\" data-end=\"369\">Sviesta un \u0137iploku berz\u0113jums ir \u012bpa\u0161i izstr\u0101d\u0101ts k\u0101 pamatk\u0101rta, ta\u010du tas ir lieliski piem\u0113rots ar\u012b k\u0101 atsevi\u0161\u0137a gar\u0161viela steikiem, makaroniem un daudziem citiem \u0113dieniem.<\/p>\n<p class=\"\" data-start=\"371\" data-end=\"458\">Kombin\u0113jiet ar citiem gar\u0161vielu mais\u012bjumiem, lai izveidotu savu unik\u0101lo gar\u0161as profilu!<\/p>\n<p><img loading=\"lazy\" decoding=\"async\" class=\"wp-image-2719\" src=\"http:\/\/tammetorubbq.ee\/wp-content\/uploads\/2025\/04\/Turnpike-BBQ-logo-300x300.webp\" alt=\"Turnpike BBQ logotips\" width=\"177\" height=\"177\" srcset=\"https:\/\/tammetorubbq.ee\/wp-content\/uploads\/2025\/04\/Turnpike-BBQ-logo-300x300.webp 300w, https:\/\/tammetorubbq.ee\/wp-content\/uploads\/2025\/04\/Turnpike-BBQ-logo-150x150.webp 150w, https:\/\/tammetorubbq.ee\/wp-content\/uploads\/2025\/04\/Turnpike-BBQ-logo-12x12.webp 12w, https:\/\/tammetorubbq.ee\/wp-content\/uploads\/2025\/04\/Turnpike-BBQ-logo-600x600.webp 600w, https:\/\/tammetorubbq.ee\/wp-content\/uploads\/2025\/04\/Turnpike-BBQ-logo-64x64.webp 64w, https:\/\/tammetorubbq.ee\/wp-content\/uploads\/2025\/04\/Turnpike-BBQ-logo.webp 720w\" sizes=\"auto, (max-width: 177px) 100vw, 177px\" \/><\/p>","protected":false},"featured_media":2718,"comment_status":"open","ping_status":"closed","template":"","meta":{"_uf_show_specific_survey":0,"_uf_disable_surveys":false},"pwb-brand":[117],"product_brand":[],"product_cat":[21],"product_tag":[203,118,121,120,114,119],"class_list":{"0":"post-2717","1":"product","2":"type-product","3":"status-publish","4":"has-post-thumbnail","6":"pwb-brand-turnpike-bbq","7":"product_cat-maitseainesegud","8":"product_tag-butter-n-garlic","9":"product_tag-kanaliha","10":"product_tag-koogiviljad","11":"product_tag-mereannid","12":"product_tag-sealiha","13":"product_tag-veiseliha","15":"first","16":"instock","17":"taxable","18":"shipping-taxable","19":"purchasable","20":"product-type-simple"},"brands":[{"id":117,"name":"Turnpike BBQ","slug":"turnpike-bbq"}],"_links":{"self":[{"href":"https:\/\/tammetorubbq.ee\/lv\/wp-json\/wp\/v2\/product\/2717","targetHints":{"allow":["GET"]}}],"collection":[{"href":"https:\/\/tammetorubbq.ee\/lv\/wp-json\/wp\/v2\/product"}],"about":[{"href":"https:\/\/tammetorubbq.ee\/lv\/wp-json\/wp\/v2\/types\/product"}],"replies":[{"embeddable":true,"href":"https:\/\/tammetorubbq.ee\/lv\/wp-json\/wp\/v2\/comments?post=2717"}],"wp:featuredmedia":[{"embeddable":true,"href":"https:\/\/tammetorubbq.ee\/lv\/wp-json\/wp\/v2\/media\/2718"}],"wp:attachment":[{"href":"https:\/\/tammetorubbq.ee\/lv\/wp-json\/wp\/v2\/media?parent=2717"}],"wp:term":[{"taxonomy":"pwb-brand","embeddable":true,"href":"https:\/\/tammetorubbq.ee\/lv\/wp-json\/wp\/v2\/pwb-brand?post=2717"},{"taxonomy":"product_brand","embeddable":true,"href":"https:\/\/tammetorubbq.ee\/lv\/wp-json\/wp\/v2\/product_brand?post=2717"},{"taxonomy":"product_cat","embeddable":true,"href":"https:\/\/tammetorubbq.ee\/lv\/wp-json\/wp\/v2\/product_cat?post=2717"},{"taxonomy":"product_tag","embeddable":true,"href":"https:\/\/tammetorubbq.ee\/lv\/wp-json\/wp\/v2\/product_tag?post=2717"}],"curies":[{"name":"wp","href":"https:\/\/api.w.org\/{rel}","templated":true}]}}