{"id":2722,"date":"2025-04-03T20:31:20","date_gmt":"2025-04-03T17:31:20","guid":{"rendered":"https:\/\/tammetorubbq.ee\/?post_type=product&#038;p=2722"},"modified":"2026-04-15T07:00:02","modified_gmt":"2026-04-15T04:00:02","slug":"turnpike-bbq-rich-rib-rub-750g","status":"publish","type":"product","link":"https:\/\/tammetorubbq.ee\/lv\/product-2\/turnpike-bbq-rich-rib-rub-750g\/","title":{"rendered":"Turnpike BBQ Rich Rib Rub 750g"},"content":{"rendered":"<p>Sast\u0101vs: cukurs, d\u0101rze\u0146i (\u0137iploki, s\u012bpolu pulveris, paprika), s\u0101ls, gar\u0161vielas (paprikas pulveris, melnie pipari, \u010dilli pipari), gar\u0161vielas (E621), kr\u0101sviela (E160c), k\u016bpin\u0101ts maltodekstr\u012bns, pretsalipes viela (E551), var satur\u0113t piena un lipek\u013ca p\u0113das.<\/p>","protected":false},"excerpt":{"rendered":"<p>Turnpike BBQ Rich Rib Rub ir viss un v\u0113l vair\u0101k, lai pagatavotu gardu, ilgi gatavotu c\u016bkga\u013cas ribi\u0146as - vienk\u0101r\u0161i t\u0101p\u0113c, ka tas ir tik labs!<\/p>\n<p>Lieliski sader ar jebkuru c\u016bkga\u013cas un ar\u012b vistas ga\u013cu.<\/p>\n<p>Vienk\u0101r\u0161i baudiet!<\/p>\n<p>&nbsp;<\/p>\n<p><img loading=\"lazy\" decoding=\"async\" class=\"wp-image-2719\" src=\"http:\/\/tammetorubbq.ee\/wp-content\/uploads\/2025\/04\/Turnpike-BBQ-logo-300x300.webp\" alt=\"Turnpike BBQ logotips\" width=\"191\" height=\"191\" srcset=\"https:\/\/tammetorubbq.ee\/wp-content\/uploads\/2025\/04\/Turnpike-BBQ-logo-300x300.webp 300w, https:\/\/tammetorubbq.ee\/wp-content\/uploads\/2025\/04\/Turnpike-BBQ-logo-150x150.webp 150w, https:\/\/tammetorubbq.ee\/wp-content\/uploads\/2025\/04\/Turnpike-BBQ-logo-12x12.webp 12w, https:\/\/tammetorubbq.ee\/wp-content\/uploads\/2025\/04\/Turnpike-BBQ-logo-600x600.webp 600w, https:\/\/tammetorubbq.ee\/wp-content\/uploads\/2025\/04\/Turnpike-BBQ-logo-64x64.webp 64w, https:\/\/tammetorubbq.ee\/wp-content\/uploads\/2025\/04\/Turnpike-BBQ-logo.webp 720w\" sizes=\"auto, (max-width: 191px) 100vw, 191px\" \/><\/p>","protected":false},"featured_media":2724,"comment_status":"open","ping_status":"closed","template":"","meta":{"_uf_show_specific_survey":0,"_uf_disable_surveys":false},"pwb-brand":[117],"product_brand":[],"product_cat":[21],"product_tag":[118,113,114,122],"class_list":{"0":"post-2722","1":"product","2":"type-product","3":"status-publish","4":"has-post-thumbnail","6":"pwb-brand-turnpike-bbq","7":"product_cat-maitseainesegud","8":"product_tag-kanaliha","9":"product_tag-ribi","10":"product_tag-sealiha","11":"product_tag-searibi","13":"first","14":"outofstock","15":"taxable","16":"shipping-taxable","17":"purchasable","18":"product-type-simple"},"brands":[{"id":117,"name":"Turnpike BBQ","slug":"turnpike-bbq"}],"_links":{"self":[{"href":"https:\/\/tammetorubbq.ee\/lv\/wp-json\/wp\/v2\/product\/2722","targetHints":{"allow":["GET"]}}],"collection":[{"href":"https:\/\/tammetorubbq.ee\/lv\/wp-json\/wp\/v2\/product"}],"about":[{"href":"https:\/\/tammetorubbq.ee\/lv\/wp-json\/wp\/v2\/types\/product"}],"replies":[{"embeddable":true,"href":"https:\/\/tammetorubbq.ee\/lv\/wp-json\/wp\/v2\/comments?post=2722"}],"wp:featuredmedia":[{"embeddable":true,"href":"https:\/\/tammetorubbq.ee\/lv\/wp-json\/wp\/v2\/media\/2724"}],"wp:attachment":[{"href":"https:\/\/tammetorubbq.ee\/lv\/wp-json\/wp\/v2\/media?parent=2722"}],"wp:term":[{"taxonomy":"pwb-brand","embeddable":true,"href":"https:\/\/tammetorubbq.ee\/lv\/wp-json\/wp\/v2\/pwb-brand?post=2722"},{"taxonomy":"product_brand","embeddable":true,"href":"https:\/\/tammetorubbq.ee\/lv\/wp-json\/wp\/v2\/product_brand?post=2722"},{"taxonomy":"product_cat","embeddable":true,"href":"https:\/\/tammetorubbq.ee\/lv\/wp-json\/wp\/v2\/product_cat?post=2722"},{"taxonomy":"product_tag","embeddable":true,"href":"https:\/\/tammetorubbq.ee\/lv\/wp-json\/wp\/v2\/product_tag?post=2722"}],"curies":[{"name":"wp","href":"https:\/\/api.w.org\/{rel}","templated":true}]}}