{"id":2727,"date":"2025-04-03T21:20:44","date_gmt":"2025-04-03T18:20:44","guid":{"rendered":"https:\/\/tammetorubbq.ee\/?post_type=product&#038;p=2727"},"modified":"2026-04-15T01:00:06","modified_gmt":"2026-04-14T22:00:06","slug":"turnpike-bbq-prime-churrasco-rub-235g","status":"publish","type":"product","link":"https:\/\/tammetorubbq.ee\/lv\/product-2\/turnpike-bbq-prime-churrasco-rub-235g\/","title":{"rendered":"Turnpike BBQ Prime Churrasco Rub 235g"},"content":{"rendered":"<p>Sast\u0101vs: \u0137iploki, s\u012bpoli, tom\u0101tu pulveris, melnie pipari, paprika, \u010dilli pipari, k\u016bpin\u0101ta paprika, \u0137imenes, s\u0101ls, cukurs, rauga ekstrakts, p\u0101rtikas sk\u0101be (E330), paprikas ekstrakts.<\/p>","protected":false},"excerpt":{"rendered":"<p>Tam rakstur\u012bgs maigs pikantums, k\u016bpin\u0101tas paprikas piegar\u0161a, ko papildina \u0137iploki, tom\u0101ti, s\u012bpoli un daudzas citas gar\u0161\u012bgas gar\u0161as.<\/p>\n<p>Prime Steak rub ir br\u012bni\u0161\u0137\u012bgs Dienvidamerikas gar\u0161u mais\u012bjums.<\/p>\n<p>Ide\u0101li piem\u0113rots c\u016bkga\u013cai, c\u016bkga\u013cas steikam.<\/p>\n<p>&nbsp;<\/p>\n<p><img loading=\"lazy\" decoding=\"async\" class=\"wp-image-2719\" src=\"http:\/\/tammetorubbq.ee\/wp-content\/uploads\/2025\/04\/Turnpike-BBQ-logo-300x300.webp\" alt=\"Turnpike BBQ logotips\" width=\"188\" height=\"188\" srcset=\"https:\/\/tammetorubbq.ee\/wp-content\/uploads\/2025\/04\/Turnpike-BBQ-logo-300x300.webp 300w, https:\/\/tammetorubbq.ee\/wp-content\/uploads\/2025\/04\/Turnpike-BBQ-logo-150x150.webp 150w, https:\/\/tammetorubbq.ee\/wp-content\/uploads\/2025\/04\/Turnpike-BBQ-logo-12x12.webp 12w, https:\/\/tammetorubbq.ee\/wp-content\/uploads\/2025\/04\/Turnpike-BBQ-logo-600x600.webp 600w, https:\/\/tammetorubbq.ee\/wp-content\/uploads\/2025\/04\/Turnpike-BBQ-logo-64x64.webp 64w, https:\/\/tammetorubbq.ee\/wp-content\/uploads\/2025\/04\/Turnpike-BBQ-logo.webp 720w\" sizes=\"auto, (max-width: 188px) 100vw, 188px\" \/><\/p>","protected":false},"featured_media":2728,"comment_status":"open","ping_status":"closed","template":"","meta":{"_uf_show_specific_survey":0,"_uf_disable_surveys":false},"pwb-brand":[117],"product_brand":[],"product_cat":[21,20],"product_tag":[121,114,123],"class_list":{"0":"post-2727","1":"product","2":"type-product","3":"status-publish","4":"has-post-thumbnail","6":"pwb-brand-turnpike-bbq","7":"product_cat-maitseainesegud","8":"product_cat-kampaania","9":"product_tag-koogiviljad","10":"product_tag-sealiha","11":"product_tag-steik","13":"first","14":"instock","15":"sale","16":"taxable","17":"shipping-taxable","18":"purchasable","19":"product-type-simple"},"brands":[{"id":117,"name":"Turnpike BBQ","slug":"turnpike-bbq"}],"_links":{"self":[{"href":"https:\/\/tammetorubbq.ee\/lv\/wp-json\/wp\/v2\/product\/2727","targetHints":{"allow":["GET"]}}],"collection":[{"href":"https:\/\/tammetorubbq.ee\/lv\/wp-json\/wp\/v2\/product"}],"about":[{"href":"https:\/\/tammetorubbq.ee\/lv\/wp-json\/wp\/v2\/types\/product"}],"replies":[{"embeddable":true,"href":"https:\/\/tammetorubbq.ee\/lv\/wp-json\/wp\/v2\/comments?post=2727"}],"wp:featuredmedia":[{"embeddable":true,"href":"https:\/\/tammetorubbq.ee\/lv\/wp-json\/wp\/v2\/media\/2728"}],"wp:attachment":[{"href":"https:\/\/tammetorubbq.ee\/lv\/wp-json\/wp\/v2\/media?parent=2727"}],"wp:term":[{"taxonomy":"pwb-brand","embeddable":true,"href":"https:\/\/tammetorubbq.ee\/lv\/wp-json\/wp\/v2\/pwb-brand?post=2727"},{"taxonomy":"product_brand","embeddable":true,"href":"https:\/\/tammetorubbq.ee\/lv\/wp-json\/wp\/v2\/product_brand?post=2727"},{"taxonomy":"product_cat","embeddable":true,"href":"https:\/\/tammetorubbq.ee\/lv\/wp-json\/wp\/v2\/product_cat?post=2727"},{"taxonomy":"product_tag","embeddable":true,"href":"https:\/\/tammetorubbq.ee\/lv\/wp-json\/wp\/v2\/product_tag?post=2727"}],"curies":[{"name":"wp","href":"https:\/\/api.w.org\/{rel}","templated":true}]}}