{"id":2736,"date":"2025-04-03T22:15:33","date_gmt":"2025-04-03T19:15:33","guid":{"rendered":"https:\/\/tammetorubbq.ee\/?post_type=product&#038;p=2736"},"modified":"2026-04-18T11:00:33","modified_gmt":"2026-04-18T08:00:33","slug":"turnpike-bbq-kirsu-koksnes-dumu-bloks-25kg","status":"publish","type":"product","link":"https:\/\/tammetorubbq.ee\/lv\/product-2\/turnpike-bbq-kirsu-koksnes-dumu-bloks-25kg\/","title":{"rendered":"Turnpike BBQ suitsuklots &#8211; kirsipuust 2,5kg"},"content":{"rendered":"<p>Iepakojums 2,5 kg, 8 litri<\/p>","protected":false},"excerpt":{"rendered":"<p>\u0136ir\u0161u koks pie\u0161\u0137ir visiem j\u016bsu iecien\u012bt\u0101kajiem ga\u013cas un d\u0101rze\u0146u \u0113dieniem saldu, aug\u013cu un vilino\u0161u gar\u0161u.<\/p>\n<p>Turkl\u0101t, t\u0101 k\u0101 d\u016bmi ir maigi un ar aug\u013cu gar\u0161u, tie ir ide\u0101li piem\u0113roti sajauk\u0161anai ar citiem cietkoksnes kokiem, piem\u0113ram, hikori vai ozolu.<\/p>\n<p>Abas gar\u0161as papildina viena otru, radot lielisku rezult\u0101tu gan gar\u0161as, gan kr\u0101sas zi\u0146\u0101.<\/p>\n<p>\u0136ir\u0161u gabali \u0101tri rada d\u016bmus, tie deg sal\u012bdzino\u0161i ilgi un rada labu d\u016bmu daudzumu, t\u0101p\u0113c ilgsto\u0161\u0101 k\u016bpin\u0101\u0161anas procesa laik\u0101 nav nepiecie\u0161ams p\u0101r\u0101k bie\u017ei pievienot d\u016bmus.<\/p>\n<p>Ide\u0101li piem\u0113rots izmanto\u0161anai, ja nepiecie\u0161ams pievienot degvielu ugunij. <a href=\"https:\/\/tammetorubbq.ee\/lv\/kategorija\/grili\/keramikas-grili\/\">Kamado Joe<\/a>-s vai <a href=\"https:\/\/tammetorubbq.ee\/lv\/kategorija\/grili\/bbq-dumu-krasnis\/\">Grila kr\u0101sns<\/a>.<\/p>\n<p><img loading=\"lazy\" decoding=\"async\" class=\"wp-image-2719\" src=\"http:\/\/tammetorubbq.ee\/wp-content\/uploads\/2025\/04\/Turnpike-BBQ-logo-300x300.webp\" alt=\"Turnpike BBQ logotips\" width=\"172\" height=\"172\" srcset=\"https:\/\/tammetorubbq.ee\/wp-content\/uploads\/2025\/04\/Turnpike-BBQ-logo-300x300.webp 300w, https:\/\/tammetorubbq.ee\/wp-content\/uploads\/2025\/04\/Turnpike-BBQ-logo-150x150.webp 150w, https:\/\/tammetorubbq.ee\/wp-content\/uploads\/2025\/04\/Turnpike-BBQ-logo-12x12.webp 12w, https:\/\/tammetorubbq.ee\/wp-content\/uploads\/2025\/04\/Turnpike-BBQ-logo-600x600.webp 600w, https:\/\/tammetorubbq.ee\/wp-content\/uploads\/2025\/04\/Turnpike-BBQ-logo-64x64.webp 64w, https:\/\/tammetorubbq.ee\/wp-content\/uploads\/2025\/04\/Turnpike-BBQ-logo.webp 720w\" sizes=\"auto, (max-width: 172px) 100vw, 172px\" \/><\/p>","protected":false},"featured_media":2737,"comment_status":"open","ping_status":"closed","template":"","meta":{"_uf_show_specific_survey":0,"_uf_disable_surveys":false},"pwb-brand":[117],"product_brand":[391],"product_cat":[28,59],"product_tag":[163,118,114,124],"class_list":{"0":"post-2736","1":"product","2":"type-product","3":"status-publish","4":"has-post-thumbnail","6":"pwb-brand-turnpike-bbq","7":"product_brand-turnpike-bbq","8":"product_cat-grillsusi","9":"product_cat-suitsuklotsid","10":"product_tag-kala","11":"product_tag-kanaliha","12":"product_tag-sealiha","13":"product_tag-suitsuklots","15":"first","16":"outofstock","17":"taxable","18":"shipping-taxable","19":"purchasable","20":"product-type-simple"},"brands":[{"id":117,"name":"Turnpike BBQ","slug":"turnpike-bbq"}],"_links":{"self":[{"href":"https:\/\/tammetorubbq.ee\/lv\/wp-json\/wp\/v2\/product\/2736","targetHints":{"allow":["GET"]}}],"collection":[{"href":"https:\/\/tammetorubbq.ee\/lv\/wp-json\/wp\/v2\/product"}],"about":[{"href":"https:\/\/tammetorubbq.ee\/lv\/wp-json\/wp\/v2\/types\/product"}],"replies":[{"embeddable":true,"href":"https:\/\/tammetorubbq.ee\/lv\/wp-json\/wp\/v2\/comments?post=2736"}],"wp:featuredmedia":[{"embeddable":true,"href":"https:\/\/tammetorubbq.ee\/lv\/wp-json\/wp\/v2\/media\/2737"}],"wp:attachment":[{"href":"https:\/\/tammetorubbq.ee\/lv\/wp-json\/wp\/v2\/media?parent=2736"}],"wp:term":[{"taxonomy":"pwb-brand","embeddable":true,"href":"https:\/\/tammetorubbq.ee\/lv\/wp-json\/wp\/v2\/pwb-brand?post=2736"},{"taxonomy":"product_brand","embeddable":true,"href":"https:\/\/tammetorubbq.ee\/lv\/wp-json\/wp\/v2\/product_brand?post=2736"},{"taxonomy":"product_cat","embeddable":true,"href":"https:\/\/tammetorubbq.ee\/lv\/wp-json\/wp\/v2\/product_cat?post=2736"},{"taxonomy":"product_tag","embeddable":true,"href":"https:\/\/tammetorubbq.ee\/lv\/wp-json\/wp\/v2\/product_tag?post=2736"}],"curies":[{"name":"wp","href":"https:\/\/api.w.org\/{rel}","templated":true}]}}