{"id":2738,"date":"2025-04-03T22:27:12","date_gmt":"2025-04-03T19:27:12","guid":{"rendered":"https:\/\/tammetorubbq.ee\/?post_type=product&#038;p=2738"},"modified":"2026-04-27T00:00:16","modified_gmt":"2026-04-26T21:00:16","slug":"turnpike-bbq-viraka-bloki-no-hikori-25kg","status":"publish","type":"product","link":"https:\/\/tammetorubbq.ee\/lv\/product-2\/turnpike-bbq-viraka-bloki-no-hikori-25kg\/","title":{"rendered":"Turnpike BBQ suitsuklots &#8211; hickorypuust 2,5kg"},"content":{"rendered":"<p>Iepakojums 2,5 kg, 8 litri.<\/p>","protected":false},"excerpt":{"rendered":"<p>Visdaudzpus\u012bg\u0101k\u0101 izv\u0113le, jo to var izmantot sm\u0113\u0137\u0113\u0161anai da\u017e\u0101dos veidos.<\/p>\n<p>Tom\u0113r esiet piesardz\u012bgi, jo p\u0101r\u0101k daudz hikori arom\u0101ta var pie\u0161\u0137irt ga\u013cai r\u016bgtu gar\u0161u.<\/p>\n<p>Hikorija ga\u013cai ir salda, s\u0101\u013ca un nedaudz bekonam l\u012bdz\u012bga gar\u0161a.<\/p>\n<p>Hikori \u0161\u0137eldas \u0101tri rada d\u016bmus, t\u0101s deg sal\u012bdzino\u0161i ilgi un rada labu d\u016bmu daudzumu, t\u0101p\u0113c ilg\u0101 k\u016bpin\u0101\u0161anas procesa laik\u0101 nav nepiecie\u0161ams p\u0101r\u0101k bie\u017ei pievienot d\u016bmus.<\/p>\n<p>Ide\u0101li piem\u0113rots izmanto\u0161anai, ja nepiecie\u0161ams pievienot degvielu ugunij.\u00a0<a href=\"https:\/\/tammetorubbq.ee\/lv\/kategorija\/grili\/keramikas-grili\/\">Kamado Joe<\/a>-s vai\u00a0<a href=\"https:\/\/tammetorubbq.ee\/lv\/kategorija\/grili\/bbq-dumu-krasnis\/\">Grila kr\u0101sns<\/a>.<\/p>\n<p><img loading=\"lazy\" decoding=\"async\" class=\"wp-image-2719\" src=\"http:\/\/tammetorubbq.ee\/wp-content\/uploads\/2025\/04\/Turnpike-BBQ-logo-300x300.webp\" alt=\"Turnpike BBQ logotips\" width=\"173\" height=\"173\" srcset=\"https:\/\/tammetorubbq.ee\/wp-content\/uploads\/2025\/04\/Turnpike-BBQ-logo-300x300.webp 300w, https:\/\/tammetorubbq.ee\/wp-content\/uploads\/2025\/04\/Turnpike-BBQ-logo-150x150.webp 150w, https:\/\/tammetorubbq.ee\/wp-content\/uploads\/2025\/04\/Turnpike-BBQ-logo-12x12.webp 12w, https:\/\/tammetorubbq.ee\/wp-content\/uploads\/2025\/04\/Turnpike-BBQ-logo-600x600.webp 600w, https:\/\/tammetorubbq.ee\/wp-content\/uploads\/2025\/04\/Turnpike-BBQ-logo-64x64.webp 64w, https:\/\/tammetorubbq.ee\/wp-content\/uploads\/2025\/04\/Turnpike-BBQ-logo.webp 720w\" sizes=\"auto, (max-width: 173px) 100vw, 173px\" \/><\/p>","protected":false},"featured_media":2739,"comment_status":"open","ping_status":"closed","template":"","meta":{"_uf_show_specific_survey":0,"_uf_disable_surveys":false},"pwb-brand":[117],"product_brand":[391],"product_cat":[28,59],"product_tag":[114,124,119],"class_list":{"0":"post-2738","1":"product","2":"type-product","3":"status-publish","4":"has-post-thumbnail","6":"pwb-brand-turnpike-bbq","7":"product_brand-turnpike-bbq","8":"product_cat-grillsusi","9":"product_cat-suitsuklotsid","10":"product_tag-sealiha","11":"product_tag-suitsuklots","12":"product_tag-veiseliha","14":"first","15":"instock","16":"taxable","17":"shipping-taxable","18":"purchasable","19":"product-type-simple"},"brands":[{"id":117,"name":"Turnpike BBQ","slug":"turnpike-bbq"}],"_links":{"self":[{"href":"https:\/\/tammetorubbq.ee\/lv\/wp-json\/wp\/v2\/product\/2738","targetHints":{"allow":["GET"]}}],"collection":[{"href":"https:\/\/tammetorubbq.ee\/lv\/wp-json\/wp\/v2\/product"}],"about":[{"href":"https:\/\/tammetorubbq.ee\/lv\/wp-json\/wp\/v2\/types\/product"}],"replies":[{"embeddable":true,"href":"https:\/\/tammetorubbq.ee\/lv\/wp-json\/wp\/v2\/comments?post=2738"}],"wp:featuredmedia":[{"embeddable":true,"href":"https:\/\/tammetorubbq.ee\/lv\/wp-json\/wp\/v2\/media\/2739"}],"wp:attachment":[{"href":"https:\/\/tammetorubbq.ee\/lv\/wp-json\/wp\/v2\/media?parent=2738"}],"wp:term":[{"taxonomy":"pwb-brand","embeddable":true,"href":"https:\/\/tammetorubbq.ee\/lv\/wp-json\/wp\/v2\/pwb-brand?post=2738"},{"taxonomy":"product_brand","embeddable":true,"href":"https:\/\/tammetorubbq.ee\/lv\/wp-json\/wp\/v2\/product_brand?post=2738"},{"taxonomy":"product_cat","embeddable":true,"href":"https:\/\/tammetorubbq.ee\/lv\/wp-json\/wp\/v2\/product_cat?post=2738"},{"taxonomy":"product_tag","embeddable":true,"href":"https:\/\/tammetorubbq.ee\/lv\/wp-json\/wp\/v2\/product_tag?post=2738"}],"curies":[{"name":"wp","href":"https:\/\/api.w.org\/{rel}","templated":true}]}}