{"id":2740,"date":"2025-04-03T22:38:51","date_gmt":"2025-04-03T19:38:51","guid":{"rendered":"https:\/\/tammetorubbq.ee\/?post_type=product&#038;p=2740"},"modified":"2026-04-17T02:00:05","modified_gmt":"2026-04-16T23:00:05","slug":"turnpike-bbq-dumu-bloks-no-purva-koksnes-25kg","status":"publish","type":"product","link":"https:\/\/tammetorubbq.ee\/lv\/product-2\/turnpike-bbq-dumu-bloks-no-purva-koksnes-25kg\/","title":{"rendered":"Turnpike BBQ suitsuklots &#8211; p\u00f6\u00f6gipuust 2,5kg"},"content":{"rendered":"<p><strong>Iepakojums:<\/strong> 2,5 kg, 8 litri<\/p>","protected":false},"excerpt":{"rendered":"<p>Di\u017esk\u0101bardis no visiem kokmateri\u0101liem dod visgar\u0161\u012bg\u0101kos d\u016bmus. Ja esat pieradu\u0161i pie hikori vai pekanriekstiem, di\u017esk\u0101bardis noteikti ir izm\u0113\u0123in\u0101\u0161anas v\u0113rts!<\/p>\n<p>Tas ir struktur\u0101li visbl\u012bv\u0101kais riekstkoks - jo bl\u012bv\u0101ka koksne, jo vair\u0101k un ilg\u0101k t\u0101 k\u016bp. Ar\u012b gar\u0161as ir vair\u0101k!<\/p>\n<p>Liellopu ga\u013ca ir ide\u0101li piem\u0113rota liellopu, c\u016bkga\u013cas, m\u0101jputnu un zivju ga\u013cai.<\/p>\n<p>Di\u017esk\u0101bar\u017ea \u0161\u0137eldas gabali \u0101tri rada d\u016bmus, ilgi deg un dod labu d\u016bmu daudzumu, t\u0101p\u0113c ilg\u0101 k\u016bpin\u0101\u0161anas procesa laik\u0101 nav nepiecie\u0161ams p\u0101r\u0101k bie\u017ei pievienot d\u016bmus.<\/p>\n<p>Ide\u0101li piem\u0113rots izmanto\u0161anai, ja nepiecie\u0161ams pievienot degvielu ugunij.\u00a0<a href=\"https:\/\/tammetorubbq.ee\/lv\/kategorija\/grili\/keramikas-grili\/\">Kamado Joe<\/a>-s vai\u00a0<a href=\"https:\/\/tammetorubbq.ee\/lv\/kategorija\/grili\/bbq-dumu-krasnis\/\">Grila kr\u0101sns<\/a>.<\/p>\n<p>&nbsp;<\/p>\n<p><img loading=\"lazy\" decoding=\"async\" class=\"wp-image-2719\" src=\"http:\/\/tammetorubbq.ee\/wp-content\/uploads\/2025\/04\/Turnpike-BBQ-logo-300x300.webp\" alt=\"Turnpike BBQ logotips\" width=\"185\" height=\"185\" srcset=\"https:\/\/tammetorubbq.ee\/wp-content\/uploads\/2025\/04\/Turnpike-BBQ-logo-300x300.webp 300w, https:\/\/tammetorubbq.ee\/wp-content\/uploads\/2025\/04\/Turnpike-BBQ-logo-150x150.webp 150w, https:\/\/tammetorubbq.ee\/wp-content\/uploads\/2025\/04\/Turnpike-BBQ-logo-12x12.webp 12w, https:\/\/tammetorubbq.ee\/wp-content\/uploads\/2025\/04\/Turnpike-BBQ-logo-600x600.webp 600w, https:\/\/tammetorubbq.ee\/wp-content\/uploads\/2025\/04\/Turnpike-BBQ-logo-64x64.webp 64w, https:\/\/tammetorubbq.ee\/wp-content\/uploads\/2025\/04\/Turnpike-BBQ-logo.webp 720w\" sizes=\"auto, (max-width: 185px) 100vw, 185px\" \/><\/p>\n<p>&nbsp;<\/p>","protected":false},"featured_media":2741,"comment_status":"open","ping_status":"closed","template":"","meta":{"_uf_show_specific_survey":0,"_uf_disable_surveys":false},"pwb-brand":[117],"product_brand":[391],"product_cat":[28,59],"product_tag":[163,118,114,124,119],"class_list":{"0":"post-2740","1":"product","2":"type-product","3":"status-publish","4":"has-post-thumbnail","6":"pwb-brand-turnpike-bbq","7":"product_brand-turnpike-bbq","8":"product_cat-grillsusi","9":"product_cat-suitsuklotsid","10":"product_tag-kala","11":"product_tag-kanaliha","12":"product_tag-sealiha","13":"product_tag-suitsuklots","14":"product_tag-veiseliha","16":"first","17":"instock","18":"taxable","19":"shipping-taxable","20":"purchasable","21":"product-type-simple"},"brands":[{"id":117,"name":"Turnpike BBQ","slug":"turnpike-bbq"}],"_links":{"self":[{"href":"https:\/\/tammetorubbq.ee\/lv\/wp-json\/wp\/v2\/product\/2740","targetHints":{"allow":["GET"]}}],"collection":[{"href":"https:\/\/tammetorubbq.ee\/lv\/wp-json\/wp\/v2\/product"}],"about":[{"href":"https:\/\/tammetorubbq.ee\/lv\/wp-json\/wp\/v2\/types\/product"}],"replies":[{"embeddable":true,"href":"https:\/\/tammetorubbq.ee\/lv\/wp-json\/wp\/v2\/comments?post=2740"}],"wp:featuredmedia":[{"embeddable":true,"href":"https:\/\/tammetorubbq.ee\/lv\/wp-json\/wp\/v2\/media\/2741"}],"wp:attachment":[{"href":"https:\/\/tammetorubbq.ee\/lv\/wp-json\/wp\/v2\/media?parent=2740"}],"wp:term":[{"taxonomy":"pwb-brand","embeddable":true,"href":"https:\/\/tammetorubbq.ee\/lv\/wp-json\/wp\/v2\/pwb-brand?post=2740"},{"taxonomy":"product_brand","embeddable":true,"href":"https:\/\/tammetorubbq.ee\/lv\/wp-json\/wp\/v2\/product_brand?post=2740"},{"taxonomy":"product_cat","embeddable":true,"href":"https:\/\/tammetorubbq.ee\/lv\/wp-json\/wp\/v2\/product_cat?post=2740"},{"taxonomy":"product_tag","embeddable":true,"href":"https:\/\/tammetorubbq.ee\/lv\/wp-json\/wp\/v2\/product_tag?post=2740"}],"curies":[{"name":"wp","href":"https:\/\/api.w.org\/{rel}","templated":true}]}}