{"id":2742,"date":"2025-04-03T22:56:59","date_gmt":"2025-04-03T19:56:59","guid":{"rendered":"https:\/\/tammetorubbq.ee\/?post_type=product&#038;p=2742"},"modified":"2026-04-29T19:00:22","modified_gmt":"2026-04-29T16:00:22","slug":"turnpike-bbq-kupinata-ozolkoka-malka-15kg","status":"publish","type":"product","link":"https:\/\/tammetorubbq.ee\/lv\/toode\/turnpike-bbq-suitsulaast-tammepuust-15kg\/","title":{"rendered":"Turnpike BBQ suitsulaast &#8211; tammepuust 1,5kg"},"content":{"rendered":"<p>Iepakojums 1,5 kg, 8 litri<\/p>","protected":false},"excerpt":{"rendered":"<p>Ozols ir ide\u0101la koksne ga\u013cas k\u016bpin\u0101\u0161anai. Ja esat ies\u0101c\u0113js ga\u013cas vai zivju k\u016bpin\u0101\u0161an\u0101, t\u0101 ir lieliska vieta, kur s\u0101kt.<\/p>\n<p>Ozols pie\u0161\u0137ir vid\u0113ji stipru l\u012bdz stipru gar\u0161u un d\u016bmu arom\u0101tu (atkar\u012bb\u0101 no t\u0101, cik daudz to pievienojat).<\/p>\n<p>Ozolkoka skaidas \u0101tri rada d\u016bmus un dod labu d\u016bmu daudzumu. \u0160\u0137eldas ir nelielas, t\u0101p\u0113c t\u0101s deg \u0101tr\u0101k nek\u0101 d\u016bmu ba\u013c\u0137i.<\/p>\n<p>Ieteicams izmantot k\u016bpin\u0101t\u0101ja kast\u012bti vai izgatavot folijas maisi\u0146u, kur\u0101 pievienot d\u016bmu skaidi\u0146as - tas pal\u0113nin\u0101s deg\u0161anu, samazinot sk\u0101bek\u013ca piek\u013cuvi.<\/p>\n<p>Ide\u0101li piem\u0113rots lieto\u0161anai <a href=\"https:\/\/tammetorubbq.ee\/lv\/kategorija\/grili\/keramikas-grili\/\">Kamado Joe<\/a>-s, <a href=\"https:\/\/tammetorubbq.ee\/lv\/kategorija\/grili\/bbq-dumu-krasnis\/\">k\u016bpin\u0101tava un BBQ kr\u0101sns<\/a> vai papildu d\u016bmu arom\u0101tam <a href=\"https:\/\/tammetorubbq.ee\/lv\/kategorija\/grili\/gazes-grili\/\">g\u0101zes b\u0101rbekj\u016b<\/a>.<\/p>","protected":false},"featured_media":2743,"comment_status":"open","ping_status":"closed","template":"","meta":{"_uf_show_specific_survey":0,"_uf_disable_surveys":false},"pwb-brand":[117],"product_brand":[391],"product_cat":[28,59],"product_tag":[118,114,125,119],"class_list":{"0":"post-2742","1":"product","2":"type-product","3":"status-publish","4":"has-post-thumbnail","6":"pwb-brand-turnpike-bbq","7":"product_brand-turnpike-bbq","8":"product_cat-grillsusi","9":"product_cat-suitsuklotsid","10":"product_tag-kanaliha","11":"product_tag-sealiha","12":"product_tag-suitsulaast","13":"product_tag-veiseliha","15":"first","16":"instock","17":"taxable","18":"shipping-taxable","19":"purchasable","20":"product-type-simple"},"brands":[{"id":117,"name":"Turnpike BBQ","slug":"turnpike-bbq"}],"_links":{"self":[{"href":"https:\/\/tammetorubbq.ee\/lv\/wp-json\/wp\/v2\/product\/2742","targetHints":{"allow":["GET"]}}],"collection":[{"href":"https:\/\/tammetorubbq.ee\/lv\/wp-json\/wp\/v2\/product"}],"about":[{"href":"https:\/\/tammetorubbq.ee\/lv\/wp-json\/wp\/v2\/types\/product"}],"replies":[{"embeddable":true,"href":"https:\/\/tammetorubbq.ee\/lv\/wp-json\/wp\/v2\/comments?post=2742"}],"wp:featuredmedia":[{"embeddable":true,"href":"https:\/\/tammetorubbq.ee\/lv\/wp-json\/wp\/v2\/media\/2743"}],"wp:attachment":[{"href":"https:\/\/tammetorubbq.ee\/lv\/wp-json\/wp\/v2\/media?parent=2742"}],"wp:term":[{"taxonomy":"pwb-brand","embeddable":true,"href":"https:\/\/tammetorubbq.ee\/lv\/wp-json\/wp\/v2\/pwb-brand?post=2742"},{"taxonomy":"product_brand","embeddable":true,"href":"https:\/\/tammetorubbq.ee\/lv\/wp-json\/wp\/v2\/product_brand?post=2742"},{"taxonomy":"product_cat","embeddable":true,"href":"https:\/\/tammetorubbq.ee\/lv\/wp-json\/wp\/v2\/product_cat?post=2742"},{"taxonomy":"product_tag","embeddable":true,"href":"https:\/\/tammetorubbq.ee\/lv\/wp-json\/wp\/v2\/product_tag?post=2742"}],"curies":[{"name":"wp","href":"https:\/\/api.w.org\/{rel}","templated":true}]}}