{"id":2771,"date":"2025-04-05T09:35:05","date_gmt":"2025-04-05T06:35:05","guid":{"rendered":"https:\/\/tammetorubbq.ee\/?post_type=product&#038;p=2771"},"modified":"2026-04-29T23:00:15","modified_gmt":"2026-04-29T20:00:15","slug":"napoleon-nerusejosa-terauda-dumu-kaste-skeldai","status":"publish","type":"product","link":"https:\/\/tammetorubbq.ee\/lv\/toode\/napoleon-roostevabast-terasest-suitsukarp-puidulaastudele\/","title":{"rendered":"Napoleon ner\u016bs\u0113jo\u0161\u0101 t\u0113rauda d\u016bmu kaste koksnes \u0161\u0137eldai"},"content":{"rendered":"<p class=\"\" data-start=\"0\" data-end=\"326\">J\u0101, tie\u0161i t\u0101! Napoleon ner\u016bs\u0113jo\u0161\u0101 t\u0113rauda k\u016bpin\u0101tava ir patie\u0161\u0101m lieliska izv\u0113le, ja v\u0113laties pievienot d\u016bmu gar\u0161u gril\u0113tiem \u0113dieniem, neizmantojot atsevi\u0161\u0137u d\u016bmu \u0123eneratoru. \u0160\u012b k\u016bpin\u0101tava pied\u0101v\u0101 \u0113rtu un vienk\u0101r\u0161u risin\u0101jumu k\u016bpin\u0101\u0161anas baud\u012b\u0161anai, \u013caujot \u0101tri un vienk\u0101r\u0161i k\u016bpin\u0101t \u0113dienus uz j\u016bsu grila.<\/p>\n<p class=\"\" data-start=\"328\" data-end=\"346\"><strong data-start=\"328\" data-end=\"346\">Da\u017eas no priek\u0161roc\u012bb\u0101m:<\/strong><\/p>\n<ul data-start=\"347\" data-end=\"858\">\n<li class=\"\" data-start=\"347\" data-end=\"528\">\n<p class=\"\" data-start=\"349\" data-end=\"528\"><strong data-start=\"349\" data-end=\"369\">Viegli lietojams:<\/strong> Jums nav j\u0101uztraucas par atsevi\u0161\u0137a d\u016bmu \u0123eneratora ieg\u0101di vai uzst\u0101d\u012b\u0161anu. Vienk\u0101r\u0161i piepildiet d\u016bmu k\u0101rbu ar mitrin\u0101tu \u016bdeni. <a href=\"https:\/\/tammetorubbq.ee\/lv\/product-2\/turnpike-bbq-kupinata-ozolkoka-malka-15kg\/\">ar cietkoksnes \u0161\u0137eld\u0101m<\/a> un piestipriniet to pie grila.<\/p>\n<\/li>\n<li class=\"\" data-start=\"529\" data-end=\"690\">\n<p class=\"\" data-start=\"531\" data-end=\"690\"><strong data-start=\"531\" data-end=\"551\">D\u016bmu pievieno\u0161ana:<\/strong> Ja gril\u0113jat ga\u013cu vai zivis, d\u016bmu arom\u0101tu varat pie\u0161\u0137irt ar da\u017eiem vienk\u0101r\u0161iem so\u013ciem, bez nepiecie\u0161am\u012bbas uzst\u0101d\u012bt vai izmantot sare\u017e\u0123\u012btu apr\u012bkojumu.<\/p>\n<\/li>\n<li class=\"\" data-start=\"691\" data-end=\"858\">\n<p class=\"\" data-start=\"693\" data-end=\"858\"><strong data-start=\"693\" data-end=\"712\">Ide\u0101li piem\u0113rots d\u016bmiem<\/strong>: T\u0101 k\u0101 k\u016bpin\u0101t\u0101js darbojas tie\u0161i ar Napoleon gril\u0113\u0161anas sist\u0113mu, tas nodro\u0161ina vienm\u0113r\u012bgu d\u016bmu un temperat\u016bras l\u012bmeni, pie\u0161\u0137irot katram \u0113dienam perfektu d\u016bmu gar\u0161u.<\/p>\n<\/li>\n<\/ul>\n<p class=\"\" data-start=\"860\" data-end=\"1039\">Kopum\u0101, ja v\u0113laties d\u016bmu gar\u0161u bez papildu apr\u012bkojuma un sare\u017e\u0123\u012bt\u0101m proced\u016br\u0101m, \u0161\u012b k\u016bpin\u0101tava ir ide\u0101la izv\u0113le, lai ikviens grils b\u016btu \u012bpa\u0161s ar d\u016bmu gar\u0161u!<\/p>\n<p><strong data-start=\"611\" data-end=\"622\">Izm\u0113ri:<\/strong><br data-start=\"622\" data-end=\"625\" \/>Platums: 7 cm<br data-start=\"636\" data-end=\"639\" \/>Dzi\u013cums: 16,5 cm<br data-start=\"655\" data-end=\"658\" \/>Augstums: 7 cm<\/p>\n<h3 data-start=\"0\" data-end=\"222\">K\u0101p\u0113c izv\u0113l\u0113ties d\u016bmu kasti.<\/h3>\n<p class=\"\" data-start=\"0\" data-end=\"222\">D\u016bmu kast\u0113m ir vair\u0101kas priek\u0161roc\u012bbas sal\u012bdzin\u0101jum\u0101 ar d\u016bmu cauru\u013cu sist\u0113m\u0101m, jo \u012bpa\u0161i attiec\u012bb\u0101 uz gril\u0113\u0161anas procesa pagarin\u0101\u0161anu un d\u016bmu daudzuma kontroli. \u0160eit ir sniegts pla\u0161\u0101ks p\u0101rskats par d\u016bmu kastes priek\u0161roc\u012bb\u0101m:<\/p>\n<p data-start=\"224\" data-end=\"274\"><strong data-start=\"228\" data-end=\"274\">Forma: zema un plata kaste, bie\u017ei ar v\u0101ku.<\/strong><\/p>\n<p data-start=\"224\" data-end=\"274\">D\u016bmvads parasti ir zem\u0101ks un plat\u0101ks par d\u016bmvadu, un tas noz\u012bm\u0113, ka tas nodro\u0161ina liel\u0101ku d\u016bmvadu vai granulu virsmas laukumu un vair\u0101k vietas d\u016bmu ra\u017eo\u0161anai. D\u016bmu kastei bie\u017ei ir v\u0101ks, kas pal\u012bdz notur\u0113t un kontrol\u0113t d\u016bmus, lai d\u016bmi visu laiku paliktu gril\u0101 un \u0101tri nepazustu.<\/p>\n<p data-start=\"588\" data-end=\"674\"><strong data-start=\"592\" data-end=\"674\">Novietojums uz grila: parasti atrodas virs deg\u013ciem, viet\u0101, kur atrodas cep\u0161anas plate.<\/strong><\/p>\n<p class=\"\" data-start=\"680\" data-end=\"993\">D\u016bmu k\u0101rbu parasti novieto t\u0101d\u0101 viet\u0101 uz grila, kur t\u0101 var g\u016bt labumu no karstuma un \u013cauj d\u016bmiem efekt\u012bvi aptvert visu gril\u0113\u0161anas laukumu. T\u0101 k\u0101 t\u0101 atrodas tuv\u0101k karstumam, ir daudz viegl\u0101k regul\u0113t d\u016bmu daudzumu, un d\u016bmi visu laiku ir pareiz\u0101 temperat\u016br\u0101, lai nodro\u0161in\u0101tu vienm\u0113r\u012bgu k\u016bpin\u0101\u0161anu.<\/p>\n<p data-start=\"995\" data-end=\"1058\"><strong data-start=\"999\" data-end=\"1058\">Jauda: satur vair\u0101k d\u016bmu vai granulu.<\/strong><\/p>\n<p class=\"\" data-start=\"1064\" data-end=\"1408\">D\u016bmkannai ir liela ietilp\u012bba, kas noz\u012bm\u0113, ka vienlaic\u012bgi varat pievienot vair\u0101k d\u016bmu vai granulu. Tas ir \u012bpa\u0161i svar\u012bgi, k\u016bpinot liel\u0101kus ga\u013cas gabalus, jo d\u016bmu daudzumam j\u0101b\u016bt pietiekami lielam, lai nodro\u0161in\u0101tu vienm\u0113r\u012bgu d\u016bmu gar\u0161u. Liel\u0101ka jauda noz\u012bm\u0113 ar\u012b to, ka d\u016bmus var ra\u017eot ilg\u0101ku laiku.<\/p>\n<p data-start=\"1410\" data-end=\"1488\"><strong data-start=\"1414\" data-end=\"1488\">Piem\u0113rots ilgsto\u0161ai k\u016bpin\u0101\u0161anai, piem\u0113ram, liel\u0101kiem ga\u013cas gabaliem.<\/strong><\/p>\n<p class=\"\" data-start=\"1494\" data-end=\"1797\">T\u0101 k\u0101 k\u016bpin\u0101tava sp\u0113j satur\u0113t vair\u0101k d\u016bmu vai granulu, t\u0101 ir ide\u0101la izv\u0113le ilgsto\u0161ai k\u016bpin\u0101\u0161anai. Ja gril\u0113jat lielus ga\u013cas gabalus, piem\u0113ram, kr\u016btsgalu vai veselu vistu, k\u016bpin\u0101t\u0101js nodro\u0161in\u0101s ilgsto\u0161u k\u016bpin\u0101\u0161anu, pie\u0161\u0137irot \u0113dienam lab\u0101ku un dzi\u013c\u0101ku k\u016bpin\u0101jumu.<\/p>\n<p data-start=\"1801\" data-end=\"1863\"><strong data-start=\"1805\" data-end=\"1863\">Ilg\u0101k kalpo un vienlaic\u012bgi rada vair\u0101k d\u016bmu<\/strong><\/p>\n<p class=\"\" data-start=\"1869\" data-end=\"2230\">D\u016bmu kastes ir konstru\u0113tas t\u0101, lai t\u0101s ilg\u0101k kalpotu un ilgsto\u0161i vienm\u0113r\u012bgi izdal\u012btu d\u016bmus. Tas \u013cauj k\u016bpin\u0101t ilg\u0101k, nep\u0101rtraukti nepievienojot d\u016bmus, jo k\u016bpin\u0101t\u0101js sp\u0113j visu laiku uztur\u0113t d\u016bmus gril\u0101. Sal\u012bdzinot ar d\u016bmvadu, kuru var b\u016bt nepiecie\u0161ams bie\u017e\u0101k uzpild\u012bt, k\u016bpin\u0101t\u0101js pied\u0101v\u0101 liel\u0101ku \u0113rt\u012bbu un maz\u0101k mais\u012b\u0161anas gril\u0113\u0161anas procesa laik\u0101.<\/p>\n<p class=\"\" data-start=\"2256\" data-end=\"2635\">Kopum\u0101 k\u016bpin\u0101t\u0101js ir lieliska izv\u0113le, ja v\u0113laties ilg\u0101k k\u016bpin\u0101t liel\u0101kus ga\u013cas gabalus, jo tas pied\u0101v\u0101 liel\u0101ku jaudu, sp\u0113j sara\u017eot vair\u0101k d\u016bmu vien\u0101 reiz\u0113 un nodro\u0161ina vienm\u0113r\u012bgu d\u016bmu sadal\u012bjumu uz grila. To ir ar\u012b viegl\u0101k p\u0101rvald\u012bt, un, sal\u012bdzinot ar d\u016bmu cauru\u013cu sist\u0113m\u0101m, t\u0101 prasa maz\u0101k past\u0101v\u012bgas iejauk\u0161an\u0101s, pied\u0101v\u0101jot liel\u0101ku \u0113rt\u012bbu un lab\u0101ku k\u016bpin\u0101\u0161anas rezult\u0101tu konsekvenci.<\/p>","protected":false},"excerpt":{"rendered":"<p class=\"\" data-start=\"0\" data-end=\"193\">\u0160\u012b Napoleon iztur\u012bg\u0101 ner\u016bs\u0113jo\u0161\u0101 t\u0113rauda k\u016bpin\u0101tava ir lieliska izv\u0113le visiem gril\u0113\u0161anas entuziastiem, kuri v\u0113las saglab\u0101t savu grilu. <a href=\"https:\/\/tammetorubbq.ee\/lv\/kategorija\/grili\/gazes-grili\/?orderby=price\">g\u0101ze<\/a>- un <a href=\"https:\/\/tammetorubbq.ee\/lv\/kategorija\/grili\/elektriskas-brilles\/\">electrigrillidel<\/a> sm\u0113\u0137\u0113\u0161anas pieredze. Tam ir vair\u0101kas priek\u0161roc\u012bbas:<\/p>\n<h3 class=\"\" data-start=\"195\" data-end=\"212\"><strong data-start=\"199\" data-end=\"212\">Funkcijas:<\/strong><\/h3>\n<p class=\"\" data-start=\"215\" data-end=\"332\"><strong data-start=\"215\" data-end=\"228\">Materi\u0101ls no<\/strong> - Izgatavots no iztur\u012bga ner\u016bs\u0113jo\u0161\u0101 t\u0113rauda, kas nodro\u0161ina ilgsto\u0161u iztur\u012bbu un iztur\u012bbu pret koroziju.<\/p>\n<p class=\"\" data-start=\"335\" data-end=\"489\"><strong data-start=\"335\" data-end=\"354\">Liela ietilp\u012bba <\/strong>- Liel\u0101 d\u016bmu kast\u0113 ir pietiekami daudz <a href=\"https:\/\/tammetorubbq.ee\/lv\/product-2\/turnpike-bbq-kupinata-ozolkoka-malka-15kg\/\">cietkoksnes z\u0101\u0123materi\u0101li<\/a>lai ieg\u016btu intens\u012bvu k\u016bpin\u0101\u0161anas gar\u0161u, kas ir ide\u0101li piem\u0113rota pat lieliem daudzumiem.<\/p>\n<p class=\"\" data-start=\"492\" data-end=\"642\"><strong data-start=\"492\" data-end=\"513\">Viegla uzst\u0101d\u012b\u0161ana <\/strong>- D\u016bmu k\u0101rbu ir viegli uzst\u0101d\u012bt Napoleon grila viet\u0101, kas noz\u012bm\u0113, ka t\u0101 cie\u0161i iek\u013caujas zem grila.<\/p>\n<p class=\"\" data-start=\"645\" data-end=\"823\"><strong data-start=\"645\" data-end=\"678\">Piem\u0113rots da\u017e\u0101diem mode\u013ciem <\/strong>- Piem\u0113rots Napoleon <strong data-start=\"685\" data-end=\"720\"><a href=\"https:\/\/tammetorubbq.ee\/lv\/?s=Prestige+PRO&amp;post_type=product&amp;dgwt_wcas=1\">Prestige PRO<\/a>, <a href=\"https:\/\/tammetorubbq.ee\/lv\/?s=Prestige&amp;post_type=product&amp;dgwt_wcas=1\">Prestige<\/a><\/strong> un <a href=\"https:\/\/tammetorubbq.ee\/lv\/?s=Rogue&amp;post_type=product&amp;dgwt_wcas=1\"><strong data-start=\"724\" data-end=\"733\">Rogue<\/strong><\/a> g\u0101zes grilu s\u0113rija un <strong><a href=\"https:\/\/tammetorubbq.ee\/lv\/product-2\/napoleon-rogue-eq-365-gudrais-elektriskais-grils-ar-bluetooth-un-wi-fi-savienojamibu\/\">Rogue<\/a> <\/strong>s\u0113rijas elektriskie grili, kas ir popul\u0101ra Napoleon grilu \u012bpa\u0161nieku izv\u0113le.<\/p>\n<h3 class=\"\" data-start=\"825\" data-end=\"844\"><strong data-start=\"829\" data-end=\"844\">Lieto\u0161ana:<\/strong><\/h3>\n<p class=\"\" data-start=\"848\" data-end=\"980\"><strong data-start=\"848\" data-end=\"878\">Novietojiet k\u016bpin\u0101t\u0101ju uz grila <\/strong>- Novietojiet d\u016bmu kast\u012bti zem gril\u0113\u0161anas re\u017e\u0123iem, p\u0101rliecinoties, ka t\u0101 atrodas pareizaj\u0101 poz\u012bcij\u0101, \u0146emot v\u0113r\u0101 liesmas izplat\u012b\u0161an\u0101s profilu.<\/p>\n<p class=\"\" data-start=\"984\" data-end=\"1104\"><strong data-start=\"984\" data-end=\"1017\">Pievienojiet samitrin\u0101tas cietkoksnes \u0161\u0137eldas <\/strong>- Ievietojiet iepriek\u0161 samitrin\u0101t\u0101s cietkoksnes skaidas k\u016bpin\u0101tav\u0101, lai s\u0101ktu k\u016bpin\u0101\u0161anas procesu.<\/p>\n<p class=\"\" data-start=\"1108\" data-end=\"1181\"><strong data-start=\"1108\" data-end=\"1126\">Grila cep\u0161anas s\u0101k\u0161ana <\/strong>- Iesl\u0113dziet grilu un pagaidiet, l\u012bdz s\u0101ksies d\u016bmi.<\/p>\n<p class=\"\" data-start=\"1185\" data-end=\"1292\"><strong data-start=\"1185\" data-end=\"1201\">Temperat\u016bra <\/strong>- Lai sasniegtu lab\u0101kos k\u016bpin\u0101\u0161anas rezult\u0101tus, gril\u0101 iestatiet temperat\u016bru no 100\u00b0C l\u012bdz 120\u00b0C.<\/p>\n<h3 class=\"\" data-start=\"1294\" data-end=\"1329\"><strong data-start=\"1298\" data-end=\"1329\">K\u0101p\u0113c izv\u0113l\u0113ties \u0161o d\u016bmu kasti?<\/strong><\/h3>\n<p class=\"\" data-start=\"1332\" data-end=\"1458\"><strong data-start=\"1332\" data-end=\"1364\">Praktisks un uzticams <\/strong>- Pateicoties lielajai ietilp\u012bbai un iztur\u012bgajai konstrukcijai, k\u016bpin\u0101tava ir ide\u0101li piem\u0113rota bie\u017eai lieto\u0161anai.<\/p>\n<p class=\"\" data-start=\"1461\" data-end=\"1623\"><strong data-start=\"1461\" data-end=\"1481\">Gar\u0161as uzlabot\u0101js <\/strong>- Ja jums pat\u012bk k\u016bpin\u0101ti \u0113dieni, \u0161\u012b k\u016bpin\u0101tava jebkuram grillam pie\u0161\u0137irs \u012bstu d\u016bmu gar\u0161u, padarot \u0113dienus arom\u0101tisk\u0101kus un s\u0101t\u012bg\u0101kus.<\/p>\n<p class=\"\" data-start=\"1461\" data-end=\"1623\"><strong data-start=\"1626\" data-end=\"1646\">Viegli kopjams<\/strong> - Ner\u016bs\u0113jo\u0161\u0101 t\u0113rauda konstrukcija \u013cauj to viegli t\u012br\u012bt, kas ir \u012bpa\u0161i svar\u012bgi, ja k\u016bpin\u0101tavu izmantojat bie\u017ei.<\/p>\n<p class=\"\" data-start=\"1774\" data-end=\"1955\"><strong>Kopum\u0101 \u0161is Napoleon k\u016bpin\u0101t\u0101js ir lielisks papildin\u0101jums j\u016bsu gril\u0113\u0161anas apr\u012bkojumam, ja mekl\u0113jat vienk\u0101r\u0161u un efekt\u012bvu veidu, k\u0101 gatavot k\u016bpin\u0101tus \u0113dienus uz Napoleon g\u0101zes grila.<\/strong><\/p>\n<p><img loading=\"lazy\" decoding=\"async\" class=\"wp-image-2098\" src=\"http:\/\/tammetorubbq.ee\/wp-content\/uploads\/2024\/11\/napoleon-gas-grills-logo-vector-1-300x124.png\" alt=\"Napoleon g\u0101zes grili logo vektors\" width=\"177\" height=\"73\" srcset=\"https:\/\/tammetorubbq.ee\/wp-content\/uploads\/2024\/11\/napoleon-gas-grills-logo-vector-1-300x124.png 300w, https:\/\/tammetorubbq.ee\/wp-content\/uploads\/2024\/11\/napoleon-gas-grills-logo-vector-1-768x317.png 768w, https:\/\/tammetorubbq.ee\/wp-content\/uploads\/2024\/11\/napoleon-gas-grills-logo-vector-1-18x7.png 18w, https:\/\/tammetorubbq.ee\/wp-content\/uploads\/2024\/11\/napoleon-gas-grills-logo-vector-1-600x248.png 600w, https:\/\/tammetorubbq.ee\/wp-content\/uploads\/2024\/11\/napoleon-gas-grills-logo-vector-1-64x26.png 64w, https:\/\/tammetorubbq.ee\/wp-content\/uploads\/2024\/11\/napoleon-gas-grills-logo-vector-1.png 847w\" sizes=\"auto, (max-width: 177px) 100vw, 177px\" \/><\/p>","protected":false},"featured_media":2772,"comment_status":"open","ping_status":"closed","template":"","meta":{"_uf_show_specific_survey":0,"_uf_disable_surveys":false},"pwb-brand":[101],"product_brand":[389],"product_cat":[30],"product_tag":[109,110,128],"class_list":{"0":"post-2771","1":"product","2":"type-product","3":"status-publish","4":"has-post-thumbnail","6":"pwb-brand-napoleon","7":"product_brand-napoleon","8":"product_cat-grillimise-tarvikud","9":"product_tag-elektrigrill","10":"product_tag-gaasigrill","11":"product_tag-suitsukarp","13":"first","14":"instock","15":"taxable","16":"shipping-taxable","17":"purchasable","18":"product-type-simple"},"brands":[{"id":101,"name":"Napoleons","slug":"napoleon"}],"_links":{"self":[{"href":"https:\/\/tammetorubbq.ee\/lv\/wp-json\/wp\/v2\/product\/2771","targetHints":{"allow":["GET"]}}],"collection":[{"href":"https:\/\/tammetorubbq.ee\/lv\/wp-json\/wp\/v2\/product"}],"about":[{"href":"https:\/\/tammetorubbq.ee\/lv\/wp-json\/wp\/v2\/types\/product"}],"replies":[{"embeddable":true,"href":"https:\/\/tammetorubbq.ee\/lv\/wp-json\/wp\/v2\/comments?post=2771"}],"wp:featuredmedia":[{"embeddable":true,"href":"https:\/\/tammetorubbq.ee\/lv\/wp-json\/wp\/v2\/media\/2772"}],"wp:attachment":[{"href":"https:\/\/tammetorubbq.ee\/lv\/wp-json\/wp\/v2\/media?parent=2771"}],"wp:term":[{"taxonomy":"pwb-brand","embeddable":true,"href":"https:\/\/tammetorubbq.ee\/lv\/wp-json\/wp\/v2\/pwb-brand?post=2771"},{"taxonomy":"product_brand","embeddable":true,"href":"https:\/\/tammetorubbq.ee\/lv\/wp-json\/wp\/v2\/product_brand?post=2771"},{"taxonomy":"product_cat","embeddable":true,"href":"https:\/\/tammetorubbq.ee\/lv\/wp-json\/wp\/v2\/product_cat?post=2771"},{"taxonomy":"product_tag","embeddable":true,"href":"https:\/\/tammetorubbq.ee\/lv\/wp-json\/wp\/v2\/product_tag?post=2771"}],"curies":[{"name":"wp","href":"https:\/\/api.w.org\/{rel}","templated":true}]}}