{"id":2797,"date":"2025-04-05T11:56:15","date_gmt":"2025-04-05T08:56:15","guid":{"rendered":"https:\/\/tammetorubbq.ee\/?post_type=product&#038;p=2797"},"modified":"2026-04-05T22:00:44","modified_gmt":"2026-04-05T19:00:44","slug":"everdure-kiln-2-gazes-picu-krasns-tumsi-peleka","status":"publish","type":"product","link":"https:\/\/tammetorubbq.ee\/lv\/product-2\/everdure-kiln-2-gazes-picu-krasns-tumsi-peleka\/","title":{"rendered":"Everdure KILN 2 g\u0101zes picu kr\u0101sns (tum\u0161i pel\u0113ka)"},"content":{"rendered":"<p><strong>Darbojas ar balonu g\u0101zi.<\/strong><\/p>\n<h5 data-start=\"0\" data-end=\"18\">Komplekt\u0101 ietilpst:<\/h5>\n<p class=\"\" data-start=\"21\" data-end=\"47\">1 x KILN R s\u0113rijas picu kr\u0101sns<\/p>\n<p class=\"\" data-start=\"50\" data-end=\"85\">1 x 40 cm apa\u013c\u0161 me\u017e\u0123\u012b\u0146u akmens<\/p>\n<p class=\"\" data-start=\"88\" data-end=\"110\">1 x me\u017e\u0123\u012b\u0146u akmens<\/p>\n<p class=\"\" data-start=\"113\" data-end=\"129\">1 x str\u0101vas adapteris<\/p>\n<p class=\"\" data-start=\"132\" data-end=\"145\">1 x lietot\u0101ja rokasgr\u0101mata<\/p>\n<p data-start=\"132\" data-end=\"145\">** 5 x AA baterijas (4 x rot\u0113jo\u0161am me\u017e\u0123\u012b\u0146u akmenim, 1 x elektriskajai aizdedzei) - <strong>baterijas nav iek\u013cautas komplekt\u0101<\/strong>.<\/p>\n<h5 data-start=\"0\" data-end=\"23\">Specifik\u0101cijas:<\/h5>\n<p class=\"\" data-start=\"26\" data-end=\"53\">25 450 BTU 2 deg\u013cu jauda<\/p>\n<p class=\"\" data-start=\"56\" data-end=\"76\">G\u0101zes spiediens: 2,75 kPa<\/p>\n<p class=\"\" data-start=\"80\" data-end=\"110\">Neto svars: 29,2 kg<\/p>\n<p class=\"\" data-start=\"113\" data-end=\"142\">Bruto svars: 35 kg<\/p>\n<h5 data-start=\"12\" data-end=\"29\"><strong data-start=\"12\" data-end=\"29\">Izstr\u0101d\u0101juma izm\u0113ri:<\/strong><\/h5>\n<p class=\"\" data-start=\"32\" data-end=\"59\">Platums: 660 mm<\/p>\n<p class=\"\" data-start=\"62\" data-end=\"90\">Dzi\u013cums: 740 mm<\/p>\n<p class=\"\" data-start=\"93\" data-end=\"121\">Augstums: 380 mm<\/p>\n<h5 data-start=\"123\" data-end=\"142\"><strong data-start=\"123\" data-end=\"142\">Iepakojuma izm\u0113ri:<\/strong><\/h5>\n<p class=\"\" data-start=\"145\" data-end=\"172\">Platums: 820 mm<\/p>\n<p class=\"\" data-start=\"175\" data-end=\"204\">Dzi\u013cums: 740 mm<\/p>\n<p class=\"\" data-start=\"207\" data-end=\"235\">Augstums: 435 mm<\/p>\n<h5 data-start=\"0\" data-end=\"18\">Uztur\u0113\u0161anas rokasgr\u0101mata<\/h5>\n<p class=\"\" data-start=\"20\" data-end=\"399\">P\u0113c tam, kad picu kr\u0101sns ir atdzisusi, vai pirms s\u0101kat cep\u0161anu picu kr\u0101sn\u012b, izmantojiet.\u00a0<a href=\"https:\/\/tammetorubbq.ee\/lv\/product-2\/everdure-krasns-picas-cepeskrasns-tirisanas-birste\/\"><strong data-start=\"121\" data-end=\"148\">Everdure picu kr\u0101sns birste<\/strong><\/a>lai not\u012br\u012btu picas akmeni, degli un iek\u0161\u0113jo apvalku no jebk\u0101diem atlikumiem, kas var b\u016bt uzkr\u0101ju\u0161ies gatavo\u0161anas laik\u0101 cepe\u0161kr\u0101sn\u012b. Izmantojiet <a href=\"https:\/\/tammetorubbq.ee\/lv\/product-2\/everdure-vejdross-parsegs-picu-krasnij-krasns-krasnij-krasnij\/\"><strong data-start=\"282\" data-end=\"309\">Everdure picas kr\u0101sns v\u0101ks<\/strong><\/a>kad picu kr\u0101sns netiek lietota, lai izvair\u012btos no t\u0101s putek\u013cu vai net\u012brumu ra\u0161an\u0101s.<\/p>\n<div style=\"width: 1920px;\" class=\"wp-video\"><video class=\"wp-video-shortcode\" id=\"video-2797-1\" width=\"1920\" height=\"1080\" preload=\"metadata\" controls=\"controls\"><source type=\"video\/mp4\" src=\"http:\/\/tammetorubbq.ee\/wp-content\/uploads\/2025\/04\/c6552e8778b5452583821469d2945d44.HD-1080p-2.5Mbps-41793897.mp4?_=1\" \/><a href=\"http:\/\/tammetorubbq.ee\/wp-content\/uploads\/2025\/04\/c6552e8778b5452583821469d2945d44.HD-1080p-2.5Mbps-41793897.mp4\">http:\/\/tammetorubbq.ee\/wp-content\/uploads\/2025\/04\/c6552e8778b5452583821469d2945d44.HD-1080p-2.5Mbps-41793897.mp4<\/a><\/video><\/div>\n<p class=\"\" data-start=\"0\" data-end=\"75\"><strong data-start=\"0\" data-end=\"75\">Everdure by Heston Blumenthal - ide\u0101ls dizaina un tehnolo\u0123iju apvienojums!<\/strong><\/p>\n<p class=\"\" data-start=\"77\" data-end=\"327\"><strong data-start=\"77\" data-end=\"110\">Hestona Blument\u0101la Everdure<\/strong>\u00a0produkti ir unik\u0101li un at\u0161\u0137ir\u012bgi. Kop\u0101 ar dizaineriem un in\u017eenieriem Heston Blumenthal cen\u0161as rad\u012bt produktus, kuros katra deta\u013ca ir r\u016bp\u012bgi p\u0101rdom\u0101ta, apvienojot modern\u0101k\u0101s tehnolo\u0123ijas ar skaistu dizainu.<\/p>","protected":false},"excerpt":{"rendered":"<p data-start=\"0\" data-end=\"37\"><strong data-start=\"0\" data-end=\"75\">Everdure by Heston Blumenthal - ide\u0101ls dizaina un tehnolo\u0123iju apvienojums!<\/strong><\/p>\n<p class=\"\" data-start=\"0\" data-end=\"37\"><em><strong>Tradicion\u0101l\u0101 pica ar jaunu vijumu!<\/strong><\/em><\/p>\n<p class=\"\" data-start=\"39\" data-end=\"279\">Everdure KILN R s\u0113rijas prop\u0101na picu kr\u0101sns ir unik\u0101li izstr\u0101d\u0101ta, lai m\u0101j\u0101s bez piep\u016bles rad\u012btu autentisku baud\u012bjumu. Ar t\u0101s daudzpus\u012bgaj\u0101m funkcij\u0101m KILN var izcept lielu picu maz\u0101k nek\u0101 2 min\u016bt\u0113s un cept vai cept visda\u017e\u0101d\u0101kos \u0113dienus.<\/p>\n<p class=\"\" data-start=\"281\" data-end=\"594\">KILN rot\u0113jo\u0161ais picas akmens un U formas deglis nov\u0113r\u0161 nepiecie\u0161am\u012bbu manu\u0101li pagriezt picu un nodro\u0161ina vienm\u0113r\u012bgu cep\u0161anu katru reizi.<\/p>\n<p class=\"\" data-start=\"281\" data-end=\"594\">KILN R s\u0113rija ir viegli uzst\u0101d\u0101ma, viegli pagatavojama, t\u012br\u0101ma un uzglab\u0101jama - t\u0101 ir ide\u0101ls papildin\u0101jums j\u016bsu \u0101ra virtuvei.<\/p>\n<p class=\"\" data-start=\"281\" data-end=\"594\">Izbaudiet tradicion\u0101lo picu, ta\u010du ar jaunu pav\u0113rsienu.<\/p>\n<h5 data-start=\"0\" data-end=\"21\">Galven\u0101s iez\u012bmes<\/h5>\n<p class=\"\" data-start=\"25\" data-end=\"93\"><strong data-start=\"25\" data-end=\"52\">Daudzfunkcion\u0101la cepe\u0161kr\u0101sns<\/strong>\u00a0- piem\u0113rota da\u017e\u0101du \u0113dienu pagatavo\u0161anai.<\/p>\n<p class=\"\" data-start=\"96\" data-end=\"127\"><strong data-start=\"96\" data-end=\"126\">Skaists un moderns dizains<\/strong>.<\/p>\n<p class=\"\" data-start=\"130\" data-end=\"188\"><strong data-start=\"130\" data-end=\"160\">Akumulatora darb\u012bbas laiks l\u012bdz 50 stund\u0101m<\/strong>\u00a0rot\u0113jo\u0161am me\u017e\u0123\u012b\u0146u akmenim.<\/p>\n<p class=\"\" data-start=\"191\" data-end=\"276\"><strong data-start=\"191\" data-end=\"222\">Dubultas izol\u0101cijas korpuss<\/strong>, kas palielina iek\u0161\u0113j\u0101s izol\u0101cijas energoefektivit\u0101ti.<\/p>\n<p class=\"\" data-start=\"279\" data-end=\"367\"><strong>Cep\u0161anas papl\u0101te ir pietiekami liela, lai uz t\u0101s ietilptu l\u012bdz 40 cm<\/strong>\u00a0picas vai da\u017e\u0101du \u0113diena gatavo\u0161anas un gatavo\u0161anas piederumu.<\/p>\n<p class=\"\" data-start=\"370\" data-end=\"424\"><strong data-start=\"370\" data-end=\"423\">Cep l\u012bdz 400\u00b0C temperat\u016br\u0101 maz\u0101k nek\u0101 15 min\u016bt\u0113s<\/strong>.<\/p>\n<p class=\"\" data-start=\"427\" data-end=\"472\"><strong data-start=\"427\" data-end=\"471\">Izcep perfektu picu maz\u0101k nek\u0101 2 min\u016bt\u0113s<\/strong>.<\/p>\n<p class=\"\" data-start=\"475\" data-end=\"517\"><strong data-start=\"475\" data-end=\"516\">Rokturis rot\u0113jo\u0161\u0101 me\u017e\u0123\u012b\u0146u akmens regul\u0113\u0161anai<\/strong>.<\/p>\n<p class=\"\" data-start=\"520\" data-end=\"637\"><strong data-start=\"520\" data-end=\"591\">Rot\u0113jo\u0161s me\u017e\u0123\u012b\u0146u \u0137ie\u0123elis, ko darbina ar akumulatoru vai elektrot\u012bkla str\u0101vas padevi<\/strong>, nav nepiecie\u0161ams picu pagriezt ar rok\u0101m.<\/p>\n<p class=\"\" data-start=\"640\" data-end=\"689\"><strong data-start=\"640\" data-end=\"665\">No\u0146emams bru\u0123akmens<\/strong>\u00a0\u0113rtai t\u012br\u012b\u0161anai.<\/p>\n<p class=\"\" data-start=\"640\" data-end=\"689\"><strong data-start=\"692\" data-end=\"745\">Izstr\u0101d\u0101ts, lai atbilstu standarta darba virsmas izm\u0113riem<\/strong>.<\/p>\n<p class=\"\" data-start=\"749\" data-end=\"823\"><strong data-start=\"749\" data-end=\"774\">Deglis zem me\u017e\u0123\u012bn\u0113m<\/strong>lai katru reizi nodro\u0161in\u0101tu perfekti pagatavotu apak\u0161u.<\/p>\n<p class=\"\" data-start=\"826\" data-end=\"891\"><strong data-start=\"826\" data-end=\"847\">U-veida deglis<\/strong>\u00a0nodro\u0161ina vienm\u0113r\u012bgu siltuma sadal\u012bjumu gatavo\u0161anas laik\u0101.<\/p>\n<p><img loading=\"lazy\" decoding=\"async\" class=\"wp-image-1517\" src=\"http:\/\/tammetorubbq.ee\/wp-content\/uploads\/2024\/03\/Everdure-by-Heston-Blumenthal-logo-300x58.png\" alt=\"Everdure by Heston Blumenthal logo\" width=\"228\" height=\"44\" srcset=\"https:\/\/tammetorubbq.ee\/wp-content\/uploads\/2024\/03\/Everdure-by-Heston-Blumenthal-logo-300x58.png 300w, https:\/\/tammetorubbq.ee\/wp-content\/uploads\/2024\/03\/Everdure-by-Heston-Blumenthal-logo-768x147.png 768w, https:\/\/tammetorubbq.ee\/wp-content\/uploads\/2024\/03\/Everdure-by-Heston-Blumenthal-logo-18x3.png 18w, https:\/\/tammetorubbq.ee\/wp-content\/uploads\/2024\/03\/Everdure-by-Heston-Blumenthal-logo-600x115.png 600w, https:\/\/tammetorubbq.ee\/wp-content\/uploads\/2024\/03\/Everdure-by-Heston-Blumenthal-logo-64x12.png 64w, https:\/\/tammetorubbq.ee\/wp-content\/uploads\/2024\/03\/Everdure-by-Heston-Blumenthal-logo.png 1000w\" sizes=\"auto, (max-width: 228px) 100vw, 228px\" \/><\/p>\n<p>&nbsp;<\/p>\n<p><a href=\"https:\/\/tammetorubbq.ee\/lv\/maksajiet-velak\/\"><strong>P\u0112RCIET TAGAD, MAKS\u0100JIET V\u0112L\u0100K<\/strong><\/a>\u00a0- bez procentiem!<\/p>\n<p><img loading=\"lazy\" decoding=\"async\" class=\"alignnone wp-image-2646\" src=\"http:\/\/tammetorubbq.ee\/wp-content\/uploads\/2023\/12\/inbank-wordmark.png\" alt=\"Inbank\" width=\"169\" height=\"76\" srcset=\"https:\/\/tammetorubbq.ee\/wp-content\/uploads\/2023\/12\/inbank-wordmark.png 300w, https:\/\/tammetorubbq.ee\/wp-content\/uploads\/2023\/12\/inbank-wordmark-18x8.png 18w, https:\/\/tammetorubbq.ee\/wp-content\/uploads\/2023\/12\/inbank-wordmark-64x29.png 64w\" sizes=\"auto, (max-width: 169px) 100vw, 169px\" \/><\/p>\n<p>M\u0113s pied\u0101v\u0101jam ar\u012b iesp\u0113ju maks\u0101t v\u0113l\u0101k - vien\u0101, div\u0101s vai trij\u0101s vien\u0101d\u0101s da\u013c\u0101s bez procentiem vai papildu maksas.<\/p>\n<p>M\u016bsu iepirkumu groz\u0101 varat atrast da\u017e\u0101das maks\u0101jumu iesp\u0113jas.<\/p>","protected":false},"featured_media":2798,"comment_status":"open","ping_status":"closed","template":"","meta":{"_uf_show_specific_survey":0,"_uf_disable_surveys":false},"pwb-brand":[132],"product_brand":[],"product_cat":[131],"product_tag":[149,133],"class_list":{"0":"post-2797","1":"product","2":"type-product","3":"status-publish","4":"has-post-thumbnail","6":"pwb-brand-everdure","7":"product_cat-pizzaahjud","8":"product_tag-everdure","9":"product_tag-pizzaahi","11":"first","12":"instock","13":"taxable","14":"shipping-taxable","15":"purchasable","16":"product-type-simple"},"brands":[{"id":132,"name":"Everdure","slug":"everdure"}],"_links":{"self":[{"href":"https:\/\/tammetorubbq.ee\/lv\/wp-json\/wp\/v2\/product\/2797","targetHints":{"allow":["GET"]}}],"collection":[{"href":"https:\/\/tammetorubbq.ee\/lv\/wp-json\/wp\/v2\/product"}],"about":[{"href":"https:\/\/tammetorubbq.ee\/lv\/wp-json\/wp\/v2\/types\/product"}],"replies":[{"embeddable":true,"href":"https:\/\/tammetorubbq.ee\/lv\/wp-json\/wp\/v2\/comments?post=2797"}],"wp:featuredmedia":[{"embeddable":true,"href":"https:\/\/tammetorubbq.ee\/lv\/wp-json\/wp\/v2\/media\/2798"}],"wp:attachment":[{"href":"https:\/\/tammetorubbq.ee\/lv\/wp-json\/wp\/v2\/media?parent=2797"}],"wp:term":[{"taxonomy":"pwb-brand","embeddable":true,"href":"https:\/\/tammetorubbq.ee\/lv\/wp-json\/wp\/v2\/pwb-brand?post=2797"},{"taxonomy":"product_brand","embeddable":true,"href":"https:\/\/tammetorubbq.ee\/lv\/wp-json\/wp\/v2\/product_brand?post=2797"},{"taxonomy":"product_cat","embeddable":true,"href":"https:\/\/tammetorubbq.ee\/lv\/wp-json\/wp\/v2\/product_cat?post=2797"},{"taxonomy":"product_tag","embeddable":true,"href":"https:\/\/tammetorubbq.ee\/lv\/wp-json\/wp\/v2\/product_tag?post=2797"}],"curies":[{"name":"wp","href":"https:\/\/api.w.org\/{rel}","templated":true}]}}