{"id":2822,"date":"2025-04-05T13:20:42","date_gmt":"2025-04-05T10:20:42","guid":{"rendered":"https:\/\/tammetorubbq.ee\/?post_type=product&#038;p=2822"},"modified":"2026-04-19T21:00:03","modified_gmt":"2026-04-19T18:00:03","slug":"napoleon-picas-milotajs-picas-piegades-komplekts","status":"publish","type":"product","link":"https:\/\/tammetorubbq.ee\/lv\/product-2\/napoleon-picas-milotajs-picas-piegades-komplekts\/","title":{"rendered":"Napoleon Pizza Lover picas piederumu komplekts"},"content":{"rendered":"<h5 data-start=\"812\" data-end=\"825\"><strong data-start=\"812\" data-end=\"823\">Izm\u0113ri:<\/strong><\/h5>\n<p class=\"\" data-start=\"828\" data-end=\"858\">Picas akmens diagon\u0101les izm\u0113rs: 30 cm<\/p>","protected":false},"excerpt":{"rendered":"<p class=\"\" data-start=\"0\" data-end=\"227\">Napoleon Pizza Lover komplekt\u0101 ir viss nepiecie\u0161amais, lai m\u0101j\u0101s pagatavotu pic\u0113rijas stila picas - vienk\u0101r\u0161i pievienojiet savas iecien\u012bt\u0101k\u0101s sast\u0101vda\u013cas.<\/p>\n<p class=\"\" data-start=\"0\" data-end=\"227\"><strong>Komplekt\u0101 ir picas akmens, picas griez\u0113js, l\u0101psti\u0146a un l\u0101psti\u0146a ar r\u012bv\u012bti.<\/strong><\/p>\n<p class=\"\" data-start=\"229\" data-end=\"454\">Picas akmens porain\u0101 virsma uzs\u016bc lieko mitrumu no m\u012bklas, \u013caujot apak\u0161\u0113jai garozai izcepties l\u012bdz pat\u012bkamai krauk\u0161\u0137\u012bgai garozai. Akmeni var izmantot ar\u012b maizes vai cepumu cep\u0161anai, un ar katru lieto\u0161anas reizi tas k\u013c\u016bst arvien lab\u0101ks, glu\u017ei t\u0101pat k\u0101 \u010duguns.<\/p>\n<p class=\"\" data-start=\"746\" data-end=\"810\">Picas akmens ir mazg\u0101jams ar rok\u0101m (bez ziep\u0113m un abraz\u012bviem t\u012br\u012b\u0161anas l\u012bdzek\u013ciem).<\/p>\n<p data-start=\"746\" data-end=\"810\">Piem\u0113rots lieto\u0161anai <strong><a href=\"https:\/\/tammetorubbq.ee\/lv\/kategorija\/grili\/gazes-grili\/\">g\u0101ze<\/a><\/strong>- un <strong><a href=\"https:\/\/tammetorubbq.ee\/lv\/kategorija\/grili\/elektriskas-brilles\/\">electrigrill<\/a><\/strong>, ogles <a href=\"https:\/\/tammetorubbq.ee\/lv\/kategorija\/grili\/keramikas-grili\/\"><strong>uz keramikas grila<\/strong><\/a>, <strong><a href=\"https:\/\/tammetorubbq.ee\/lv\/kategorija\/grili\/granulu-grili\/\">uz granulu grila<\/a><\/strong> un, protams. <strong><a href=\"https:\/\/tammetorubbq.ee\/lv\/?s=pizzaahi&amp;post_type=product&amp;dgwt_wcas=1\">picu kr\u0101sns<\/a><\/strong>.<\/p>\n<p><img loading=\"lazy\" decoding=\"async\" class=\"wp-image-2098\" src=\"http:\/\/tammetorubbq.ee\/wp-content\/uploads\/2024\/11\/napoleon-gas-grills-logo-vector-1-300x124.png\" alt=\"Napoleon g\u0101zes grili logo vektors\" width=\"184\" height=\"76\" srcset=\"https:\/\/tammetorubbq.ee\/wp-content\/uploads\/2024\/11\/napoleon-gas-grills-logo-vector-1-300x124.png 300w, https:\/\/tammetorubbq.ee\/wp-content\/uploads\/2024\/11\/napoleon-gas-grills-logo-vector-1-768x317.png 768w, https:\/\/tammetorubbq.ee\/wp-content\/uploads\/2024\/11\/napoleon-gas-grills-logo-vector-1-18x7.png 18w, https:\/\/tammetorubbq.ee\/wp-content\/uploads\/2024\/11\/napoleon-gas-grills-logo-vector-1-600x248.png 600w, https:\/\/tammetorubbq.ee\/wp-content\/uploads\/2024\/11\/napoleon-gas-grills-logo-vector-1-64x26.png 64w, https:\/\/tammetorubbq.ee\/wp-content\/uploads\/2024\/11\/napoleon-gas-grills-logo-vector-1.png 847w\" sizes=\"auto, (max-width: 184px) 100vw, 184px\" \/><\/p>","protected":false},"featured_media":2824,"comment_status":"open","ping_status":"closed","template":"","meta":{"_uf_show_specific_survey":0,"_uf_disable_surveys":false},"pwb-brand":[101],"product_brand":[],"product_cat":[30],"product_tag":[134,133],"class_list":{"0":"post-2822","1":"product","2":"type-product","3":"status-publish","4":"has-post-thumbnail","6":"pwb-brand-napoleon","7":"product_cat-grillimise-tarvikud","8":"product_tag-grillimise-tarvikud","9":"product_tag-pizzaahi","11":"first","12":"instock","13":"taxable","14":"shipping-taxable","15":"purchasable","16":"product-type-simple"},"brands":[{"id":101,"name":"Napoleons","slug":"napoleon"}],"_links":{"self":[{"href":"https:\/\/tammetorubbq.ee\/lv\/wp-json\/wp\/v2\/product\/2822","targetHints":{"allow":["GET"]}}],"collection":[{"href":"https:\/\/tammetorubbq.ee\/lv\/wp-json\/wp\/v2\/product"}],"about":[{"href":"https:\/\/tammetorubbq.ee\/lv\/wp-json\/wp\/v2\/types\/product"}],"replies":[{"embeddable":true,"href":"https:\/\/tammetorubbq.ee\/lv\/wp-json\/wp\/v2\/comments?post=2822"}],"wp:featuredmedia":[{"embeddable":true,"href":"https:\/\/tammetorubbq.ee\/lv\/wp-json\/wp\/v2\/media\/2824"}],"wp:attachment":[{"href":"https:\/\/tammetorubbq.ee\/lv\/wp-json\/wp\/v2\/media?parent=2822"}],"wp:term":[{"taxonomy":"pwb-brand","embeddable":true,"href":"https:\/\/tammetorubbq.ee\/lv\/wp-json\/wp\/v2\/pwb-brand?post=2822"},{"taxonomy":"product_brand","embeddable":true,"href":"https:\/\/tammetorubbq.ee\/lv\/wp-json\/wp\/v2\/product_brand?post=2822"},{"taxonomy":"product_cat","embeddable":true,"href":"https:\/\/tammetorubbq.ee\/lv\/wp-json\/wp\/v2\/product_cat?post=2822"},{"taxonomy":"product_tag","embeddable":true,"href":"https:\/\/tammetorubbq.ee\/lv\/wp-json\/wp\/v2\/product_tag?post=2822"}],"curies":[{"name":"wp","href":"https:\/\/api.w.org\/{rel}","templated":true}]}}