{"id":2840,"date":"2025-04-05T13:44:00","date_gmt":"2025-04-05T10:44:00","guid":{"rendered":"https:\/\/tammetorubbq.ee\/?post_type=product&#038;p=2840"},"modified":"2026-04-29T23:00:08","modified_gmt":"2026-04-29T20:00:08","slug":"everdure-krasns-picas-griezejs-picas-griesanas-nazis","status":"publish","type":"product","link":"https:\/\/tammetorubbq.ee\/lv\/toode\/everdure-kiln-pizzaloikur-pizza-viilutamise-nuga\/","title":{"rendered":"Everdure KILN picas griez\u0113js \/ picas grie\u0161anas nazis"},"content":{"rendered":"<p><strong data-start=\"77\" data-end=\"110\">Hestona Blument\u0101la Everdure<\/strong>\u00a0produkti ir unik\u0101li un at\u0161\u0137ir\u012bgi. Kop\u0101 ar dizaineriem un in\u017eenieriem Heston Blumenthal cen\u0161as rad\u012bt produktus, kuros katra deta\u013ca ir r\u016bp\u012bgi p\u0101rdom\u0101ta, apvienojot modern\u0101k\u0101s tehnolo\u0123ijas ar skaistu dizainu.<\/p>","protected":false},"excerpt":{"rendered":"<p><strong data-start=\"0\" data-end=\"75\">Everdure by Heston Blumenthal - ide\u0101ls dizaina un tehnolo\u0123iju apvienojums!<\/strong><\/p>\n<p class=\"\" data-start=\"56\" data-end=\"288\">Everdure KILN picas griez\u0113js viegli sagrie\u017e krauk\u0161\u0137\u012bgu picu, neboj\u0101jot virsk\u0101rtu. Ner\u016bs\u0113jo\u0161\u0101 t\u0113rauda asmens ir iztur\u012bgs un viegli kopjams. Ergonomiskais rokturis nodro\u0161ina \u0113rtu satv\u0113rienu, un griez\u0113jam ir ar\u012b dro\u0161s glab\u0101\u0161anas v\u0101ks.<\/p>\n<p class=\"\" data-start=\"290\" data-end=\"332\">Piem\u0113rots ar\u012b p\u012br\u0101gu un k\u016bku grie\u0161anai.<\/p>\n<p><img loading=\"lazy\" decoding=\"async\" class=\"wp-image-1517\" src=\"http:\/\/tammetorubbq.ee\/wp-content\/uploads\/2024\/03\/Everdure-by-Heston-Blumenthal-logo-300x58.png\" alt=\"Everdure by Heston Blumenthal logo\" width=\"228\" height=\"44\" srcset=\"https:\/\/tammetorubbq.ee\/wp-content\/uploads\/2024\/03\/Everdure-by-Heston-Blumenthal-logo-300x58.png 300w, https:\/\/tammetorubbq.ee\/wp-content\/uploads\/2024\/03\/Everdure-by-Heston-Blumenthal-logo-768x147.png 768w, https:\/\/tammetorubbq.ee\/wp-content\/uploads\/2024\/03\/Everdure-by-Heston-Blumenthal-logo-18x3.png 18w, https:\/\/tammetorubbq.ee\/wp-content\/uploads\/2024\/03\/Everdure-by-Heston-Blumenthal-logo-600x115.png 600w, https:\/\/tammetorubbq.ee\/wp-content\/uploads\/2024\/03\/Everdure-by-Heston-Blumenthal-logo-64x12.png 64w, https:\/\/tammetorubbq.ee\/wp-content\/uploads\/2024\/03\/Everdure-by-Heston-Blumenthal-logo.png 1000w\" sizes=\"auto, (max-width: 228px) 100vw, 228px\" \/><\/p>","protected":false},"featured_media":2841,"comment_status":"open","ping_status":"closed","template":"","meta":{"_uf_show_specific_survey":0,"_uf_disable_surveys":false},"pwb-brand":[132],"product_brand":[],"product_cat":[30],"product_tag":[134,133],"class_list":{"0":"post-2840","1":"product","2":"type-product","3":"status-publish","4":"has-post-thumbnail","6":"pwb-brand-everdure","7":"product_cat-grillimise-tarvikud","8":"product_tag-grillimise-tarvikud","9":"product_tag-pizzaahi","11":"first","12":"instock","13":"taxable","14":"shipping-taxable","15":"purchasable","16":"product-type-simple"},"brands":[{"id":132,"name":"Everdure","slug":"everdure"}],"_links":{"self":[{"href":"https:\/\/tammetorubbq.ee\/lv\/wp-json\/wp\/v2\/product\/2840","targetHints":{"allow":["GET"]}}],"collection":[{"href":"https:\/\/tammetorubbq.ee\/lv\/wp-json\/wp\/v2\/product"}],"about":[{"href":"https:\/\/tammetorubbq.ee\/lv\/wp-json\/wp\/v2\/types\/product"}],"replies":[{"embeddable":true,"href":"https:\/\/tammetorubbq.ee\/lv\/wp-json\/wp\/v2\/comments?post=2840"}],"wp:featuredmedia":[{"embeddable":true,"href":"https:\/\/tammetorubbq.ee\/lv\/wp-json\/wp\/v2\/media\/2841"}],"wp:attachment":[{"href":"https:\/\/tammetorubbq.ee\/lv\/wp-json\/wp\/v2\/media?parent=2840"}],"wp:term":[{"taxonomy":"pwb-brand","embeddable":true,"href":"https:\/\/tammetorubbq.ee\/lv\/wp-json\/wp\/v2\/pwb-brand?post=2840"},{"taxonomy":"product_brand","embeddable":true,"href":"https:\/\/tammetorubbq.ee\/lv\/wp-json\/wp\/v2\/product_brand?post=2840"},{"taxonomy":"product_cat","embeddable":true,"href":"https:\/\/tammetorubbq.ee\/lv\/wp-json\/wp\/v2\/product_cat?post=2840"},{"taxonomy":"product_tag","embeddable":true,"href":"https:\/\/tammetorubbq.ee\/lv\/wp-json\/wp\/v2\/product_tag?post=2840"}],"curies":[{"name":"wp","href":"https:\/\/api.w.org\/{rel}","templated":true}]}}