{"id":2859,"date":"2025-04-05T14:23:02","date_gmt":"2025-04-05T11:23:02","guid":{"rendered":"https:\/\/tammetorubbq.ee\/?post_type=product&#038;p=2859"},"modified":"2026-04-14T22:00:40","modified_gmt":"2026-04-14T19:00:40","slug":"kamado-joe-picas-savienojums-dojoe-big","status":"publish","type":"product","link":"https:\/\/tammetorubbq.ee\/lv\/product-2\/kamado-joe-picas-savienojums-dojoe-big\/","title":{"rendered":"Kamado Joe picas cep\u0161anas sist\u0113ma DoJoe Big"},"content":{"rendered":"<p class=\"\" data-start=\"0\" data-end=\"324\"><a href=\"https:\/\/tammetorubbq.ee\/lv\/?s=kamado+joe&amp;post_type=product&amp;dgwt_wcas=1\"><strong data-start=\"0\" data-end=\"27\">Kamado Joe\u00a0<\/strong><\/a>piederumi ir izstr\u0101d\u0101ti, lai papildin\u0101tu un papla\u0161in\u0101tu Kamado Joe grilu funkcijas, pied\u0101v\u0101jot liel\u0101ku \u0113rt\u012bbu, daudzveid\u012bg\u0101ku gatavo\u0161anas pieredzi un lab\u0101kus rezult\u0101tus. Kamado Joe piederumi \u013cauj gril\u0113t, k\u016bpin\u0101t, cept un gatavot da\u017e\u0101dus \u0113dienus profesion\u0101l\u0101 l\u012bmen\u012b.<\/p>\n<p class=\"\" data-start=\"326\" data-end=\"748\">\u012apa\u0161s piederums ir Kamado Joe picas gatavo\u0161anas sist\u0113ma (DoJoe), kas p\u0101rv\u0113r\u0161 Kamado Joe grilu par \u012bstu picu kr\u0101sni. Izmantojot \u0161o sist\u0113mu, j\u016bs varat cept ide\u0101las picas, pan\u0101kot perfektu karstumu un gaisa cirkul\u0101ciju, lai ieg\u016btu krauk\u0161\u0137\u012bgu garozu un vienm\u0113r\u012bgi pagatavotu virsk\u0101rtu. \u0160is piederums lieliski papildina j\u016bsu gril\u0113\u0161anas iesp\u0113jas, pied\u0101v\u0101jot liel\u0101ku rado\u0161umu un daudzveid\u012bbu visu veidu \u0113dienu gatavo\u0161anai.<\/p>\n<p class=\"\" data-start=\"750\" data-end=\"881\">Kamado Joe piederumi ir dom\u0101ti ikvienam, kur\u0161 nov\u0113rt\u0113 perfektu gatavo\u0161anu un v\u0113las papla\u0161in\u0101t gril\u0113\u0161anas iesp\u0113jas.<\/p>","protected":false},"excerpt":{"rendered":"<p class=\"\" data-start=\"56\" data-end=\"347\">Kamado Joe DoJoe Big ir \u012bpa\u0161a picas gatavo\u0161anas sist\u0113ma, kas izstr\u0101d\u0101ta t\u0101, lai j\u016bsu Kamado Joe grils b\u016btu ide\u0101li piem\u0113rots picu gatavo\u0161anai. \u0160\u012b sist\u0113ma pal\u012bdz pan\u0101kt perfektu karstumu un gaisa cirkul\u0101ciju, gatavojot picu, nodro\u0161inot ide\u0101li krauk\u0161\u0137\u012bgu garozu un vienm\u0113r\u012bgi pagatavotu virsk\u0101rtu.<\/p>\n<p class=\"\" data-start=\"349\" data-end=\"607\">DoJoe Big p\u0101rveido j\u016bsu Kamado Joe grilu par parastu picu kr\u0101sni, sniedzot jums iesp\u0113ju m\u0101j\u0101s cept autentiskas pic\u0113rijas stila picas. Izmantojot \u0161o sist\u0113mu, picas var pagatavot \u0101tri, vienlaikus saglab\u0101jot tradicion\u0101l\u0101s malkas vai akmens kr\u0101sns gar\u0161u un tekst\u016bru.<\/p>\n<p class=\"\" data-start=\"609\" data-end=\"618\"><strong>Funkcijas:<\/strong><\/p>\n<p class=\"\" data-start=\"621\" data-end=\"666\">Augstas temperat\u016bras uztur\u0113\u0161ana un vienm\u0113r\u012bgs karstums.<\/p>\n<p class=\"\" data-start=\"669\" data-end=\"703\">Sp\u0113c\u012bga un iztur\u012bga konstrukcija.<\/p>\n<p class=\"\" data-start=\"706\" data-end=\"756\">Viegli uzst\u0101d\u0101ms un lietojams Kamado Joe grilos.<\/p>\n<p class=\"\" data-start=\"759\" data-end=\"831\">Neviena pica nekad nepaliek p\u0101r\u0101k bieza vai nesagatavo p\u0101r\u0101k m\u012bkstu pamatni.<\/p>\n<p class=\"\" data-start=\"833\" data-end=\"933\">Ide\u0101ls r\u012bks visiem picu cien\u012bt\u0101jiem, kuri v\u0113las pagatavot restor\u0101na kvalit\u0101tes picas sav\u0101 piem\u0101jas pagalm\u0101!<\/p>\n<p data-start=\"833\" data-end=\"933\">DoJoe Big ir sader\u012bgs ar <a href=\"https:\/\/tammetorubbq.ee\/lv\/?s=kamadi+joe+big&amp;post_type=product&amp;dgwt_wcas=1\"><strong>Kamado Joe ar kokog\u013cu griliem<\/strong><\/a>.<\/p>\n<p data-start=\"833\" data-end=\"933\"><img loading=\"lazy\" decoding=\"async\" class=\"alignnone wp-image-647\" src=\"http:\/\/tammetorubbq.ee\/wp-content\/uploads\/2023\/11\/kamadojoe-300x40.png\" alt=\"Kamadojoe logo\" width=\"180\" height=\"24\" srcset=\"https:\/\/tammetorubbq.ee\/wp-content\/uploads\/2023\/11\/kamadojoe-300x40.png 300w, https:\/\/tammetorubbq.ee\/wp-content\/uploads\/2023\/11\/kamadojoe-768x104.png 768w, https:\/\/tammetorubbq.ee\/wp-content\/uploads\/2023\/11\/kamadojoe-18x2.png 18w, https:\/\/tammetorubbq.ee\/wp-content\/uploads\/2023\/11\/kamadojoe-600x81.png 600w, https:\/\/tammetorubbq.ee\/wp-content\/uploads\/2023\/11\/kamadojoe-64x9.png 64w, https:\/\/tammetorubbq.ee\/wp-content\/uploads\/2023\/11\/kamadojoe.png 1024w\" sizes=\"auto, (max-width: 180px) 100vw, 180px\" \/><\/p>\n<p><a href=\"https:\/\/tammetorubbq.ee\/lv\/maksajiet-velak\/\"><strong>P\u0112RCIET TAGAD, MAKS\u0100JIET V\u0112L\u0100K<\/strong><\/a>\u00a0- bez procentiem!<\/p>\n<p><img loading=\"lazy\" decoding=\"async\" class=\"alignnone wp-image-2646\" src=\"http:\/\/tammetorubbq.ee\/wp-content\/uploads\/2023\/12\/inbank-wordmark.png\" alt=\"\" width=\"167\" height=\"75\" srcset=\"https:\/\/tammetorubbq.ee\/wp-content\/uploads\/2023\/12\/inbank-wordmark.png 300w, https:\/\/tammetorubbq.ee\/wp-content\/uploads\/2023\/12\/inbank-wordmark-18x8.png 18w, https:\/\/tammetorubbq.ee\/wp-content\/uploads\/2023\/12\/inbank-wordmark-64x29.png 64w\" sizes=\"auto, (max-width: 167px) 100vw, 167px\" \/><\/p>\n<p>M\u0113s pied\u0101v\u0101jam ar\u012b iesp\u0113ju maks\u0101t v\u0113l\u0101k - vien\u0101, div\u0101s vai trij\u0101s vien\u0101d\u0101s da\u013c\u0101s bez procentiem vai papildu maksas.<\/p>\n<p>M\u016bsu iepirkumu groz\u0101 varat atrast da\u017e\u0101das maks\u0101jumu iesp\u0113jas.<\/p>\n<h5><strong>Kamado Joe ir ofici\u0101lais Kamado Joe p\u0101rst\u0101vis Igaunij\u0101!<\/strong><\/h5>","protected":false},"featured_media":2858,"comment_status":"open","ping_status":"closed","template":"","meta":{"_uf_show_specific_survey":0,"_uf_disable_surveys":false},"pwb-brand":[69],"product_brand":[],"product_cat":[131,88],"product_tag":[322,136,126,326,323,127,133],"class_list":{"0":"post-2859","1":"product","2":"type-product","3":"status-publish","4":"has-post-thumbnail","6":"pwb-brand-kamado-joe","7":"product_cat-pizzaahjud","8":"product_cat-grillide-lisatarvikud","9":"product_tag-dojoe","10":"product_tag-grillide-lisatarvikud","11":"product_tag-kamado-joe","12":"product_tag-kamado-joe-big-joe","13":"product_tag-kamado-joe-lisatarvikud","14":"product_tag-keraamilised-grillid","15":"product_tag-pizzaahi","17":"first","18":"instock","19":"taxable","20":"shipping-taxable","21":"purchasable","22":"product-type-simple"},"brands":[{"id":69,"name":"Kamado Joe","slug":"kamado-joe"}],"_links":{"self":[{"href":"https:\/\/tammetorubbq.ee\/lv\/wp-json\/wp\/v2\/product\/2859","targetHints":{"allow":["GET"]}}],"collection":[{"href":"https:\/\/tammetorubbq.ee\/lv\/wp-json\/wp\/v2\/product"}],"about":[{"href":"https:\/\/tammetorubbq.ee\/lv\/wp-json\/wp\/v2\/types\/product"}],"replies":[{"embeddable":true,"href":"https:\/\/tammetorubbq.ee\/lv\/wp-json\/wp\/v2\/comments?post=2859"}],"wp:featuredmedia":[{"embeddable":true,"href":"https:\/\/tammetorubbq.ee\/lv\/wp-json\/wp\/v2\/media\/2858"}],"wp:attachment":[{"href":"https:\/\/tammetorubbq.ee\/lv\/wp-json\/wp\/v2\/media?parent=2859"}],"wp:term":[{"taxonomy":"pwb-brand","embeddable":true,"href":"https:\/\/tammetorubbq.ee\/lv\/wp-json\/wp\/v2\/pwb-brand?post=2859"},{"taxonomy":"product_brand","embeddable":true,"href":"https:\/\/tammetorubbq.ee\/lv\/wp-json\/wp\/v2\/product_brand?post=2859"},{"taxonomy":"product_cat","embeddable":true,"href":"https:\/\/tammetorubbq.ee\/lv\/wp-json\/wp\/v2\/product_cat?post=2859"},{"taxonomy":"product_tag","embeddable":true,"href":"https:\/\/tammetorubbq.ee\/lv\/wp-json\/wp\/v2\/product_tag?post=2859"}],"curies":[{"name":"wp","href":"https:\/\/api.w.org\/{rel}","templated":true}]}}