{"id":2881,"date":"2025-04-07T18:46:47","date_gmt":"2025-04-07T15:46:47","guid":{"rendered":"https:\/\/tammetorubbq.ee\/?post_type=product&#038;p=2881"},"modified":"2026-04-19T19:00:47","modified_gmt":"2026-04-19T16:00:47","slug":"masterbuilt-gravity-series-800-digitalais-grils","status":"publish","type":"product","link":"https:\/\/tammetorubbq.ee\/lv\/product-2\/masterbuilt-gravity-series-800-digitalais-grils\/","title":{"rendered":"Masterbuilt Gravity Series 800 digit\u0101lais grils uz kokog\u013cu ogl\u0113m"},"content":{"rendered":"<h5><strong>Tehniskie dati<\/strong><\/h5>\n<ul data-start=\"189\" data-end=\"1612\">\n<li data-section-id=\"11jg2q7\" data-start=\"189\" data-end=\"214\"><strong data-start=\"191\" data-end=\"201\">Mudel:<\/strong> MB20040221<\/li>\n<li data-section-id=\"1k9xezc\" data-start=\"215\" data-end=\"295\"><strong data-start=\"217\" data-end=\"234\">Gatavo\u0161anas virsma:<\/strong> 800 in\u00b2 (u 5160 cm\u00b2)<\/li>\n<li data-section-id=\"8gzt5f\" data-start=\"296\" data-end=\"406\"><strong data-start=\"298\" data-end=\"323\">K\u00fcpsetusfunktsioonid:<\/strong> grillimine, suitsutamine, k\u00fcpsetamine, r\u00f6stimine + griddle (tasapinnaline plaat)<\/li>\n<li data-section-id=\"rnjzeu\" data-start=\"407\" data-end=\"469\"><strong data-start=\"409\" data-end=\"433\">Temperat\u016bras diapazons:<\/strong> u 107 \u00b0C \u2013 370 \u00b0C<\/li>\n<li data-section-id=\"28t355\" data-start=\"470\" data-end=\"605\"><strong data-start=\"472\" data-end=\"488\">Kuumutusaeg:<\/strong>\n<ul data-start=\"493\" data-end=\"605\">\n<li data-section-id=\"81oh9l\" data-start=\"493\" data-end=\"515\">110\u00b0C ~ 8 minutiga<\/li>\n<li data-section-id=\"1fg8xp0\" data-start=\"518\" data-end=\"541\">230\u00b0C ~ 10 minutiga<\/li>\n<li data-section-id=\"15tf8sr\" data-start=\"544\" data-end=\"605\">370\u00b0C ~ 14 minutiga<\/li>\n<\/ul>\n<\/li>\n<li data-section-id=\"1j6fcwq\" data-start=\"607\" data-end=\"725\"><strong data-start=\"609\" data-end=\"637\">S\u00f6ehoidla (GravityFed\u2122):<\/strong>\n<ul data-start=\"642\" data-end=\"725\">\n<li data-section-id=\"15kyude\" data-start=\"642\" data-end=\"725\">kuni ~7,2 kg <a href=\"https:\/\/tammetorubbq.ee\/lv\/kategorija\/barbekju\/barbekju-susi\/\">briketti v\u00f5i s\u00fctt<\/a><\/li>\n<\/ul>\n<\/li>\n<li data-section-id=\"kk9vz2\" data-start=\"727\" data-end=\"846\"><strong data-start=\"729\" data-end=\"740\">T\u00f6\u00f6aeg:<\/strong> kuni ~10 tundi \u00fche t\u00e4itega (olenevalt temperatuurist ja k\u00fctusest)<\/li>\n<li data-section-id=\"1oiewfd\" data-start=\"848\" data-end=\"969\"><strong data-start=\"850\" data-end=\"864\">Juhtimine:<\/strong>\n<ul data-start=\"869\" data-end=\"969\">\n<li data-section-id=\"29kbl4\" data-start=\"869\" data-end=\"894\">digitaalne juhtpaneel<\/li>\n<li data-section-id=\"11ewgsc\" data-start=\"897\" data-end=\"935\">WiFi + Masterbuilt mobiilirakendus<\/li>\n<li data-section-id=\"vqrwsl\" data-start=\"938\" data-end=\"969\">tugi kuni 4 lihasondi jaoks<\/li>\n<\/ul>\n<\/li>\n<li data-section-id=\"w35ddm\" data-start=\"971\" data-end=\"1069\"><strong data-start=\"973\" data-end=\"991\">Ventilatsioon:<\/strong> DigitalFan\u2122 automaatne \u00f5huvoolu juhtimine stabiilse temperatuuri hoidmiseks<\/li>\n<li data-section-id=\"1clbfc5\" data-start=\"1071\" data-end=\"1282\"><strong data-start=\"1073\" data-end=\"1102\">Konstruktsioon ja pinnad:<\/strong>\n<ul data-start=\"1107\" data-end=\"1282\">\n<li data-section-id=\"c8hbd0\" data-start=\"1107\" data-end=\"1157\">malmrestid (p\u00f6\u00f6ratavad\/searing + suitsure\u017eiim)<\/li>\n<li data-section-id=\"85bli8\" data-start=\"1160\" data-end=\"1197\">eemaldatav t\u00e4ispikk griddle plaat<\/li>\n<li data-section-id=\"216d4j\" data-start=\"1200\" data-end=\"1236\">2 soojendusresti (warming racks)<\/li>\n<li data-section-id=\"5hn1hy\" data-start=\"1239\" data-end=\"1282\">roostevabast terasest t\u00f6\u00f6pind \/ riiulid<\/li>\n<\/ul>\n<\/li>\n<li data-section-id=\"1lm7usw\" data-start=\"1284\" data-end=\"1454\"><strong data-start=\"1286\" data-end=\"1303\">Funktsioonid:<\/strong>\n<ul data-start=\"1308\" data-end=\"1454\">\n<li data-section-id=\"1725t8k\" data-start=\"1308\" data-end=\"1348\">kiire s\u00fc\u00fctamine ja temperatuuri t\u00f5us<\/li>\n<li data-section-id=\"1tsrddt\" data-start=\"1351\" data-end=\"1410\">madal ja aeglane suitsutamine + k\u00f5rgel kuumusel searing<\/li>\n<li data-section-id=\"145du9f\" data-start=\"1413\" data-end=\"1454\">automaatne s\u00f6e etteanne (GravityFed\u2122)<\/li>\n<\/ul>\n<\/li>\n<li data-section-id=\"ncwonu\" data-start=\"1456\" data-end=\"1585\"><strong data-start=\"1458\" data-end=\"1483\">M\u00f5\u00f5dud (ligikaudsed):<\/strong>\n<ul data-start=\"1488\" data-end=\"1585\">\n<li data-section-id=\"1hveo7j\" data-start=\"1488\" data-end=\"1505\">laius 139 cm<\/li>\n<li data-section-id=\"1avn6q7\" data-start=\"1508\" data-end=\"1526\">k\u00f5rgus 130 cm<\/li>\n<li data-section-id=\"162sx24\" data-start=\"1529\" data-end=\"1585\">s\u00fcgavus 77 cm<\/li>\n<\/ul>\n<\/li>\n<\/ul>\n<p><strong>Pakendi m\u00f5\u00f5tmed:<\/strong>120 \u00d7 80 \u00d7 70 cm<\/p>\n<p><strong>Pakendi kaal:<\/strong> 100,00 kg<\/p>\n<p>&nbsp;<\/p>\n<p><iframe loading=\"lazy\" title=\"Introducing the Gravity Series 800 Griddle\" width=\"500\" height=\"281\" src=\"https:\/\/www.youtube.com\/embed\/HnZhpm_95CU?feature=oembed&#038;enablejsapi=1&#038;origin=https:\/\/tammetorubbq.ee\" frameborder=\"0\" allow=\"accelerometer; autoplay; clipboard-write; encrypted-media; gyroscope; picture-in-picture; web-share\" referrerpolicy=\"strict-origin-when-cross-origin\" allowfullscreen><\/iframe><\/p>\n<h5>Masterbuilt Gravity Series 600 vs 800<\/h5>\n<table>\n<thead>\n<tr>\n<th>Omadus<\/th>\n<th>Gravity Series 600<\/th>\n<th>Gravity Series 800<\/th>\n<\/tr>\n<\/thead>\n<tbody>\n<tr>\n<td>K\u00fcpsetuspind<\/td>\n<td>~600 in\u00b2 (u 3870 cm\u00b2)<\/td>\n<td>~800 in\u00b2 (u 5160 cm\u00b2)<\/td>\n<\/tr>\n<tr>\n<td>Peamine otstarve<\/td>\n<td>Grill + suitsuahi<\/td>\n<td>Grill + suitsuahi + griddle<\/td>\n<\/tr>\n<tr>\n<td>K\u00fcpsetusre\u017eiimid<\/td>\n<td>Grillimine, suitsutamine, k\u00f5rge kuumus<\/td>\n<td>Grillimine, suitsutamine, k\u00f5rge kuumus + tasapinnaline praadimine<\/td>\n<\/tr>\n<tr>\n<td>Maksimaalne temperatuur<\/td>\n<td>kuni ~700\u00b0F (\u2248370\u00b0C)<\/td>\n<td>kuni ~700\u00b0F (\u2248370\u00b0C)<\/td>\n<\/tr>\n<tr>\n<td>Juhtimine<\/td>\n<td>Digitaalne + WiFi (\u00e4pp)<\/td>\n<td>Digitaalne + WiFi (\u00e4pp)<\/td>\n<\/tr>\n<tr>\n<td>S\u00f6es\u00fcsteem<\/td>\n<td>GravityFed\u2122 automaatne s\u00f6etoide<\/td>\n<td>GravityFed\u2122 automaatne s\u00f6etoide<\/td>\n<\/tr>\n<tr>\n<td>S\u00f6e mahutavus<\/td>\n<td>kuni ~12 lbs<\/td>\n<td>kuni ~16 lbs<\/td>\n<\/tr>\n<tr>\n<td>T\u00f6\u00f6aeg madalal kuumusel<\/td>\n<td>kuni ~18 tundi<\/td>\n<td>kuni ~10\u201316+ tundi (kasutusest s\u00f5ltuv)<\/td>\n<\/tr>\n<tr>\n<td>Lisapind<\/td>\n<td>Traditsioonilised restid<\/td>\n<td>Grill + eemaldatav griddle plaat<\/td>\n<\/tr>\n<tr>\n<td>Kasutusfookus<\/td>\n<td>Kompaktne, klassikaline BBQ<\/td>\n<td>Mitmek\u00fclgne \u201coutdoor kitchen\u201d<\/td>\n<\/tr>\n<tr>\n<td>Sobib k\u00f5ige paremini<\/td>\n<td>Kodukasutaja, BBQ entusiast<\/td>\n<td>Suuremad seltskonnad, mitmek\u00fclgne toiduvalmistamine<\/td>\n<\/tr>\n<\/tbody>\n<\/table>","protected":false},"excerpt":{"rendered":"<h5>Masterbuilt Gravity Series 800 \u00fchendab klassikalise s\u00f6egrilli maitse digitaalse mugavusega.<\/h5>\n<p data-start=\"195\" data-end=\"470\">See on v\u00f5imas ja mitmek\u00fclgne digitaalne s\u00f6egrill, mis \u00fchendab ehtsa s\u00f6egrilli maitse, suitsuahju funktsionaalsuse ning kaasaegse nutika juhtimise. See mudel on loodud neile, kes soovivad suuremat k\u00fcpsetuspinda ja veelgi rohkem v\u00f5imalusi v\u00e4lik\u00f6\u00f6gis.<\/p>\n<p data-start=\"472\" data-end=\"756\">T\u00e4nu uuenduslikule <strong data-start=\"491\" data-end=\"520\">GravityFed\u2122 s\u00f6es\u00fcsteemile<\/strong> liigub s\u00fcsi automaatselt p\u00f5lemiskambrisse, tagades stabiilse kuumuse kogu k\u00fcpsetusprotsessi v\u00e4ltel. Digitaalne juhtpaneel koos WiFi-\u00fchendusega v\u00f5imaldab temperatuuri seadistada ja j\u00e4lgida nii otse seadmel kui ka mobiilirakenduse kaudu.<\/p>\n<p data-start=\"758\" data-end=\"1025\">Grill saavutab kiiresti soovitud temperatuuri ning hoiab selle t\u00e4pselt kontrolli all t\u00e4nu <strong data-start=\"848\" data-end=\"877\">DigitalFan\u2122 tehnoloogiale<\/strong>, mis reguleerib \u00f5huvoolu vastavalt vajadusele. See teeb v\u00f5imalikuks nii aeglase suitsutamise kui ka v\u00e4ga k\u00f5rgel kuumusel grillimise kuni 370 \u00b0C-ni.<\/p>\n<p data-start=\"1027\" data-end=\"1246\">800 mudel pakub eriti suurt paindlikkust \u2013 lisaks klassikalistele malmrestidele on seadmel ka <strong data-start=\"1121\" data-end=\"1165\">t\u00e4ispikk eemaldatav grillplaat (griddle)<\/strong>, mis v\u00f5imaldab valmistada hommikus\u00f6\u00f6ke, burgereid ja fajitasid otse \u00fchel pinnal.<\/p>\n<p data-start=\"1248\" data-end=\"1367\">Suur k\u00fcpsetuspind ja nutikas disain teevad sellest ideaalse valiku nii pere\u00fcritusteks kui ka suuremateks grillpidudeks.<\/p>\n<h5 data-section-id=\"1y4hasx\" data-start=\"1374\" data-end=\"1398\"><strong>Peamised eelised:<\/strong><\/h5>\n<ul data-start=\"1399\" data-end=\"1855\">\n<li data-section-id=\"mpojal\" data-start=\"1399\" data-end=\"1467\">Digitaalne temperatuuri juhtimine WiFi ja mobiilirakenduse kaudu<\/li>\n<li data-section-id=\"qg471a\" data-start=\"1468\" data-end=\"1525\">GravityFed\u2122 automaatne s\u00f6etoide stabiilseks kuumuseks<\/li>\n<li data-section-id=\"1nn8ti3\" data-start=\"1526\" data-end=\"1588\">Lai temperatuurivahemik: suitsutamisest kuni 700\u00b0F \/ 370\u00b0C<\/li>\n<li data-section-id=\"sqvppm\" data-start=\"1589\" data-end=\"1636\">V\u00e4ga suur <strong>5160 cm\u00b2 k\u00fcpsetuspind<\/strong><\/li>\n<li data-section-id=\"wnae06\" data-start=\"1637\" data-end=\"1694\">Eemaldatav t\u00e4ispikk grillplaat (griddle) + malmrestid<\/li>\n<li data-section-id=\"e5v1id\" data-start=\"1695\" data-end=\"1763\">Sobib grillimiseks, suitsutamiseks, k\u00fcpsetamiseks ja r\u00f6stimiseks<\/li>\n<li data-section-id=\"1ebnn\" data-start=\"1764\" data-end=\"1816\">Kiire kuumenemine ja t\u00e4pne temperatuuri hoidmine<\/li>\n<li data-section-id=\"pavcns\" data-start=\"1817\" data-end=\"1855\">Tugev ja vastupidav konstruktsioon<\/li>\n<\/ul>\n<h5 data-start=\"1323\" data-end=\"1459\">See grill sobib igale grillimise ja suitsutamise entusiastile, kes otsib mugavat ja multifunktsionaalset lahendust oma v\u00e4lik\u00f6\u00f6ki v\u00f5i \u00f5uealale.<\/h5>\n<p><img loading=\"lazy\" decoding=\"async\" class=\"wp-image-2882\" src=\"http:\/\/tammetorubbq.ee\/wp-content\/uploads\/2025\/04\/Masterbuilt-logo-300x195.gif\" alt=\"Masterbuilt \" width=\"171\" height=\"111\" srcset=\"https:\/\/tammetorubbq.ee\/wp-content\/uploads\/2025\/04\/Masterbuilt-logo-300x195.gif 300w, https:\/\/tammetorubbq.ee\/wp-content\/uploads\/2025\/04\/Masterbuilt-logo-18x12.gif 18w, https:\/\/tammetorubbq.ee\/wp-content\/uploads\/2025\/04\/Masterbuilt-logo-600x391.gif 600w, https:\/\/tammetorubbq.ee\/wp-content\/uploads\/2025\/04\/Masterbuilt-logo-64x42.gif 64w\" sizes=\"auto, (max-width: 171px) 100vw, 171px\" \/><\/p>\n<p><a href=\"https:\/\/tammetorubbq.ee\/lv\/maksajiet-velak\/\"><strong>P\u0112RCIET TAGAD, MAKS\u0100JIET V\u0112L\u0100K<\/strong><\/a>\u00a0- bez procentiem!<\/p>\n<p><img loading=\"lazy\" decoding=\"async\" class=\"alignnone wp-image-2646\" src=\"http:\/\/tammetorubbq.ee\/wp-content\/uploads\/2023\/12\/inbank-wordmark.png\" alt=\"Inbank\" width=\"169\" height=\"76\" srcset=\"https:\/\/tammetorubbq.ee\/wp-content\/uploads\/2023\/12\/inbank-wordmark.png 300w, https:\/\/tammetorubbq.ee\/wp-content\/uploads\/2023\/12\/inbank-wordmark-18x8.png 18w, https:\/\/tammetorubbq.ee\/wp-content\/uploads\/2023\/12\/inbank-wordmark-64x29.png 64w\" sizes=\"auto, (max-width: 169px) 100vw, 169px\" \/><\/p>\n<p>M\u0113s pied\u0101v\u0101jam ar\u012b iesp\u0113ju maks\u0101t v\u0113l\u0101k - vien\u0101, div\u0101s vai trij\u0101s vien\u0101d\u0101s da\u013c\u0101s bez procentiem vai papildu maksas.<\/p>\n<p>M\u016bsu iepirkumu groz\u0101 varat atrast da\u017e\u0101das maks\u0101jumu iesp\u0113jas.<\/p>","protected":false},"featured_media":2883,"comment_status":"open","ping_status":"closed","template":"","meta":{"_uf_show_specific_survey":0,"_uf_disable_surveys":false},"pwb-brand":[380],"product_brand":[379],"product_cat":[57,169],"product_tag":[77,142,78,76],"class_list":{"0":"post-2881","1":"product","2":"type-product","3":"status-publish","4":"has-post-thumbnail","6":"pwb-brand-masterbuilt","7":"product_brand-masterbuilt","8":"product_cat-bbq-suitsuahjud","9":"product_cat-soegrillid","10":"product_tag-bbq-ahi","11":"product_tag-masterbuilt","12":"product_tag-soegrill","13":"product_tag-suitsuahi","15":"first","16":"instock","17":"taxable","18":"shipping-taxable","19":"purchasable","20":"product-type-simple"},"brands":[{"id":380,"name":"Masterbuilt","slug":"masterbuilt"}],"_links":{"self":[{"href":"https:\/\/tammetorubbq.ee\/lv\/wp-json\/wp\/v2\/product\/2881","targetHints":{"allow":["GET"]}}],"collection":[{"href":"https:\/\/tammetorubbq.ee\/lv\/wp-json\/wp\/v2\/product"}],"about":[{"href":"https:\/\/tammetorubbq.ee\/lv\/wp-json\/wp\/v2\/types\/product"}],"replies":[{"embeddable":true,"href":"https:\/\/tammetorubbq.ee\/lv\/wp-json\/wp\/v2\/comments?post=2881"}],"wp:featuredmedia":[{"embeddable":true,"href":"https:\/\/tammetorubbq.ee\/lv\/wp-json\/wp\/v2\/media\/2883"}],"wp:attachment":[{"href":"https:\/\/tammetorubbq.ee\/lv\/wp-json\/wp\/v2\/media?parent=2881"}],"wp:term":[{"taxonomy":"pwb-brand","embeddable":true,"href":"https:\/\/tammetorubbq.ee\/lv\/wp-json\/wp\/v2\/pwb-brand?post=2881"},{"taxonomy":"product_brand","embeddable":true,"href":"https:\/\/tammetorubbq.ee\/lv\/wp-json\/wp\/v2\/product_brand?post=2881"},{"taxonomy":"product_cat","embeddable":true,"href":"https:\/\/tammetorubbq.ee\/lv\/wp-json\/wp\/v2\/product_cat?post=2881"},{"taxonomy":"product_tag","embeddable":true,"href":"https:\/\/tammetorubbq.ee\/lv\/wp-json\/wp\/v2\/product_tag?post=2881"}],"curies":[{"name":"wp","href":"https:\/\/api.w.org\/{rel}","templated":true}]}}