{"id":2946,"date":"2025-04-11T16:32:00","date_gmt":"2025-04-11T13:32:00","guid":{"rendered":"https:\/\/tammetorubbq.ee\/?post_type=product&#038;p=2946"},"modified":"2026-04-15T06:00:07","modified_gmt":"2026-04-15T03:00:07","slug":"kalts-katai-ar-kokanuga-205cm","status":"publish","type":"product","link":"https:\/\/tammetorubbq.ee\/lv\/product-2\/kalts-katai-ar-kokanuga-205cm\/","title":{"rendered":"Forged KATAI kokanuga 20,5cm"},"content":{"rendered":"<p class=\"\" data-start=\"136\" data-end=\"378\"><strong data-start=\"136\" data-end=\"147\">Ra\u017eot\u0101js:<\/strong> Autentiskais dz\u012bves stils<br data-start=\"172\" data-end=\"175\" \/><strong data-start=\"175\" data-end=\"192\">Izcelsmes valsts:<\/strong> N\u012bderlande<br data-start=\"200\" data-end=\"203\" \/><strong data-start=\"203\" data-end=\"217\">Preces kods:<\/strong> KatKoksmes<br data-start=\"228\" data-end=\"231\" \/><strong data-start=\"231\" data-end=\"243\" data-is-only-node=\"\">Caredus:<\/strong> 60 HRC (Rockwell skala)<br data-start=\"275\" data-end=\"278\" \/><strong data-start=\"278\" data-end=\"294\">Asme\u0146a garums:<\/strong> 20,5 cm<br data-start=\"302\" data-end=\"305\" \/><strong data-start=\"305\" data-end=\"321\">Graudu biezums:<\/strong> 2,5 mm<br data-start=\"328\" data-end=\"331\" \/><strong data-start=\"331\" data-end=\"347\">Nor\u0101d\u012b\u0161anas le\u0146\u0137is:<\/strong> 18\u00b0<br data-start=\"351\" data-end=\"354\" \/><strong data-start=\"354\" data-end=\"367\">Garantija:<\/strong> 2 gadi<\/p>\n<p class=\"\" data-start=\"380\" data-end=\"428\"><strong>Piez\u012bme: nazi nedr\u012bkst mazg\u0101t trauku mazg\u0101jamaj\u0101 ma\u0161\u012bn\u0101.<\/strong><\/p>\n<p class=\"\" data-start=\"430\" data-end=\"545\"><strong data-start=\"430\" data-end=\"447\">Papildu garantija:<\/strong> <em data-start=\"448\" data-end=\"474\">Autentiskais dz\u012bves stils<\/em> sniedz 10 gadu garantiju na\u017ea materi\u0101lam un izgatavo\u0161anas kvalit\u0101tei.<\/p>","protected":false},"excerpt":{"rendered":"<p class=\"\" data-start=\"134\" data-end=\"190\"><strong data-start=\"134\" data-end=\"190\">Kalti KATAI trauki - unikalit\u0101te katr\u0101 deta\u013c\u0101<\/strong><\/p>\n<p class=\"\" data-start=\"192\" data-end=\"605\">KATAI virtuves piederumu kl\u0101stu iedvesmo vi\u013c\u0146otas formas, kas eleganti ieaustas asme\u0146a un roktura dizain\u0101. Katrs asmens ir piln\u012bb\u0101 ar rok\u0101m kalts no piecsl\u0101\u0146aina jap\u0101\u0146u VG10 t\u0113rauda, kas nodro\u0161ina izcilu iztur\u012bbu un grie\u0161anas asu precizit\u0101ti. Papildus tradicion\u0101lajam \u0101muri\u0146am na\u017eiem ir veikta ar\u012b papildu apdare ar smalku \u0101muri\u0146u, pie\u0161\u0137irot na\u017eiem smalku tekst\u016bru un unik\u0101lu vizu\u0101lo raksturu.<\/p>\n<p class=\"\" data-start=\"607\" data-end=\"915\">Rokturis ir izgatavots no dab\u012bgas sak\u0146u koksnes, pild\u012bts ar sve\u0137iem, pres\u0113ts un r\u016bp\u012bgi veidots. Rezult\u0101ts katru reizi ir \u012bpa\u0161s - katrs nazis at\u0161\u0137iras p\u0113c apdares, izm\u0113ra, kr\u0101sas un koka fakt\u016bras raksta.<\/p>\n<p class=\"\" data-start=\"607\" data-end=\"915\">Tas nav tikai instruments - t\u0101 ir simbioze starp amatniec\u012bbu un dizainu.<\/p>\n<p data-start=\"607\" data-end=\"915\"><strong>Visvair\u0101k apbalvotais nazis KATAI kolekcij\u0101!<\/strong> 2020. gad\u0101 tas ieguva presti\u017eo RED DOT balvu gatavo\u0161anas r\u012bku kategorij\u0101! Par RED DOT balv\u0101m sacent\u0101s 6500 produktu no vair\u0101k nek\u0101 60 valst\u012bm. Neatkar\u012bga \u017e\u016brija, kas pulc\u0113jas jau 65 gadus, izv\u0113las uzvar\u0113t\u0101jus, pamatojoties uz to vizu\u0101lo pievilc\u012bbu, funkcionalit\u0101ti, ori\u0123in\u0101lo dizainu, inov\u0101cij\u0101m, izmantotajiem materi\u0101liem un ra\u017eo\u0161anas izcil\u012bbu.<\/p>\n<p data-start=\"607\" data-end=\"915\">Skat\u012bt ar\u012b: <a href=\"https:\/\/tammetorubbq.ee\/lv\/product-2\/kaltas-adas-bultas-uzgalis-kokanoa-205-cm\/\">Kaltas \u0101das na\u017ea kr\u016bze kokanoalei - 20,5 cm<\/a><\/p>\n<p><img loading=\"lazy\" decoding=\"async\" class=\"wp-image-2962\" src=\"http:\/\/tammetorubbq.ee\/wp-content\/uploads\/2025\/04\/Forged-KATAI-logo-211x300.png\" alt=\"Kalts KATAI logotips\" width=\"102\" height=\"145\" srcset=\"https:\/\/tammetorubbq.ee\/wp-content\/uploads\/2025\/04\/Forged-KATAI-logo-211x300.png 211w, https:\/\/tammetorubbq.ee\/wp-content\/uploads\/2025\/04\/Forged-KATAI-logo-8x12.png 8w, https:\/\/tammetorubbq.ee\/wp-content\/uploads\/2025\/04\/Forged-KATAI-logo-64x91.png 64w, https:\/\/tammetorubbq.ee\/wp-content\/uploads\/2025\/04\/Forged-KATAI-logo.png 229w\" sizes=\"auto, (max-width: 102px) 100vw, 102px\" \/><\/p>","protected":false},"featured_media":5532,"comment_status":"open","ping_status":"closed","template":"","meta":{"_uf_show_specific_survey":0,"_uf_disable_surveys":false},"pwb-brand":[156],"product_brand":[],"product_cat":[27],"product_tag":[157,315],"class_list":{"0":"post-2946","1":"product","2":"type-product","3":"status-publish","4":"has-post-thumbnail","6":"pwb-brand-forged","7":"product_cat-noad","8":"product_tag-forged","9":"product_tag-kokanuga","11":"first","12":"instock","13":"taxable","14":"shipping-taxable","15":"purchasable","16":"product-type-simple"},"brands":[{"id":156,"name":"Kalts","slug":"kalts"}],"_links":{"self":[{"href":"https:\/\/tammetorubbq.ee\/lv\/wp-json\/wp\/v2\/product\/2946","targetHints":{"allow":["GET"]}}],"collection":[{"href":"https:\/\/tammetorubbq.ee\/lv\/wp-json\/wp\/v2\/product"}],"about":[{"href":"https:\/\/tammetorubbq.ee\/lv\/wp-json\/wp\/v2\/types\/product"}],"replies":[{"embeddable":true,"href":"https:\/\/tammetorubbq.ee\/lv\/wp-json\/wp\/v2\/comments?post=2946"}],"wp:featuredmedia":[{"embeddable":true,"href":"https:\/\/tammetorubbq.ee\/lv\/wp-json\/wp\/v2\/media\/5532"}],"wp:attachment":[{"href":"https:\/\/tammetorubbq.ee\/lv\/wp-json\/wp\/v2\/media?parent=2946"}],"wp:term":[{"taxonomy":"pwb-brand","embeddable":true,"href":"https:\/\/tammetorubbq.ee\/lv\/wp-json\/wp\/v2\/pwb-brand?post=2946"},{"taxonomy":"product_brand","embeddable":true,"href":"https:\/\/tammetorubbq.ee\/lv\/wp-json\/wp\/v2\/product_brand?post=2946"},{"taxonomy":"product_cat","embeddable":true,"href":"https:\/\/tammetorubbq.ee\/lv\/wp-json\/wp\/v2\/product_cat?post=2946"},{"taxonomy":"product_tag","embeddable":true,"href":"https:\/\/tammetorubbq.ee\/lv\/wp-json\/wp\/v2\/product_tag?post=2946"}],"curies":[{"name":"wp","href":"https:\/\/api.w.org\/{rel}","templated":true}]}}