{"id":2964,"date":"2025-04-11T17:20:22","date_gmt":"2025-04-11T14:20:22","guid":{"rendered":"https:\/\/tammetorubbq.ee\/?post_type=product&#038;p=2964"},"modified":"2026-04-08T23:00:08","modified_gmt":"2026-04-08T20:00:08","slug":"kaltas-adas-bultas-uzgalis-kokanoa-205-cm","status":"publish","type":"product","link":"https:\/\/tammetorubbq.ee\/lv\/product-2\/kaltas-adas-bultas-uzgalis-kokanoa-205-cm\/","title":{"rendered":"Kaltas \u0101das na\u017ea kr\u016bze kokanoalei - 20,5 cm"},"content":{"rendered":"<p><strong data-start=\"618\" data-end=\"629\">Ra\u017eot\u0101js:<\/strong> Autentiskais dz\u012bves stils<br data-start=\"654\" data-end=\"657\" \/><strong data-start=\"657\" data-end=\"674\">Izcelsmes valsts:<\/strong> N\u012bderlande<br data-start=\"682\" data-end=\"685\" \/><strong data-start=\"685\" data-end=\"698\">Materi\u0101ls:<\/strong> \u012bsta \u0101da<br data-start=\"709\" data-end=\"712\" \/><strong data-start=\"712\" data-end=\"721\">Kr\u0101sa:<\/strong> tum\u0161i br\u016bna ar meln\u0101m deta\u013c\u0101m<\/p>","protected":false},"excerpt":{"rendered":"<p class=\"\" data-start=\"170\" data-end=\"365\">\u0100das aploksne <em data-start=\"184\" data-end=\"205\">\u0100das kalts \u0161efpav\u0101rs<\/em> ir \u012bpa\u0161i izstr\u0101d\u0101ts univers\u0101lajiem virtuves traukiem STYLE DE VIE.<\/p>\n<p class=\"\" data-start=\"367\" data-end=\"616\">No augstas kvalit\u0101tes \u0101das izgatavots na\u017eu tur\u0113t\u0101js nodro\u0161ina dro\u0161u glab\u0101\u0161anu un \u0113rtu transport\u0113\u0161anu.<\/p>\n<p class=\"\" data-start=\"367\" data-end=\"616\">Elegantaj\u0101 dizain\u0101 apvienota iztur\u012bba un stils, kas ir ide\u0101li piem\u0113rots ikdienas lieto\u0161anai gan m\u0101jas virtuv\u0113, gan profesion\u0101l\u0101 vid\u0113.<\/p>\n<p><img loading=\"lazy\" decoding=\"async\" class=\"wp-image-2962\" src=\"http:\/\/tammetorubbq.ee\/wp-content\/uploads\/2025\/04\/Forged-KATAI-logo-211x300.png\" alt=\"Kalts KATAI logotips\" width=\"99\" height=\"141\" srcset=\"https:\/\/tammetorubbq.ee\/wp-content\/uploads\/2025\/04\/Forged-KATAI-logo-211x300.png 211w, https:\/\/tammetorubbq.ee\/wp-content\/uploads\/2025\/04\/Forged-KATAI-logo-8x12.png 8w, https:\/\/tammetorubbq.ee\/wp-content\/uploads\/2025\/04\/Forged-KATAI-logo-64x91.png 64w, https:\/\/tammetorubbq.ee\/wp-content\/uploads\/2025\/04\/Forged-KATAI-logo.png 229w\" sizes=\"auto, (max-width: 99px) 100vw, 99px\" \/><\/p>","protected":false},"featured_media":2965,"comment_status":"open","ping_status":"closed","template":"","meta":{"_uf_show_specific_survey":0,"_uf_disable_surveys":false},"pwb-brand":[156],"product_brand":[],"product_cat":[27],"product_tag":[157,155],"class_list":{"0":"post-2964","1":"product","2":"type-product","3":"status-publish","4":"has-post-thumbnail","6":"pwb-brand-forged","7":"product_cat-noad","8":"product_tag-forged","9":"product_tag-noad","11":"first","12":"instock","13":"taxable","14":"shipping-taxable","15":"purchasable","16":"product-type-simple"},"brands":[{"id":156,"name":"Kalts","slug":"kalts"}],"_links":{"self":[{"href":"https:\/\/tammetorubbq.ee\/lv\/wp-json\/wp\/v2\/product\/2964","targetHints":{"allow":["GET"]}}],"collection":[{"href":"https:\/\/tammetorubbq.ee\/lv\/wp-json\/wp\/v2\/product"}],"about":[{"href":"https:\/\/tammetorubbq.ee\/lv\/wp-json\/wp\/v2\/types\/product"}],"replies":[{"embeddable":true,"href":"https:\/\/tammetorubbq.ee\/lv\/wp-json\/wp\/v2\/comments?post=2964"}],"wp:featuredmedia":[{"embeddable":true,"href":"https:\/\/tammetorubbq.ee\/lv\/wp-json\/wp\/v2\/media\/2965"}],"wp:attachment":[{"href":"https:\/\/tammetorubbq.ee\/lv\/wp-json\/wp\/v2\/media?parent=2964"}],"wp:term":[{"taxonomy":"pwb-brand","embeddable":true,"href":"https:\/\/tammetorubbq.ee\/lv\/wp-json\/wp\/v2\/pwb-brand?post=2964"},{"taxonomy":"product_brand","embeddable":true,"href":"https:\/\/tammetorubbq.ee\/lv\/wp-json\/wp\/v2\/product_brand?post=2964"},{"taxonomy":"product_cat","embeddable":true,"href":"https:\/\/tammetorubbq.ee\/lv\/wp-json\/wp\/v2\/product_cat?post=2964"},{"taxonomy":"product_tag","embeddable":true,"href":"https:\/\/tammetorubbq.ee\/lv\/wp-json\/wp\/v2\/product_tag?post=2964"}],"curies":[{"name":"wp","href":"https:\/\/api.w.org\/{rel}","templated":true}]}}