{"id":2975,"date":"2025-04-14T20:40:57","date_gmt":"2025-04-14T17:40:57","guid":{"rendered":"https:\/\/tammetorubbq.ee\/?post_type=product&#038;p=2975"},"modified":"2026-04-17T05:00:33","modified_gmt":"2026-04-17T02:00:33","slug":"galas-baznica-holy-voodoo-rub-396g","status":"publish","type":"product","link":"https:\/\/tammetorubbq.ee\/lv\/product-2\/galas-baznica-holy-voodoo-rub-396g\/","title":{"rendered":"Meat Church Holy Voodoo Rub 396g"},"content":{"rendered":"<p>Sast\u0101vs: s\u0101ls, cukurs, cukurs, br\u016bnais cukurs, gar\u0161vielas (tostarp paprika), kalt\u0113ti \u0137iploki, kalt\u0113ta jalape\u00f1o, n\u0101trija glutam\u0101ts, kalt\u0113ti s\u012bpoli un rap\u0161u e\u013c\u013ca.<\/p>\n<p>Bez lipek\u013ca.<\/p>","protected":false},"excerpt":{"rendered":"<p class=\"\" data-start=\"0\" data-end=\"260\">Koge dienvidu re\u0123iona gar\u0161u sp\u0113ks <strong data-start=\"26\" data-end=\"53\">Ga\u013cas bazn\u012bca Holy Voodoo<\/strong> gar\u0161vielas!<\/p>\n<p class=\"\" data-start=\"0\" data-end=\"260\">\u0160is BBQ gar\u0161vielu mais\u012bjums, kas radies, iedvesmojoties no tradicion\u0101l\u0101s Kaijunas virtuves, apvieno bag\u0101t\u012bgas pikant\u0101s gar\u0161vielas ar maigu jalape\u00f1o asumu, padarot to par daudzpus\u012bgu papildin\u0101jumu visda\u017e\u0101d\u0101kajiem \u0113dieniem.<\/p>\n<p class=\"\" data-start=\"262\" data-end=\"427\">Holy Voodoo smalk\u0101 tekst\u016bra ir ide\u0101li piem\u0113rota m\u0101jputnu ga\u013cai, c\u016bkga\u013cas ribi\u0146\u0101m, d\u0101rze\u0146iem un daudziem citiem \u0113dieniem, nodro\u0161inot vienm\u0113r\u012bgu p\u0101rkl\u0101jumu un dzi\u013cu gar\u0161u katr\u0101 \u0113diena k\u0101rpi\u0146\u0101.<\/p>\n<p class=\"\" data-start=\"429\" data-end=\"700\">Neatkar\u012bgi no t\u0101, vai k\u016bpin\u0101t t\u012btaru, cepat vistas ga\u013cu vai gril\u0113jat d\u0101rze\u0146us, \u0161is bezglut\u0113na mais\u012bjums jebkuram \u0113dienam pie\u0161\u0137irs dzirksto\u0161u un autentisku dienvidu gar\u0161u.<br data-start=\"581\" data-end=\"584\" \/>Holy Voodoo ir ide\u0101li piem\u0113rots jebkurai vietai, kas nov\u0113rt\u0113 \u012bstu dienvidu BBQ pieredzi.<\/p>\n<ul>\n<li>Patiesa kajaunie\u0161u stila gar\u0161as pieredze.<\/li>\n<li>Ide\u0101li piem\u0113rots m\u0101jputnu ga\u013cai, c\u016bkga\u013cas ribi\u0146\u0101m, d\u0101rze\u0146iem un citiem izstr\u0101d\u0101jumiem.<\/li>\n<li>\u012apa\u0161i labi der uz cepta un k\u016bpin\u0101ta t\u012btara.<\/li>\n<\/ul>\n<p><img loading=\"lazy\" decoding=\"async\" class=\"wp-image-1702\" src=\"https:\/\/tammetorubbq.ee\/wp-content\/uploads\/2024\/02\/Meat-Church-logo-scaled-300x300.webp\" alt=\"Ga\u013cas bazn\u012bcas logotips\" width=\"206\" height=\"206\" srcset=\"https:\/\/tammetorubbq.ee\/wp-content\/uploads\/2024\/02\/Meat-Church-logo-scaled-300x300.webp 300w, https:\/\/tammetorubbq.ee\/wp-content\/uploads\/2024\/02\/Meat-Church-logo-scaled-1024x1024.webp 1024w, https:\/\/tammetorubbq.ee\/wp-content\/uploads\/2024\/02\/Meat-Church-logo-scaled-150x150.webp 150w, https:\/\/tammetorubbq.ee\/wp-content\/uploads\/2024\/02\/Meat-Church-logo-scaled-768x768.webp 768w, https:\/\/tammetorubbq.ee\/wp-content\/uploads\/2024\/02\/Meat-Church-logo-scaled-1536x1536.webp 1536w, https:\/\/tammetorubbq.ee\/wp-content\/uploads\/2024\/02\/Meat-Church-logo-scaled-2048x2048.webp 2048w, https:\/\/tammetorubbq.ee\/wp-content\/uploads\/2024\/02\/Meat-Church-logo-scaled-12x12.webp 12w, https:\/\/tammetorubbq.ee\/wp-content\/uploads\/2024\/02\/Meat-Church-logo-scaled-600x600.webp 600w, https:\/\/tammetorubbq.ee\/wp-content\/uploads\/2024\/02\/Meat-Church-logo-scaled-64x64.webp 64w\" sizes=\"auto, (max-width: 206px) 100vw, 206px\" \/><\/p>","protected":false},"featured_media":2976,"comment_status":"open","ping_status":"closed","template":"","meta":{"_uf_show_specific_survey":0,"_uf_disable_surveys":false},"pwb-brand":[96],"product_brand":[382],"product_cat":[21],"product_tag":[118,120,114],"class_list":{"0":"post-2975","1":"product","2":"type-product","3":"status-publish","4":"has-post-thumbnail","6":"pwb-brand-meat-church","7":"product_brand-meat-church","8":"product_cat-maitseainesegud","9":"product_tag-kanaliha","10":"product_tag-mereannid","11":"product_tag-sealiha","13":"first","14":"outofstock","15":"taxable","16":"shipping-taxable","17":"purchasable","18":"product-type-simple"},"brands":[{"id":96,"name":"Ga\u013cas bazn\u012bca","slug":"meat-church"}],"_links":{"self":[{"href":"https:\/\/tammetorubbq.ee\/lv\/wp-json\/wp\/v2\/product\/2975","targetHints":{"allow":["GET"]}}],"collection":[{"href":"https:\/\/tammetorubbq.ee\/lv\/wp-json\/wp\/v2\/product"}],"about":[{"href":"https:\/\/tammetorubbq.ee\/lv\/wp-json\/wp\/v2\/types\/product"}],"replies":[{"embeddable":true,"href":"https:\/\/tammetorubbq.ee\/lv\/wp-json\/wp\/v2\/comments?post=2975"}],"wp:featuredmedia":[{"embeddable":true,"href":"https:\/\/tammetorubbq.ee\/lv\/wp-json\/wp\/v2\/media\/2976"}],"wp:attachment":[{"href":"https:\/\/tammetorubbq.ee\/lv\/wp-json\/wp\/v2\/media?parent=2975"}],"wp:term":[{"taxonomy":"pwb-brand","embeddable":true,"href":"https:\/\/tammetorubbq.ee\/lv\/wp-json\/wp\/v2\/pwb-brand?post=2975"},{"taxonomy":"product_brand","embeddable":true,"href":"https:\/\/tammetorubbq.ee\/lv\/wp-json\/wp\/v2\/product_brand?post=2975"},{"taxonomy":"product_cat","embeddable":true,"href":"https:\/\/tammetorubbq.ee\/lv\/wp-json\/wp\/v2\/product_cat?post=2975"},{"taxonomy":"product_tag","embeddable":true,"href":"https:\/\/tammetorubbq.ee\/lv\/wp-json\/wp\/v2\/product_tag?post=2975"}],"curies":[{"name":"wp","href":"https:\/\/api.w.org\/{rel}","templated":true}]}}