{"id":2980,"date":"2025-04-14T21:04:11","date_gmt":"2025-04-14T18:04:11","guid":{"rendered":"https:\/\/tammetorubbq.ee\/?post_type=product&#038;p=2980"},"modified":"2026-05-12T15:00:06","modified_gmt":"2026-05-12T12:00:06","slug":"killer-hogs-karsta-merce-bbq-pasta-360g","status":"publish","type":"product","link":"https:\/\/tammetorubbq.ee\/lv\/toode\/killer-hogs-hot-sauce-bbq-kaste-360g\/","title":{"rendered":"Killer Hogs Hot Sauce BBQ m\u0113rce 360g"},"content":{"rendered":"<p><strong>Sast\u0101vda\u013cas<\/strong>: raudz\u0113tu piparu pasta, eti\u0137is, \u0137iploki, s\u0101ls, celulozes sve\u0137i, sarkanais kr\u0101sviela F.D.&amp;C. 40.<\/p>\n<p>&nbsp;<\/p>\n<p><strong>Malcolm Reed of Killer Hogs koment\u0101rs...<\/strong><\/p>\n<p class=\"\" data-start=\"0\" data-end=\"130\"><strong data-start=\"0\" data-end=\"31\">KONKURSA KLASES KARST\u0100 M\u0112RCE<\/strong> - \u0160o m\u0113rci rada un izmanto m\u016bsu godalgotais <em data-start=\"83\" data-end=\"113\">Killer Hogs \u010dempion\u0101ts BBQ<\/em> komanda.<\/p>\n<p class=\"\" data-start=\"132\" data-end=\"358\"><strong data-start=\"132\" data-end=\"163\">ATZ\u012aTS UN AUGSTI NOV\u0112RT\u0112TS<\/strong> - \u0160o m\u0113rci esam gatavoju\u0161i vair\u0101k nek\u0101 10 gadus, nos\u016bt\u012bju\u0161i desmitiem t\u016bksto\u0161u pude\u013cu vis\u0101 ASV un iepriecin\u0101ju\u0161i gan profesion\u0101lus BBQ meistarus, gan hobiju pav\u0101rus un m\u0101jas b\u0101rbekj\u016b entuziastus.<\/p>\n<p class=\"\" data-start=\"360\" data-end=\"590\"><strong data-start=\"360\" data-end=\"398\">LABI P\u0100RDOM\u0100TS STABILS IZN\u0100KUMS.<\/strong> - M\u0113s esam izstr\u0101d\u0101ju\u0161i \u0161o pikanto m\u0113rci \u012bpa\u0161i, lai jums neb\u016btu j\u0101uztraucas par pikantuma l\u012bdzsvaru - varat b\u016bt p\u0101rliecin\u0101ti, ka t\u0101 katru reizi sniegs vienm\u0113r sp\u0113c\u012bgu un gardu baud\u012bjumu.<\/p>\n<p class=\"\" data-start=\"804\" data-end=\"936\">","protected":false},"excerpt":{"rendered":"<p class=\"\" data-start=\"153\" data-end=\"199\"><strong data-start=\"153\" data-end=\"199\">Killer Hogs \u0137iploku piparu as\u0101 m\u0113rce.<\/strong><\/p>\n<p class=\"\" data-start=\"201\" data-end=\"296\">Malkolms R\u012bds zina, k\u0101 dienvidos pie\u0161\u0137irt gar\u0161u, un \u0161\u012b m\u0113rce tai pie\u0161\u0137ir tie\u0161i t\u0101du gar\u0161u!<\/p>\n<p class=\"\" data-start=\"298\" data-end=\"561\">Ide\u0101la izv\u0113le, ja v\u0113laties jebkuram \u0113dienam pie\u0161\u0137irt pikantu piesk\u0101rienu. M\u0113rci gatavo no nogatavin\u0101tiem sarkanajiem pipariem ar sk\u0101b\u0101 eti\u0137a piedevu un maigu \u0137iploku piegar\u0161u - t\u0101 ir viena no gard\u0101kaj\u0101m pikantaj\u0101m m\u0113rc\u0113m, k\u0101du jebkad n\u0101cies nogar\u0161ot.<\/p>\n<p class=\"\" data-start=\"563\" data-end=\"674\">Ne p\u0101r\u0101k ugun\u012bgs - tie\u0161i piem\u0113rots ikdienas baud\u012b\u0161anai. Killer Hogs to sauc vienk\u0101r\u0161i par \"\u0113\u0161anas m\u0113rci\".<\/p>\n<p><strong>Piez\u012bme<\/strong>: \u0161im produktam nav beidzies der\u012bguma termi\u0146\u0161, bet p\u0113c aptuveni diviem gadiem t\u0101 efektivit\u0101te var nedaudz samazin\u0101ties.<\/p>\n<p><img loading=\"lazy\" decoding=\"async\" class=\"wp-image-2335\" src=\"http:\/\/tammetorubbq.ee\/wp-content\/uploads\/2024\/12\/Killer-Hogs-logo-300x300.webp\" alt=\"Killer hogs logo\" width=\"129\" height=\"129\" srcset=\"https:\/\/tammetorubbq.ee\/wp-content\/uploads\/2024\/12\/Killer-Hogs-logo-300x300.webp 300w, https:\/\/tammetorubbq.ee\/wp-content\/uploads\/2024\/12\/Killer-Hogs-logo-150x150.webp 150w, https:\/\/tammetorubbq.ee\/wp-content\/uploads\/2024\/12\/Killer-Hogs-logo-768x768.webp 768w, https:\/\/tammetorubbq.ee\/wp-content\/uploads\/2024\/12\/Killer-Hogs-logo-12x12.webp 12w, https:\/\/tammetorubbq.ee\/wp-content\/uploads\/2024\/12\/Killer-Hogs-logo-600x600.webp 600w, https:\/\/tammetorubbq.ee\/wp-content\/uploads\/2024\/12\/Killer-Hogs-logo-64x64.webp 64w, https:\/\/tammetorubbq.ee\/wp-content\/uploads\/2024\/12\/Killer-Hogs-logo.webp 800w\" sizes=\"auto, (max-width: 129px) 100vw, 129px\" \/><\/p>","protected":false},"featured_media":2982,"comment_status":"open","ping_status":"closed","template":"","meta":{"_uf_show_specific_survey":0,"_uf_disable_surveys":false},"pwb-brand":[103],"product_brand":[],"product_cat":[22],"product_tag":[118,159,158,114,122],"class_list":{"0":"post-2980","1":"product","2":"type-product","3":"status-publish","4":"has-post-thumbnail","6":"pwb-brand-killer-hogs-bbq","7":"product_cat-kastmed-ja-marinaadid","8":"product_tag-kanaliha","9":"product_tag-kanatiivad","10":"product_tag-killer-hogs","11":"product_tag-sealiha","12":"product_tag-searibi","14":"first","15":"outofstock","16":"taxable","17":"shipping-taxable","18":"purchasable","19":"product-type-simple"},"brands":[{"id":103,"name":"Killer Hogs BBQ","slug":"killer-hogs-bbq"}],"_links":{"self":[{"href":"https:\/\/tammetorubbq.ee\/lv\/wp-json\/wp\/v2\/product\/2980","targetHints":{"allow":["GET"]}}],"collection":[{"href":"https:\/\/tammetorubbq.ee\/lv\/wp-json\/wp\/v2\/product"}],"about":[{"href":"https:\/\/tammetorubbq.ee\/lv\/wp-json\/wp\/v2\/types\/product"}],"replies":[{"embeddable":true,"href":"https:\/\/tammetorubbq.ee\/lv\/wp-json\/wp\/v2\/comments?post=2980"}],"wp:featuredmedia":[{"embeddable":true,"href":"https:\/\/tammetorubbq.ee\/lv\/wp-json\/wp\/v2\/media\/2982"}],"wp:attachment":[{"href":"https:\/\/tammetorubbq.ee\/lv\/wp-json\/wp\/v2\/media?parent=2980"}],"wp:term":[{"taxonomy":"pwb-brand","embeddable":true,"href":"https:\/\/tammetorubbq.ee\/lv\/wp-json\/wp\/v2\/pwb-brand?post=2980"},{"taxonomy":"product_brand","embeddable":true,"href":"https:\/\/tammetorubbq.ee\/lv\/wp-json\/wp\/v2\/product_brand?post=2980"},{"taxonomy":"product_cat","embeddable":true,"href":"https:\/\/tammetorubbq.ee\/lv\/wp-json\/wp\/v2\/product_cat?post=2980"},{"taxonomy":"product_tag","embeddable":true,"href":"https:\/\/tammetorubbq.ee\/lv\/wp-json\/wp\/v2\/product_tag?post=2980"}],"curies":[{"name":"wp","href":"https:\/\/api.w.org\/{rel}","templated":true}]}}