{"id":2993,"date":"2025-04-14T21:32:08","date_gmt":"2025-04-14T18:32:08","guid":{"rendered":"https:\/\/tammetorubbq.ee\/?post_type=product&#038;p=2993"},"modified":"2026-04-14T18:00:06","modified_gmt":"2026-04-14T15:00:06","slug":"plowboys-tarheel-tang-bbq-merce-512g","status":"publish","type":"product","link":"https:\/\/tammetorubbq.ee\/lv\/product-2\/plowboys-tarheel-tang-bbq-merce-512g\/","title":{"rendered":"Plowboys Tarheel Tang BBQ m\u0113rce 512g"},"content":{"rendered":"<p>Sast\u0101vs: \u016bdens, kukur\u016bzas s\u012brups, \u0101bolu sidra eti\u0137is, destil\u0113ts eti\u0137is, tom\u0101tu pasta, kukur\u016bzas s\u012brups ar augstu fruktozes saturu, s\u0101ls, habanero pipari (sarkanie habanero pipari un s\u0101ls), gar\u0161vielas (tostarp \u010dilli pipari un sinepes), kalt\u0113ti s\u012bpoli.<\/p>","protected":false},"excerpt":{"rendered":"<p class=\"\" data-start=\"0\" data-end=\"54\"><strong data-start=\"0\" data-end=\"54\">Plowboys Tarheel Tang - Karol\u012bnas stila BBQ m\u0113rce!<\/strong><\/p>\n<p class=\"\" data-start=\"56\" data-end=\"252\">Plowboys BBQ ir rad\u012bju\u0161i \u0161o \u012bpa\u0161o Karol\u012bnas stila m\u0113rci, kur\u0101 saldums apvienots ar pat\u012bkamu eti\u0137a piegar\u0161u, kas beidzas ar vieglu d\u016bmu piegar\u0161u.<\/p>\n<p class=\"\" data-start=\"254\" data-end=\"395\">Tarheel Tang ir lielisks papildin\u0101jums c\u016bkga\u013cas un vistas ga\u013cas \u0113dieniem - tas ir k\u0101 Karol\u012bnas BBQ, bet bez ce\u013cojumiem un muitas!<\/p>\n<p class=\"\" data-start=\"397\" data-end=\"633\">Ja jums pat\u012bk saldsk\u0101b\u0101 un sk\u0101b\u0101 gar\u0161a ar nedaudz d\u016bmakainu p\u0113cgar\u0161u, \u0161\u012b m\u0113rce var\u0113tu k\u013c\u016bt tikpat nepiecie\u0161ama k\u0101 pats grila \u0113diens.<\/p>\n<p class=\"\" data-start=\"397\" data-end=\"633\">Un, hei, vai j\u016bs tie\u0161\u0101m varat tam pretoties? M\u0113s tev neuzticamies, ja tu nem\u0113\u0123ini!<\/p>\n<p data-start=\"397\" data-end=\"633\">","protected":false},"featured_media":3014,"comment_status":"open","ping_status":"closed","template":"","meta":{"_uf_show_specific_survey":0,"_uf_disable_surveys":false},"pwb-brand":[79],"product_brand":[],"product_cat":[22],"product_tag":[118,114],"class_list":{"0":"post-2993","1":"product","2":"type-product","3":"status-publish","4":"has-post-thumbnail","6":"pwb-brand-plowboys","7":"product_cat-kastmed-ja-marinaadid","8":"product_tag-kanaliha","9":"product_tag-sealiha","11":"first","12":"instock","13":"taxable","14":"shipping-taxable","15":"purchasable","16":"product-type-simple"},"brands":[{"id":79,"name":"Plowboy's","slug":"plowboys"}],"_links":{"self":[{"href":"https:\/\/tammetorubbq.ee\/lv\/wp-json\/wp\/v2\/product\/2993","targetHints":{"allow":["GET"]}}],"collection":[{"href":"https:\/\/tammetorubbq.ee\/lv\/wp-json\/wp\/v2\/product"}],"about":[{"href":"https:\/\/tammetorubbq.ee\/lv\/wp-json\/wp\/v2\/types\/product"}],"replies":[{"embeddable":true,"href":"https:\/\/tammetorubbq.ee\/lv\/wp-json\/wp\/v2\/comments?post=2993"}],"wp:featuredmedia":[{"embeddable":true,"href":"https:\/\/tammetorubbq.ee\/lv\/wp-json\/wp\/v2\/media\/3014"}],"wp:attachment":[{"href":"https:\/\/tammetorubbq.ee\/lv\/wp-json\/wp\/v2\/media?parent=2993"}],"wp:term":[{"taxonomy":"pwb-brand","embeddable":true,"href":"https:\/\/tammetorubbq.ee\/lv\/wp-json\/wp\/v2\/pwb-brand?post=2993"},{"taxonomy":"product_brand","embeddable":true,"href":"https:\/\/tammetorubbq.ee\/lv\/wp-json\/wp\/v2\/product_brand?post=2993"},{"taxonomy":"product_cat","embeddable":true,"href":"https:\/\/tammetorubbq.ee\/lv\/wp-json\/wp\/v2\/product_cat?post=2993"},{"taxonomy":"product_tag","embeddable":true,"href":"https:\/\/tammetorubbq.ee\/lv\/wp-json\/wp\/v2\/product_tag?post=2993"}],"curies":[{"name":"wp","href":"https:\/\/api.w.org\/{rel}","templated":true}]}}