{"id":2996,"date":"2025-04-14T21:52:50","date_gmt":"2025-04-14T18:52:50","guid":{"rendered":"https:\/\/tammetorubbq.ee\/?post_type=product&#038;p=2996"},"modified":"2026-04-15T03:00:08","modified_gmt":"2026-04-15T00:00:08","slug":"ao-omg-cukgalas-injekcijas-cuku-tauki-500g","status":"publish","type":"product","link":"https:\/\/tammetorubbq.ee\/lv\/product-2\/ao-omg-cukgalas-injekcijas-cuku-tauki-500g\/","title":{"rendered":"A&amp;O OMG C\u016bkga\u013cas injekcija (injekcija) 500g"},"content":{"rendered":"<p class=\"\" data-start=\"0\" data-end=\"58\">Sast\u0101vs: kukur\u016bzas ciete, maltodekstr\u012bns, s\u0101ls, stabilizatori (difosf\u0101ti E450), gar\u0161as pastiprin\u0101t\u0101js E621, dab\u012bgs aromatiz\u0113t\u0101js, r\u012bsu milti, hidroliz\u0113ts augu prote\u012bns, gar\u0161vielu ekstrakts, gar\u0161augu ekstrakts.<\/p>","protected":false},"excerpt":{"rendered":"<p>Angus&amp;Oink OMG Pork Injection (\u0161\u0137\u012bdums injekcij\u0101m).<\/p>\n<p class=\"\" data-start=\"0\" data-end=\"96\">Sagatavots, lai pastiprin\u0101tu ga\u013cas gar\u0161u un saglab\u0101tu t\u0101s sul\u012bgumu ilgsto\u0161as gatavo\u0161anas laik\u0101.<\/p>\n<p class=\"\" data-start=\"98\" data-end=\"225\">Ide\u0101la izv\u0113le sacens\u012bbu griliem un nopietnai gril\u0113\u0161anai, kur katrs papildu punkts sniedz papildu gar\u0161u un sul\u012bgu gar\u0161u!<\/p>\n<p data-start=\"98\" data-end=\"225\">Maisot var izmantot sulas, kas labi sader ar c\u016bkga\u013cu, piem\u0113ram, \u0101bolu sulu, \u013coti labi der ar\u012b persiku sula.<\/p>\n<p data-start=\"98\" data-end=\"225\"><strong>Ja v\u0113laties, lai tiesne\u0161i (vai j\u016bsu draugi) piepe\u0161i aizr\u012bkojas jau p\u0113c pirm\u0101 k\u0101ruma - \u0161is ir tas, kas jums nepiecie\u0161ams!<\/strong><\/p>\n<p data-start=\"98\" data-end=\"225\"><img loading=\"lazy\" decoding=\"async\" class=\"alignnone wp-image-279\" src=\"http:\/\/tammetorubbq.ee\/wp-content\/uploads\/2023\/11\/Angus-Oink.png\" alt=\"\" width=\"132\" height=\"132\" srcset=\"https:\/\/tammetorubbq.ee\/wp-content\/uploads\/2023\/11\/Angus-Oink.png 225w, https:\/\/tammetorubbq.ee\/wp-content\/uploads\/2023\/11\/Angus-Oink-150x150.png 150w, https:\/\/tammetorubbq.ee\/wp-content\/uploads\/2023\/11\/Angus-Oink-12x12.png 12w, https:\/\/tammetorubbq.ee\/wp-content\/uploads\/2023\/11\/Angus-Oink-64x64.png 64w\" sizes=\"auto, (max-width: 132px) 100vw, 132px\" \/><\/p>","protected":false},"featured_media":2997,"comment_status":"open","ping_status":"closed","template":"","meta":{"_uf_show_specific_survey":0,"_uf_disable_surveys":false},"pwb-brand":[105],"product_brand":[],"product_cat":[22],"product_tag":[114],"class_list":{"0":"post-2996","1":"product","2":"type-product","3":"status-publish","4":"has-post-thumbnail","6":"pwb-brand-angus-oink","7":"product_cat-kastmed-ja-marinaadid","8":"product_tag-sealiha","10":"first","11":"outofstock","12":"taxable","13":"shipping-taxable","14":"purchasable","15":"product-type-simple"},"brands":[{"id":105,"name":"Angus &amp; Oink","slug":"angus-oink"}],"_links":{"self":[{"href":"https:\/\/tammetorubbq.ee\/lv\/wp-json\/wp\/v2\/product\/2996","targetHints":{"allow":["GET"]}}],"collection":[{"href":"https:\/\/tammetorubbq.ee\/lv\/wp-json\/wp\/v2\/product"}],"about":[{"href":"https:\/\/tammetorubbq.ee\/lv\/wp-json\/wp\/v2\/types\/product"}],"replies":[{"embeddable":true,"href":"https:\/\/tammetorubbq.ee\/lv\/wp-json\/wp\/v2\/comments?post=2996"}],"wp:featuredmedia":[{"embeddable":true,"href":"https:\/\/tammetorubbq.ee\/lv\/wp-json\/wp\/v2\/media\/2997"}],"wp:attachment":[{"href":"https:\/\/tammetorubbq.ee\/lv\/wp-json\/wp\/v2\/media?parent=2996"}],"wp:term":[{"taxonomy":"pwb-brand","embeddable":true,"href":"https:\/\/tammetorubbq.ee\/lv\/wp-json\/wp\/v2\/pwb-brand?post=2996"},{"taxonomy":"product_brand","embeddable":true,"href":"https:\/\/tammetorubbq.ee\/lv\/wp-json\/wp\/v2\/product_brand?post=2996"},{"taxonomy":"product_cat","embeddable":true,"href":"https:\/\/tammetorubbq.ee\/lv\/wp-json\/wp\/v2\/product_cat?post=2996"},{"taxonomy":"product_tag","embeddable":true,"href":"https:\/\/tammetorubbq.ee\/lv\/wp-json\/wp\/v2\/product_tag?post=2996"}],"curies":[{"name":"wp","href":"https:\/\/api.w.org\/{rel}","templated":true}]}}