{"id":3008,"date":"2025-04-14T22:32:20","date_gmt":"2025-04-14T19:32:20","guid":{"rendered":"https:\/\/tammetorubbq.ee\/?post_type=product&#038;p=3008"},"modified":"2026-04-15T02:00:05","modified_gmt":"2026-04-14T23:00:05","slug":"jds-xxtra-hot-medus-habanero-medus-350g","status":"publish","type":"product","link":"https:\/\/tammetorubbq.ee\/lv\/product-2\/jds-xxtra-hot-medus-habanero-medus-350g\/","title":{"rendered":"JD`s Xxtra HOT Honey Habanero mesi 260g"},"content":{"rendered":"<p class=\"\" data-start=\"0\" data-end=\"108\"><strong data-start=\"0\" data-end=\"16\">Sast\u0101vda\u013cas:<\/strong> medus, habanero \u010dilli pipari (satur s\u0101li, eti\u0137sk\u0101bi), brendija eti\u0137is, dab\u012bgs aromatiz\u0113t\u0101js.<\/p>\n<p class=\"\" data-start=\"110\" data-end=\"151\"><strong data-start=\"110\" data-end=\"149\">Tipisk\u0101 uzturv\u0113rt\u012bba 100 g:<\/strong><\/p>\n<ul data-start=\"152\" data-end=\"311\" data-is-last-node=\"\" data-is-only-node=\"\">\n<li class=\"\" data-start=\"152\" data-end=\"183\">\n<p class=\"\" data-start=\"154\" data-end=\"183\">Ener\u0123ija: 296 kcal \/ 1241 kJ<\/p>\n<\/li>\n<li class=\"\" data-start=\"184\" data-end=\"242\">\n<p class=\"\" data-start=\"186\" data-end=\"242\">Tauki: 0,0 g<br data-start=\"197\" data-end=\"200\" \/>- tostarp pies\u0101tin\u0101t\u0101s tauksk\u0101bes: 0,0 g<\/p>\n<\/li>\n<li class=\"\" data-start=\"243\" data-end=\"295\">\n<p class=\"\" data-start=\"245\" data-end=\"295\">Og\u013chidr\u0101ti: 77,0 g<br data-start=\"264\" data-end=\"267\" \/>- no tiem cukura: 76,6 g<\/p>\n<\/li>\n<li class=\"\" data-start=\"296\" data-end=\"311\">\n<p class=\"\" data-start=\"298\" data-end=\"311\">Olbaltumvielas: 0,4 g<\/p>\n<\/li>\n<\/ul>","protected":false},"excerpt":{"rendered":"<p data-start=\"313\" data-end=\"518\">Pamatojoties uz JD`s ori\u0123in\u0101l\u0101 mais\u012bjuma pan\u0101kumiem, tagad tas ir k\u013cuvis v\u0113l karst\u0101ks - tikai tiem, kas to sp\u0113j iztur\u0113t! JD rakstur\u012bgais saldais medus mais\u012bjums tagad ir sajaukts ar ugun\u012bgu habanero uzl\u0113jumu un \u010dilli gabali\u0146iem - rezult\u0101ts ir \u0161\u0101ds. <strong data-start=\"230\" data-end=\"254\">XXTRA pikants mais\u012bjums<\/strong>kas j\u016bsu gar\u0161as k\u0101rpi\u0146as pacels pavisam jaun\u0101 l\u012bmen\u012b.<\/p>\n<p class=\"\" data-start=\"313\" data-end=\"518\">Saldums vienm\u0113r n\u0101k pirmais, bet p\u0113c tam \"karstums\" s\u0101k l\u0113n\u0101m pieaugt, pateicoties sp\u0113c\u012bg\u0101kai habanero \u010dilli gar\u0161ai.<\/p>\n<p class=\"\" data-start=\"313\" data-end=\"518\">Tas nav tikai \"suts sharp\", tas ir k\u0101 \u010dilli, kas saka: \"Ei, vai esi \u0161ovakar br\u012bvs?\" \ud83d\ude08<\/p>\n<p class=\"\" data-start=\"520\" data-end=\"986\">\ud83d\udca5 Perfekta m\u0113rce, ja v\u0113laties pielikt k\u0101rt\u012bgu karstuma devu:<br data-start=\"580\" data-end=\"583\" \/>\ud83c\udf2e Lai tacos b\u016btu ne tikai gar\u0161\u012bgi, bet ar\u012b \u013coti pikanti.<br data-start=\"662\" data-end=\"665\" \/>\ud83c\udf55 Pic\u0101m, lai katrs gabali\u0146\u0161 b\u016btu k\u0101 ugun\u012bga deja j\u016bsu gar\u0161as k\u0101rpi\u0146\u0101s.<br data-start=\"728\" data-end=\"731\" \/>\ud83c\udf54 Burgeriem, lai pat kotletes s\u0101ktu nedaudz sv\u012bst.<br data-start=\"792\" data-end=\"795\" \/>\ud83d\udc1f Par smar\u017eu, lai pat vi\u0146\u0161 zin\u0101tu, ko noz\u012bm\u0113 \"karsts\".<br data-start=\"851\" data-end=\"854\" \/>\ud83e\udd61 Vokiroogam, lai tu neaizmirstu, ka dz\u012bv\u0113 ir karsti br\u012b\u017ei.<br data-start=\"918\" data-end=\"921\" \/>\ud83d\udd25 BBQ, jo k\u0101p\u0113c gan grill\u0113\u0161anu nepadar\u012bt velni\u0161\u0137\u012bgi jautru!<\/p>\n<p class=\"\" data-start=\"988\" data-end=\"1119\">...vai k\u0101ds jums pat\u012bk ugun\u012bgs! Ja j\u016bsu m\u0113le nekr\u012bt \u0101r\u0101, j\u016bs, iesp\u0113jams, jau esat labs kandid\u0101ts.<\/p>\n<p data-start=\"988\" data-end=\"1119\"><img loading=\"lazy\" decoding=\"async\" class=\"alignnone size-full wp-image-3002\" src=\"http:\/\/tammetorubbq.ee\/wp-content\/uploads\/2025\/04\/JDs-logo.avif\" alt=\"\" width=\"120\" height=\"105\" srcset=\"https:\/\/tammetorubbq.ee\/wp-content\/uploads\/2025\/04\/JDs-logo.avif 120w, https:\/\/tammetorubbq.ee\/wp-content\/uploads\/2025\/04\/JDs-logo-14x12.avif 14w, https:\/\/tammetorubbq.ee\/wp-content\/uploads\/2025\/04\/JDs-logo-64x56.avif 64w\" sizes=\"auto, (max-width: 120px) 100vw, 120px\" \/><\/p>","protected":false},"featured_media":6464,"comment_status":"open","ping_status":"closed","template":"","meta":{"_uf_show_specific_survey":0,"_uf_disable_surveys":false},"pwb-brand":[160],"product_brand":[],"product_cat":[22],"product_tag":[192,163,118,159,161,164],"class_list":{"0":"post-3008","1":"product","2":"type-product","3":"status-publish","4":"has-post-thumbnail","6":"pwb-brand-jds","7":"product_cat-kastmed-ja-marinaadid","8":"product_tag-jds","9":"product_tag-kala","10":"product_tag-kanaliha","11":"product_tag-kanatiivad","12":"product_tag-pizza","13":"product_tag-vokiroog","15":"first","16":"instock","17":"taxable","18":"shipping-taxable","19":"purchasable","20":"product-type-simple"},"brands":[{"id":160,"name":"JD`s","slug":"jds"}],"_links":{"self":[{"href":"https:\/\/tammetorubbq.ee\/lv\/wp-json\/wp\/v2\/product\/3008","targetHints":{"allow":["GET"]}}],"collection":[{"href":"https:\/\/tammetorubbq.ee\/lv\/wp-json\/wp\/v2\/product"}],"about":[{"href":"https:\/\/tammetorubbq.ee\/lv\/wp-json\/wp\/v2\/types\/product"}],"replies":[{"embeddable":true,"href":"https:\/\/tammetorubbq.ee\/lv\/wp-json\/wp\/v2\/comments?post=3008"}],"wp:featuredmedia":[{"embeddable":true,"href":"https:\/\/tammetorubbq.ee\/lv\/wp-json\/wp\/v2\/media\/6464"}],"wp:attachment":[{"href":"https:\/\/tammetorubbq.ee\/lv\/wp-json\/wp\/v2\/media?parent=3008"}],"wp:term":[{"taxonomy":"pwb-brand","embeddable":true,"href":"https:\/\/tammetorubbq.ee\/lv\/wp-json\/wp\/v2\/pwb-brand?post=3008"},{"taxonomy":"product_brand","embeddable":true,"href":"https:\/\/tammetorubbq.ee\/lv\/wp-json\/wp\/v2\/product_brand?post=3008"},{"taxonomy":"product_cat","embeddable":true,"href":"https:\/\/tammetorubbq.ee\/lv\/wp-json\/wp\/v2\/product_cat?post=3008"},{"taxonomy":"product_tag","embeddable":true,"href":"https:\/\/tammetorubbq.ee\/lv\/wp-json\/wp\/v2\/product_tag?post=3008"}],"curies":[{"name":"wp","href":"https:\/\/api.w.org\/{rel}","templated":true}]}}