{"id":3070,"date":"2025-04-28T21:49:38","date_gmt":"2025-04-28T18:49:38","guid":{"rendered":"https:\/\/tammetorubbq.ee\/?post_type=product&#038;p=3070"},"modified":"2026-04-17T07:00:12","modified_gmt":"2026-04-17T04:00:12","slug":"heath-riles-vienkarss-citrusauglu-berzejums-340g","status":"publish","type":"product","link":"https:\/\/tammetorubbq.ee\/lv\/product-2\/heath-riles-vienkarss-citrusauglu-berzejums-340g\/","title":{"rendered":"Heath Riles Vienk\u0101r\u0161s citrusaug\u013cu berz\u0113jums 340g"},"content":{"rendered":"<p>Sast\u0101vs: s\u0101ls, cukurs, n\u0101trija glutam\u0101ts, gar\u0161vielas, kalt\u0113ti \u0137iploki, citronsk\u0101be, kristaliz\u0113ts citrons (citronu e\u013c\u013ca, citronu sula), citronu mizas pulveris, rafin\u0113ta sojas e\u013c\u013ca, kurkuma ekstrakts, dab\u012bgs aromatiz\u0113t\u0101js un maz\u0101k nek\u0101 2% trikalcija fosf\u0101ta, lai nov\u0113rstu sabiez\u0113\u0161anu.<\/p>","protected":false},"excerpt":{"rendered":"<p><strong data-start=\"63\" data-end=\"96\">Heath Riles Vienk\u0101r\u0161a citrusaug\u013cu berz\u0113\u0161ana<\/strong> ir svaigs un pikants gar\u0161vielu mais\u012bjums, kas \u0113dieniem pie\u0161\u0137ir t\u012bras citrusaug\u013cu notis. \u0160is labi sabalans\u0113tais mais\u012bjums ir lieliski piem\u0113rots vistas ga\u013cai, ziv\u012bm, ribi\u0146\u0101m, garnel\u0113m un d\u0101rze\u0146iem, nodro\u0161inot spilgtu un sul\u012bgu gar\u0161u. Ide\u0101li piem\u0113rots gril\u0113\u0161anai, cep\u0161anai cepe\u0161kr\u0101sn\u012b vai vieglam gar\u0161vielu pagatavo\u0161anai.<\/p>\n<p><strong data-start=\"402\" data-end=\"414\">\ud83d\udca1 Profesion\u0101\u013cu padoms:<\/strong> pam\u0113\u0123iniet to uz zivs - j\u016bs neno\u017e\u0113losiet!<\/p>\n<p><img loading=\"lazy\" decoding=\"async\" class=\"alignnone wp-image-5481\" src=\"https:\/\/tammetorubbq.ee\/wp-content\/uploads\/2024\/02\/Heath-Riles-Logo-SQ-300x300.png\" alt=\"\" width=\"204\" height=\"204\" srcset=\"https:\/\/tammetorubbq.ee\/wp-content\/uploads\/2024\/02\/Heath-Riles-Logo-SQ-300x300.png 300w, https:\/\/tammetorubbq.ee\/wp-content\/uploads\/2024\/02\/Heath-Riles-Logo-SQ-150x150.png 150w, https:\/\/tammetorubbq.ee\/wp-content\/uploads\/2024\/02\/Heath-Riles-Logo-SQ-768x768.png 768w, https:\/\/tammetorubbq.ee\/wp-content\/uploads\/2024\/02\/Heath-Riles-Logo-SQ-12x12.png 12w, https:\/\/tammetorubbq.ee\/wp-content\/uploads\/2024\/02\/Heath-Riles-Logo-SQ-600x600.png 600w, https:\/\/tammetorubbq.ee\/wp-content\/uploads\/2024\/02\/Heath-Riles-Logo-SQ-64x64.png 64w, https:\/\/tammetorubbq.ee\/wp-content\/uploads\/2024\/02\/Heath-Riles-Logo-SQ.png 1000w\" sizes=\"auto, (max-width: 204px) 100vw, 204px\" \/><\/p>","protected":false},"featured_media":3071,"comment_status":"open","ping_status":"closed","template":"","meta":{"_uf_show_specific_survey":0,"_uf_disable_surveys":false},"pwb-brand":[84],"product_brand":[],"product_cat":[21],"product_tag":[347,163,118,121,170,120],"class_list":{"0":"post-3070","1":"product","2":"type-product","3":"status-publish","4":"has-post-thumbnail","6":"pwb-brand-heath-riles","7":"product_cat-maitseainesegud","8":"product_tag-heath-riles","9":"product_tag-kala","10":"product_tag-kanaliha","11":"product_tag-koogiviljad","12":"product_tag-krevetid","13":"product_tag-mereannid","15":"first","16":"instock","17":"taxable","18":"shipping-taxable","19":"purchasable","20":"product-type-simple"},"brands":[{"id":84,"name":"Heath Riles","slug":"heath-riles"}],"_links":{"self":[{"href":"https:\/\/tammetorubbq.ee\/lv\/wp-json\/wp\/v2\/product\/3070","targetHints":{"allow":["GET"]}}],"collection":[{"href":"https:\/\/tammetorubbq.ee\/lv\/wp-json\/wp\/v2\/product"}],"about":[{"href":"https:\/\/tammetorubbq.ee\/lv\/wp-json\/wp\/v2\/types\/product"}],"replies":[{"embeddable":true,"href":"https:\/\/tammetorubbq.ee\/lv\/wp-json\/wp\/v2\/comments?post=3070"}],"wp:featuredmedia":[{"embeddable":true,"href":"https:\/\/tammetorubbq.ee\/lv\/wp-json\/wp\/v2\/media\/3071"}],"wp:attachment":[{"href":"https:\/\/tammetorubbq.ee\/lv\/wp-json\/wp\/v2\/media?parent=3070"}],"wp:term":[{"taxonomy":"pwb-brand","embeddable":true,"href":"https:\/\/tammetorubbq.ee\/lv\/wp-json\/wp\/v2\/pwb-brand?post=3070"},{"taxonomy":"product_brand","embeddable":true,"href":"https:\/\/tammetorubbq.ee\/lv\/wp-json\/wp\/v2\/product_brand?post=3070"},{"taxonomy":"product_cat","embeddable":true,"href":"https:\/\/tammetorubbq.ee\/lv\/wp-json\/wp\/v2\/product_cat?post=3070"},{"taxonomy":"product_tag","embeddable":true,"href":"https:\/\/tammetorubbq.ee\/lv\/wp-json\/wp\/v2\/product_tag?post=3070"}],"curies":[{"name":"wp","href":"https:\/\/api.w.org\/{rel}","templated":true}]}}