{"id":3084,"date":"2025-04-28T22:21:24","date_gmt":"2025-04-28T19:21:24","guid":{"rendered":"https:\/\/tammetorubbq.ee\/?post_type=product&#038;p=3084"},"modified":"2026-04-15T03:00:19","modified_gmt":"2026-04-15T00:00:19","slug":"tuffy-stone-sweet-rub-340g","status":"publish","type":"product","link":"https:\/\/tammetorubbq.ee\/lv\/product-2\/tuffy-stone-sweet-rub-340g\/","title":{"rendered":"Tuffy Stone Sweet Rub 340g"},"content":{"rendered":"<p><strong data-start=\"88\" data-end=\"104\">Sast\u0101vda\u013cas: <\/strong>cukurs, s\u0101ls, br\u016bnais cukurs, paprika, \u0137iploku pulveris, s\u012bpolu pulveris, gar\u0161vielas, melnie pipari, seleriju pulveris, dab\u012bg\u0101s gar\u0161vielas, sil\u012bcija dioks\u012bds (lai nov\u0113rstu sabiez\u0113\u0161anu).<\/p>","protected":false},"excerpt":{"rendered":"<p class=\"\" data-start=\"91\" data-end=\"363\"><strong data-start=\"91\" data-end=\"116\">Tuffy Stone Sweet Rub<\/strong> tas ir labi sabalans\u0113ts mais\u012bjums ar bag\u0101t\u012bgu gar\u0161as profilu, kas apvieno maigu saldumu, vieglu s\u0101\u013cumu un smalku pikantumu. \u0160o sm\u0113rvielu ir \u012bpa\u0161i izstr\u0101d\u0101ju\u0161i gril\u0113\u0161anas meistari, lai izceltu ga\u013cas dabisk\u0101s gar\u0161as, t\u0101s nep\u0101rsp\u012bl\u0113jot.<\/p>\n<p class=\"\" data-start=\"365\" data-end=\"630\">Tuffy Stone Sweet Rub ir lieliski piem\u0113rots c\u016bkga\u013cas, vistas ga\u013cas, ribi\u0146u un pat d\u0101rze\u0146u gar\u0161vielu pagatavo\u0161anai, radot skaistu karame\u013cu garozu un dzi\u013cu, mut\u0113 k\u0101rdino\u0161u gar\u0161u. Neatkar\u012bgi no t\u0101, vai izmantojat grilu, k\u016bpin\u0101t\u0101ju vai cepe\u0161kr\u0101sni, \u0161\u012b berz\u0113 pal\u012bdz\u0113s jums sasniegt perfektu rezult\u0101tu.<\/p>\n<p class=\"\" data-start=\"632\" data-end=\"769\"><strong data-start=\"632\" data-end=\"644\">\ud83d\udca1 Profesion\u0101\u013cu padoms:<\/strong> Lietojiet to uz ribi\u0146\u0101m vai c\u016bkga\u013cas \u0161\u0137\u0113l\u0113s, lai pan\u0101ktu perfektu salduma un pikantuma l\u012bdzsvaru un izceltu katru k\u0101rumu.<\/p>\n<p><img loading=\"lazy\" decoding=\"async\" class=\"wp-image-2029\" src=\"http:\/\/tammetorubbq.ee\/wp-content\/uploads\/2024\/11\/Tuffy-Stone-Logo-300x300.webp\" alt=\"Tuffy Stone logotips\" width=\"170\" height=\"170\" srcset=\"https:\/\/tammetorubbq.ee\/wp-content\/uploads\/2024\/11\/Tuffy-Stone-Logo-300x300.webp 300w, https:\/\/tammetorubbq.ee\/wp-content\/uploads\/2024\/11\/Tuffy-Stone-Logo-150x150.webp 150w, https:\/\/tammetorubbq.ee\/wp-content\/uploads\/2024\/11\/Tuffy-Stone-Logo-768x768.webp 768w, https:\/\/tammetorubbq.ee\/wp-content\/uploads\/2024\/11\/Tuffy-Stone-Logo-12x12.webp 12w, https:\/\/tammetorubbq.ee\/wp-content\/uploads\/2024\/11\/Tuffy-Stone-Logo-600x600.webp 600w, https:\/\/tammetorubbq.ee\/wp-content\/uploads\/2024\/11\/Tuffy-Stone-Logo-64x64.webp 64w, https:\/\/tammetorubbq.ee\/wp-content\/uploads\/2024\/11\/Tuffy-Stone-Logo.webp 1000w\" sizes=\"auto, (max-width: 170px) 100vw, 170px\" \/><\/p>","protected":false},"featured_media":3085,"comment_status":"open","ping_status":"closed","template":"","meta":{"_uf_show_specific_survey":0,"_uf_disable_surveys":false},"pwb-brand":[171],"product_brand":[],"product_cat":[21],"product_tag":[118,121,166,114,122],"class_list":{"0":"post-3084","1":"product","2":"type-product","3":"status-publish","4":"has-post-thumbnail","6":"pwb-brand-tuffy-stone","7":"product_cat-maitseainesegud","8":"product_tag-kanaliha","9":"product_tag-koogiviljad","10":"product_tag-rebitudliha","11":"product_tag-sealiha","12":"product_tag-searibi","14":"first","15":"instock","16":"taxable","17":"shipping-taxable","18":"purchasable","19":"product-type-simple"},"brands":[{"id":171,"name":"Tuffy Stone","slug":"tuffy-stone"}],"_links":{"self":[{"href":"https:\/\/tammetorubbq.ee\/lv\/wp-json\/wp\/v2\/product\/3084","targetHints":{"allow":["GET"]}}],"collection":[{"href":"https:\/\/tammetorubbq.ee\/lv\/wp-json\/wp\/v2\/product"}],"about":[{"href":"https:\/\/tammetorubbq.ee\/lv\/wp-json\/wp\/v2\/types\/product"}],"replies":[{"embeddable":true,"href":"https:\/\/tammetorubbq.ee\/lv\/wp-json\/wp\/v2\/comments?post=3084"}],"wp:featuredmedia":[{"embeddable":true,"href":"https:\/\/tammetorubbq.ee\/lv\/wp-json\/wp\/v2\/media\/3085"}],"wp:attachment":[{"href":"https:\/\/tammetorubbq.ee\/lv\/wp-json\/wp\/v2\/media?parent=3084"}],"wp:term":[{"taxonomy":"pwb-brand","embeddable":true,"href":"https:\/\/tammetorubbq.ee\/lv\/wp-json\/wp\/v2\/pwb-brand?post=3084"},{"taxonomy":"product_brand","embeddable":true,"href":"https:\/\/tammetorubbq.ee\/lv\/wp-json\/wp\/v2\/product_brand?post=3084"},{"taxonomy":"product_cat","embeddable":true,"href":"https:\/\/tammetorubbq.ee\/lv\/wp-json\/wp\/v2\/product_cat?post=3084"},{"taxonomy":"product_tag","embeddable":true,"href":"https:\/\/tammetorubbq.ee\/lv\/wp-json\/wp\/v2\/product_tag?post=3084"}],"curies":[{"name":"wp","href":"https:\/\/api.w.org\/{rel}","templated":true}]}}