{"id":3088,"date":"2025-04-28T22:39:58","date_gmt":"2025-04-28T19:39:58","guid":{"rendered":"https:\/\/tammetorubbq.ee\/?post_type=product&#038;p=3088"},"modified":"2026-04-17T08:00:10","modified_gmt":"2026-04-17T05:00:10","slug":"napoleon-premium-14%e2%80%b3-gazes-grils","status":"publish","type":"product","link":"https:\/\/tammetorubbq.ee\/lv\/product-2\/napoleon-premium-14%e2%80%b3-gazes-grils\/","title":{"rendered":"Napoleon Premium 14\u2033 portat\u012bvais og\u013cu grils"},"content":{"rendered":"<p><strong data-start=\"74\" data-end=\"85\">Izm\u0113ri<\/strong>: (H \u00d7 L \u00d7 W): 45,7 \u00d7 35,6 \u00d7 35,6 cm.<br data-start=\"121\" data-end=\"124\" \/><strong data-start=\"124\" data-end=\"138\">Grillipind<\/strong>: ~ 920 cm\u00b2<br data-start=\"148\" data-end=\"151\" \/><strong data-start=\"151\" data-end=\"163\" data-is-only-node=\"\">Materi\u0101ls no<\/strong>: Emalj\u0113ts t\u0113rauds<\/p>\n<p class=\"\" data-start=\"86\" data-end=\"117\"><strong data-start=\"86\" data-end=\"117\">K\u0101p\u0113c izv\u0113l\u0113ties Napoleon Grill?<\/strong><\/p>\n<p class=\"\" data-start=\"119\" data-end=\"387\">Napoleon ir Kan\u0101das \u0123imenes vad\u012bts z\u012bmols, kas ir slavens ar savu kvalit\u0101ti un inov\u0101cij\u0101m. Jau gadu desmitiem Napoleon ir koncentr\u0113jies uz jaun\u0101ko gril\u0113\u0161anas un \u0101ra virtuves risin\u0101jumu izstr\u0101di, pied\u0101v\u0101jot produktus, kuriem uzticas pav\u0101ri vis\u0101 pasaul\u0113.<\/p>\n<p class=\"\" data-start=\"389\" data-end=\"770\">Katrs Napoleon grils ir izstr\u0101d\u0101ts t\u0101, lai nodro\u0161in\u0101tu prec\u012bzu karstuma kontroli, iztur\u012bgu konstrukciju un p\u0101rdom\u0101tu lieto\u0161anas \u0113rtumu. Z\u012bmola produktos apvienots m\u016bsdien\u012bgs dizains un praktiski risin\u0101jumi: ner\u016bs\u0113jo\u0161\u0101 t\u0113rauda deg\u013ci, \u010duguna grili, <strong data-start=\"632\" data-end=\"657\">JETFIRE\u2122 aizdedzes sist\u0113ma<\/strong>, <strong data-start=\"659\" data-end=\"686\">ACCU-PROBE\u2122 termometrs<\/strong> un p\u0101rdom\u0101ti uzglab\u0101\u0161anas risin\u0101jumi - viss, kas nepiecie\u0161ams, lai rad\u012btu perfektu gril\u0113\u0161anas pieredzi.<\/p>\n<p class=\"\" data-start=\"772\" data-end=\"1031\">Napoleon produktu portfelis apmierina visas vajadz\u012bbas - no kompaktiem portat\u012bviem mode\u013ciem l\u012bdz pilnfunkcion\u0101l\u0101m \u0101ra virtuv\u0113m. Ja nov\u0113rt\u0113jat uzticam\u012bbu, funkcionalit\u0101ti un daudzpus\u012bbu, Napoleon grili ir uzticams risin\u0101jums visa gada garum\u0101.<\/p>","protected":false},"excerpt":{"rendered":"<p class=\"\" data-start=\"104\" data-end=\"460\"><strong data-start=\"104\" data-end=\"150\">Napoleon Premium 14\u2033 portat\u012bvais og\u013cu grils<\/strong> ir ide\u0101ls risin\u0101jums, ja mekl\u0113jat augstas kvalit\u0101tes un kompaktu grilu maz\u0101kam d\u0101rzam, balkonam vai p\u0101rg\u0101jieniem un piknikiem. T\u0101 noapa\u013cotais diska formas korpuss un ieb\u016bv\u0113tais rokturis padara grilu viegli p\u0101rn\u0113s\u0101jamu. Sl\u0113dzamais v\u0101ks saglab\u0101 karstumu, t\u0101p\u0113c gril\u0113\u0161anas process ir prec\u012bzi kontrol\u0113ts.<\/p>\n<p class=\"\" data-start=\"462\" data-end=\"704\">Grilam ir regul\u0113jamas ventil\u0101cijas atveres, kas \u013cauj prec\u012bzi kontrol\u0113t k\u016bpin\u0101\u0161anu un gril\u0113\u0161anu, lai ieg\u016btu v\u0113lamo gar\u0161u un br\u016bnumu. Hrom\u0113t\u0101s grila restes ir viegli t\u012br\u0101mas un nodro\u0161ina nep\u0101rsp\u0113jamu grila kvalit\u0101ti.<\/p>\n<p class=\"\" data-start=\"706\" data-end=\"1172\"><strong data-start=\"706\" data-end=\"752\">P\u0101rdom\u0101ti risin\u0101jumi lietot\u0101ju \u0113rt\u012bb\u0101m:<\/strong><br data-start=\"752\" data-end=\"755\" \/>- <strong data-start=\"757\" data-end=\"777\">Kompakts dizains<\/strong> - ide\u0101li piem\u0113rots p\u0101rn\u0113s\u0101jam\u012bbai<br data-start=\"805\" data-end=\"808\" \/>- <strong data-start=\"810\" data-end=\"829\">Sl\u0113dzams v\u0101ks<\/strong> ar integr\u0113tu rokturi<br data-start=\"860\" data-end=\"863\" \/>- <strong data-start=\"865\" data-end=\"890\">Hrom\u0113ti re\u017e\u0123i<\/strong> - viegla kop\u0161ana un iedeguma rezult\u0101ti<br data-start=\"930\" data-end=\"933\" \/>- <strong data-start=\"935\" data-end=\"958\">Divda\u013c\u012bgs og\u013cu grozs<\/strong> - Piem\u0113rots gan tie\u0161ai, gan netie\u0161ai gril\u0113\u0161anai<br data-start=\"1005\" data-end=\"1008\" \/>- <strong data-start=\"1010\" data-end=\"1036\">Regul\u0113jamas gaisa atveres<\/strong> - prec\u012bza temperat\u016bras kontrole<br data-start=\"1065\" data-end=\"1068\" \/>- <strong data-start=\"1070\" data-end=\"1096\">Alum\u012bnija aizmugures pl\u0101ksne<\/strong> - viegli t\u012br\u0101ms<br data-start=\"1115\" data-end=\"1118\" \/>- <strong data-start=\"1120\" data-end=\"1147\">Pret r\u016bsu iztur\u012bga apdare<\/strong> - zem\u0101kas uztur\u0113\u0161anas vajadz\u012bbas.<\/p>\n<p><img loading=\"lazy\" decoding=\"async\" class=\"wp-image-2098\" src=\"http:\/\/tammetorubbq.ee\/wp-content\/uploads\/2024\/11\/napoleon-gas-grills-logo-vector-1-300x124.png\" alt=\"Napoleon g\u0101zes grili logo vektors\" width=\"167\" height=\"69\" srcset=\"https:\/\/tammetorubbq.ee\/wp-content\/uploads\/2024\/11\/napoleon-gas-grills-logo-vector-1-300x124.png 300w, https:\/\/tammetorubbq.ee\/wp-content\/uploads\/2024\/11\/napoleon-gas-grills-logo-vector-1-768x317.png 768w, https:\/\/tammetorubbq.ee\/wp-content\/uploads\/2024\/11\/napoleon-gas-grills-logo-vector-1-18x7.png 18w, https:\/\/tammetorubbq.ee\/wp-content\/uploads\/2024\/11\/napoleon-gas-grills-logo-vector-1-600x248.png 600w, https:\/\/tammetorubbq.ee\/wp-content\/uploads\/2024\/11\/napoleon-gas-grills-logo-vector-1-64x26.png 64w, https:\/\/tammetorubbq.ee\/wp-content\/uploads\/2024\/11\/napoleon-gas-grills-logo-vector-1.png 847w\" sizes=\"auto, (max-width: 167px) 100vw, 167px\" \/><\/p>","protected":false},"featured_media":3089,"comment_status":"open","ping_status":"closed","template":"","meta":{"_uf_show_specific_survey":0,"_uf_disable_surveys":false},"pwb-brand":[101],"product_brand":[],"product_cat":[169],"product_tag":[317,78],"class_list":{"0":"post-3088","1":"product","2":"type-product","3":"status-publish","4":"has-post-thumbnail","6":"pwb-brand-napoleon","7":"product_cat-soegrillid","8":"product_tag-napoleon-soegrill","9":"product_tag-soegrill","11":"first","12":"instock","13":"taxable","14":"shipping-taxable","15":"purchasable","16":"product-type-simple"},"brands":[{"id":101,"name":"Napoleons","slug":"napoleon"}],"_links":{"self":[{"href":"https:\/\/tammetorubbq.ee\/lv\/wp-json\/wp\/v2\/product\/3088","targetHints":{"allow":["GET"]}}],"collection":[{"href":"https:\/\/tammetorubbq.ee\/lv\/wp-json\/wp\/v2\/product"}],"about":[{"href":"https:\/\/tammetorubbq.ee\/lv\/wp-json\/wp\/v2\/types\/product"}],"replies":[{"embeddable":true,"href":"https:\/\/tammetorubbq.ee\/lv\/wp-json\/wp\/v2\/comments?post=3088"}],"wp:featuredmedia":[{"embeddable":true,"href":"https:\/\/tammetorubbq.ee\/lv\/wp-json\/wp\/v2\/media\/3089"}],"wp:attachment":[{"href":"https:\/\/tammetorubbq.ee\/lv\/wp-json\/wp\/v2\/media?parent=3088"}],"wp:term":[{"taxonomy":"pwb-brand","embeddable":true,"href":"https:\/\/tammetorubbq.ee\/lv\/wp-json\/wp\/v2\/pwb-brand?post=3088"},{"taxonomy":"product_brand","embeddable":true,"href":"https:\/\/tammetorubbq.ee\/lv\/wp-json\/wp\/v2\/product_brand?post=3088"},{"taxonomy":"product_cat","embeddable":true,"href":"https:\/\/tammetorubbq.ee\/lv\/wp-json\/wp\/v2\/product_cat?post=3088"},{"taxonomy":"product_tag","embeddable":true,"href":"https:\/\/tammetorubbq.ee\/lv\/wp-json\/wp\/v2\/product_tag?post=3088"}],"curies":[{"name":"wp","href":"https:\/\/api.w.org\/{rel}","templated":true}]}}