{"id":3091,"date":"2025-04-28T22:46:08","date_gmt":"2025-04-28T19:46:08","guid":{"rendered":"https:\/\/tammetorubbq.ee\/?post_type=product&#038;p=3091"},"modified":"2026-04-29T11:00:05","modified_gmt":"2026-04-29T08:00:05","slug":"napoleon-premium-18%e2%80%b3-47-cm-soegrils","status":"publish","type":"product","link":"https:\/\/tammetorubbq.ee\/lv\/toode\/napoleon-premium-18%e2%80%b3-47-cm-soegrill\/","title":{"rendered":"Napoleon Premium 18\u2033 (47 cm) kokog\u013cu grils"},"content":{"rendered":"<p><strong data-start=\"989\" data-end=\"1001\">Izm\u0113ri:<\/strong>\u00a0(H \u00d7 L \u00d7 W): 97,8 \u00d7 62,2 \u00d7 53,3 cm<br data-start=\"1036\" data-end=\"1039\" \/><strong data-start=\"1039\" data-end=\"1054\">Grillipind:<\/strong>\u00a0~1548 cm\u00b2<br data-start=\"1074\" data-end=\"1077\" \/><strong data-start=\"1118\" data-end=\"1131\">Materi\u0101ls:<\/strong>\u00a0emalj\u0113ts t\u0113rauds, ner\u016bs\u0113jo\u0161\u0101 t\u0113rauda deta\u013cas<\/p>\n<h3 class=\"\" data-start=\"285\" data-end=\"318\">K\u0101p\u0113c izv\u0113l\u0113ties Napoleon grilus?<\/h3>\n<p class=\"\" data-start=\"320\" data-end=\"703\">Ja mekl\u0113jat <strong data-start=\"330\" data-end=\"353\">kvalitat\u012bvs b\u0101rbekj\u016b<\/strong>, apvienojot uzticam\u012bbu, inov\u0101cijas un ilgu kalpo\u0161anas laiku, jums b\u016bs <strong data-start=\"421\" data-end=\"441\">Napoleon grili<\/strong> dro\u0161a izv\u0113le. <strong data-start=\"456\" data-end=\"468\">Napoleons<\/strong> ir Kan\u0101das \u0123imenes uz\u0146\u0113mums, kas jau vair\u0101k nek\u0101 40 gadus rada pasaules klases... <strong data-start=\"535\" data-end=\"568\">b\u0101rbekj\u016b un \u0101ra \u0113dienu gatavo\u0161anas risin\u0101jumi<\/strong>. Iztur\u012bga konstrukcija, prec\u012bza karstuma kontrole un p\u0101rdom\u0101tas deta\u013cas padara Napoleon par vienu no atz\u012bt\u0101kajiem z\u012bmoliem grila pasaul\u0113.<\/p>\n<p class=\"\" data-start=\"705\" data-end=\"1078\">Jebkur\u0161 <strong data-start=\"709\" data-end=\"727\">Napoleon grils<\/strong> - Neatkar\u012bgi no t\u0101, vai tas ir kokog\u013cu, g\u0101zes vai granulu grils, tas pied\u0101v\u0101 modernu dizainu un praktiskus risin\u0101jumus:<br data-start=\"819\" data-end=\"822\" \/>- <strong data-start=\"824\" data-end=\"857\">Ner\u016bs\u0113jo\u0161\u0101 t\u0113rauda deg\u013ci<\/strong><br data-start=\"857\" data-end=\"860\" \/>- <strong data-start=\"862\" data-end=\"885\">\u010cuguna grila restes<\/strong><br data-start=\"885\" data-end=\"888\" \/>- <strong data-start=\"890\" data-end=\"915\">JETFIRE\u2122 aizdedzes sist\u0113ma<\/strong> \u0101trai un vieglai aizdedzin\u0101\u0161anai<br data-start=\"947\" data-end=\"950\" data-is-only-node=\"\" \/>- <strong data-start=\"952\" data-end=\"979\">ACCU-PROBE\u2122 termometrs<\/strong> prec\u012bzai temperat\u016bras kontrolei<br data-start=\"1011\" data-end=\"1014\" \/>- <strong data-start=\"1016\" data-end=\"1042\">Gudri uzglab\u0101\u0161anas risin\u0101jumi<\/strong> lai nodro\u0161in\u0101tu optim\u0101lu telpas izmanto\u0161anu.<\/p>\n<p class=\"\" data-start=\"1080\" data-end=\"1257\"><strong data-start=\"1080\" data-end=\"1112\">Napoleon grilu kl\u0101sts<\/strong> s\u0101kot no kompaktiem portat\u012bviem mode\u013ciem l\u012bdz piln\u012bgiem risin\u0101jumiem. <strong data-start=\"1184\" data-end=\"1201\">uz virtuv\u0113m<\/strong>, piem\u0113rots gan pils\u0113tas dz\u012bvok\u013ciem, gan liel\u0101m teras\u0113m.<\/p>\n<p class=\"\" data-start=\"1259\" data-end=\"1398\">Ja v\u0113laties <strong data-start=\"1270\" data-end=\"1311\">b\u0101rbekj\u016b daudzveid\u012bba visu gadu<\/strong>nov\u0113rt\u0113jot uzticam\u012bbu un lieto\u0161anas \u0113rtumu, ir. <strong data-start=\"1367\" data-end=\"1397\">Napoleonas lab\u0101kais b\u0101rbekj\u016b<\/strong>.<\/p>","protected":false},"excerpt":{"rendered":"<p class=\"\" data-start=\"88\" data-end=\"421\"><strong data-start=\"88\" data-end=\"129\">Napoleon Premium 18\u2033 (47 cm) kokog\u013cu grils<\/strong> pied\u0101v\u0101 klasisku b\u0101rbekj\u016b pieredzi ar m\u016bsdien\u012bgu ievirzi. \u0160is iztur\u012bgais un funkcion\u0101lais grils ir paredz\u0113ts tiem, kas nov\u0113rt\u0113 precizit\u0101ti, kvalit\u0101ti un lieto\u0161anas \u0113rtumu. T\u0101 diametrs ir 47 cm (~ 1650 cm\u00b2), t\u0101p\u0113c tas ir ide\u0101li piem\u0113rots gan maz\u0101k\u0101m, gan liel\u0101k\u0101m svin\u012bb\u0101m.<\/p>\n<p class=\"\" data-start=\"423\" data-end=\"784\">Viegls, bet iztur\u012bgs emalj\u0113ta t\u0113rauda korpuss nodro\u0161ina ilgu kalpo\u0161anas laiku un vieglu apkopi. Regul\u0113jam\u0101s gaisa atveres \u013cauj prec\u012bzi kontrol\u0113t karstumu un d\u016bmu daudzumu, nodro\u0161inot perfektu rezult\u0101tu katram \u0113dienam. Divda\u013c\u012bgais kokog\u013cu grozs \u013cauj bez piep\u016bles p\u0101rsl\u0113gties starp tie\u0161o un netie\u0161o gril\u0113\u0161anu, un alum\u012bnija pelnu papl\u0101tes izmanto\u0161ana padara t\u012br\u012b\u0161anu \u0101tru un vienk\u0101r\u0161u.<\/p>\n<p class=\"\" data-start=\"786\" data-end=\"1171\"><strong data-start=\"786\" data-end=\"811\">Izsmalcin\u0101tas funkcijas:<\/strong><br data-start=\"811\" data-end=\"814\" \/>- Kompakts un iztur\u012bgs dizains<br data-start=\"841\" data-end=\"844\" \/>- Emalj\u0113ts t\u0113rauds - iztur\u012bgs pret r\u016bsu un karstumu<br data-start=\"887\" data-end=\"890\" \/>- Regul\u0113jamas gaisa atveres prec\u012bzai temperat\u016bras kontrolei<br data-start=\"946\" data-end=\"949\" \/>- Sl\u0113dzams v\u0101ks ar ieb\u016bv\u0113tu rokturi<br data-start=\"992\" data-end=\"995\" \/>- Hrom\u0113ts grils - viegli kopjams un iztur\u012bgs<br data-start=\"1051\" data-end=\"1054\" \/>- Divda\u013c\u012bgs kokog\u013cu grozs tie\u0161ai un netie\u0161ai gatavo\u0161anai<br data-start=\"1110\" data-end=\"1113\" \/>- No\u0146emama alum\u012bnija aizmugures pl\u0101ksne \u0113rtai t\u012br\u012b\u0161anai<\/p>\n<p data-start=\"786\" data-end=\"1171\"><img decoding=\"async\" class=\"emoji\" role=\"img\" draggable=\"false\" src=\"https:\/\/s.w.org\/images\/core\/emoji\/17.0.2\/svg\/27a1.svg\" alt=\"\u27a1\ufe0f\" \/>\u00a0<strong><a href=\"https:\/\/tammetorubbq.ee\/lv\/product-2\/napoleon-jalgadega-soegrilli-ilmastikukindel-grillikate\/\">Ilmastikukindel grillikate<\/a><\/strong>\u00a0\u00a0<img decoding=\"async\" class=\"emoji\" role=\"img\" draggable=\"false\" src=\"https:\/\/s.w.org\/images\/core\/emoji\/17.0.2\/svg\/2b05.svg\" alt=\"\u2b05\ufe0f\" \/><\/p>\n<p><img loading=\"lazy\" decoding=\"async\" class=\"wp-image-2098\" src=\"http:\/\/tammetorubbq.ee\/wp-content\/uploads\/2024\/11\/napoleon-gas-grills-logo-vector-1-300x124.png\" alt=\"Napoleon g\u0101zes grili logo vektors\" width=\"179\" height=\"74\" srcset=\"https:\/\/tammetorubbq.ee\/wp-content\/uploads\/2024\/11\/napoleon-gas-grills-logo-vector-1-300x124.png 300w, https:\/\/tammetorubbq.ee\/wp-content\/uploads\/2024\/11\/napoleon-gas-grills-logo-vector-1-768x317.png 768w, https:\/\/tammetorubbq.ee\/wp-content\/uploads\/2024\/11\/napoleon-gas-grills-logo-vector-1-18x7.png 18w, https:\/\/tammetorubbq.ee\/wp-content\/uploads\/2024\/11\/napoleon-gas-grills-logo-vector-1-600x248.png 600w, https:\/\/tammetorubbq.ee\/wp-content\/uploads\/2024\/11\/napoleon-gas-grills-logo-vector-1-64x26.png 64w, https:\/\/tammetorubbq.ee\/wp-content\/uploads\/2024\/11\/napoleon-gas-grills-logo-vector-1.png 847w\" sizes=\"auto, (max-width: 179px) 100vw, 179px\" \/><\/p>","protected":false},"featured_media":3099,"comment_status":"open","ping_status":"closed","template":"","meta":{"_uf_show_specific_survey":0,"_uf_disable_surveys":false},"pwb-brand":[101],"product_brand":[389],"product_cat":[169],"product_tag":[317,78],"class_list":{"0":"post-3091","1":"product","2":"type-product","3":"status-publish","4":"has-post-thumbnail","6":"pwb-brand-napoleon","7":"product_brand-napoleon","8":"product_cat-soegrillid","9":"product_tag-napoleon-soegrill","10":"product_tag-soegrill","12":"first","13":"instock","14":"taxable","15":"shipping-taxable","16":"purchasable","17":"product-type-simple"},"brands":[{"id":101,"name":"Napoleons","slug":"napoleon"}],"_links":{"self":[{"href":"https:\/\/tammetorubbq.ee\/lv\/wp-json\/wp\/v2\/product\/3091","targetHints":{"allow":["GET"]}}],"collection":[{"href":"https:\/\/tammetorubbq.ee\/lv\/wp-json\/wp\/v2\/product"}],"about":[{"href":"https:\/\/tammetorubbq.ee\/lv\/wp-json\/wp\/v2\/types\/product"}],"replies":[{"embeddable":true,"href":"https:\/\/tammetorubbq.ee\/lv\/wp-json\/wp\/v2\/comments?post=3091"}],"wp:featuredmedia":[{"embeddable":true,"href":"https:\/\/tammetorubbq.ee\/lv\/wp-json\/wp\/v2\/media\/3099"}],"wp:attachment":[{"href":"https:\/\/tammetorubbq.ee\/lv\/wp-json\/wp\/v2\/media?parent=3091"}],"wp:term":[{"taxonomy":"pwb-brand","embeddable":true,"href":"https:\/\/tammetorubbq.ee\/lv\/wp-json\/wp\/v2\/pwb-brand?post=3091"},{"taxonomy":"product_brand","embeddable":true,"href":"https:\/\/tammetorubbq.ee\/lv\/wp-json\/wp\/v2\/product_brand?post=3091"},{"taxonomy":"product_cat","embeddable":true,"href":"https:\/\/tammetorubbq.ee\/lv\/wp-json\/wp\/v2\/product_cat?post=3091"},{"taxonomy":"product_tag","embeddable":true,"href":"https:\/\/tammetorubbq.ee\/lv\/wp-json\/wp\/v2\/product_tag?post=3091"}],"curies":[{"name":"wp","href":"https:\/\/api.w.org\/{rel}","templated":true}]}}