{"id":3094,"date":"2025-04-28T22:53:36","date_gmt":"2025-04-28T19:53:36","guid":{"rendered":"https:\/\/tammetorubbq.ee\/?post_type=product&#038;p=3094"},"modified":"2026-04-19T19:00:59","modified_gmt":"2026-04-19T16:00:59","slug":"napoleon-pro-18%e2%80%b3-47cm-soegrils","status":"publish","type":"product","link":"https:\/\/tammetorubbq.ee\/lv\/product-2\/napoleon-pro-18%e2%80%b3-47cm-soegrils\/","title":{"rendered":"Napoleon PRO 18\u2033 (47cm) kokog\u013cu grils"},"content":{"rendered":"<p><strong data-start=\"1194\" data-end=\"1206\">Izm\u0113ri:<\/strong>\u00a0(H \u00d7 L \u00d7 W): 100,3 \u00d7 63,5 \u00d7 53,3 cm<br data-start=\"1242\" data-end=\"1245\" \/><strong data-start=\"1245\" data-end=\"1260\">Grillipind:<\/strong>\u00a0~2353 cm\u00b2<br data-start=\"1280\" data-end=\"1283\" \/><strong data-start=\"1325\" data-end=\"1338\">Materi\u0101ls:<\/strong>\u00a0t\u0113rauda ar porcel\u0101na p\u0101rkl\u0101jumu, \u010duguna grila stat\u012bvi<\/p>\n<h3 class=\"\" data-start=\"93\" data-end=\"124\">K\u0101p\u0113c izv\u0113l\u0113ties Napoleon Grill?<\/h3>\n<p class=\"\" data-start=\"126\" data-end=\"367\"><strong data-start=\"126\" data-end=\"146\">Napoleon grili<\/strong> ir uzticam\u012bbas, kvalit\u0101tes un inov\u0101ciju simbols. Jau gadu desmitiem \u0161is Kan\u0101das \u0123imenes uz\u0146\u0113mums ir koncentr\u0113jies uz... <strong data-start=\"264\" data-end=\"314\">kvalitat\u012bvi grili un \u0101ra virtuves risin\u0101jumi<\/strong> un ir guvusi atzin\u012bbu vis\u0101 pasaul\u0113.<\/p>\n<p class=\"\" data-start=\"369\" data-end=\"688\">Jebkur\u0161 <strong data-start=\"373\" data-end=\"391\">Napoleon grils<\/strong> pied\u0101v\u0101jumi:<br data-start=\"398\" data-end=\"401\" \/>- Prec\u012bza siltuma p\u0101rvald\u012bba<br data-start=\"427\" data-end=\"430\" \/>- Sp\u0113c\u012bga un iztur\u012bga konstrukcija<br data-start=\"471\" data-end=\"474\" \/>- Izsmalcin\u0101ta lieto\u0161anas \u0113rtums<br data-start=\"503\" data-end=\"506\" \/>- M\u016bsdien\u012bgs dizains un praktiski risin\u0101jumi, piem\u0113ram, ner\u016bs\u0113jo\u0161\u0101 t\u0113rauda deg\u013ci, \u010duguna restes, <strong data-start=\"607\" data-end=\"632\">JETFIRE\u2122 aizdedzes sist\u0113ma<\/strong>, <strong data-start=\"634\" data-end=\"661\">ACCU-PROBE\u2122 termometrs<\/strong> un vied\u0101s uzglab\u0101\u0161anas risin\u0101jumi.<\/p>\n<p class=\"\" data-start=\"690\" data-end=\"970\"><strong data-start=\"690\" data-end=\"718\">Napoleon pla\u0161ais produktu kl\u0101sts<\/strong> apmierina visas vajadz\u012bbas - no kompaktiem, p\u0101rn\u0113s\u0101jamiem mode\u013ciem l\u012bdz pilnv\u0113rt\u012bg\u0101m lauka virtuv\u0113m. Neatkar\u012bgi no t\u0101, vai tas ir kokog\u013cu, g\u0101zes vai granulu grils. <strong data-start=\"873\" data-end=\"885\">Napoleons<\/strong> apvieno uzticam\u012bbu un daudzpus\u012bbu, lai j\u016bs var\u0113tu baud\u012bt priek\u0161roc\u012bbas, ko sniedz <strong data-start=\"943\" data-end=\"969\">gril\u0113\u0161ana visu gadu<\/strong>.<\/p>\n<p class=\"\" data-start=\"972\" data-end=\"1064\">Ja mekl\u0113jat <strong data-start=\"982\" data-end=\"1000\">lab\u0101kais b\u0101rbekj\u016b<\/strong> d\u0101rz\u0101, uz terases vai p\u0101rg\u0101jien\u0101. <strong data-start=\"1038\" data-end=\"1063\">Napoleons ir dro\u0161a izv\u0113le<\/strong>!<\/p>\n<p><iframe loading=\"lazy\" title=\"Napoleon PRO Charcoal Kettle Grill\" width=\"500\" height=\"281\" src=\"https:\/\/www.youtube.com\/embed\/4SvNiWkkqC8?feature=oembed\" frameborder=\"0\" allow=\"accelerometer; autoplay; clipboard-write; encrypted-media; gyroscope; picture-in-picture; web-share\" referrerpolicy=\"strict-origin-when-cross-origin\" allowfullscreen><\/iframe><\/p>","protected":false},"excerpt":{"rendered":"<p class=\"\" data-start=\"162\" data-end=\"462\"><strong data-start=\"162\" data-end=\"191\">Napoleon PRO 18\u2033 grils uz kokogl\u0113m<\/strong> pace\u013c klasisko gril\u0113\u0161anu uz kokog\u013cu ogl\u0113m jaun\u0101 l\u012bmen\u012b, apvienojot p\u0101rlaic\u012bgu gatavo\u0161anu ar m\u016bsdien\u012bgiem un gudriem risin\u0101jumiem. Iztur\u012bgs porcel\u0101na emalj\u0113ta t\u0113rauda korpuss, no\u0146emams pelnu trauks un v\u0101ks ar paaugstin\u0101tu d\u016bmu grozu nodro\u0161ina lab\u0101ku temperat\u016bras kontroli un ilg\u0101ku kalpo\u0161anas laiku.<\/p>\n<p class=\"\" data-start=\"464\" data-end=\"723\"><strong data-start=\"464\" data-end=\"500\">\u010cuguna grila restes ar e\u0146\u0123\u0113m<\/strong> \u013cauj viegli pievienot ogles gatavo\u0161anas laik\u0101 un atbalsta gan tie\u0161u, gan netie\u0161u gril\u0113\u0161anu. Integr\u0113tie termometra caurumi \u013cauj kontrol\u0113t ga\u013cas iek\u0161\u0113jo temperat\u016bru, neatverot v\u0101ku, t\u0101d\u0113j\u0101di nodro\u0161inot prec\u012bz\u0101kus rezult\u0101tus.<\/p>\n<p class=\"\" data-start=\"725\" data-end=\"1281\"><strong data-start=\"725\" data-end=\"749\">Galven\u0101s funkcijas:<\/strong><br data-start=\"749\" data-end=\"752\" \/>- Iztur\u012bgs porcel\u0101na emalj\u0113ta t\u0113rauda korpuss un v\u0101ks ar d\u016bmu grozu<br data-start=\"819\" data-end=\"822\" \/>- Atv\u0101\u017eamas \u010duguna restes - \u0113rtas \u0113diena gatavo\u0161anas veida pievieno\u0161anai un mai\u0146ai<br data-start=\"904\" data-end=\"907\" \/>- Integr\u0113tas atveres termometriem - p\u0101rbaudiet ga\u013cas iek\u0161\u0113jo temperat\u016bru, neatverot v\u0101ku.<br data-start=\"994\" data-end=\"997\" \/>- <strong data-start=\"999\" data-end=\"1026\">Vortex Heat Management\u2122<\/strong> - vienm\u0113r\u012bg\u0101ks siltums un lab\u0101ka degvielas ekonomija.<br data-start=\"1067\" data-end=\"1070\" \/>- Ner\u016bs\u0113jo\u0161\u0101 t\u0113rauda st\u0101vgredzens rot\u0101cijas cepe\u0161kr\u0101sns komplektiem<br data-start=\"1138\" data-end=\"1141\" \/>- Durvis, kas aizsedz stie\u0146u atveres - lab\u0101ka temperat\u016bras kontrole un komforts<br data-start=\"1209\" data-end=\"1212\" \/>- Iztur\u012bgs r\u0101mis un lieli, pret laikapst\u0101k\u013ciem iztur\u012bgi rite\u0146i \u0113rtai p\u0101rvieto\u0161anai<\/p>\n<p class=\"\" data-start=\"1283\" data-end=\"1427\"><strong data-start=\"1283\" data-end=\"1312\">Napoleon PRO 18\u2033 grils uz kokogl\u0113m<\/strong> ir ide\u0101li piem\u0113rots ikvienam, kas v\u0113las izbaud\u012bt klasisk\u0101s kokog\u013cu ogles gar\u0161as ar m\u016bsdien\u012bgu uzticam\u012bbu un \u0113rt\u012bb\u0101m.<\/p>\n<p data-start=\"1283\" data-end=\"1427\"><img decoding=\"async\" class=\"emoji\" role=\"img\" draggable=\"false\" src=\"https:\/\/s.w.org\/images\/core\/emoji\/17.0.2\/svg\/27a1.svg\" alt=\"\u27a1\ufe0f\" \/>\u00a0<strong><a href=\"https:\/\/tammetorubbq.ee\/lv\/product-2\/napoleon-jalgadega-soegrilli-ilmastikukindel-grillikate\/\">Ilmastikukindel grillikate<\/a><\/strong>\u00a0\u00a0<img decoding=\"async\" class=\"emoji\" role=\"img\" draggable=\"false\" src=\"https:\/\/s.w.org\/images\/core\/emoji\/17.0.2\/svg\/2b05.svg\" alt=\"\u2b05\ufe0f\" \/><\/p>\n<p><img loading=\"lazy\" decoding=\"async\" class=\"wp-image-2098\" src=\"http:\/\/www.tammetorubbq.ee\/wp-content\/uploads\/2024\/11\/napoleon-gas-grills-logo-vector-1-300x124.png\" alt=\"Napoleon g\u0101zes grili logo vektors\" width=\"179\" height=\"74\" srcset=\"https:\/\/tammetorubbq.ee\/wp-content\/uploads\/2024\/11\/napoleon-gas-grills-logo-vector-1-300x124.png 300w, https:\/\/tammetorubbq.ee\/wp-content\/uploads\/2024\/11\/napoleon-gas-grills-logo-vector-1-768x317.png 768w, https:\/\/tammetorubbq.ee\/wp-content\/uploads\/2024\/11\/napoleon-gas-grills-logo-vector-1-18x7.png 18w, https:\/\/tammetorubbq.ee\/wp-content\/uploads\/2024\/11\/napoleon-gas-grills-logo-vector-1-600x248.png 600w, https:\/\/tammetorubbq.ee\/wp-content\/uploads\/2024\/11\/napoleon-gas-grills-logo-vector-1-64x26.png 64w, https:\/\/tammetorubbq.ee\/wp-content\/uploads\/2024\/11\/napoleon-gas-grills-logo-vector-1.png 847w\" sizes=\"auto, (max-width: 179px) 100vw, 179px\" \/><\/p>","protected":false},"featured_media":3095,"comment_status":"open","ping_status":"closed","template":"","meta":{"_uf_show_specific_survey":0,"_uf_disable_surveys":false},"pwb-brand":[101],"product_brand":[],"product_cat":[169],"product_tag":[317,78],"class_list":{"0":"post-3094","1":"product","2":"type-product","3":"status-publish","4":"has-post-thumbnail","6":"pwb-brand-napoleon","7":"product_cat-soegrillid","8":"product_tag-napoleon-soegrill","9":"product_tag-soegrill","11":"first","12":"instock","13":"taxable","14":"shipping-taxable","15":"purchasable","16":"product-type-simple"},"brands":[{"id":101,"name":"Napoleons","slug":"napoleon"}],"_links":{"self":[{"href":"https:\/\/tammetorubbq.ee\/lv\/wp-json\/wp\/v2\/product\/3094","targetHints":{"allow":["GET"]}}],"collection":[{"href":"https:\/\/tammetorubbq.ee\/lv\/wp-json\/wp\/v2\/product"}],"about":[{"href":"https:\/\/tammetorubbq.ee\/lv\/wp-json\/wp\/v2\/types\/product"}],"replies":[{"embeddable":true,"href":"https:\/\/tammetorubbq.ee\/lv\/wp-json\/wp\/v2\/comments?post=3094"}],"wp:featuredmedia":[{"embeddable":true,"href":"https:\/\/tammetorubbq.ee\/lv\/wp-json\/wp\/v2\/media\/3095"}],"wp:attachment":[{"href":"https:\/\/tammetorubbq.ee\/lv\/wp-json\/wp\/v2\/media?parent=3094"}],"wp:term":[{"taxonomy":"pwb-brand","embeddable":true,"href":"https:\/\/tammetorubbq.ee\/lv\/wp-json\/wp\/v2\/pwb-brand?post=3094"},{"taxonomy":"product_brand","embeddable":true,"href":"https:\/\/tammetorubbq.ee\/lv\/wp-json\/wp\/v2\/product_brand?post=3094"},{"taxonomy":"product_cat","embeddable":true,"href":"https:\/\/tammetorubbq.ee\/lv\/wp-json\/wp\/v2\/product_cat?post=3094"},{"taxonomy":"product_tag","embeddable":true,"href":"https:\/\/tammetorubbq.ee\/lv\/wp-json\/wp\/v2\/product_tag?post=3094"}],"curies":[{"name":"wp","href":"https:\/\/api.w.org\/{rel}","templated":true}]}}