{"id":3100,"date":"2025-04-28T23:03:26","date_gmt":"2025-04-28T20:03:26","guid":{"rendered":"https:\/\/tammetorubbq.ee\/?post_type=product&#038;p=3100"},"modified":"2026-04-29T09:00:22","modified_gmt":"2026-04-29T06:00:22","slug":"napoleon-pro-22%e2%80%b3-57-cm-soegrils","status":"publish","type":"product","link":"https:\/\/tammetorubbq.ee\/lv\/toode\/napoleon-pro-22%e2%80%b3-57-cm-soegrill\/","title":{"rendered":"Napoleon PRO 22\u2033 (57 cm) kokog\u013cu grils"},"content":{"rendered":"<p><strong data-start=\"1159\" data-end=\"1171\">Izm\u0113ri:<\/strong>\u00a0(H \u00d7 L \u00d7 W): 106,7 \u00d7 72,4 \u00d7 58,4 cm<br data-start=\"1207\" data-end=\"1210\" \/><strong data-start=\"1210\" data-end=\"1225\">Grillipind:<\/strong>\u00a0 ~2353 cm\u00b2<br data-start=\"1245\" data-end=\"1248\" \/><strong data-start=\"1248\" data-end=\"1262\">Atp\u016bta uz grila:<\/strong>\u00a021,5 \u00d7 21,5 collas \/ \u010duguns<br data-start=\"1293\" data-end=\"1296\" \/><strong data-start=\"1338\" data-end=\"1351\">Materi\u0101ls:<\/strong>\u00a0t\u0113rauda ar porcel\u0101na p\u0101rkl\u0101jumu, \u010duguna grila stat\u012bvi<\/p>\n<h3 class=\"\" data-start=\"121\" data-end=\"152\">K\u0101p\u0113c izv\u0113l\u0113ties Napoleon Grill?<\/h3>\n<p class=\"\" data-start=\"154\" data-end=\"369\"><strong data-start=\"154\" data-end=\"166\">Napoleons<\/strong> ir Kan\u0101d\u0101 b\u0101z\u0113ts \u0123imenes uz\u0146\u0113mums, kas jau vair\u0101kus gadu desmitus izstr\u0101d\u0101 augstas kvalit\u0101tes grilus un \u0101ra virtuves risin\u0101jumus. \u0160is z\u012bmols ir atz\u012bts vis\u0101 pasaul\u0113 par uzticamu, inovat\u012bvu un ilgm\u016b\u017e\u012bgu.<\/p>\n<p class=\"\" data-start=\"371\" data-end=\"751\">Jebkur\u0161 <strong data-start=\"375\" data-end=\"394\">Napoleon grils<\/strong> ir izstr\u0101d\u0101tas t\u0101, lai nodro\u0161in\u0101tu prec\u012bzu siltuma kontroli, iztur\u012bgu konstrukciju un \u0113rtu lieto\u0161anu. Neatkar\u012bgi no t\u0101, vai tas ir kokog\u013cu, g\u0101zes vai granulu grils, Napoleon apvieno m\u016bsdien\u012bgu dizainu ar praktiskiem risin\u0101jumiem: ner\u016bs\u0113jo\u0161\u0101 t\u0113rauda deg\u013ci, \u010duguna grili, JETFIRE\u2122 aizdedzes sist\u0113ma, ACCU-PROBE\u2122 termometrs un vied\u0101s uzglab\u0101\u0161anas iesp\u0113jas ir tikai da\u017ei piem\u0113ri.<\/p>\n<p class=\"\" data-start=\"753\" data-end=\"994\"><strong data-start=\"753\" data-end=\"777\">Napoleon produktu kl\u0101sts<\/strong> apmierina visas vajadz\u012bbas - no portat\u012bviem mode\u013ciem l\u012bdz piln\u012bgiem \u0101ra virtuves risin\u0101jumiem. Ja nov\u0113rt\u0113jat uzticam\u012bbu, funkcionalit\u0101ti un iesp\u0113ju gril\u0113t visu gadu, Napoleon ir pareiz\u0101 izv\u0113le.<\/p>\n<p><iframe loading=\"lazy\" title=\"Napoleon PRO Charcoal Kettle Grill\" width=\"500\" height=\"281\" src=\"https:\/\/www.youtube.com\/embed\/4SvNiWkkqC8?feature=oembed&#038;enablejsapi=1&#038;origin=https:\/\/tammetorubbq.ee\" frameborder=\"0\" allow=\"accelerometer; autoplay; clipboard-write; encrypted-media; gyroscope; picture-in-picture; web-share\" referrerpolicy=\"strict-origin-when-cross-origin\" allowfullscreen><\/iframe><\/p>","protected":false},"excerpt":{"rendered":"<p class=\"\" data-start=\"133\" data-end=\"459\"><strong data-start=\"133\" data-end=\"162\">Napoleon PRO 22\u2033 grils uz kokogl\u0113m<\/strong> ir liel\u0101ka un jaud\u012bg\u0101ka izv\u0113le \u012bstiem grila gard\u0113\u017eiem. 57 cm diametra (~ 2550 cm\u00b2) gril\u0113\u0161anas virsma nodro\u0161ina vietu liel\u0101kiem ga\u013cas gabaliem un daudz \u0113dienu vienlaic\u012bgi. Porcel\u0101na sakaus\u0113juma t\u0113rauda korpuss un paaugstin\u0101tais d\u016bmu grozu v\u0101ks nodro\u0161ina iztur\u012bbu un optim\u0101lu temperat\u016bras kontroli.<\/p>\n<p class=\"\" data-start=\"461\" data-end=\"821\"><strong data-start=\"461\" data-end=\"497\">Atv\u0101\u017eamie \u010duguna grila grili<\/strong> \u013cauj \u0113rti pievienot ogles gril\u0113\u0161anas laik\u0101 un atvieglo gan tie\u0161u, gan netie\u0161u gatavo\u0161anu. Uzlabots ar <strong data-start=\"614\" data-end=\"641\">Vortex Heat Management\u2122<\/strong> sist\u0113ma nodro\u0161ina vienm\u0113r\u012bgu karstumu un maksim\u0101lu aizsardz\u012bbu pret d\u016bmiem. Ner\u016bs\u0113jo\u0161\u0101 t\u0113rauda paaugstin\u0101tais gredzens \u013cauj izmantot rot\u0101cijas stie\u0146u sist\u0113mas, kas v\u0113l vair\u0101k papla\u0161ina gril\u0113\u0161anas iesp\u0113jas.<\/p>\n<p class=\"\" data-start=\"823\" data-end=\"1419\"><strong data-start=\"823\" data-end=\"847\">Galven\u0101s funkcijas:<\/strong><br data-start=\"847\" data-end=\"850\" \/>- Liela 57 cm gril\u0113\u0161anas virsma (~2550 cm\u00b2) - ide\u0101li piem\u0113rota ar\u012b liel\u0101kiem pas\u0101kumiem<br data-start=\"922\" data-end=\"925\" \/>- Iztur\u012bgs porcel\u0101na emalj\u0113ta t\u0113rauda korpuss un v\u0101ks ar d\u016bmu grozu<br data-start=\"992\" data-end=\"995\" \/>- Atv\u0101\u017eamas \u010duguna restes - viegla kokog\u013cu pievieno\u0161ana un netie\u0161\u0101 gatavo\u0161ana<br data-start=\"1074\" data-end=\"1077\" \/>- Vortex Heat Management\u2122 - vienm\u0113r\u012bg\u0101ks karstums un efekt\u012bv\u0101ka degvielas izmanto\u0161ana<br data-start=\"1145\" data-end=\"1148\" \/>- Integr\u0113tas atveres termometriem - temperat\u016bras kontrole, neatverot v\u0101ku<br data-start=\"1228\" data-end=\"1231\" \/>- Ner\u016bs\u0113jo\u0161\u0101 t\u0113rauda pacel\u0161anas gredzens rot\u0101cijas kr\u0101\u0161\u0146u komplektiem<br data-start=\"1295\" data-end=\"1298\" \/>- Iztur\u012bgs r\u0101mis un lieli rite\u0146i, kas nodro\u0161ina mobilit\u0101ti.<br data-start=\"1361\" data-end=\"1364\" \/>- No\u0146emama aizmugures pl\u0101ksne \u0101trai un \u0113rtai t\u012br\u012b\u0161anai<\/p>\n<p class=\"\" data-start=\"1421\" data-end=\"1559\"><strong data-start=\"1421\" data-end=\"1450\">Napoleon PRO 22\u2033 grils uz kokogl\u0113m<\/strong> ir ide\u0101la izv\u0113le, ja nepiecie\u0161ama liel\u0101ka darba virsma un v\u0113laties izbaud\u012bt \u012bstu kokog\u013cu arom\u0101tu profesion\u0101l\u0101 veid\u0101.<\/p>\n<p data-start=\"1421\" data-end=\"1559\"><img decoding=\"async\" class=\"emoji\" role=\"img\" draggable=\"false\" src=\"https:\/\/s.w.org\/images\/core\/emoji\/17.0.2\/svg\/27a1.svg\" alt=\"\u27a1\ufe0f\" \/>\u00a0<strong><a href=\"https:\/\/tammetorubbq.ee\/lv\/product-2\/napoleon-jalgadega-soegrilli-ilmastikukindel-grillikate\/\">Ilmastikukindel grillikate<\/a><\/strong>\u00a0\u00a0<img decoding=\"async\" class=\"emoji\" role=\"img\" draggable=\"false\" src=\"https:\/\/s.w.org\/images\/core\/emoji\/17.0.2\/svg\/2b05.svg\" alt=\"\u2b05\ufe0f\" \/><\/p>\n<p><img loading=\"lazy\" decoding=\"async\" class=\"wp-image-2098\" src=\"http:\/\/tammetorubbq.ee\/wp-content\/uploads\/2024\/11\/napoleon-gas-grills-logo-vector-1-300x124.png\" alt=\"Napoleon g\u0101zes grili logo vektors\" width=\"174\" height=\"72\" srcset=\"https:\/\/tammetorubbq.ee\/wp-content\/uploads\/2024\/11\/napoleon-gas-grills-logo-vector-1-300x124.png 300w, https:\/\/tammetorubbq.ee\/wp-content\/uploads\/2024\/11\/napoleon-gas-grills-logo-vector-1-768x317.png 768w, https:\/\/tammetorubbq.ee\/wp-content\/uploads\/2024\/11\/napoleon-gas-grills-logo-vector-1-18x7.png 18w, https:\/\/tammetorubbq.ee\/wp-content\/uploads\/2024\/11\/napoleon-gas-grills-logo-vector-1-600x248.png 600w, https:\/\/tammetorubbq.ee\/wp-content\/uploads\/2024\/11\/napoleon-gas-grills-logo-vector-1-64x26.png 64w, https:\/\/tammetorubbq.ee\/wp-content\/uploads\/2024\/11\/napoleon-gas-grills-logo-vector-1.png 847w\" sizes=\"auto, (max-width: 174px) 100vw, 174px\" \/><\/p>","protected":false},"featured_media":3101,"comment_status":"open","ping_status":"closed","template":"","meta":{"_uf_show_specific_survey":0,"_uf_disable_surveys":false},"pwb-brand":[101],"product_brand":[389],"product_cat":[169],"product_tag":[317,78],"class_list":{"0":"post-3100","1":"product","2":"type-product","3":"status-publish","4":"has-post-thumbnail","6":"pwb-brand-napoleon","7":"product_brand-napoleon","8":"product_cat-soegrillid","9":"product_tag-napoleon-soegrill","10":"product_tag-soegrill","12":"first","13":"instock","14":"taxable","15":"shipping-taxable","16":"purchasable","17":"product-type-simple"},"brands":[{"id":101,"name":"Napoleons","slug":"napoleon"}],"_links":{"self":[{"href":"https:\/\/tammetorubbq.ee\/lv\/wp-json\/wp\/v2\/product\/3100","targetHints":{"allow":["GET"]}}],"collection":[{"href":"https:\/\/tammetorubbq.ee\/lv\/wp-json\/wp\/v2\/product"}],"about":[{"href":"https:\/\/tammetorubbq.ee\/lv\/wp-json\/wp\/v2\/types\/product"}],"replies":[{"embeddable":true,"href":"https:\/\/tammetorubbq.ee\/lv\/wp-json\/wp\/v2\/comments?post=3100"}],"wp:featuredmedia":[{"embeddable":true,"href":"https:\/\/tammetorubbq.ee\/lv\/wp-json\/wp\/v2\/media\/3101"}],"wp:attachment":[{"href":"https:\/\/tammetorubbq.ee\/lv\/wp-json\/wp\/v2\/media?parent=3100"}],"wp:term":[{"taxonomy":"pwb-brand","embeddable":true,"href":"https:\/\/tammetorubbq.ee\/lv\/wp-json\/wp\/v2\/pwb-brand?post=3100"},{"taxonomy":"product_brand","embeddable":true,"href":"https:\/\/tammetorubbq.ee\/lv\/wp-json\/wp\/v2\/product_brand?post=3100"},{"taxonomy":"product_cat","embeddable":true,"href":"https:\/\/tammetorubbq.ee\/lv\/wp-json\/wp\/v2\/product_cat?post=3100"},{"taxonomy":"product_tag","embeddable":true,"href":"https:\/\/tammetorubbq.ee\/lv\/wp-json\/wp\/v2\/product_tag?post=3100"}],"curies":[{"name":"wp","href":"https:\/\/api.w.org\/{rel}","templated":true}]}}