{"id":3103,"date":"2025-04-28T23:18:54","date_gmt":"2025-04-28T20:18:54","guid":{"rendered":"https:\/\/tammetorubbq.ee\/?post_type=product&#038;p=3103"},"modified":"2026-04-15T00:00:16","modified_gmt":"2026-04-14T21:00:16","slug":"napoleon-premium-barbecue-sojas-pupinu-krutsgabals-5kg","status":"publish","type":"product","link":"https:\/\/tammetorubbq.ee\/lv\/product-2\/napoleon-premium-barbecue-sojas-pupinu-krutsgabals-5kg\/","title":{"rendered":"Napoleon Premium briketes 5kg"},"content":{"rendered":"<h3 class=\"\" data-start=\"121\" data-end=\"194\">Napoleon kokogles un briketes - vis\u0101 pasaul\u0113 paz\u012bstama kvalit\u0101te<\/h3>\n<p class=\"\" data-start=\"196\" data-end=\"489\"><strong data-start=\"196\" data-end=\"208\">Napoleons<\/strong> ir starptautiski atz\u012bts z\u012bmols, kura produkti ir paz\u012bstami ar savu uzticam\u012bbu, inov\u0101cij\u0101m un kvalit\u0101ti. Kop\u0161 1976. gada Napoleon ir izstr\u0101d\u0101jis daudzveid\u012bgu sild\u012bt\u0101ju un grila izstr\u0101d\u0101jumu kl\u0101stu, tostarp augstas kvalit\u0101tes sild\u012bt\u0101jus un grila produktus. <strong data-start=\"458\" data-end=\"472\">grila ogles<\/strong> un <strong data-start=\"476\" data-end=\"488\">briketes<\/strong>.<\/p>\n<p class=\"\" data-start=\"491\" data-end=\"816\">Napoleon kokogles, grila briketes un kokosriekstu briketes ir paredz\u0113tas pras\u012bgiem gril\u0113t\u0101jiem, kuri no ogl\u0113m sagaida vair\u0101k nek\u0101 tikai siltumu. Visi Napoleon produkti ir izgatavoti no 100% dab\u012bg\u0101m izejviel\u0101m, piem\u0113ram, cietkoksnes un kokosriekstu \u010daumal\u0101m. Tiem rakstur\u012bga vienm\u0113r\u012bga deg\u0161ana, ilgs kalpo\u0161anas laiks un zema d\u016bmu un pelnu veido\u0161an\u0101s.<\/p>\n<ul data-start=\"818\" data-end=\"1213\">\n<li class=\"\" data-start=\"818\" data-end=\"942\">\n<p class=\"\" data-start=\"820\" data-end=\"942\"><strong data-start=\"820\" data-end=\"834\">Grila ogles<\/strong> - klasiska izv\u0113le \u0101trai un karstai gril\u0113\u0161anai. Lielais gabalu izm\u0113rs nodro\u0161ina sp\u0113c\u012bgu un stabilu deg\u0161anu.<\/p>\n<\/li>\n<li class=\"\" data-start=\"943\" data-end=\"1065\">\n<p class=\"\" data-start=\"945\" data-end=\"1065\"><strong data-start=\"945\" data-end=\"962\">Grila briketes<\/strong> - pres\u0113tas cietkoksnes \u0161\u0137eldas, kas ilg\u0101k deg un ir piem\u0113rotas ar\u012b ilg\u0101kai gril\u0113\u0161anai zem\u0101 karstum\u0101.<\/p>\n<\/li>\n<li class=\"\" data-start=\"1066\" data-end=\"1213\">\n<p class=\"\" data-start=\"1068\" data-end=\"1213\"><strong data-start=\"1068\" data-end=\"1086\">Kokosriekstu briketes<\/strong> - ilgtsp\u0113j\u012bga alternat\u012bva parastaj\u0101m briket\u0113m. \u013boti ilgi deg un bez d\u016bmiem, ide\u0101li piem\u0113rotas \u0113diena gatavo\u0161anai zem\u0101 temperat\u016br\u0101.<\/p>\n<\/li>\n<\/ul>","protected":false},"excerpt":{"rendered":"<p class=\"\" data-start=\"814\" data-end=\"977\"><strong data-start=\"814\" data-end=\"843\">Napoleon Premium briketes<\/strong> ir lieliska izv\u0113le ikvienam, kas v\u0113las sasniegt vislab\u0101kos rezult\u0101tus, izmantojot grilu ar dabisku kokog\u013cu (cietkoksnes) gar\u0161u un stabilu karstumu. Ide\u0101li piem\u0113rots gan \u012bslaic\u012bgai, gan ilgsto\u0161ai gril\u0113\u0161anai.<\/p>\n<p class=\"\" data-start=\"205\" data-end=\"545\"><strong data-start=\"205\" data-end=\"242\">Napoleon Premium grila briketes<\/strong> ir izgatavoti no augstas kvalit\u0101tes, t\u012bras dabisk\u0101s kokogles, bez \u0137\u012bmisk\u0101m piedev\u0101m un pildviel\u0101m. Pateicoties lielajam bl\u012bvumam un viendab\u012bgajam izm\u0113ram, \u0161ie briketi deg ilg\u0101k, nodro\u0161ina stabilu un vienm\u0113r\u012bgu karstumu un ir ide\u0101li piem\u0113roti gan tie\u0161ai, gan netie\u0161ai gril\u0113\u0161anai un k\u016bpin\u0101\u0161anai.<\/p>\n<p class=\"\" data-start=\"547\" data-end=\"812\"><strong data-start=\"547\" data-end=\"560\">Funkcijas:<\/strong><br data-start=\"560\" data-end=\"563\" \/>- Izgatavots no dabisk\u0101s kokogles - t\u012brs un bez \u0137\u012bmisk\u0101m viel\u0101m<br data-start=\"620\" data-end=\"623\" \/>- Ilgs deg\u0161anas laiks un vienm\u0113r\u012bga siltuma sadale<br data-start=\"658\" data-end=\"661\" \/>- Maz\u0101k pelnu - viegl\u0101ka t\u012br\u012b\u0161ana<br data-start=\"693\" data-end=\"696\" \/>- Piem\u0113rots gan kokog\u013cu griliem, gan d\u016bmu kr\u0101sn\u012bm.<br data-start=\"743\" data-end=\"746\" \/>- Ide\u0101li piem\u0113rots zema un l\u0113na vai augsta un \u0101tra gril\u0113\u0161anas re\u017e\u012bma izmanto\u0161anai.<\/p>\n<p data-start=\"547\" data-end=\"812\"><strong>Uzticama izv\u0113le, ja mekl\u0113jat dabisku un sp\u0113c\u012bgu karstumu savam grila galdam!<\/strong><\/p>\n<p><img loading=\"lazy\" decoding=\"async\" class=\"wp-image-2098\" src=\"http:\/\/tammetorubbq.ee\/wp-content\/uploads\/2024\/11\/napoleon-gas-grills-logo-vector-1-300x124.png\" alt=\"Napoleon g\u0101zes grili logo vektors\" width=\"167\" height=\"69\" srcset=\"https:\/\/tammetorubbq.ee\/wp-content\/uploads\/2024\/11\/napoleon-gas-grills-logo-vector-1-300x124.png 300w, https:\/\/tammetorubbq.ee\/wp-content\/uploads\/2024\/11\/napoleon-gas-grills-logo-vector-1-768x317.png 768w, https:\/\/tammetorubbq.ee\/wp-content\/uploads\/2024\/11\/napoleon-gas-grills-logo-vector-1-18x7.png 18w, https:\/\/tammetorubbq.ee\/wp-content\/uploads\/2024\/11\/napoleon-gas-grills-logo-vector-1-600x248.png 600w, https:\/\/tammetorubbq.ee\/wp-content\/uploads\/2024\/11\/napoleon-gas-grills-logo-vector-1-64x26.png 64w, https:\/\/tammetorubbq.ee\/wp-content\/uploads\/2024\/11\/napoleon-gas-grills-logo-vector-1.png 847w\" sizes=\"auto, (max-width: 167px) 100vw, 167px\" \/><\/p>","protected":false},"featured_media":3104,"comment_status":"open","ping_status":"closed","template":"","meta":{"_uf_show_specific_survey":0,"_uf_disable_surveys":false},"pwb-brand":[101],"product_brand":[],"product_cat":[58],"product_tag":[172,130],"class_list":{"0":"post-3103","1":"product","2":"type-product","3":"status-publish","4":"has-post-thumbnail","6":"pwb-brand-napoleon","7":"product_cat-grillssusi","8":"product_tag-grillsoebrikett","9":"product_tag-grillsusi","11":"first","12":"instock","13":"taxable","14":"shipping-taxable","15":"purchasable","16":"product-type-simple"},"brands":[{"id":101,"name":"Napoleons","slug":"napoleon"}],"_links":{"self":[{"href":"https:\/\/tammetorubbq.ee\/lv\/wp-json\/wp\/v2\/product\/3103","targetHints":{"allow":["GET"]}}],"collection":[{"href":"https:\/\/tammetorubbq.ee\/lv\/wp-json\/wp\/v2\/product"}],"about":[{"href":"https:\/\/tammetorubbq.ee\/lv\/wp-json\/wp\/v2\/types\/product"}],"replies":[{"embeddable":true,"href":"https:\/\/tammetorubbq.ee\/lv\/wp-json\/wp\/v2\/comments?post=3103"}],"wp:featuredmedia":[{"embeddable":true,"href":"https:\/\/tammetorubbq.ee\/lv\/wp-json\/wp\/v2\/media\/3104"}],"wp:attachment":[{"href":"https:\/\/tammetorubbq.ee\/lv\/wp-json\/wp\/v2\/media?parent=3103"}],"wp:term":[{"taxonomy":"pwb-brand","embeddable":true,"href":"https:\/\/tammetorubbq.ee\/lv\/wp-json\/wp\/v2\/pwb-brand?post=3103"},{"taxonomy":"product_brand","embeddable":true,"href":"https:\/\/tammetorubbq.ee\/lv\/wp-json\/wp\/v2\/product_brand?post=3103"},{"taxonomy":"product_cat","embeddable":true,"href":"https:\/\/tammetorubbq.ee\/lv\/wp-json\/wp\/v2\/product_cat?post=3103"},{"taxonomy":"product_tag","embeddable":true,"href":"https:\/\/tammetorubbq.ee\/lv\/wp-json\/wp\/v2\/product_tag?post=3103"}],"curies":[{"name":"wp","href":"https:\/\/api.w.org\/{rel}","templated":true}]}}