{"id":3105,"date":"2025-04-28T23:46:57","date_gmt":"2025-04-28T20:46:57","guid":{"rendered":"https:\/\/tammetorubbq.ee\/?post_type=product&#038;p=3105"},"modified":"2026-04-15T03:00:19","modified_gmt":"2026-04-15T00:00:19","slug":"bbq-stienu-komplekts-6gab","status":"publish","type":"product","link":"https:\/\/tammetorubbq.ee\/lv\/product-2\/bbq-stienu-komplekts-6gab\/","title":{"rendered":"Grila iesmu komplekts 6gab"},"content":{"rendered":"<p class=\"\" data-start=\"164\" data-end=\"199\"><strong data-start=\"164\" data-end=\"199\">K\u0101p\u0113c izv\u0113l\u0113ties U-veida stie\u0146us?<\/strong><\/p>\n<p class=\"\" data-start=\"201\" data-end=\"573\">U-veida d\u016brieni nodro\u0161ina \u012bstu gril\u0113\u0161anas \u0113rtumu: \u0113diens uz dak\u0161as neskr\u012btas, bet gatavojas vienm\u0113r\u012bgi un vien\u0101 pus\u0113. Pateicoties plakanajai konstrukcijai, j\u016bs varat viegli pagriezt \u0113dienu, katru reizi pan\u0101kot perfektu rezult\u0101tu. Turkl\u0101t U formas n\u016bji\u0146as ir iztur\u012bgas un stabilas - ide\u0101la izv\u0113le smag\u0101kiem ga\u013cas gabaliem vai bieziem d\u0101rze\u0146u koci\u0146iem. <strong>Gril\u0113jiet k\u0101 profesion\u0101lis!<\/strong><\/p>","protected":false},"excerpt":{"rendered":"<p class=\"\" data-start=\"208\" data-end=\"518\"><strong data-start=\"208\" data-end=\"243\">Grila iesmu komplekts<\/strong> ir neaizst\u0101jama ikvienam \u012bstam \u0161aha cien\u012bt\u0101jam. \u0160ie iztur\u012bgie U formas stie\u0146i ir ide\u0101li piem\u0113roti ga\u013cas, d\u0101rze\u0146u un j\u016bras vel\u0161u cep\u0161anai uz tie\u0161as liesmas.<br data-start=\"407\" data-end=\"410\" \/>U-veida konstrukcija ne\u013cauj \u0113dienam griezties uz stie\u0146a un \u013cauj viegli un \u0113rti iesl\u0113gt grilu.<\/p>\n<p class=\"\" data-start=\"520\" data-end=\"714\">Stie\u0146i ir izgatavoti no <strong data-start=\"542\" data-end=\"581\">augstas kvalit\u0101tes ner\u016bs\u0113jo\u0161ais t\u0113rauds<\/strong>, kas nodro\u0161ina to iztur\u012bbu un iztur\u012bbu pret r\u016bsu. Turkl\u0101t stie\u0146i ir <strong data-start=\"647\" data-end=\"676\">var mazg\u0101t trauku mazg\u0101jam\u0101 ma\u0161\u012bn\u0101<\/strong>, kas \u012bpa\u0161i atvieglo t\u012br\u012b\u0161anu.<\/p>\n<p class=\"\" data-start=\"716\" data-end=\"838\"><strong data-start=\"716\" data-end=\"738\">Komplekt\u0101 ietilpst:<\/strong><br data-start=\"738\" data-end=\"741\" \/>- 6 U-veida grila restes<br data-start=\"769\" data-end=\"772\" \/>- Eleganta samta soma \u0113rtai glab\u0101\u0161anai un p\u0101rn\u0113s\u0101\u0161anai.<\/p>\n<p class=\"\" data-start=\"840\" data-end=\"877\"><strong data-start=\"840\" data-end=\"851\">Izm\u0113ri:<\/strong><br data-start=\"851\" data-end=\"854\" \/>- Stie\u0146a garums: 30,5 cm<\/p>\n<p class=\"\" data-start=\"879\" data-end=\"968\"><strong data-start=\"879\" data-end=\"900\">Ide\u0101li piem\u0113rots:<\/strong> \u0161a\u0161liku iesmiem, kebabiem, d\u0101rze\u0146iem un da\u017e\u0101diem satays.<\/p>\n<p data-start=\"140\" data-end=\"154\"><strong>\ud83d\udca1 Profesion\u0101\u013cu padoms: <\/strong>Pirms \u0113diena uzlik\u0161anas uz iesmiem, viegli apsm\u0113r\u0113jiet iesmus ar e\u013c\u013cu - tas pal\u012bdz\u0113s nov\u0113rst \u0113diena pielip\u0161anu un \u012bpa\u0161i atvieglos pagatavoto ga\u013cas gabalu iz\u0146em\u0161anu.<\/p>\n<p data-start=\"140\" data-end=\"154\"><strong>Gril\u0113jiet k\u0101 profesion\u0101lis!<\/strong><\/p>","protected":false},"featured_media":3108,"comment_status":"open","ping_status":"closed","template":"","meta":{"_uf_show_specific_survey":0,"_uf_disable_surveys":false},"pwb-brand":[],"product_brand":[],"product_cat":[30,20],"product_tag":[134,361],"class_list":{"0":"post-3105","1":"product","2":"type-product","3":"status-publish","4":"has-post-thumbnail","6":"product_cat-grillimise-tarvikud","7":"product_cat-kampaania","8":"product_tag-grillimise-tarvikud","9":"product_tag-grillvardad","11":"first","12":"instock","13":"sale","14":"taxable","15":"shipping-taxable","16":"purchasable","17":"product-type-simple"},"brands":[],"_links":{"self":[{"href":"https:\/\/tammetorubbq.ee\/lv\/wp-json\/wp\/v2\/product\/3105","targetHints":{"allow":["GET"]}}],"collection":[{"href":"https:\/\/tammetorubbq.ee\/lv\/wp-json\/wp\/v2\/product"}],"about":[{"href":"https:\/\/tammetorubbq.ee\/lv\/wp-json\/wp\/v2\/types\/product"}],"replies":[{"embeddable":true,"href":"https:\/\/tammetorubbq.ee\/lv\/wp-json\/wp\/v2\/comments?post=3105"}],"wp:featuredmedia":[{"embeddable":true,"href":"https:\/\/tammetorubbq.ee\/lv\/wp-json\/wp\/v2\/media\/3108"}],"wp:attachment":[{"href":"https:\/\/tammetorubbq.ee\/lv\/wp-json\/wp\/v2\/media?parent=3105"}],"wp:term":[{"taxonomy":"pwb-brand","embeddable":true,"href":"https:\/\/tammetorubbq.ee\/lv\/wp-json\/wp\/v2\/pwb-brand?post=3105"},{"taxonomy":"product_brand","embeddable":true,"href":"https:\/\/tammetorubbq.ee\/lv\/wp-json\/wp\/v2\/product_brand?post=3105"},{"taxonomy":"product_cat","embeddable":true,"href":"https:\/\/tammetorubbq.ee\/lv\/wp-json\/wp\/v2\/product_cat?post=3105"},{"taxonomy":"product_tag","embeddable":true,"href":"https:\/\/tammetorubbq.ee\/lv\/wp-json\/wp\/v2\/product_tag?post=3105"}],"curies":[{"name":"wp","href":"https:\/\/api.w.org\/{rel}","templated":true}]}}