{"id":3183,"date":"2025-05-21T11:41:17","date_gmt":"2025-05-21T08:41:17","guid":{"rendered":"https:\/\/tammetorubbq.ee\/?post_type=product&#038;p=3183"},"modified":"2026-04-15T02:00:05","modified_gmt":"2026-04-14T23:00:05","slug":"turnpike-kokosriekstu-cili-berze-235g","status":"publish","type":"product","link":"https:\/\/tammetorubbq.ee\/lv\/product-2\/turnpike-kokosriekstu-cili-berze-235g\/","title":{"rendered":"Turnpike Kokosriekstu \u010dili rub\u012bns 235g"},"content":{"rendered":"<p><strong data-start=\"0\" data-end=\"31\" data-is-only-node=\"\">Sast\u0101vda\u013cas: <\/strong>Maltodekstr\u012bns, cukurs, s\u0101ls, karijs, gar\u0161vielas (koriandrs, \u0137imenes, kurkuma, baltie pipari, ingvers, paprika, grie\u0137u sier\u0101boli\u0146\u0161, \u010dilli pulveris), s\u0101ls, d\u0101rze\u0146i (\u0137iploku pulveris, s\u012bpolu pulveris), \u010dilli pipari, ingvers, koriandrs, kokosrieksts, kokosriekstu piena pulveris (piena prote\u012bns, kokosriekstu piens), \u0137iploki, dab\u012bga aromatiz\u0113t\u0101ja.<\/p>","protected":false},"excerpt":{"rendered":"<p class=\"\" data-start=\"42\" data-end=\"108\"><strong data-start=\"42\" data-end=\"106\">Kokosriekstu \u010dili gar\u0161viela - \u0100zijas tropu \u0113diens<\/strong><\/p>\n<p class=\"\" data-start=\"110\" data-end=\"381\">Atkl\u0101jiet \u0100zijas iedvesmotu virtuvi <strong data-start=\"143\" data-end=\"175\">Kokosriekstu \u010dilli gar\u0161vielu mais\u012bjums<\/strong>, kas apvieno kokosriekstu tropisko saldumu un maigo \u010dilli asumu. \u0160is gar\u0161\u012bgais mais\u012bjums ir lieliski piem\u0113rots <strong data-start=\"291\" data-end=\"314\">c\u016bkga\u013ca un vistas ga\u013ca<\/strong> gar\u0161viel\u0101m - k\u0101 sausu marin\u0101di vai vienk\u0101r\u0161i k\u0101 gar\u0161vielu.<\/p>\n<p class=\"\" data-start=\"383\" data-end=\"557\">Vai gril\u0113\u0161anai v\u0113laties ko citu?<br data-start=\"418\" data-end=\"421\" \/><strong data-start=\"421\" data-end=\"471\">Sajauciet gar\u0161vielu mais\u012bjumu ar kokosriekstu pienu vai buljonu.<\/strong> un pagatavot gardu <strong data-start=\"497\" data-end=\"512\">karija kastes<\/strong> - ide\u0101li piem\u0113rots gan ga\u013cai, gan d\u0101rze\u0146iem!<\/p>\n<p class=\"\" data-start=\"559\" data-end=\"728\"><strong data-start=\"559\" data-end=\"581\">Ieteikumi lieto\u0161anai:<\/strong><br data-start=\"581\" data-end=\"584\" \/>\u2714\ufe0f C\u016bkga\u013cas un vistas ga\u013cas gar\u0161vielas<br data-start=\"618\" data-end=\"621\" \/>\u2714\ufe0f Saus\u0101s marin\u0101des<br data-start=\"639\" data-end=\"642\" \/>\u2714\ufe0f Grila \u0113dieniem<br data-start=\"660\" data-end=\"663\" \/>\u2714\ufe0f Lai pagatavotu karija m\u0113rci (ar kokosriekstu pienu vai buljonu)<\/p>\n<p class=\"\" data-start=\"730\" data-end=\"818\"><strong data-start=\"730\" data-end=\"818\">Ienesiet eksotiskas gar\u0161as sav\u0101 virtuv\u0113 - izm\u0113\u0123iniet kokosriekstu \u010dilli gar\u0161vielu jau \u0161odien!<\/strong><\/p>\n<p data-start=\"730\" data-end=\"818\"><strong data-start=\"93\" data-end=\"108\">\ud83d\udca1 Profesion\u0101\u013cu padoms: <\/strong>Sajauc 2 \u0113damkarotes <strong data-start=\"133\" data-end=\"165\">Kokosriekstu \u010dilli gar\u0161vielu mais\u012bjums<\/strong> 200 ml <strong data-start=\"173\" data-end=\"190\">ar kokosriekstu pienu<\/strong> un \u013caujiet m\u0113rcei uz l\u0113nas uguns v\u0101r\u012bties 5-10 min\u016btes - t\u0101 \u0101tri pagatavosiet gar\u0161\u012bgu m\u0113rci. <strong data-start=\"276\" data-end=\"285\" data-is-only-node=\"\">karri<\/strong>, kas lieliski sader ar vistas ga\u013cu, garnel\u0113m un d\u0101rze\u0146iem. Pasniedziet ar r\u012bsiem vai n\u016bdel\u0113m!<\/p>\n<p><img loading=\"lazy\" decoding=\"async\" class=\"wp-image-2719\" src=\"http:\/\/tammetorubbq.ee\/wp-content\/uploads\/2025\/04\/Turnpike-BBQ-logo-300x300.webp\" alt=\"Turnpike BBQ logotips\" width=\"174\" height=\"174\" srcset=\"https:\/\/tammetorubbq.ee\/wp-content\/uploads\/2025\/04\/Turnpike-BBQ-logo-300x300.webp 300w, https:\/\/tammetorubbq.ee\/wp-content\/uploads\/2025\/04\/Turnpike-BBQ-logo-150x150.webp 150w, https:\/\/tammetorubbq.ee\/wp-content\/uploads\/2025\/04\/Turnpike-BBQ-logo-12x12.webp 12w, https:\/\/tammetorubbq.ee\/wp-content\/uploads\/2025\/04\/Turnpike-BBQ-logo-600x600.webp 600w, https:\/\/tammetorubbq.ee\/wp-content\/uploads\/2025\/04\/Turnpike-BBQ-logo-64x64.webp 64w, https:\/\/tammetorubbq.ee\/wp-content\/uploads\/2025\/04\/Turnpike-BBQ-logo.webp 720w\" sizes=\"auto, (max-width: 174px) 100vw, 174px\" \/><\/p>","protected":false},"featured_media":3184,"comment_status":"open","ping_status":"closed","template":"","meta":{"_uf_show_specific_survey":0,"_uf_disable_surveys":false},"pwb-brand":[117],"product_brand":[],"product_cat":[21,20],"product_tag":[118,175,114],"class_list":{"0":"post-3183","1":"product","2":"type-product","3":"status-publish","4":"has-post-thumbnail","6":"pwb-brand-turnpike-bbq","7":"product_cat-maitseainesegud","8":"product_cat-kampaania","9":"product_tag-kanaliha","10":"product_tag-sealih","11":"product_tag-sealiha","13":"first","14":"instock","15":"sale","16":"taxable","17":"shipping-taxable","18":"purchasable","19":"product-type-simple"},"brands":[{"id":117,"name":"Turnpike BBQ","slug":"turnpike-bbq"}],"_links":{"self":[{"href":"https:\/\/tammetorubbq.ee\/lv\/wp-json\/wp\/v2\/product\/3183","targetHints":{"allow":["GET"]}}],"collection":[{"href":"https:\/\/tammetorubbq.ee\/lv\/wp-json\/wp\/v2\/product"}],"about":[{"href":"https:\/\/tammetorubbq.ee\/lv\/wp-json\/wp\/v2\/types\/product"}],"replies":[{"embeddable":true,"href":"https:\/\/tammetorubbq.ee\/lv\/wp-json\/wp\/v2\/comments?post=3183"}],"wp:featuredmedia":[{"embeddable":true,"href":"https:\/\/tammetorubbq.ee\/lv\/wp-json\/wp\/v2\/media\/3184"}],"wp:attachment":[{"href":"https:\/\/tammetorubbq.ee\/lv\/wp-json\/wp\/v2\/media?parent=3183"}],"wp:term":[{"taxonomy":"pwb-brand","embeddable":true,"href":"https:\/\/tammetorubbq.ee\/lv\/wp-json\/wp\/v2\/pwb-brand?post=3183"},{"taxonomy":"product_brand","embeddable":true,"href":"https:\/\/tammetorubbq.ee\/lv\/wp-json\/wp\/v2\/product_brand?post=3183"},{"taxonomy":"product_cat","embeddable":true,"href":"https:\/\/tammetorubbq.ee\/lv\/wp-json\/wp\/v2\/product_cat?post=3183"},{"taxonomy":"product_tag","embeddable":true,"href":"https:\/\/tammetorubbq.ee\/lv\/wp-json\/wp\/v2\/product_tag?post=3183"}],"curies":[{"name":"wp","href":"https:\/\/api.w.org\/{rel}","templated":true}]}}