{"id":3189,"date":"2025-05-21T14:57:40","date_gmt":"2025-05-21T11:57:40","guid":{"rendered":"https:\/\/tammetorubbq.ee\/?post_type=product&#038;p=3189"},"modified":"2026-04-17T14:01:02","modified_gmt":"2026-04-17T11:01:02","slug":"turnpike-bbq-smiekligs-vistas-galas-berzejums-235g","status":"publish","type":"product","link":"https:\/\/tammetorubbq.ee\/lv\/product-2\/turnpike-bbq-smiekligs-vistas-galas-berzejums-235g\/","title":{"rendered":"Turnpike BBQ Ridiculous Chicken Rub 235g"},"content":{"rendered":"<p><strong>Sast\u0101vda\u013cas:<\/strong> s\u0101ls, r\u012bsu milti, gar\u0161augi\/ gar\u0161vielas (paprika, koriandrs, baltie pipari, kurkuma, \u0137imenes, ingvers, fenhelis, sinepju s\u0113klas, \u010dilli), kvie\u0161u milti, gar\u0161vielas, E621, kr\u0101sviela, E160C, var satur\u0113t piena un lipek\u013ca p\u0113das.<\/p>\n<p><strong><a href=\"https:\/\/tammetorubbq.ee\/lv\/product-2\/turnpike-bbq-smiekligs-vistas-galas-berzejums-700g\/\">Pieejami ar\u012b 700 g iepakojumos<\/a><\/strong><\/p>","protected":false},"excerpt":{"rendered":"<p class=\"\" data-start=\"70\" data-end=\"154\"><strong data-start=\"70\" data-end=\"152\">Turnpike Smokers Ridiculous Chicken BBQ Rub - ide\u0101ls gar\u0161as baud\u012bjums vistas ga\u013cai<\/strong><\/p>\n<p class=\"\" data-start=\"156\" data-end=\"401\">Atkl\u0101jiet patieso vistas ga\u013cas potenci\u0101lu ar \u0161o unik\u0101lo BBQ gar\u0161vielu mais\u012bjumu! <strong data-start=\"231\" data-end=\"261\">Smiekl\u012bgs vistas BBQ rub<\/strong> \u012bpa\u0161i izstr\u0101d\u0101ti, lai izceltu lab\u0101k\u0101s gar\u0161as. <strong data-start=\"325\" data-end=\"362\">vistas sp\u0101rnos, k\u0101j\u0101s, k\u0101j\u0101s, k\u0101j\u0101s, k\u0101j\u0101s<\/strong> un visos citos m\u0101jputnu ga\u013cas \u0113dienos.<\/p>\n<p class=\"\" data-start=\"403\" data-end=\"541\">Gatavojot cepe\u0161kr\u0101sn\u012b, uz grila vai uz pannas, \u0161is mais\u012bjums pie\u0161\u0137ir ga\u013cai bag\u0101t\u012bgu, d\u016bmakainu un nedaudz saldu BBQ gar\u0161u, kas liks m\u0113lei aizrauties.<\/p>\n<p class=\"\" data-start=\"543\" data-end=\"671\"><strong data-start=\"543\" data-end=\"564\">Ide\u0101li piem\u0113rots:<\/strong><br data-start=\"564\" data-end=\"567\" \/>\u2714\ufe0f par Kan\u0101riju sal\u0101m<br data-start=\"583\" data-end=\"586\" \/>\u2714\ufe0f P\u0113d\u0101m un k\u0101ju pirkstiem<br data-start=\"612\" data-end=\"615\" \/>\u2714\ufe0f Par vesel\u012bgu gril\u0113\u0161anu<br data-start=\"637\" data-end=\"640\" \/>\u2714\ufe0f Vistas filejas un iesmi\u0146i<\/p>\n<p class=\"\" data-start=\"673\" data-end=\"910\"><strong data-start=\"673\" data-end=\"688\">\ud83d\udca1 Profesion\u0101\u013cu padoms: <\/strong>Vispirms vistas ga\u013cu viegli p\u0101rziepciet ar ol\u012bve\u013c\u013cu, p\u0113c tam vienm\u0113r\u012bgi uzberiet gar\u0161vielu mais\u012bjumu un atst\u0101jiet nost\u0101v\u0113ties vismaz 30 min\u016btes (vai uz nakti) - t\u0101 visas gar\u0161as ies\u016bcas dzi\u013ci ga\u013c\u0101, un ga\u013ca k\u013c\u016bst \u012bpa\u0161i sul\u012bga un arom\u0101tiska!<\/p>\n<p class=\"\" data-start=\"912\" data-end=\"1044\"><strong data-start=\"912\" data-end=\"1044\">Paaugstiniet savu m\u0101jas BBQ l\u012bmeni - izm\u0113\u0123iniet \"Ridiculous Chicken BBQ Rub\" un pagatavojiet restor\u0101na kvalit\u0101tes \u0113dienus!<\/strong><\/p>\n<p><img loading=\"lazy\" decoding=\"async\" class=\"wp-image-2719\" src=\"http:\/\/tammetorubbq.ee\/wp-content\/uploads\/2025\/04\/Turnpike-BBQ-logo-300x300.webp\" alt=\"Turnpike BBQ logotips\" width=\"136\" height=\"136\" srcset=\"https:\/\/tammetorubbq.ee\/wp-content\/uploads\/2025\/04\/Turnpike-BBQ-logo-300x300.webp 300w, https:\/\/tammetorubbq.ee\/wp-content\/uploads\/2025\/04\/Turnpike-BBQ-logo-150x150.webp 150w, https:\/\/tammetorubbq.ee\/wp-content\/uploads\/2025\/04\/Turnpike-BBQ-logo-12x12.webp 12w, https:\/\/tammetorubbq.ee\/wp-content\/uploads\/2025\/04\/Turnpike-BBQ-logo-600x600.webp 600w, https:\/\/tammetorubbq.ee\/wp-content\/uploads\/2025\/04\/Turnpike-BBQ-logo-64x64.webp 64w, https:\/\/tammetorubbq.ee\/wp-content\/uploads\/2025\/04\/Turnpike-BBQ-logo.webp 720w\" sizes=\"auto, (max-width: 136px) 100vw, 136px\" \/><\/p>","protected":false},"featured_media":3190,"comment_status":"open","ping_status":"closed","template":"","meta":{"_uf_show_specific_survey":0,"_uf_disable_surveys":false},"pwb-brand":[117],"product_brand":[],"product_cat":[21],"product_tag":[159],"class_list":{"0":"post-3189","1":"product","2":"type-product","3":"status-publish","4":"has-post-thumbnail","6":"pwb-brand-turnpike-bbq","7":"product_cat-maitseainesegud","8":"product_tag-kanatiivad","10":"first","11":"instock","12":"taxable","13":"shipping-taxable","14":"purchasable","15":"product-type-simple"},"brands":[{"id":117,"name":"Turnpike BBQ","slug":"turnpike-bbq"}],"_links":{"self":[{"href":"https:\/\/tammetorubbq.ee\/lv\/wp-json\/wp\/v2\/product\/3189","targetHints":{"allow":["GET"]}}],"collection":[{"href":"https:\/\/tammetorubbq.ee\/lv\/wp-json\/wp\/v2\/product"}],"about":[{"href":"https:\/\/tammetorubbq.ee\/lv\/wp-json\/wp\/v2\/types\/product"}],"replies":[{"embeddable":true,"href":"https:\/\/tammetorubbq.ee\/lv\/wp-json\/wp\/v2\/comments?post=3189"}],"wp:featuredmedia":[{"embeddable":true,"href":"https:\/\/tammetorubbq.ee\/lv\/wp-json\/wp\/v2\/media\/3190"}],"wp:attachment":[{"href":"https:\/\/tammetorubbq.ee\/lv\/wp-json\/wp\/v2\/media?parent=3189"}],"wp:term":[{"taxonomy":"pwb-brand","embeddable":true,"href":"https:\/\/tammetorubbq.ee\/lv\/wp-json\/wp\/v2\/pwb-brand?post=3189"},{"taxonomy":"product_brand","embeddable":true,"href":"https:\/\/tammetorubbq.ee\/lv\/wp-json\/wp\/v2\/product_brand?post=3189"},{"taxonomy":"product_cat","embeddable":true,"href":"https:\/\/tammetorubbq.ee\/lv\/wp-json\/wp\/v2\/product_cat?post=3189"},{"taxonomy":"product_tag","embeddable":true,"href":"https:\/\/tammetorubbq.ee\/lv\/wp-json\/wp\/v2\/product_tag?post=3189"}],"curies":[{"name":"wp","href":"https:\/\/api.w.org\/{rel}","templated":true}]}}