{"id":3191,"date":"2025-05-21T15:19:07","date_gmt":"2025-05-21T12:19:07","guid":{"rendered":"https:\/\/tammetorubbq.ee\/?post_type=product&#038;p=3191"},"modified":"2026-04-15T00:00:02","modified_gmt":"2026-04-14T21:00:02","slug":"sprauslu-nujinas-grilesanai-un-malkas-smidzinasanai","status":"publish","type":"product","link":"https:\/\/tammetorubbq.ee\/lv\/product-2\/sprauslu-nujinas-grilesanai-un-malkas-smidzinasanai\/","title":{"rendered":"S\u0113rkoci\u0146i grila ogl\u0113m un malkai"},"content":{"rendered":"<p><strong>Iepakojums<\/strong>: mini kartona kaste (aptuveni 1 kg \/ 80 gab.)<\/p>","protected":false},"excerpt":{"rendered":"<h5 data-start=\"60\" data-end=\"142\"><strong data-start=\"107\" data-end=\"142\">Dabiska un efekt\u012bva aizdeg\u0161an\u0101s<\/strong><\/h5>\n<p class=\"\" data-start=\"144\" data-end=\"408\">Ekolo\u0123iskie s\u0113rkoci\u0146i ir izgatavoti no. <strong data-start=\"190\" data-end=\"207\">koksnes \u0161\u0137eldas<\/strong>, kas ir <strong data-start=\"216\" data-end=\"247\">impregn\u0113ts ar dab\u012bgo vasku<\/strong> - piln\u012bgi bez \u0137imik\u0101lij\u0101m un bez smar\u017eas.<\/p>\n<p class=\"\" data-start=\"144\" data-end=\"408\">Vien\u0101 kast\u0113 ir aptuveni <strong data-start=\"312\" data-end=\"327\">80 praimeri<\/strong>, kas to padara \u012bpa\u0161i <strong data-start=\"352\" data-end=\"383\">Ilgm\u016b\u017e\u012bga un pieejama izv\u0113le<\/strong> ikdienas lieto\u0161anai.<\/p>\n<p><strong>Ide\u0101li piem\u0113rots:<\/strong><\/p>\n<ul>\n<li>Kaminatesse<\/li>\n<li>Ahjudesse<\/li>\n<li>Grillide ja BBQ-de s\u00fc\u00fctamiseks<\/li>\n<li>Puuk\u00fcttekateldesse<\/li>\n<li>S\u00fcte ja brikettide s\u00fc\u00fctamiseks<\/li>\n<\/ul>\n<p class=\"\" data-start=\"751\" data-end=\"864\"><strong data-start=\"751\" data-end=\"773\">Tikai viena aizdedzes svece <\/strong>ir pietiekami, lai iekurtu uguni, ja tiek izmantoti ar\u012b kurin\u0101mie materi\u0101li (piem\u0113ram, smalkas malkas vai koci\u0146i).<\/p>\n<p data-start=\"751\" data-end=\"864\"><strong data-start=\"871\" data-end=\"886\">Profesion\u0101\u013cu padoms: <\/strong>Hoia karp s\u00fc\u00fctepulkasid alati k\u00e4ep\u00e4rast \u2013 need on ideaalsed ka matkale, l\u00f5kkeplatsile v\u00f5i suvilasse kaasa v\u00f5tmiseks! Ei mingeid kemikaale, suitsu ega ebameeldivat l\u00f5hna \u2013 ainult puhas ja kindel s\u00fc\u00fcde igas olukorras.<\/p>\n<p><img loading=\"lazy\" decoding=\"async\" class=\"wp-image-2719\" src=\"http:\/\/tammetorubbq.ee\/wp-content\/uploads\/2025\/04\/Turnpike-BBQ-logo-300x300.webp\" alt=\"Turnpike BBQ logotips\" width=\"141\" height=\"141\" srcset=\"https:\/\/tammetorubbq.ee\/wp-content\/uploads\/2025\/04\/Turnpike-BBQ-logo-300x300.webp 300w, https:\/\/tammetorubbq.ee\/wp-content\/uploads\/2025\/04\/Turnpike-BBQ-logo-150x150.webp 150w, https:\/\/tammetorubbq.ee\/wp-content\/uploads\/2025\/04\/Turnpike-BBQ-logo-12x12.webp 12w, https:\/\/tammetorubbq.ee\/wp-content\/uploads\/2025\/04\/Turnpike-BBQ-logo-600x600.webp 600w, https:\/\/tammetorubbq.ee\/wp-content\/uploads\/2025\/04\/Turnpike-BBQ-logo-64x64.webp 64w, https:\/\/tammetorubbq.ee\/wp-content\/uploads\/2025\/04\/Turnpike-BBQ-logo.webp 720w\" sizes=\"auto, (max-width: 141px) 100vw, 141px\" \/><\/p>","protected":false},"featured_media":3192,"comment_status":"open","ping_status":"closed","template":"","meta":{"_uf_show_specific_survey":0,"_uf_disable_surveys":false},"pwb-brand":[117],"product_brand":[],"product_cat":[60],"product_tag":[],"class_list":{"0":"post-3191","1":"product","2":"type-product","3":"status-publish","4":"has-post-thumbnail","6":"pwb-brand-turnpike-bbq","7":"product_cat-suutepulgad","9":"first","10":"instock","11":"taxable","12":"shipping-taxable","13":"purchasable","14":"product-type-simple"},"brands":[{"id":117,"name":"Turnpike BBQ","slug":"turnpike-bbq"}],"_links":{"self":[{"href":"https:\/\/tammetorubbq.ee\/lv\/wp-json\/wp\/v2\/product\/3191","targetHints":{"allow":["GET"]}}],"collection":[{"href":"https:\/\/tammetorubbq.ee\/lv\/wp-json\/wp\/v2\/product"}],"about":[{"href":"https:\/\/tammetorubbq.ee\/lv\/wp-json\/wp\/v2\/types\/product"}],"replies":[{"embeddable":true,"href":"https:\/\/tammetorubbq.ee\/lv\/wp-json\/wp\/v2\/comments?post=3191"}],"wp:featuredmedia":[{"embeddable":true,"href":"https:\/\/tammetorubbq.ee\/lv\/wp-json\/wp\/v2\/media\/3192"}],"wp:attachment":[{"href":"https:\/\/tammetorubbq.ee\/lv\/wp-json\/wp\/v2\/media?parent=3191"}],"wp:term":[{"taxonomy":"pwb-brand","embeddable":true,"href":"https:\/\/tammetorubbq.ee\/lv\/wp-json\/wp\/v2\/pwb-brand?post=3191"},{"taxonomy":"product_brand","embeddable":true,"href":"https:\/\/tammetorubbq.ee\/lv\/wp-json\/wp\/v2\/product_brand?post=3191"},{"taxonomy":"product_cat","embeddable":true,"href":"https:\/\/tammetorubbq.ee\/lv\/wp-json\/wp\/v2\/product_cat?post=3191"},{"taxonomy":"product_tag","embeddable":true,"href":"https:\/\/tammetorubbq.ee\/lv\/wp-json\/wp\/v2\/product_tag?post=3191"}],"curies":[{"name":"wp","href":"https:\/\/api.w.org\/{rel}","templated":true}]}}