{"id":3194,"date":"2025-05-21T15:45:16","date_gmt":"2025-05-21T12:45:16","guid":{"rendered":"https:\/\/tammetorubbq.ee\/?post_type=product&#038;p=3194"},"modified":"2026-04-26T17:00:12","modified_gmt":"2026-04-26T14:00:12","slug":"dumu-bloks-no-oun-koksnes-25kg","status":"publish","type":"product","link":"https:\/\/tammetorubbq.ee\/lv\/product-2\/dumu-bloks-no-oun-koksnes-25kg\/","title":{"rendered":"Turnpike BBQ suitsuklots \u2013 \u00f5unapuust 2,5kg"},"content":{"rendered":"<p><strong>Iepakojums<\/strong>: 2,5 kg, 8 litri<\/p>","protected":false},"excerpt":{"rendered":"<p class=\"\" data-start=\"60\" data-end=\"120\"><strong data-start=\"60\" data-end=\"118\">\u0100be\u013cu koku d\u016bmu \u0161\u0137eldas - maiga un salda d\u016bmu gar\u0161a!<\/strong><\/p>\n<p class=\"\" data-start=\"122\" data-end=\"373\"><strong data-start=\"122\" data-end=\"139\">\u0100be\u013cu d\u016bmi<\/strong> dod ga\u013cu <strong data-start=\"153\" data-end=\"186\">maiga un viegli salda gar\u0161a<\/strong>, kas ir \u012bpa\u0161i piem\u0113rots <strong data-start=\"210\" data-end=\"240\">c\u016bkga\u013ca, zivis un m\u0101jputni<\/strong> sm\u0113\u0137\u0113\u0161anai. \u0160ie d\u016bmi nekad nav p\u0101r\u0101k intens\u012bvi - tikai pareizi sabalans\u0113ti, lai uzlabotu izejvielu dabisko gar\u0161u.<\/p>\n<p class=\"\" data-start=\"375\" data-end=\"538\">Kam\u0113r <strong data-start=\"381\" data-end=\"431\">\u0101bolu koksnes d\u016bmu arom\u0101ts l\u0113ni ies\u016bcas ga\u013c\u0101.<\/strong>, paciet\u012bba atmaks\u0101jas - ilg\u0101k\u0101 sm\u0113\u0137\u0113\u0161anas laik\u0101 j\u016bs g\u016bstat patie\u0161\u0101m dzi\u013cu un smalku gar\u0161as saj\u016btu.<\/p>\n<p class=\"\" data-start=\"540\" data-end=\"685\"><strong data-start=\"540\" data-end=\"559\">Produkta \u012bpa\u0161\u012bbas:<\/strong><br data-start=\"559\" data-end=\"562\" \/>\u2714\ufe0f \u0100tri rada d\u016bmus<br data-start=\"587\" data-end=\"590\" \/>\u2714\ufe0f Deg sal\u012bdzino\u0161i ilgu laiku<br data-start=\"615\" data-end=\"618\" \/>\u2714\ufe0f Nav nepiecie\u0161ams bie\u017ei papildin\u0101t - ide\u0101ls risin\u0101jums <strong data-start=\"658\" data-end=\"685\">ilg\u0101kai sm\u0113\u0137\u0113\u0161anai<\/strong><\/p>\n<p class=\"\" data-start=\"687\" data-end=\"822\"><strong data-start=\"687\" data-end=\"710\">Piem\u0113rots:<\/strong><br data-start=\"710\" data-end=\"713\" \/>- Ar ogl\u0113m vai briket\u0113m<br data-start=\"738\" data-end=\"741\" \/>- Ide\u0101li piem\u0113rots izmanto\u0161anai, ja nepiecie\u0161ams pievienot degvielu ugunij.<strong>\u00a0<a href=\"https:\/\/tammetorubbq.ee\/lv\/kategorija\/grili\/keramikas-grili\/\">Kamado Joe<\/a><\/strong>-s vai\u00a0<strong><a href=\"https:\/\/tammetorubbq.ee\/lv\/kategorija\/grili\/bbq-dumu-krasnis\/\">Grila kr\u0101sns<\/a><\/strong>.<\/p>\n<p><img loading=\"lazy\" decoding=\"async\" class=\"wp-image-2719\" src=\"http:\/\/tammetorubbq.ee\/wp-content\/uploads\/2025\/04\/Turnpike-BBQ-logo-300x300.webp\" alt=\"Turnpike BBQ logotips\" width=\"137\" height=\"137\" srcset=\"https:\/\/tammetorubbq.ee\/wp-content\/uploads\/2025\/04\/Turnpike-BBQ-logo-300x300.webp 300w, https:\/\/tammetorubbq.ee\/wp-content\/uploads\/2025\/04\/Turnpike-BBQ-logo-150x150.webp 150w, https:\/\/tammetorubbq.ee\/wp-content\/uploads\/2025\/04\/Turnpike-BBQ-logo-12x12.webp 12w, https:\/\/tammetorubbq.ee\/wp-content\/uploads\/2025\/04\/Turnpike-BBQ-logo-600x600.webp 600w, https:\/\/tammetorubbq.ee\/wp-content\/uploads\/2025\/04\/Turnpike-BBQ-logo-64x64.webp 64w, https:\/\/tammetorubbq.ee\/wp-content\/uploads\/2025\/04\/Turnpike-BBQ-logo.webp 720w\" sizes=\"auto, (max-width: 137px) 100vw, 137px\" \/><\/p>\n<p>&nbsp;<\/p>","protected":false},"featured_media":3195,"comment_status":"open","ping_status":"closed","template":"","meta":{"_uf_show_specific_survey":0,"_uf_disable_surveys":false},"pwb-brand":[117],"product_brand":[391],"product_cat":[59],"product_tag":[163,118,114,124],"class_list":{"0":"post-3194","1":"product","2":"type-product","3":"status-publish","4":"has-post-thumbnail","6":"pwb-brand-turnpike-bbq","7":"product_brand-turnpike-bbq","8":"product_cat-suitsuklotsid","9":"product_tag-kala","10":"product_tag-kanaliha","11":"product_tag-sealiha","12":"product_tag-suitsuklots","14":"first","15":"outofstock","16":"taxable","17":"shipping-taxable","18":"purchasable","19":"product-type-simple"},"brands":[{"id":117,"name":"Turnpike BBQ","slug":"turnpike-bbq"}],"_links":{"self":[{"href":"https:\/\/tammetorubbq.ee\/lv\/wp-json\/wp\/v2\/product\/3194","targetHints":{"allow":["GET"]}}],"collection":[{"href":"https:\/\/tammetorubbq.ee\/lv\/wp-json\/wp\/v2\/product"}],"about":[{"href":"https:\/\/tammetorubbq.ee\/lv\/wp-json\/wp\/v2\/types\/product"}],"replies":[{"embeddable":true,"href":"https:\/\/tammetorubbq.ee\/lv\/wp-json\/wp\/v2\/comments?post=3194"}],"wp:featuredmedia":[{"embeddable":true,"href":"https:\/\/tammetorubbq.ee\/lv\/wp-json\/wp\/v2\/media\/3195"}],"wp:attachment":[{"href":"https:\/\/tammetorubbq.ee\/lv\/wp-json\/wp\/v2\/media?parent=3194"}],"wp:term":[{"taxonomy":"pwb-brand","embeddable":true,"href":"https:\/\/tammetorubbq.ee\/lv\/wp-json\/wp\/v2\/pwb-brand?post=3194"},{"taxonomy":"product_brand","embeddable":true,"href":"https:\/\/tammetorubbq.ee\/lv\/wp-json\/wp\/v2\/product_brand?post=3194"},{"taxonomy":"product_cat","embeddable":true,"href":"https:\/\/tammetorubbq.ee\/lv\/wp-json\/wp\/v2\/product_cat?post=3194"},{"taxonomy":"product_tag","embeddable":true,"href":"https:\/\/tammetorubbq.ee\/lv\/wp-json\/wp\/v2\/product_tag?post=3194"}],"curies":[{"name":"wp","href":"https:\/\/api.w.org\/{rel}","templated":true}]}}