{"id":3196,"date":"2025-05-21T16:07:35","date_gmt":"2025-05-21T13:07:35","guid":{"rendered":"https:\/\/tammetorubbq.ee\/?post_type=product&#038;p=3196"},"modified":"2026-04-15T06:00:04","modified_gmt":"2026-04-15T03:00:04","slug":"barbekju-pagrieziens","status":"publish","type":"product","link":"https:\/\/tammetorubbq.ee\/lv\/product-2\/barbekju-pagrieziens\/","title":{"rendered":"Turnpike grilltangid"},"content":{"rendered":"<p><strong data-start=\"607\" data-end=\"629\">Tehniskie dati:<\/strong><br data-start=\"629\" data-end=\"632\" \/>- Materi\u0101ls: ner\u016bs\u0113jo\u0161ais t\u0113rauds S\/S430<br data-start=\"667\" data-end=\"670\" \/>- Roktura materi\u0101ls: t\u012bkkoks<br data-start=\"700\" data-end=\"703\" \/>- Izm\u0113ri: 42 \u00d7 5 \u00d7 4 cm<\/p>","protected":false},"excerpt":{"rendered":"<p class=\"\" data-start=\"79\" data-end=\"170\"><strong data-start=\"79\" data-end=\"168\">Ner\u016bs\u0113jo\u0161\u0101 t\u0113rauda gril\u0113\u0161anas knaibles ar t\u012bkkoka rokturiem - iztur\u012bgas, stil\u012bgas un \u0113rtas<\/strong><\/p>\n<p class=\"\" data-start=\"172\" data-end=\"520\">Nepiecie\u0161ams <strong data-start=\"177\" data-end=\"214\">ner\u016bs\u0113jo\u0161\u0101 t\u0113rauda grila restes<\/strong> ir ide\u0101ls instruments ga\u013cas un d\u0101rze\u0146u rot\u0113\u0161anai un p\u0101rvieto\u0161anai uz grila. Izgatavots <strong data-start=\"309\" data-end=\"348\">augstas kvalit\u0101tes ner\u016bs\u0113jo\u0161ais t\u0113rauds<\/strong>, kas nodro\u0161ina iztur\u012bbu un ilgu kalpo\u0161anas laiku, un ir apr\u012bkots ar <strong data-start=\"409\" data-end=\"445\">ar iztur\u012bgu t\u012bkkoka rokturi<\/strong>, kas stingri turas rok\u0101 un labi iztur karstumu un laikapst\u0101k\u013cus.<\/p>\n<p class=\"\" data-start=\"522\" data-end=\"742\">Tang\u012bdi <strong data-start=\"530\" data-end=\"559\">iztur\u012bga konstrukcija<\/strong> \u013cauj dro\u0161i satvert un pacelt \u0113dienu, nesal\u016bstot un nenokr\u012btot. Elegantais t\u012bkkoka rokturis ne tikai papildina j\u016bsu grila piederumu funkcionalit\u0101ti, bet ar\u012b pie\u0161\u0137ir tiem vizu\u0101lo v\u0113rt\u012bbu.<\/p>\n<p class=\"\" data-start=\"744\" data-end=\"1043\"><strong data-start=\"744\" data-end=\"763\">Produkta \u012bpa\u0161\u012bbas:<\/strong><br data-start=\"763\" data-end=\"766\" \/>\u2714\ufe0f Ner\u016bs\u0113jo\u0161ais t\u0113rauds - iztur\u012bgs un ner\u016bs\u0113jo\u0161s<br data-start=\"809\" data-end=\"812\" \/>\u2714\ufe0f Iztur\u012bgs t\u012bkkoka rokturis - stil\u012bgs un karstumiztur\u012bgs<br data-start=\"871\" data-end=\"874\" \/>\u2714\ufe0f Praktisks blo\u0137\u0113\u0161anas meh\u0101nisms - knaibles var blo\u0137\u0113t uzglab\u0101\u0161anai.<br data-start=\"941\" data-end=\"944\" \/>\u2714\ufe0f \u0100das cilpa - \u0113rta pak\u0101r\u0161anai.<br data-start=\"978\" data-end=\"981\" \/>\u2714\ufe0f <strong>Garums 42 cm<\/strong> (16,5\u2033) - nodro\u0161ina dro\u0161u att\u0101lumu starp rok\u0101m un karstumu.<\/p>\n<p class=\"\" data-start=\"1045\" data-end=\"1141\"><strong data-start=\"1045\" data-end=\"1141\">Ide\u0101ls pal\u012bgs ikvienam grila meistaram - vien\u0101 r\u012bk\u0101 apvienota funkcionalit\u0101te un stils!<\/strong><\/p>\n<p class=\"\" data-start=\"0\" data-end=\"331\"><strong data-start=\"0\" data-end=\"15\">\ud83d\udca1 Profesion\u0101\u013cu padoms: <\/strong>P\u0113c katras lieto\u0161anas reizes nekav\u0113joties not\u012briet knaibles ar siltu \u016bdeni un maigu mazg\u0101\u0161anas l\u012bdzekli un r\u016bp\u012bgi nosusiniet - tas pal\u012bdz\u0113s saglab\u0101t j\u016bsu knaibles. <strong data-start=\"136\" data-end=\"163\">ner\u016bs\u0113jo\u0161\u0101 t\u0113rauda sp\u012bdums<\/strong> un <strong data-start=\"167\" data-end=\"194\">t\u012bkkoka iztur\u012bba<\/strong> turpm\u0101kajos gados. T\u012bkoka roktura uztur\u0113\u0161anai laiku pa laikam not\u012briet rokturi ar nelielu \u016bdens daudzumu. <strong data-start=\"267\" data-end=\"281\">cepam\u0101 e\u013c\u013ca<\/strong>lai koksne b\u016btu notur\u012bga pret mitrumu un neveidotos plaisas.<\/p>\n<p class=\"\" data-start=\"333\" data-end=\"463\">Stie\u0146i ir piem\u0113roti ar\u012b <strong data-start=\"365\" data-end=\"405\">gril\u0113ti spar\u0123e\u013ci vai kukur\u016bzas p\u0101rslas<\/strong> pagrie\u0161anai, pateicoties t\u0101 garajam k\u0101stam un stingrajam satv\u0113rienam!<\/p>\n<p><img loading=\"lazy\" decoding=\"async\" class=\"wp-image-2719\" src=\"http:\/\/tammetorubbq.ee\/wp-content\/uploads\/2025\/04\/Turnpike-BBQ-logo-300x300.webp\" alt=\"Turnpike BBQ logotips\" width=\"135\" height=\"135\" srcset=\"https:\/\/tammetorubbq.ee\/wp-content\/uploads\/2025\/04\/Turnpike-BBQ-logo-300x300.webp 300w, https:\/\/tammetorubbq.ee\/wp-content\/uploads\/2025\/04\/Turnpike-BBQ-logo-150x150.webp 150w, https:\/\/tammetorubbq.ee\/wp-content\/uploads\/2025\/04\/Turnpike-BBQ-logo-12x12.webp 12w, https:\/\/tammetorubbq.ee\/wp-content\/uploads\/2025\/04\/Turnpike-BBQ-logo-600x600.webp 600w, https:\/\/tammetorubbq.ee\/wp-content\/uploads\/2025\/04\/Turnpike-BBQ-logo-64x64.webp 64w, https:\/\/tammetorubbq.ee\/wp-content\/uploads\/2025\/04\/Turnpike-BBQ-logo.webp 720w\" sizes=\"auto, (max-width: 135px) 100vw, 135px\" \/><\/p>","protected":false},"featured_media":3197,"comment_status":"open","ping_status":"closed","template":"","meta":{"_uf_show_specific_survey":0,"_uf_disable_surveys":false},"pwb-brand":[117],"product_brand":[],"product_cat":[30,20],"product_tag":[134,355],"class_list":{"0":"post-3196","1":"product","2":"type-product","3":"status-publish","4":"has-post-thumbnail","6":"pwb-brand-turnpike-bbq","7":"product_cat-grillimise-tarvikud","8":"product_cat-kampaania","9":"product_tag-grillimise-tarvikud","10":"product_tag-grilltangid","12":"first","13":"instock","14":"sale","15":"taxable","16":"shipping-taxable","17":"purchasable","18":"product-type-simple"},"brands":[{"id":117,"name":"Turnpike BBQ","slug":"turnpike-bbq"}],"_links":{"self":[{"href":"https:\/\/tammetorubbq.ee\/lv\/wp-json\/wp\/v2\/product\/3196","targetHints":{"allow":["GET"]}}],"collection":[{"href":"https:\/\/tammetorubbq.ee\/lv\/wp-json\/wp\/v2\/product"}],"about":[{"href":"https:\/\/tammetorubbq.ee\/lv\/wp-json\/wp\/v2\/types\/product"}],"replies":[{"embeddable":true,"href":"https:\/\/tammetorubbq.ee\/lv\/wp-json\/wp\/v2\/comments?post=3196"}],"wp:featuredmedia":[{"embeddable":true,"href":"https:\/\/tammetorubbq.ee\/lv\/wp-json\/wp\/v2\/media\/3197"}],"wp:attachment":[{"href":"https:\/\/tammetorubbq.ee\/lv\/wp-json\/wp\/v2\/media?parent=3196"}],"wp:term":[{"taxonomy":"pwb-brand","embeddable":true,"href":"https:\/\/tammetorubbq.ee\/lv\/wp-json\/wp\/v2\/pwb-brand?post=3196"},{"taxonomy":"product_brand","embeddable":true,"href":"https:\/\/tammetorubbq.ee\/lv\/wp-json\/wp\/v2\/product_brand?post=3196"},{"taxonomy":"product_cat","embeddable":true,"href":"https:\/\/tammetorubbq.ee\/lv\/wp-json\/wp\/v2\/product_cat?post=3196"},{"taxonomy":"product_tag","embeddable":true,"href":"https:\/\/tammetorubbq.ee\/lv\/wp-json\/wp\/v2\/product_tag?post=3196"}],"curies":[{"name":"wp","href":"https:\/\/api.w.org\/{rel}","templated":true}]}}