{"id":3198,"date":"2025-05-21T16:16:15","date_gmt":"2025-05-21T13:16:15","guid":{"rendered":"https:\/\/tammetorubbq.ee\/?post_type=product&#038;p=3198"},"modified":"2026-04-14T22:00:40","modified_gmt":"2026-04-14T19:00:40","slug":"turnpike-bbq-karstumizturigi-grila-cimdi","status":"publish","type":"product","link":"https:\/\/tammetorubbq.ee\/lv\/product-2\/turnpike-bbq-karstumizturigi-grila-cimdi\/","title":{"rendered":"Turnpike BBQ karstumiztur\u012bgi grila cimdi"},"content":{"rendered":"<ul>\n<li class=\"\" data-start=\"157\" data-end=\"236\">\n<p class=\"\" data-start=\"159\" data-end=\"236\"><strong>Materi\u0101ls:<\/strong> poliestera un kokvilnas audums ar silikona un kokvilnas oder\u0113jumu<\/p>\n<\/li>\n<li class=\"\" data-start=\"237\" data-end=\"292\">\n<p class=\"\" data-start=\"239\" data-end=\"292\"><strong>Izm\u0113ri:<\/strong> 31 \u00d7 16 \u00d7 1,5 cm (garums \u00d7 platums \u00d7 biezums)<\/p>\n<\/li>\n<\/ul>","protected":false},"excerpt":{"rendered":"<p class=\"\" data-start=\"60\" data-end=\"135\"><strong data-start=\"60\" data-end=\"133\">Turnpike BBQ karstumiztur\u012bgi cimdi - dro\u0161\u012bba un komforts gril\u0113\u0161anas laik\u0101<\/strong><\/p>\n<p class=\"\" data-start=\"137\" data-end=\"418\">Turnpike BBQ cimdi ir \u012bpa\u0161i izstr\u0101d\u0101ti, lai iztur\u0113tu augstu temperat\u016bru. Izgatavoti <strong data-start=\"232\" data-end=\"259\">\u016bdensnecaurlaid\u012bgs materi\u0101ls<\/strong>, kas aizsarg\u0101 rokas no karstuma un mitruma. Cimdi ir <strong data-start=\"316\" data-end=\"360\">silikona rakstaina virsma ab\u0101s pus\u0113s<\/strong>, kas nodro\u0161ina stingru satv\u0113rienu un lab\u0101ku kontroli gril\u0113\u0161anas laik\u0101.<\/p>\n<p class=\"\" data-start=\"420\" data-end=\"524\">Turkl\u0101t \u0161ie cimdi ir piem\u0113roti gan <strong data-start=\"451\" data-end=\"483\">lab\u0101s un kreis\u0101s rokas lietot\u0101jiem<\/strong>, t\u0101p\u0113c to ir \u0113rti un vienk\u0101r\u0161i lietot.<\/p>\n<p class=\"\" data-start=\"526\" data-end=\"725\"><strong data-start=\"526\" data-end=\"548\">Galven\u0101s iez\u012bmes:<\/strong><br data-start=\"548\" data-end=\"551\" \/>\u2714\ufe0f \u016adensiztur\u012bgs un karstumiztur\u012bgs materi\u0101ls<br data-start=\"588\" data-end=\"591\" \/>\u2714\ufe0f Silikona raksti ab\u0101s pus\u0113s - lielisks sa\u0137eri<br data-start=\"644\" data-end=\"647\" \/>\u2714\ufe0f Piem\u0113rots lieto\u0161anai ar kreiso un labo roku<br data-start=\"684\" data-end=\"687\" \/>\u2714\ufe0f Ide\u0101li piem\u0113rots lieto\u0161anai gril\u0101 un cepe\u0161kr\u0101sn\u012b.<\/p>\n<p data-start=\"526\" data-end=\"725\"><strong>Komplektis kaks kinnast!<\/strong><\/p>\n<p data-start=\"526\" data-end=\"725\"><strong data-start=\"732\" data-end=\"747\">\ud83d\udca1 Profesion\u0101\u013cu padoms: <\/strong>Lietojiet cimdus kop\u0101 ar gril\u0113\u0161anas knaibl\u0113m, lai nodro\u0161in\u0101tu maksim\u0101lu kontroli un dro\u0161\u012bbu, str\u0101d\u0101jot ar karstu \u0113dienu!<\/p>\n<p><img loading=\"lazy\" decoding=\"async\" class=\"wp-image-2719\" src=\"http:\/\/tammetorubbq.ee\/wp-content\/uploads\/2025\/04\/Turnpike-BBQ-logo-300x300.webp\" alt=\"Turnpike BBQ logotips\" width=\"128\" height=\"128\" srcset=\"https:\/\/tammetorubbq.ee\/wp-content\/uploads\/2025\/04\/Turnpike-BBQ-logo-300x300.webp 300w, https:\/\/tammetorubbq.ee\/wp-content\/uploads\/2025\/04\/Turnpike-BBQ-logo-150x150.webp 150w, https:\/\/tammetorubbq.ee\/wp-content\/uploads\/2025\/04\/Turnpike-BBQ-logo-12x12.webp 12w, https:\/\/tammetorubbq.ee\/wp-content\/uploads\/2025\/04\/Turnpike-BBQ-logo-600x600.webp 600w, https:\/\/tammetorubbq.ee\/wp-content\/uploads\/2025\/04\/Turnpike-BBQ-logo-64x64.webp 64w, https:\/\/tammetorubbq.ee\/wp-content\/uploads\/2025\/04\/Turnpike-BBQ-logo.webp 720w\" sizes=\"auto, (max-width: 128px) 100vw, 128px\" \/><\/p>","protected":false},"featured_media":3199,"comment_status":"open","ping_status":"closed","template":"","meta":{"_uf_show_specific_survey":0,"_uf_disable_surveys":false},"pwb-brand":[117],"product_brand":[],"product_cat":[30,20],"product_tag":[134,359],"class_list":{"0":"post-3198","1":"product","2":"type-product","3":"status-publish","4":"has-post-thumbnail","6":"pwb-brand-turnpike-bbq","7":"product_cat-grillimise-tarvikud","8":"product_cat-kampaania","9":"product_tag-grillimise-tarvikud","10":"product_tag-grillkindad","12":"first","13":"outofstock","14":"sale","15":"taxable","16":"shipping-taxable","17":"purchasable","18":"product-type-simple"},"brands":[{"id":117,"name":"Turnpike BBQ","slug":"turnpike-bbq"}],"_links":{"self":[{"href":"https:\/\/tammetorubbq.ee\/lv\/wp-json\/wp\/v2\/product\/3198","targetHints":{"allow":["GET"]}}],"collection":[{"href":"https:\/\/tammetorubbq.ee\/lv\/wp-json\/wp\/v2\/product"}],"about":[{"href":"https:\/\/tammetorubbq.ee\/lv\/wp-json\/wp\/v2\/types\/product"}],"replies":[{"embeddable":true,"href":"https:\/\/tammetorubbq.ee\/lv\/wp-json\/wp\/v2\/comments?post=3198"}],"wp:featuredmedia":[{"embeddable":true,"href":"https:\/\/tammetorubbq.ee\/lv\/wp-json\/wp\/v2\/media\/3199"}],"wp:attachment":[{"href":"https:\/\/tammetorubbq.ee\/lv\/wp-json\/wp\/v2\/media?parent=3198"}],"wp:term":[{"taxonomy":"pwb-brand","embeddable":true,"href":"https:\/\/tammetorubbq.ee\/lv\/wp-json\/wp\/v2\/pwb-brand?post=3198"},{"taxonomy":"product_brand","embeddable":true,"href":"https:\/\/tammetorubbq.ee\/lv\/wp-json\/wp\/v2\/product_brand?post=3198"},{"taxonomy":"product_cat","embeddable":true,"href":"https:\/\/tammetorubbq.ee\/lv\/wp-json\/wp\/v2\/product_cat?post=3198"},{"taxonomy":"product_tag","embeddable":true,"href":"https:\/\/tammetorubbq.ee\/lv\/wp-json\/wp\/v2\/product_tag?post=3198"}],"curies":[{"name":"wp","href":"https:\/\/api.w.org\/{rel}","templated":true}]}}