{"id":3229,"date":"2025-05-26T17:17:59","date_gmt":"2025-05-26T14:17:59","guid":{"rendered":"https:\/\/tammetorubbq.ee\/?post_type=product&#038;p=3229"},"modified":"2026-04-15T04:00:04","modified_gmt":"2026-04-15T01:00:04","slug":"plowboys-bovine-bold-rub-340g","status":"publish","type":"product","link":"https:\/\/tammetorubbq.ee\/lv\/product-2\/plowboys-bovine-bold-rub-340g\/","title":{"rendered":"Plowboys Bovine Bold Rub 340g"},"content":{"rendered":"<p><strong>Sast\u0101vda\u013cas:<\/strong> s\u0101ls, br\u016bnais cukurs, gar\u0161vielas, \u0137iploki, s\u012bpoli, Vor\u010dester\u0161\u012bra<\/p>","protected":false},"excerpt":{"rendered":"<p><span class=\"relative -mx-px my-[-0.2rem] rounded px-px py-[0.2rem] transition-colors duration-100 ease-in-out\"><strong data-start=\"0\" data-end=\"37\" data-is-only-node=\"\">Plowboys Bovine Bold BBQ Rub <\/strong>on auhinnatud \ud83c\udfc6 maitseainesegu, mis on loodud <em>spetsiaalselt veiseliha, eriti brisketi, maitsestamiseks<\/em>.<\/span><\/p>\n<p><span class=\"relative -mx-px my-[-0.2rem] rounded px-px py-[0.2rem] transition-colors duration-100 ease-in-out\">Selle rikkalik ja tasakaalustatud maitseprofiil muudab selle ideaalseks valikuks ka sealiha, kana ja isegi k\u00f6\u00f6giviljade maitsestamiseks. <\/span><\/p>\n<p><span class=\"relative -mx-px my-[-0.2rem] rounded px-px py-[0.2rem] transition-colors duration-100 ease-in-out\">Auhinnatud kvaliteet: v\u00f5itnud \ud83c\udfc6 2009. aasta American Royal Invitational BBQ v\u00f5istluse, edestades 123 varasemat t\u0161empionimeeskonda.<\/span><\/p>\n<p><span class=\"relative -mx-px my-[-0.2rem] rounded px-px py-[0.2rem] transition-colors duration-100 ease-in-out\">Plowboys Bovine Bold BBQ Rub on ideaalne valik neile, kes soovivad oma grillroogadele lisada professionaalse tasemega maitset.<\/span> <span class=\"relative -mx-px my-[-0.2rem] rounded px-px py-[0.2rem] transition-colors duration-100 ease-in-out\">Olgu see siis kodune \u00f5htus\u00f6\u00f6k v\u00f5i BBQ-v\u00f5istlus \u2013 see maitseainesegu aitab teil saavutada kuldtaseme tulemusi. <\/span><\/p>\n<p data-start=\"746\" data-end=\"761\">\ud83d\udca1<strong> Pro tip:<\/strong> <span class=\"relative -mx-px my-[-0.2rem] rounded px-px py-[0.2rem] transition-colors duration-100 ease-in-out\">Kasutage <strong data-start=\"9\" data-end=\"28\">Bovine Bold Rub<\/strong>-i mitte ainult grillimisel, vaid ka hakkliha maitsestamiseks roogades nagu lihapallid, taco-t\u00e4idised v\u00f5i Bolognese kaste.<\/span> <span class=\"relative -mx-px my-[-0.2rem] rounded px-px py-[0.2rem] transition-colors duration-100 ease-in-out\">Selle segu lisamine annab roogadele s\u00fcgavama ja rikkalikuma maitse.<\/span><\/p>\n<p><img loading=\"lazy\" decoding=\"async\" class=\" wp-image-1685\" src=\"http:\/\/tammetorubbq.ee\/wp-content\/uploads\/2024\/05\/Plowboys-BBQ-logo-300x183.jpg\" alt=\"Plowboys BBQ logo\" width=\"170\" height=\"104\" srcset=\"https:\/\/tammetorubbq.ee\/wp-content\/uploads\/2024\/05\/Plowboys-BBQ-logo-300x183.jpg 300w, https:\/\/tammetorubbq.ee\/wp-content\/uploads\/2024\/05\/Plowboys-BBQ-logo-18x12.jpg 18w, https:\/\/tammetorubbq.ee\/wp-content\/uploads\/2024\/05\/Plowboys-BBQ-logo-64x39.jpg 64w, https:\/\/tammetorubbq.ee\/wp-content\/uploads\/2024\/05\/Plowboys-BBQ-logo.jpg 414w\" sizes=\"auto, (max-width: 170px) 100vw, 170px\" \/><\/p>\n<p>&nbsp;<\/p>\n","protected":false},"featured_media":3230,"comment_status":"open","ping_status":"closed","template":"","meta":{"_uf_show_specific_survey":0,"_uf_disable_surveys":false},"pwb-brand":[79],"product_brand":[],"product_cat":[21],"product_tag":[118,121,114,119,165],"class_list":{"0":"post-3229","1":"product","2":"type-product","3":"status-publish","4":"has-post-thumbnail","6":"pwb-brand-plowboys","7":"product_cat-maitseainesegud","8":"product_tag-kanaliha","9":"product_tag-koogiviljad","10":"product_tag-sealiha","11":"product_tag-veiseliha","12":"product_tag-veiseribi","14":"first","15":"instock","16":"taxable","17":"shipping-taxable","18":"purchasable","19":"product-type-simple"},"brands":[{"id":79,"name":"Plowboy's","slug":"plowboys"}],"_links":{"self":[{"href":"https:\/\/tammetorubbq.ee\/lv\/wp-json\/wp\/v2\/product\/3229","targetHints":{"allow":["GET"]}}],"collection":[{"href":"https:\/\/tammetorubbq.ee\/lv\/wp-json\/wp\/v2\/product"}],"about":[{"href":"https:\/\/tammetorubbq.ee\/lv\/wp-json\/wp\/v2\/types\/product"}],"replies":[{"embeddable":true,"href":"https:\/\/tammetorubbq.ee\/lv\/wp-json\/wp\/v2\/comments?post=3229"}],"wp:featuredmedia":[{"embeddable":true,"href":"https:\/\/tammetorubbq.ee\/lv\/wp-json\/wp\/v2\/media\/3230"}],"wp:attachment":[{"href":"https:\/\/tammetorubbq.ee\/lv\/wp-json\/wp\/v2\/media?parent=3229"}],"wp:term":[{"taxonomy":"pwb-brand","embeddable":true,"href":"https:\/\/tammetorubbq.ee\/lv\/wp-json\/wp\/v2\/pwb-brand?post=3229"},{"taxonomy":"product_brand","embeddable":true,"href":"https:\/\/tammetorubbq.ee\/lv\/wp-json\/wp\/v2\/product_brand?post=3229"},{"taxonomy":"product_cat","embeddable":true,"href":"https:\/\/tammetorubbq.ee\/lv\/wp-json\/wp\/v2\/product_cat?post=3229"},{"taxonomy":"product_tag","embeddable":true,"href":"https:\/\/tammetorubbq.ee\/lv\/wp-json\/wp\/v2\/product_tag?post=3229"}],"curies":[{"name":"wp","href":"https:\/\/api.w.org\/{rel}","templated":true}]}}