{"id":3239,"date":"2025-05-26T20:25:15","date_gmt":"2025-05-26T17:25:15","guid":{"rendered":"https:\/\/tammetorubbq.ee\/?post_type=product&#038;p=3239"},"modified":"2026-04-15T04:00:12","modified_gmt":"2026-04-15T01:00:12","slug":"blues-hog-tennessee-red-bbq-merce-538g","status":"publish","type":"product","link":"https:\/\/tammetorubbq.ee\/lv\/product-2\/blues-hog-tennessee-red-bbq-merce-538g\/","title":{"rendered":"Blues Hog Tennessee Red BBQ m\u0113rce 542g"},"content":{"rendered":"<p><strong>Sast\u0101vda\u013cas:<\/strong> baltais cukurs, \u0101bolu sidra eti\u0137is, tom\u0101tu koncentr\u0101ts no sarkanajiem nogatavin\u0101tajiem tom\u0101tiem, destil\u0113ts eti\u0137is, kukur\u016bzas s\u012brups ar augstu fruktozes saturu, s\u0101ls, gar\u0161vielas, s\u012bpolu pulveris, dab\u012bg\u0101s gar\u0161vielas, s\u0101ls, gar\u0161vielas.<\/p>","protected":false},"excerpt":{"rendered":"<div class=\"bde-div-308-119 bde-div\">\n<div class=\"bde-wooproductprice-308-108 bde-wooproductprice breakdance-woocommerce\"><\/div>\n<\/div>\n<div class=\"bde-rich-text-308-117 bde-rich-text bde-wooproductexcerpt breakdance-woocommerce breakdance-rich-text-styles\">\n<p data-start=\"46\" data-end=\"335\"><strong>Blues Hog Tennessee Red BBQ m\u0113rce<\/strong> ir paz\u012bstams ar to, ka <strong>m\u0113rce uz eti\u0137a un piparu b\u0101zes<\/strong>, izce\u013cot sp\u0113c\u012bgas dienvidu BBQ gar\u0161as. To pagatavoja godalgotais gril\u0113\u0161anas meistars Bils Arnolds, kur\u0161 ir da\u013ca no Blues Hog Cookers komandas. \u0160\u012b m\u0113rce ir popul\u0101ra BBQ restor\u0101nos un sacens\u012bb\u0101s vis\u0101 ASV.<\/p>\n<p data-start=\"337\" data-end=\"711\"><strong>Gar\u0161as profils<\/strong>Tennessee Red ir pl\u0101na un sk\u0101ba m\u0113rce, kuras galven\u0101 gar\u0161a ir \u0101bolu eti\u0137is. Saldumu pie\u0161\u0137ir ke\u010dups un cukurs. Gar\u0161u papildina melnie pipari, kaj\u0113nas pipari un sasmalcin\u0101ti sarkanie piparu graudi\u0146i, kas pie\u0161\u0137ir pikantu gar\u0161u. Lai gan domin\u0113 eti\u0137is, m\u0113rcei ir l\u012bdzsvarota un daudzsl\u0101\u0146aina gar\u0161a, kas labi sader ar da\u017e\u0101diem \u0113dieniem.<\/p>\n<p data-start=\"713\" data-end=\"855\"><em>Ja mekl\u0113jat autentisku dienvidu stila BBQ gar\u0161u, Blues Hog Tennessee Red BBQ m\u0113rce ir lieliska izv\u0113le daudzu \u0113dienu bag\u0101tin\u0101\u0161anai.<\/em><\/p>\n<p data-start=\"857\" data-end=\"1061\">Blues Hog m\u0113rces, tostarp Tennessee Red, ir ieguvu\u0161as daudzus apbalvojumus, un t\u0101s izv\u0113las vair\u0101k nek\u0101 90% ASV BBQ komandu. To kvalit\u0101te un gar\u0161a ir padar\u012bjusi t\u0101s par BBQ entuziastu vid\u016b augstu nov\u0113rt\u0113tu produktu.<\/p>\n<p data-start=\"1063\" data-end=\"1433\">\ud83d\udca1 <strong data-start=\"1066\" data-end=\"1079\">Profesion\u0101\u013cu padoms:<\/strong> Lai gril\u0113tajai ga\u013cai pie\u0161\u0137irtu v\u0113l dzi\u013c\u0101ku gar\u0161u, izmantojiet Blues Hog Tennessee Red BBQ m\u0113rci gan k\u0101 marin\u0101di, gan glaz\u016bru. \u013baujiet ga\u013cai marin\u0101d\u0113 nost\u0101v\u0113ties da\u017eas stundas vai pat visu nakti, lai gar\u0161as ies\u016bcas. Grila procesa beig\u0101s ga\u013cu p\u0101rlejiet ar m\u0113rci, lai ieg\u016btu pikantu, sp\u012bd\u012bgu glaz\u016bru - rezult\u0101ts b\u016bs sul\u012bgs un arom\u0101tisks \u0113diens.<\/p>\n<p><img loading=\"lazy\" decoding=\"async\" class=\"alignnone wp-image-2299\" src=\"http:\/\/tammetorubbq.ee\/wp-content\/uploads\/2024\/12\/Blues-Hog-Logo-300x287.png\" alt=\"\" width=\"153\" height=\"146\" srcset=\"https:\/\/tammetorubbq.ee\/wp-content\/uploads\/2024\/12\/Blues-Hog-Logo-300x287.png 300w, https:\/\/tammetorubbq.ee\/wp-content\/uploads\/2024\/12\/Blues-Hog-Logo-768x734.png 768w, https:\/\/tammetorubbq.ee\/wp-content\/uploads\/2024\/12\/Blues-Hog-Logo-13x12.png 13w, https:\/\/tammetorubbq.ee\/wp-content\/uploads\/2024\/12\/Blues-Hog-Logo-600x573.png 600w, https:\/\/tammetorubbq.ee\/wp-content\/uploads\/2024\/12\/Blues-Hog-Logo-64x61.png 64w, https:\/\/tammetorubbq.ee\/wp-content\/uploads\/2024\/12\/Blues-Hog-Logo.png 944w\" sizes=\"auto, (max-width: 153px) 100vw, 153px\" \/><\/p>\n<\/div>","protected":false},"featured_media":3240,"comment_status":"open","ping_status":"closed","template":"","meta":{"_uf_show_specific_survey":0,"_uf_disable_surveys":false},"pwb-brand":[74],"product_brand":[],"product_cat":[22],"product_tag":[118,159,166,114,122,119,165],"class_list":{"0":"post-3239","1":"product","2":"type-product","3":"status-publish","4":"has-post-thumbnail","6":"pwb-brand-blues-hog","7":"product_cat-kastmed-ja-marinaadid","8":"product_tag-kanaliha","9":"product_tag-kanatiivad","10":"product_tag-rebitudliha","11":"product_tag-sealiha","12":"product_tag-searibi","13":"product_tag-veiseliha","14":"product_tag-veiseribi","16":"first","17":"outofstock","18":"taxable","19":"shipping-taxable","20":"purchasable","21":"product-type-simple"},"brands":[{"id":74,"name":"Blues Hog","slug":"blues-hog"}],"_links":{"self":[{"href":"https:\/\/tammetorubbq.ee\/lv\/wp-json\/wp\/v2\/product\/3239","targetHints":{"allow":["GET"]}}],"collection":[{"href":"https:\/\/tammetorubbq.ee\/lv\/wp-json\/wp\/v2\/product"}],"about":[{"href":"https:\/\/tammetorubbq.ee\/lv\/wp-json\/wp\/v2\/types\/product"}],"replies":[{"embeddable":true,"href":"https:\/\/tammetorubbq.ee\/lv\/wp-json\/wp\/v2\/comments?post=3239"}],"wp:featuredmedia":[{"embeddable":true,"href":"https:\/\/tammetorubbq.ee\/lv\/wp-json\/wp\/v2\/media\/3240"}],"wp:attachment":[{"href":"https:\/\/tammetorubbq.ee\/lv\/wp-json\/wp\/v2\/media?parent=3239"}],"wp:term":[{"taxonomy":"pwb-brand","embeddable":true,"href":"https:\/\/tammetorubbq.ee\/lv\/wp-json\/wp\/v2\/pwb-brand?post=3239"},{"taxonomy":"product_brand","embeddable":true,"href":"https:\/\/tammetorubbq.ee\/lv\/wp-json\/wp\/v2\/product_brand?post=3239"},{"taxonomy":"product_cat","embeddable":true,"href":"https:\/\/tammetorubbq.ee\/lv\/wp-json\/wp\/v2\/product_cat?post=3239"},{"taxonomy":"product_tag","embeddable":true,"href":"https:\/\/tammetorubbq.ee\/lv\/wp-json\/wp\/v2\/product_tag?post=3239"}],"curies":[{"name":"wp","href":"https:\/\/api.w.org\/{rel}","templated":true}]}}