{"id":3245,"date":"2025-05-27T10:49:20","date_gmt":"2025-05-27T07:49:20","guid":{"rendered":"https:\/\/tammetorubbq.ee\/?post_type=product&#038;p=3245"},"modified":"2026-04-16T20:00:28","modified_gmt":"2026-04-16T17:00:28","slug":"inkbird-ibt-4xs-digitalais-termometrs","status":"publish","type":"product","link":"https:\/\/tammetorubbq.ee\/lv\/product-2\/inkbird-ibt-4xs-digitalais-termometrs\/","title":{"rendered":"Inkbird IBT-4XS digit\u0101lais termometrs"},"content":{"rendered":"<p><strong data-start=\"0\" data-end=\"22\" data-is-only-node=\"\">Specifik\u0101cijas<\/strong><br data-start=\"22\" data-end=\"25\" \/>Vien\u012bba: 1<br data-start=\"32\" data-end=\"35\" \/>Savienojuma veids: Bluetooth<br data-start=\"59\" data-end=\"62\" \/>Ekr\u0101ns \/ las\u0101m\u012bba: LED ekr\u0101ns un lietotne<br data-start=\"98\" data-end=\"101\" \/>M\u0113rvien\u012bbas: \u00b0C un \u00b0F<br data-start=\"121\" data-end=\"124\" \/>Sensoru skaits: 4<br data-start=\"139\" data-end=\"142\" \/>Darba diapazons: 50 m<\/p>","protected":false},"excerpt":{"rendered":"<p>INKBIRD IBT-4XS ir vieds ga\u013cas termometrs, kas savienojas ar lietotni, izmantojot Bluetooth. J\u016bs varat iestat\u012bt termometru uz v\u0113lamo temperat\u016bru un \u0113rti uzraudz\u012bt temperat\u016bru viedt\u0101lrun\u012b vai LED displej\u0101.<\/p>\n<p><strong>IBT-4XS standarta komplekt\u0101cij\u0101 ir \u010detri sensori.<\/strong><\/p>\n<p>Ide\u0101li piem\u0113rots griliem, piem\u0113ram.\u00a0<a href=\"https:\/\/tammetorubbq.ee\/lv\/kategorija\/grili\/keramikas-grili\/\">Kamado Joe<\/a>, <a href=\"https:\/\/tammetorubbq.ee\/lv\/?s=Napoleon&amp;post_type=product&amp;dgwt_wcas=1\">Napoleons<\/a>, <a href=\"https:\/\/tammetorubbq.ee\/lv\/?s=Char-Griller&amp;post_type=product&amp;dgwt_wcas=1\">Char-Griller<\/a>, <a href=\"https:\/\/tammetorubbq.ee\/lv\/?s=Traeger+&amp;post_type=product&amp;dgwt_wcas=1\">Traeger<\/a> , <a href=\"https:\/\/tammetorubbq.ee\/lv\/?s=Ahja+Smoker&amp;post_type=product&amp;dgwt_wcas=1\">Ahja Sm\u0113\u0137\u0113t\u0101js<\/a> utt.<\/p>\n<p><img loading=\"lazy\" decoding=\"async\" class=\"alignnone wp-image-3250\" src=\"http:\/\/www.tammetorubbq.ee\/wp-content\/uploads\/2025\/05\/Inkbird-logo-PNG-300x85.png\" alt=\"\" width=\"173\" height=\"49\" srcset=\"https:\/\/tammetorubbq.ee\/wp-content\/uploads\/2025\/05\/Inkbird-logo-PNG-300x85.png 300w, https:\/\/tammetorubbq.ee\/wp-content\/uploads\/2025\/05\/Inkbird-logo-PNG-1024x290.png 1024w, https:\/\/tammetorubbq.ee\/wp-content\/uploads\/2025\/05\/Inkbird-logo-PNG-768x218.png 768w, https:\/\/tammetorubbq.ee\/wp-content\/uploads\/2025\/05\/Inkbird-logo-PNG-18x5.png 18w, https:\/\/tammetorubbq.ee\/wp-content\/uploads\/2025\/05\/Inkbird-logo-PNG-600x170.png 600w, https:\/\/tammetorubbq.ee\/wp-content\/uploads\/2025\/05\/Inkbird-logo-PNG-64x18.png 64w, https:\/\/tammetorubbq.ee\/wp-content\/uploads\/2025\/05\/Inkbird-logo-PNG.png 1192w\" sizes=\"auto, (max-width: 173px) 100vw, 173px\" \/><\/p>","protected":false},"featured_media":3246,"comment_status":"open","ping_status":"closed","template":"","meta":{"_uf_show_specific_survey":0,"_uf_disable_surveys":false},"pwb-brand":[67],"product_brand":[],"product_cat":[66,30],"product_tag":[134,116,115],"class_list":{"0":"post-3245","1":"product","2":"type-product","3":"status-publish","4":"has-post-thumbnail","6":"pwb-brand-inkbird","7":"product_cat-termomeetrid","8":"product_cat-grillimise-tarvikud","9":"product_tag-grillimise-tarvikud","10":"product_tag-inkbird","11":"product_tag-termomeeter","13":"first","14":"instock","15":"taxable","16":"shipping-taxable","17":"purchasable","18":"product-type-simple"},"brands":[{"id":67,"name":"Inkbird","slug":"inkbird"}],"_links":{"self":[{"href":"https:\/\/tammetorubbq.ee\/lv\/wp-json\/wp\/v2\/product\/3245","targetHints":{"allow":["GET"]}}],"collection":[{"href":"https:\/\/tammetorubbq.ee\/lv\/wp-json\/wp\/v2\/product"}],"about":[{"href":"https:\/\/tammetorubbq.ee\/lv\/wp-json\/wp\/v2\/types\/product"}],"replies":[{"embeddable":true,"href":"https:\/\/tammetorubbq.ee\/lv\/wp-json\/wp\/v2\/comments?post=3245"}],"wp:featuredmedia":[{"embeddable":true,"href":"https:\/\/tammetorubbq.ee\/lv\/wp-json\/wp\/v2\/media\/3246"}],"wp:attachment":[{"href":"https:\/\/tammetorubbq.ee\/lv\/wp-json\/wp\/v2\/media?parent=3245"}],"wp:term":[{"taxonomy":"pwb-brand","embeddable":true,"href":"https:\/\/tammetorubbq.ee\/lv\/wp-json\/wp\/v2\/pwb-brand?post=3245"},{"taxonomy":"product_brand","embeddable":true,"href":"https:\/\/tammetorubbq.ee\/lv\/wp-json\/wp\/v2\/product_brand?post=3245"},{"taxonomy":"product_cat","embeddable":true,"href":"https:\/\/tammetorubbq.ee\/lv\/wp-json\/wp\/v2\/product_cat?post=3245"},{"taxonomy":"product_tag","embeddable":true,"href":"https:\/\/tammetorubbq.ee\/lv\/wp-json\/wp\/v2\/product_tag?post=3245"}],"curies":[{"name":"wp","href":"https:\/\/api.w.org\/{rel}","templated":true}]}}