{"id":3253,"date":"2025-05-27T16:33:05","date_gmt":"2025-05-27T13:33:05","guid":{"rendered":"https:\/\/tammetorubbq.ee\/?post_type=product&#038;p=3253"},"modified":"2026-04-14T22:00:38","modified_gmt":"2026-04-14T19:00:38","slug":"liellopa-krusu-karbonade-65kg-creekstone-prime-usa","status":"publish","type":"product","link":"https:\/\/tammetorubbq.ee\/lv\/product-2\/liellopa-krusu-karbonade-65kg-creekstone-prime-usa\/","title":{"rendered":"Liellopa sasmalcin\u0101ta fileja BRISKET ~6,5kg CREEKSTONE PRIME (ASV)"},"content":{"rendered":"<p><strong>Svars:<\/strong> ~6,5 kg<\/p>\n<p><strong>Sald\u0113\u0161anas metode:<\/strong> ~6,5 kg IVP<\/p>\n<p><strong>Tarnija:<\/strong> <a href=\"https:\/\/creekstonefarms.com\/\" target=\"_blank\" rel=\"noopener\">Creekstone Farms <\/a><\/p>\n<p><strong>Kvalit\u0101te:<\/strong> Prime (USDA mar\u0137\u0113jums - visaugst\u0101k\u0101 marmoriz\u0101cijas pak\u0101pe)<\/p>\n<p><strong>Izcelsmes valsts:<\/strong> ASV<\/p>\n<p>&nbsp;<\/p>\n<h3 data-start=\"1204\" data-end=\"1236\"><strong data-start=\"1210\" data-end=\"1236\">K\u0101p\u0113c Creekstone Farms?<\/strong><\/h3>\n<ul data-start=\"1238\" data-end=\"1415\">\n<li data-start=\"1238\" data-end=\"1306\">\n<p data-start=\"1240\" data-end=\"1306\"><strong data-start=\"1240\" data-end=\"1254\">USDA Prime<\/strong>: Augst\u0101k\u0101 kvalit\u0101te, \u013coti laba marmor\u0113\u0161ana.<\/p>\n<\/li>\n<li data-start=\"1307\" data-end=\"1343\">\n<p data-start=\"1309\" data-end=\"1343\">\u0112tiska ra\u017eo\u0161ana bez hormoniem.<\/p>\n<\/li>\n<li data-start=\"1344\" data-end=\"1415\">\n<p data-start=\"1346\" data-end=\"1415\">Creekstone ir slavens ar savu Black Angus \u0161\u0137irnes liellopu kvalit\u0101ti.<\/p>\n<\/li>\n<\/ul>\n<p>&nbsp;<\/p>\n<h3 data-start=\"1466\" data-end=\"1515\">\u2705 V<strong data-start=\"1472\" data-end=\"1515\">sal\u012bdzin\u0101jum\u0101 ar Aberdeen Black (AUS):<\/strong><\/h3>\n<div class=\"_tableContainer_16hzy_1\">\n<div class=\"_tableWrapper_16hzy_14 group flex w-fit flex-col-reverse\" tabindex=\"-1\">\n<table class=\"w-fit min-w-(--thread-content-width)\" data-start=\"1516\" data-end=\"1907\">\n<thead data-start=\"1516\" data-end=\"1575\">\n<tr data-start=\"1516\" data-end=\"1575\">\n<th data-start=\"1516\" data-end=\"1526\" data-col-size=\"sm\">Sal\u012bdzin\u0101jums<\/th>\n<th data-start=\"1526\" data-end=\"1549\" data-col-size=\"sm\">Aberdeen Black (AUS)<\/th>\n<th data-start=\"1549\" data-end=\"1575\" data-col-size=\"sm\">Creekstone Prime (ASV)<\/th>\n<\/tr>\n<\/thead>\n<tbody data-start=\"1639\" data-end=\"1907\">\n<tr data-start=\"1639\" data-end=\"1698\">\n<td data-start=\"1639\" data-end=\"1657\" data-col-size=\"sm\">Marmor\u0113\u0161ana<\/td>\n<td data-start=\"1657\" data-end=\"1673\" data-col-size=\"sm\">Labi (MB3+-5+)<\/td>\n<td data-start=\"1673\" data-end=\"1698\" data-col-size=\"sm\">\u013boti labs (USDA Prime)<\/td>\n<\/tr>\n<tr data-start=\"1699\" data-end=\"1726\">\n<td data-start=\"1699\" data-end=\"1706\" data-col-size=\"sm\">Cena<\/td>\n<td data-start=\"1706\" data-end=\"1716\" data-col-size=\"sm\">L\u0113t\u0101k<\/td>\n<td data-start=\"1716\" data-end=\"1726\" data-col-size=\"sm\">D\u0101rg\u0101ks<\/td>\n<\/tr>\n<tr data-start=\"1727\" data-end=\"1785\">\n<td data-start=\"1727\" data-end=\"1736\" data-col-size=\"sm\">Gar\u0161a<\/td>\n<td data-start=\"1736\" data-end=\"1766\" data-col-size=\"sm\">Mazliet maz\u0101k taukains, t\u012br\u0101ks<\/td>\n<td data-start=\"1766\" data-end=\"1785\" data-col-size=\"sm\">Dzi\u013c\u0101ks, sviestain\u0101ks<\/td>\n<\/tr>\n<tr data-start=\"1786\" data-end=\"1843\">\n<td data-start=\"1786\" data-end=\"1802\" data-col-size=\"sm\">Pieejams vietn\u0113<\/td>\n<td data-start=\"1802\" data-end=\"1824\" data-col-size=\"sm\">Visticam\u0101k, ir noliktav\u0101<\/td>\n<td data-start=\"1824\" data-end=\"1843\" data-col-size=\"sm\">Nepiecie\u0161ams pas\u016bt\u012bjums<\/td>\n<\/tr>\n<tr data-start=\"1844\" data-end=\"1907\">\n<td data-start=\"1844\" data-end=\"1860\" data-col-size=\"sm\">Kam piem\u0113rots<\/td>\n<td data-start=\"1860\" data-end=\"1881\" data-col-size=\"sm\">Hobikokk, \u0113din\u0101\u0161ana<\/td>\n<td data-start=\"1881\" data-end=\"1907\" data-col-size=\"sm\">Konkurenti, restor\u0101ni<\/td>\n<\/tr>\n<\/tbody>\n<\/table>\n<\/div>\n<\/div>\n<p>&nbsp;<\/p>","protected":false},"excerpt":{"rendered":"<p class=\"\" data-start=\"92\" data-end=\"277\"><strong data-start=\"0\" data-end=\"54\">Liellopa sasmalcin\u0101ta fileja BRISKET CREEKSTONE PRIME (ASV)<\/strong> ir augst\u0101k\u0101s kvalit\u0101tes izejviela, ko izmanto daudzi profesion\u0101\u013ci un entuziasti Igaunij\u0101 un citur pasaul\u0113. Brisket Creekstone Prime ir <strong data-start=\"784\" data-end=\"818\">Starptautisk\u0101s BBQ sacens\u012bbas<\/strong> standarts.<\/p>\n<p class=\"\" data-start=\"279\" data-end=\"571\">Creekstone Farms <strong data-start=\"298\" data-end=\"320\">Augst\u0101k\u0101 kvalit\u0101te<\/strong> liellopu ga\u013cas izcelsme ir ASV, un t\u0101 ir paz\u012bstama ar savu liellopu ga\u013cu. <strong data-start=\"365\" data-end=\"379\">bumbi\u0146as<\/strong>, sul\u012bgums un m\u012bksta konsistence. \u0160\u012b kr\u016bts fileja ir ~<strong data-start=\"434\" data-end=\"461\">6,5 kg vesels gabals<\/strong>, kas ir ide\u0101li piem\u0113rots liel\u0101k\u0101m gril\u0113\u0161anas svin\u012bb\u0101m vai restor\u0101niem, kuri v\u0113las pied\u0101v\u0101t \u012bstu gril\u0113\u0161anas pieredzi.<\/p>\n<p class=\"\" data-start=\"573\" data-end=\"823\">\ud83d\udca1 <strong data-start=\"765\" data-end=\"791\">Profesion\u0101\u013cu padoms:<\/strong><br data-start=\"791\" data-end=\"794\" \/>- Sad\u016bmojiet \u0161\u0137i\u0146\u0137i l\u012bdz ~ 74\u00b0C, p\u0113c tam ietiniet to miesnieka pap\u012br\u0101\/ stingr\u0101 pap\u012br\u0101. <a href=\"https:\/\/tammetorubbq.ee\/lv\/product-2\/bbq-barbekju-folija-folija-30m\/\">folij\u0101<\/a>.<br data-start=\"865\" data-end=\"868\" \/>- No\u0146emiet no grila, kad iek\u0161\u0113j\u0101 temperat\u016bra sasniedz <strong data-start=\"915\" data-end=\"926\">92-95\u00b0C<\/strong> un \"zondes testa\" saj\u016btai vajadz\u0113tu b\u016bt l\u012bdz\u012bgai \"ieie\u0161anai vai izie\u0161anai\".<\/p>\n<p data-start=\"1004\" data-end=\"1205\">\ud83d\udca4 <strong data-start=\"1007\" data-end=\"1035\">L\u00f5puks \u00c4RA UNUSTA lasta lihal &#8220;puhata!<\/strong><br data-start=\"1035\" data-end=\"1038\" \/>- \u013baujiet kr\u016btsgalam atp\u016bsties folij\u0101 vai pap\u012br\u0101. <strong data-start=\"1084\" data-end=\"1144\">prom no ledusskapja silt\u0101 kast\u0113 vai ietin dvie\u013cos.<\/strong> vismaz 1-2 stundas. Tas padar\u012bs konsistenci gludu un sul\u012bgu.<\/p>\n<p>Produkts tiek p\u0101rdots p\u0113c svara. Prec\u012bza cena tiks apr\u0113\u0137in\u0101ta p\u0113c produkta nosv\u0113r\u0161anas.<\/p>\n<p><strong>Produkts ir pieejams iepriek\u0161\u0113jam pas\u016bt\u012bjumam.\u00a0<\/strong><\/p>\n<p>T\u0101 k\u0101 \u0161is ir sv\u0113r\u0161anas produkts, nav iesp\u0113jams veikt pas\u016bt\u012bjumu tie\u0161saistes veikal\u0101.<\/p>\n<p>Lai pas\u016bt\u012btu, l\u016bdzu, rakstiet uz \u0161\u0101du adresi\u00a0<a href=\"https:\/\/tammetorubbq.ee\/lv\/product-2\/liellopa-krusu-karbonade-65kg-aus\/info%40tammetorubbq.ee\/\">info@tammetorubbq.ee<\/a>\u00a0vai zvaniet\u00a0<a href=\"http:\/\/+372%2056%20888%20638\/\">+372 56 888 638<\/a><\/p>\n<p><img loading=\"lazy\" decoding=\"async\" class=\"wp-image-3254\" src=\"http:\/\/tammetorubbq.ee\/wp-content\/uploads\/2025\/05\/Creekstone-Farms-300x194.webp\" alt=\"Creekstone Farms\" width=\"173\" height=\"112\" srcset=\"https:\/\/tammetorubbq.ee\/wp-content\/uploads\/2025\/05\/Creekstone-Farms-300x194.webp 300w, https:\/\/tammetorubbq.ee\/wp-content\/uploads\/2025\/05\/Creekstone-Farms-1024x660.webp 1024w, https:\/\/tammetorubbq.ee\/wp-content\/uploads\/2025\/05\/Creekstone-Farms-768x495.webp 768w, https:\/\/tammetorubbq.ee\/wp-content\/uploads\/2025\/05\/Creekstone-Farms-18x12.webp 18w, https:\/\/tammetorubbq.ee\/wp-content\/uploads\/2025\/05\/Creekstone-Farms-600x387.webp 600w, https:\/\/tammetorubbq.ee\/wp-content\/uploads\/2025\/05\/Creekstone-Farms-64x41.webp 64w, https:\/\/tammetorubbq.ee\/wp-content\/uploads\/2025\/05\/Creekstone-Farms.webp 1200w\" sizes=\"auto, (max-width: 173px) 100vw, 173px\" \/><\/p>","protected":false},"featured_media":3262,"comment_status":"open","ping_status":"closed","template":"","meta":{"_uf_show_specific_survey":0,"_uf_disable_surveys":false},"pwb-brand":[177],"product_brand":[],"product_cat":[71],"product_tag":[176],"class_list":{"0":"post-3253","1":"product","2":"type-product","3":"status-publish","4":"has-post-thumbnail","6":"pwb-brand-creekstone-farms","7":"product_cat-liha","8":"product_tag-brisket","10":"first","11":"outofstock","12":"taxable","13":"shipping-taxable","14":"purchasable","15":"product-type-simple"},"brands":[{"id":177,"name":"Creekstone Farms","slug":"creekstone-farms"}],"_links":{"self":[{"href":"https:\/\/tammetorubbq.ee\/lv\/wp-json\/wp\/v2\/product\/3253","targetHints":{"allow":["GET"]}}],"collection":[{"href":"https:\/\/tammetorubbq.ee\/lv\/wp-json\/wp\/v2\/product"}],"about":[{"href":"https:\/\/tammetorubbq.ee\/lv\/wp-json\/wp\/v2\/types\/product"}],"replies":[{"embeddable":true,"href":"https:\/\/tammetorubbq.ee\/lv\/wp-json\/wp\/v2\/comments?post=3253"}],"wp:featuredmedia":[{"embeddable":true,"href":"https:\/\/tammetorubbq.ee\/lv\/wp-json\/wp\/v2\/media\/3262"}],"wp:attachment":[{"href":"https:\/\/tammetorubbq.ee\/lv\/wp-json\/wp\/v2\/media?parent=3253"}],"wp:term":[{"taxonomy":"pwb-brand","embeddable":true,"href":"https:\/\/tammetorubbq.ee\/lv\/wp-json\/wp\/v2\/pwb-brand?post=3253"},{"taxonomy":"product_brand","embeddable":true,"href":"https:\/\/tammetorubbq.ee\/lv\/wp-json\/wp\/v2\/product_brand?post=3253"},{"taxonomy":"product_cat","embeddable":true,"href":"https:\/\/tammetorubbq.ee\/lv\/wp-json\/wp\/v2\/product_cat?post=3253"},{"taxonomy":"product_tag","embeddable":true,"href":"https:\/\/tammetorubbq.ee\/lv\/wp-json\/wp\/v2\/product_tag?post=3253"}],"curies":[{"name":"wp","href":"https:\/\/api.w.org\/{rel}","templated":true}]}}