{"id":3272,"date":"2025-06-02T21:32:28","date_gmt":"2025-06-02T18:32:28","guid":{"rendered":"https:\/\/tammetorubbq.ee\/?post_type=product&#038;p=3272"},"modified":"2026-05-16T01:00:15","modified_gmt":"2026-05-15T22:00:15","slug":"galas-baznica-dia-de-la-fajita-berzet-340g","status":"publish","type":"product","link":"https:\/\/tammetorubbq.ee\/lv\/toode\/meat-church-dia-de-la-fajita-rub-340g\/","title":{"rendered":"Meat Church Dia De La Fajita Rub 340g"},"content":{"rendered":"<p><strong>Sast\u0101vda\u013cas: <\/strong>S\u0101ls, gar\u0161vielas, kalt\u0113ti \u0137iploki un s\u012bpoli, citronu sulas pulveris, augu ekstrakti, papa\u012bns, bromela\u012bns.<\/p>\n<p>Bez lipek\u013ca.<\/p>\n<p>Nesatur n\u0101trija glutam\u0101tu.<\/p>","protected":false},"excerpt":{"rendered":"<p><strong>Kura \u0161odien ir diena? D\u00eda de la Fajita (Fajitas diena)!!!!<\/strong><\/p>\n<p>Paaugstiniet savu Tex-Mex \u0113dienu gatavo\u0161anu jaun\u0101 l\u012bmen\u012b ar Meat Church's D\u00eda De La Fajita gar\u0161viel\u0101m!<\/p>\n<p>\u0160\u012b autentisk\u0101 Dienvidrietumu stila fajitas gar\u0161viela ir rad\u012bta sadarb\u012bb\u0101 ar lab\u0101kajiem Teksasas pav\u0101riem un grila meistariem, lai pan\u0101ktu perfektu gar\u0161u l\u012bdzsvaru. Mais\u012bjum\u0101 ir citrusaug\u013cu nots, kas pie\u0161\u0137ir svaigumu un dzi\u013cumu gan ga\u013cas, gan d\u0101rze\u0146u \u0113dieniem. Ide\u0101li piem\u0113rots fajitas, gril\u0113tajai ga\u013cai un d\u0101rze\u0146iem, jo neliels daudzums nodro\u0161ina sp\u0113c\u012bgu un neaizmirstamu gar\u0161u.<\/p>\n<p>Piem\u0113rots liellopu, vistas un c\u016bkga\u013cas ga\u013cai, k\u0101 ar\u012b d\u0101rze\u0146iem.<\/p>\n<p><strong data-start=\"0\" data-end=\"12\" data-is-only-node=\"\">\ud83d\udca1 Pro-tip: <\/strong>Vismaz 30 min\u016btes pirms pagatavo\u0161anas ga\u013cu p\u0101rlejiet ar D\u00eda De La Fajita mais\u012bjumu vai atst\u0101jiet to marin\u0113ties uz nakti - tas \u013caus gar\u0161\u0101m ies\u016bkties dzi\u013c\u0101k, un rezult\u0101ts b\u016bs \u012bpa\u0161i sul\u012bgs un arom\u0101tisks!<\/p>\n<p><img loading=\"lazy\" decoding=\"async\" class=\"wp-image-1702\" src=\"http:\/\/tammetorubbq.ee\/wp-content\/uploads\/2024\/02\/Meat-Church-logo-scaled-300x300.webp\" alt=\"Ga\u013cas bazn\u012bcas logotips\" width=\"142\" height=\"142\" srcset=\"https:\/\/tammetorubbq.ee\/wp-content\/uploads\/2024\/02\/Meat-Church-logo-scaled-300x300.webp 300w, https:\/\/tammetorubbq.ee\/wp-content\/uploads\/2024\/02\/Meat-Church-logo-scaled-1024x1024.webp 1024w, https:\/\/tammetorubbq.ee\/wp-content\/uploads\/2024\/02\/Meat-Church-logo-scaled-150x150.webp 150w, https:\/\/tammetorubbq.ee\/wp-content\/uploads\/2024\/02\/Meat-Church-logo-scaled-768x768.webp 768w, https:\/\/tammetorubbq.ee\/wp-content\/uploads\/2024\/02\/Meat-Church-logo-scaled-1536x1536.webp 1536w, https:\/\/tammetorubbq.ee\/wp-content\/uploads\/2024\/02\/Meat-Church-logo-scaled-2048x2048.webp 2048w, https:\/\/tammetorubbq.ee\/wp-content\/uploads\/2024\/02\/Meat-Church-logo-scaled-12x12.webp 12w, https:\/\/tammetorubbq.ee\/wp-content\/uploads\/2024\/02\/Meat-Church-logo-scaled-600x600.webp 600w, https:\/\/tammetorubbq.ee\/wp-content\/uploads\/2024\/02\/Meat-Church-logo-scaled-64x64.webp 64w\" sizes=\"auto, (max-width: 142px) 100vw, 142px\" \/><\/p>","protected":false},"featured_media":3273,"comment_status":"open","ping_status":"closed","template":"","meta":{"_uf_show_specific_survey":0,"_uf_disable_surveys":false},"pwb-brand":[96],"product_brand":[],"product_cat":[21],"product_tag":[118,159,114,122,123,119,165],"class_list":{"0":"post-3272","1":"product","2":"type-product","3":"status-publish","4":"has-post-thumbnail","6":"pwb-brand-meat-church","7":"product_cat-maitseainesegud","8":"product_tag-kanaliha","9":"product_tag-kanatiivad","10":"product_tag-sealiha","11":"product_tag-searibi","12":"product_tag-steik","13":"product_tag-veiseliha","14":"product_tag-veiseribi","16":"first","17":"instock","18":"taxable","19":"shipping-taxable","20":"purchasable","21":"product-type-simple"},"brands":[{"id":96,"name":"Ga\u013cas bazn\u012bca","slug":"meat-church"}],"_links":{"self":[{"href":"https:\/\/tammetorubbq.ee\/lv\/wp-json\/wp\/v2\/product\/3272","targetHints":{"allow":["GET"]}}],"collection":[{"href":"https:\/\/tammetorubbq.ee\/lv\/wp-json\/wp\/v2\/product"}],"about":[{"href":"https:\/\/tammetorubbq.ee\/lv\/wp-json\/wp\/v2\/types\/product"}],"replies":[{"embeddable":true,"href":"https:\/\/tammetorubbq.ee\/lv\/wp-json\/wp\/v2\/comments?post=3272"}],"wp:featuredmedia":[{"embeddable":true,"href":"https:\/\/tammetorubbq.ee\/lv\/wp-json\/wp\/v2\/media\/3273"}],"wp:attachment":[{"href":"https:\/\/tammetorubbq.ee\/lv\/wp-json\/wp\/v2\/media?parent=3272"}],"wp:term":[{"taxonomy":"pwb-brand","embeddable":true,"href":"https:\/\/tammetorubbq.ee\/lv\/wp-json\/wp\/v2\/pwb-brand?post=3272"},{"taxonomy":"product_brand","embeddable":true,"href":"https:\/\/tammetorubbq.ee\/lv\/wp-json\/wp\/v2\/product_brand?post=3272"},{"taxonomy":"product_cat","embeddable":true,"href":"https:\/\/tammetorubbq.ee\/lv\/wp-json\/wp\/v2\/product_cat?post=3272"},{"taxonomy":"product_tag","embeddable":true,"href":"https:\/\/tammetorubbq.ee\/lv\/wp-json\/wp\/v2\/product_tag?post=3272"}],"curies":[{"name":"wp","href":"https:\/\/api.w.org\/{rel}","templated":true}]}}