{"id":3293,"date":"2025-06-03T22:44:26","date_gmt":"2025-06-03T19:44:26","guid":{"rendered":"https:\/\/tammetorubbq.ee\/?post_type=product&#038;p=3293"},"modified":"2026-04-28T08:00:01","modified_gmt":"2026-04-28T05:00:01","slug":"grillep-premium-grila-granulas-8kg-fsc100","status":"publish","type":"product","link":"https:\/\/tammetorubbq.ee\/lv\/toode\/grillep-premium-grillpellet-oun-8kg-fsc100\/","title":{"rendered":"GRILLEP premium grila granulas \u0101bols 8kg (FSC100%)"},"content":{"rendered":"<h3 data-start=\"1521\" data-end=\"1541\">\ud83d\udce6 <strong data-start=\"1528\" data-end=\"1541\">Inform\u0101cija par produktu<\/strong><\/h3>\n<ul data-start=\"1543\" data-end=\"1736\">\n<li data-start=\"1543\" data-end=\"1565\">\n<p data-start=\"1545\" data-end=\"1565\"><strong data-start=\"1545\" data-end=\"1554\">Z\u012bmols<\/strong>: GRILLEP<\/p>\n<\/li>\n<li data-start=\"1566\" data-end=\"1598\">\n<p data-start=\"1568\" data-end=\"1598\"><strong data-start=\"1568\" data-end=\"1581\">Produkta veids<\/strong>: Grila granulas<\/p>\n<\/li>\n<li data-start=\"1599\" data-end=\"1620\">\n<p data-start=\"1601\" data-end=\"1620\"><strong data-start=\"1601\" data-end=\"1609\">Puit<\/strong>: \u0100bele<\/p>\n<\/li>\n<li data-start=\"1621\" data-end=\"1639\">\n<p data-start=\"1623\" data-end=\"1639\"><strong data-start=\"1623\" data-end=\"1631\">Svars<\/strong>: 8 kg<\/p>\n<\/li>\n<li data-start=\"1640\" data-end=\"1670\">\n<p data-start=\"1642\" data-end=\"1670\"><strong data-start=\"1642\" data-end=\"1657\">Sertifik\u0101ts<\/strong>: FSC\u00ae 100%<\/p>\n<\/li>\n<li data-start=\"1671\" data-end=\"1736\">\n<p data-start=\"1673\" data-end=\"1736\"><strong data-start=\"1673\" data-end=\"1684\">Pieejams vietn\u0113<\/strong>: Granulu grili, k\u016bpin\u0101t\u0101ji, kamado tipa grili<\/p>\n<\/li>\n<\/ul>\n<h3 data-start=\"1231\" data-end=\"1284\">\ud83c\udf3f <strong data-start=\"1238\" data-end=\"1284\">K\u0101p\u0113c izv\u0113l\u0113ties GRILLEP \u0101bolu koksnes granulas?<\/strong><\/h3>\n<p data-start=\"1286\" data-end=\"1514\">\u0100bolu koksnes d\u016bmi ir viena no klasiskaj\u0101m BBQ pasaules izv\u0113l\u0113m - to maig\u0101 un aug\u013cu gar\u0161a ir ide\u0101li piem\u0113rota da\u017e\u0101diem \u0113dieniem. GRILLEP grila granulas nodro\u0161ina stabilu karstumu un uzticamu d\u016bmu iedarb\u012bbu katr\u0101 lieto\u0161anas reiz\u0113.<\/p>","protected":false},"excerpt":{"rendered":"<p data-start=\"108\" data-end=\"197\"><strong data-start=\"108\" data-end=\"197\">Vieglas un aug\u013cu gar\u0161as d\u016bmu nosl\u0113pums - ide\u0101las granulas visiem sm\u0113\u0137\u0113t\u0101jiem!<\/strong><\/p>\n<p data-start=\"199\" data-end=\"481\">GRILLEP Premium grila granulas ir izgatavotas no 100% dab\u012bgas \u0101bolu koksnes bez piedev\u0101m un l\u012bmes. \u0160\u012bs FSC sertific\u0113t\u0101s granulas pie\u0161\u0137ir ga\u013cai, ziv\u012bm un d\u0101rze\u0146iem smalku, viegli saldenu d\u016bmu gar\u0161u, kas \u012bpa\u0161i piem\u0113rota c\u016bkga\u013cas, m\u0101jputnu ga\u013cas un zivju gatavo\u0161anai.<\/p>\n<p><strong>GRILLEP Premium grila granulas - jaunais slepenais ierocis j\u016bsu grilam!<\/strong><\/p>\n<p><strong>Piem\u0113rots izmanto\u0161anai granulu gril\u0113s, d\u016bmu un picu kr\u0101sn\u012bs.<\/strong><\/p>\n<h3 data-start=\"907\" data-end=\"924\"><strong data-start=\"913\" data-end=\"924\">Ieguvumi<\/strong><\/h3>\n<p data-start=\"928\" data-end=\"1003\">\u2714\ufe0f Dabisks un t\u012brs sast\u0101vs - dro\u0161s lieto\u0161anai uz visiem griliem.<\/p>\n<p data-start=\"1006\" data-end=\"1040\">\u2714\ufe0f Vienm\u0113r\u012bga un stabila deg\u0161ana<\/p>\n<p data-start=\"1043\" data-end=\"1117\">\u2714\ufe0f Ide\u0101li piem\u0113rots ga\u013cas, m\u0101jputnu ga\u013cas, zivju un d\u0101rze\u0146u k\u016bpin\u0101\u0161anai.<\/p>\n<p data-start=\"1120\" data-end=\"1170\">\u2714\ufe0f Smalk\u0101 d\u016bmu gar\u0161a neaizsedz izejvielas gar\u0161u.<\/p>\n<p data-start=\"1173\" data-end=\"1224\">\u2714\ufe0f Videi draudz\u012bga izv\u0113le - FSC sertific\u0113ts<\/p>\n<h3 data-start=\"488\" data-end=\"513\"><strong data-start=\"495\" data-end=\"513\">Produkta \u012bpa\u0161\u012bbas<\/strong><\/h3>\n<ul data-start=\"515\" data-end=\"900\">\n<li data-start=\"515\" data-end=\"597\">\n<p data-start=\"517\" data-end=\"597\"><strong data-start=\"517\" data-end=\"525\">Puit<\/strong>: 100% dabisks \u0101bolu koks - nesatur l\u012bmi, \u0137imik\u0101lijas vai pildvielas.<\/p>\n<\/li>\n<li data-start=\"598\" data-end=\"667\">\n<p data-start=\"600\" data-end=\"667\"><strong data-start=\"600\" data-end=\"608\">Svars<\/strong>: 8 kg - paroc\u012bga soma lieto\u0161anai m\u0101j\u0101s un profesion\u0101lai lieto\u0161anai<\/p>\n<\/li>\n<li data-start=\"668\" data-end=\"737\">\n<p data-start=\"670\" data-end=\"737\"><strong data-start=\"670\" data-end=\"687\">Gar\u0161as profils<\/strong>: Maigs, nedaudz salds un aug\u013cu d\u016bmu arom\u0101ts.<\/p>\n<\/li>\n<li data-start=\"738\" data-end=\"826\">\n<p data-start=\"740\" data-end=\"826\"><strong data-start=\"740\" data-end=\"748\">Tips<\/strong>: Premium klases granulas - piem\u0113rotas granulu griliem un k\u016bpin\u0101tav\u0101m<\/p>\n<\/li>\n<li data-start=\"827\" data-end=\"900\">\n<p data-start=\"829\" data-end=\"900\"><strong data-start=\"829\" data-end=\"844\">Sertifik\u0101ts<\/strong>: <strong data-start=\"846\" data-end=\"859\">FSC\u00ae 100%<\/strong> - ilgtsp\u0113j\u012bgi apsaimniekoti me\u017ei<\/p>\n<\/li>\n<\/ul>\n<p data-start=\"1173\" data-end=\"1224\"><img loading=\"lazy\" decoding=\"async\" class=\"alignnone wp-image-3290\" src=\"http:\/\/tammetorubbq.ee\/wp-content\/uploads\/2023\/12\/Grillep_Logo-300x200.png\" alt=\"FSC 100%\" width=\"150\" height=\"100\" srcset=\"https:\/\/tammetorubbq.ee\/wp-content\/uploads\/2023\/12\/Grillep_Logo-300x200.png 300w, https:\/\/tammetorubbq.ee\/wp-content\/uploads\/2023\/12\/Grillep_Logo-1024x681.png 1024w, https:\/\/tammetorubbq.ee\/wp-content\/uploads\/2023\/12\/Grillep_Logo-768x511.png 768w, https:\/\/tammetorubbq.ee\/wp-content\/uploads\/2023\/12\/Grillep_Logo-18x12.png 18w, https:\/\/tammetorubbq.ee\/wp-content\/uploads\/2023\/12\/Grillep_Logo-600x399.png 600w, https:\/\/tammetorubbq.ee\/wp-content\/uploads\/2023\/12\/Grillep_Logo-64x43.png 64w, https:\/\/tammetorubbq.ee\/wp-content\/uploads\/2023\/12\/Grillep_Logo.png 1203w\" sizes=\"auto, (max-width: 150px) 100vw, 150px\" \/><img loading=\"lazy\" decoding=\"async\" class=\"alignnone wp-image-3289\" src=\"http:\/\/tammetorubbq.ee\/wp-content\/uploads\/2023\/12\/FSC-100.svg\" alt=\"\" width=\"67\" height=\"97\" \/><\/p>","protected":false},"featured_media":3294,"comment_status":"open","ping_status":"closed","template":"","meta":{"_uf_show_specific_survey":0,"_uf_disable_surveys":false},"pwb-brand":[151],"product_brand":[],"product_cat":[54],"product_tag":[],"class_list":{"0":"post-3293","1":"product","2":"type-product","3":"status-publish","4":"has-post-thumbnail","6":"pwb-brand-grillep","7":"product_cat-puidupellet","9":"first","10":"outofstock","11":"taxable","12":"shipping-taxable","13":"purchasable","14":"product-type-simple"},"brands":[{"id":151,"name":"Krikets","slug":"barbekju-2"}],"_links":{"self":[{"href":"https:\/\/tammetorubbq.ee\/lv\/wp-json\/wp\/v2\/product\/3293","targetHints":{"allow":["GET"]}}],"collection":[{"href":"https:\/\/tammetorubbq.ee\/lv\/wp-json\/wp\/v2\/product"}],"about":[{"href":"https:\/\/tammetorubbq.ee\/lv\/wp-json\/wp\/v2\/types\/product"}],"replies":[{"embeddable":true,"href":"https:\/\/tammetorubbq.ee\/lv\/wp-json\/wp\/v2\/comments?post=3293"}],"wp:featuredmedia":[{"embeddable":true,"href":"https:\/\/tammetorubbq.ee\/lv\/wp-json\/wp\/v2\/media\/3294"}],"wp:attachment":[{"href":"https:\/\/tammetorubbq.ee\/lv\/wp-json\/wp\/v2\/media?parent=3293"}],"wp:term":[{"taxonomy":"pwb-brand","embeddable":true,"href":"https:\/\/tammetorubbq.ee\/lv\/wp-json\/wp\/v2\/pwb-brand?post=3293"},{"taxonomy":"product_brand","embeddable":true,"href":"https:\/\/tammetorubbq.ee\/lv\/wp-json\/wp\/v2\/product_brand?post=3293"},{"taxonomy":"product_cat","embeddable":true,"href":"https:\/\/tammetorubbq.ee\/lv\/wp-json\/wp\/v2\/product_cat?post=3293"},{"taxonomy":"product_tag","embeddable":true,"href":"https:\/\/tammetorubbq.ee\/lv\/wp-json\/wp\/v2\/product_tag?post=3293"}],"curies":[{"name":"wp","href":"https:\/\/api.w.org\/{rel}","templated":true}]}}